{"id":68,"date":"2020-01-07T01:42:38","date_gmt":"2020-01-07T01:42:38","guid":{"rendered":"https:\/\/serretecno.com.mx\/?page_id=68"},"modified":"2020-01-14T03:53:35","modified_gmt":"2020-01-14T03:53:35","slug":"rampas-de-patio","status":"publish","type":"page","link":"https:\/\/serretecno.com.mx\/index.php\/rampas-de-patio\/","title":{"rendered":"Rampas de patio"},"content":{"rendered":"\t\t<div data-elementor-type=\"wp-page\" data-elementor-id=\"68\" class=\"elementor elementor-68\">\n\t\t\t\t\t\t<section class=\"elementor-section elementor-top-section elementor-element elementor-element-d2110cb elementor-section-boxed elementor-section-height-default elementor-section-height-default\" data-id=\"d2110cb\" data-element_type=\"section\">\n\t\t\t\t\t\t<div class=\"elementor-container elementor-column-gap-default\">\n\t\t\t\t\t<div class=\"elementor-column elementor-col-100 elementor-top-column elementor-element elementor-element-b1d3f60\" data-id=\"b1d3f60\" data-element_type=\"column\">\n\t\t\t<div class=\"elementor-widget-wrap elementor-element-populated\">\n\t\t\t\t\t\t<div class=\"elementor-element elementor-element-2d4b087 elementor-widget elementor-widget-heading\" data-id=\"2d4b087\" data-element_type=\"widget\" data-widget_type=\"heading.default\">\n\t\t\t\t<div class=\"elementor-widget-container\">\n\t\t\t\t\t<h1 class=\"elementor-heading-title elementor-size-default\">Rampas de patio <\/h1>\t\t\t\t<\/div>\n\t\t\t\t<\/div>\n\t\t\t\t\t<\/div>\n\t\t<\/div>\n\t\t\t\t\t<\/div>\n\t\t<\/section>\n\t\t\t\t<section class=\"elementor-section elementor-top-section elementor-element elementor-element-2f20146 elementor-section-boxed elementor-section-height-default elementor-section-height-default\" data-id=\"2f20146\" data-element_type=\"section\">\n\t\t\t\t\t\t<div class=\"elementor-container elementor-column-gap-default\">\n\t\t\t\t\t<div class=\"elementor-column elementor-col-100 elementor-top-column elementor-element elementor-element-11d2c47\" data-id=\"11d2c47\" data-element_type=\"column\">\n\t\t\t<div class=\"elementor-widget-wrap elementor-element-populated\">\n\t\t\t\t\t\t<section class=\"elementor-section elementor-inner-section elementor-element elementor-element-99a97ac elementor-section-boxed elementor-section-height-default elementor-section-height-default\" data-id=\"99a97ac\" data-element_type=\"section\">\n\t\t\t\t\t\t<div class=\"elementor-container elementor-column-gap-default\">\n\t\t\t\t\t<div class=\"elementor-column elementor-col-50 elementor-inner-column elementor-element elementor-element-e1f6272\" data-id=\"e1f6272\" data-element_type=\"column\">\n\t\t\t<div class=\"elementor-widget-wrap elementor-element-populated\">\n\t\t\t\t\t\t<div class=\"elementor-element elementor-element-b266a93 elementor-widget elementor-widget-heading\" data-id=\"b266a93\" data-element_type=\"widget\" data-widget_type=\"heading.default\">\n\t\t\t\t<div class=\"elementor-widget-container\">\n\t\t\t\t\t<h2 class=\"elementor-heading-title elementor-size-default\">En Serretecno contamos con  rampas de patio, tambi\u00e9n llamadas rampas de carga port\u00e1til o muelle de carga port\u00e1tiles. <\/h2>\t\t\t\t<\/div>\n\t\t\t\t<\/div>\n\t\t\t\t<div class=\"elementor-element elementor-element-bf943f8 elementor-widget elementor-widget-text-editor\" data-id=\"bf943f8\" data-element_type=\"widget\" data-widget_type=\"text-editor.default\">\n\t\t\t\t<div class=\"elementor-widget-container\">\n\t\t\t\t\t\t\t\t\t<p>\u00a0<\/p><p>Es una soluci\u00f3n ideal para la carga y descarga de camiones cuando no se cuenta con ning\u00fan tipo de and\u00e9n, ya que puede utilizarse en cualquier parte del patio.<\/p><p>Las rampas de patio son dise\u00f1adas para uso rudo, en donde el montacargas entra y sale con facilidad al interior de la caja del cami\u00f3n. Es importante que en cuanto tenga colocada la rampa de patio en su sitio, libere las ruedas del sistema hidr\u00e1ulico para que el montacargas monte sobre la plataforma de forma sencilla y correcta.<\/p><p>Son totalmente construidas de acero soldado, est\u00e1n disponibles desde 16, 000 hasta 60,000 libras de capacidad.<\/p><p>Las rampas de patio son simplemente puestas en posici\u00f3n hacia camiones, ferrocarriles o andenes.\u00a0Cuenta con llantas d 18 \u201d solidas de goma que proveen f\u00e1cil posici\u00f3n y remolque, la abrazadera de la rampa es opcional y ayuda al operador a mover la rampa a distancias cortas.<\/p><p>Adicional puede adquirir una barra de remolque que se engancha f\u00e1cilmente \u00a0a la rampa, para moverla en largas distancias y ponerla en posici\u00f3n de forma pr\u00e1ctica.<\/p>\t\t\t\t\t\t\t\t<\/div>\n\t\t\t\t<\/div>\n\t\t\t\t\t<\/div>\n\t\t<\/div>\n\t\t\t\t<div class=\"elementor-column elementor-col-50 elementor-inner-column elementor-element elementor-element-271e1af\" data-id=\"271e1af\" data-element_type=\"column\">\n\t\t\t<div class=\"elementor-widget-wrap elementor-element-populated\">\n\t\t\t\t\t\t<div class=\"elementor-element elementor-element-6b8ef89 elementor-widget elementor-widget-image\" data-id=\"6b8ef89\" data-element_type=\"widget\" data-widget_type=\"image.default\">\n\t\t\t\t<div class=\"elementor-widget-container\">\n\t\t\t\t\t\t\t\t\t\t\t\t\t\t\t<img fetchpriority=\"high\" decoding=\"async\" width=\"250\" height=\"250\" src=\"https:\/\/serretecno.com.mx\/wp-content\/uploads\/2020\/01\/BLUFF-nxvro8burhdc5wf5e04itfu1bkol7v9lc02xb6ejic.png\" class=\"attachment-large size-large wp-image-72\" alt=\"\" srcset=\"https:\/\/serretecno.com.mx\/wp-content\/uploads\/2020\/01\/BLUFF-nxvro8burhdc5wf5e04itfu1bkol7v9lc02xb6ejic.png 250w, https:\/\/serretecno.com.mx\/wp-content\/uploads\/2020\/01\/BLUFF-nxvro8burhdc5wf5e04itfu1bkol7v9lc02xb6ejic-150x150.png 150w\" sizes=\"(max-width: 250px) 100vw, 250px\" \/>\t\t\t\t\t\t\t\t\t\t\t\t\t\t\t<\/div>\n\t\t\t\t<\/div>\n\t\t\t\t<div class=\"elementor-element elementor-element-1cbe4e4 elementor-widget elementor-widget-image\" data-id=\"1cbe4e4\" data-element_type=\"widget\" data-widget_type=\"image.default\">\n\t\t\t\t<div class=\"elementor-widget-container\">\n\t\t\t\t\t\t\t\t\t\t\t\t\t\t\t<img decoding=\"async\" width=\"250\" height=\"250\" data-src=\"https:\/\/serretecno.com.mx\/wp-content\/uploads\/2020\/01\/REJA-nxvro3mntb6wjulz5g3dyz0qcnbr5dqxncthwslidg.png\" class=\"attachment-large size-large wp-image-70 lazyload\" alt=\"\" data-srcset=\"https:\/\/serretecno.com.mx\/wp-content\/uploads\/2020\/01\/REJA-nxvro3mntb6wjulz5g3dyz0qcnbr5dqxncthwslidg.png 250w, https:\/\/serretecno.com.mx\/wp-content\/uploads\/2020\/01\/REJA-nxvro3mntb6wjulz5g3dyz0qcnbr5dqxncthwslidg-150x150.png 150w\" data-sizes=\"(max-width: 250px) 100vw, 250px\" src=\"data:image\/svg+xml;base64,PHN2ZyB3aWR0aD0iMSIgaGVpZ2h0PSIxIiB4bWxucz0iaHR0cDovL3d3dy53My5vcmcvMjAwMC9zdmciPjwvc3ZnPg==\" style=\"--smush-placeholder-width: 250px; --smush-placeholder-aspect-ratio: 250\/250;\" \/>\t\t\t\t\t\t\t\t\t\t\t\t\t\t\t<\/div>\n\t\t\t\t<\/div>\n\t\t\t\t<div class=\"elementor-element elementor-element-a72af04 elementor-widget elementor-widget-image\" data-id=\"a72af04\" data-element_type=\"widget\" data-widget_type=\"image.default\">\n\t\t\t\t<div class=\"elementor-widget-container\">\n\t\t\t\t\t\t\t\t\t\t\t\t\t\t\t<img decoding=\"async\" width=\"250\" height=\"250\" data-src=\"https:\/\/serretecno.com.mx\/wp-content\/uploads\/2020\/01\/BLUFF2-nxvro6g6dtariohvozb9ogb44sxush24nqrycmhbus.png\" class=\"attachment-large size-large wp-image-71 lazyload\" alt=\"\" data-srcset=\"https:\/\/serretecno.com.mx\/wp-content\/uploads\/2020\/01\/BLUFF2-nxvro6g6dtariohvozb9ogb44sxush24nqrycmhbus.png 250w, https:\/\/serretecno.com.mx\/wp-content\/uploads\/2020\/01\/BLUFF2-nxvro6g6dtariohvozb9ogb44sxush24nqrycmhbus-150x150.png 150w\" data-sizes=\"(max-width: 250px) 100vw, 250px\" src=\"data:image\/svg+xml;base64,PHN2ZyB3aWR0aD0iMSIgaGVpZ2h0PSIxIiB4bWxucz0iaHR0cDovL3d3dy53My5vcmcvMjAwMC9zdmciPjwvc3ZnPg==\" style=\"--smush-placeholder-width: 250px; --smush-placeholder-aspect-ratio: 250\/250;\" \/>\t\t\t\t\t\t\t\t\t\t\t\t\t\t\t<\/div>\n\t\t\t\t<\/div>\n\t\t\t\t\t<\/div>\n\t\t<\/div>\n\t\t\t\t\t<\/div>\n\t\t<\/section>\n\t\t\t\t\t<\/div>\n\t\t<\/div>\n\t\t\t\t\t<\/div>\n\t\t<\/section>\n\t\t\t\t<section class=\"elementor-section elementor-top-section elementor-element elementor-element-cfd8133 elementor-section-boxed elementor-section-height-default elementor-section-height-default\" data-id=\"cfd8133\" data-element_type=\"section\">\n\t\t\t\t\t\t<div class=\"elementor-container elementor-column-gap-default\">\n\t\t\t\t\t<div class=\"elementor-column elementor-col-100 elementor-top-column elementor-element elementor-element-8b98eae\" data-id=\"8b98eae\" data-element_type=\"column\">\n\t\t\t<div class=\"elementor-widget-wrap elementor-element-populated\">\n\t\t\t\t\t\t<div class=\"elementor-element elementor-element-505d442 elementor-widget elementor-widget-video\" data-id=\"505d442\" data-element_type=\"widget\" data-settings=\"{&quot;youtube_url&quot;:&quot;https:\\\/\\\/youtu.be\\\/m_89Xa85Yps&quot;,&quot;video_type&quot;:&quot;youtube&quot;,&quot;controls&quot;:&quot;yes&quot;}\" data-widget_type=\"video.default\">\n\t\t\t\t<div class=\"elementor-widget-container\">\n\t\t\t\t\t\t\t<div class=\"elementor-wrapper elementor-open-inline\">\n\t\t\t<div class=\"elementor-video\"><\/div>\t\t<\/div>\n\t\t\t\t\t\t<\/div>\n\t\t\t\t<\/div>\n\t\t\t\t\t<\/div>\n\t\t<\/div>\n\t\t\t\t\t<\/div>\n\t\t<\/section>\n\t\t\t\t<\/div>\n\t\t","protected":false},"excerpt":{"rendered":"<p>Rampas de patio En Serretecno contamos con rampas de patio, tambi\u00e9n llamadas rampas de carga port\u00e1til o muelle de carga port\u00e1tiles. Es una soluci\u00f3n ideal para la carga y descarga de camiones cuando no se cuenta con ning\u00fan tipo de and\u00e9n, ya que puede utilizarse en cualquier parte del patio. Las rampas de patio son [&hellip;]<\/p>\n","protected":false},"author":2,"featured_media":0,"parent":0,"menu_order":0,"comment_status":"closed","ping_status":"closed","template":"","meta":{"_exactmetrics_skip_tracking":false,"_exactmetrics_sitenote_active":false,"_exactmetrics_sitenote_note":"","_exactmetrics_sitenote_category":0,"_uf_show_specific_survey":0,"_uf_disable_surveys":false,"site-sidebar-layout":"no-sidebar","site-content-layout":"page-builder","ast-site-content-layout":"default","site-content-style":"default","site-sidebar-style":"default","ast-global-header-display":"","ast-banner-title-visibility":"","ast-main-header-display":"","ast-hfb-above-header-display":"","ast-hfb-below-header-display":"","ast-hfb-mobile-header-display":"","site-post-title":"disabled","ast-breadcrumbs-content":"","ast-featured-img":"disabled","footer-sml-layout":"","theme-transparent-header-meta":"default","adv-header-id-meta":"","stick-header-meta":"","header-above-stick-meta":"","header-main-stick-meta":"","header-below-stick-meta":"","astra-migrate-meta-layouts":"default","ast-page-background-enabled":"default","ast-page-background-meta":{"desktop":{"background-color":"","background-image":"","background-repeat":"repeat","background-position":"center center","background-size":"auto","background-attachment":"scroll","background-type":"","background-media":"","overlay-type":"","overlay-color":"","overlay-opacity":"","overlay-gradient":""},"tablet":{"background-color":"","background-image":"","background-repeat":"repeat","background-position":"center center","background-size":"auto","background-attachment":"scroll","background-type":"","background-media":"","overlay-type":"","overlay-color":"","overlay-opacity":"","overlay-gradient":""},"mobile":{"background-color":"","background-image":"","background-repeat":"repeat","background-position":"center center","background-size":"auto","background-attachment":"scroll","background-type":"","background-media":"","overlay-type":"","overlay-color":"","overlay-opacity":"","overlay-gradient":""}},"ast-content-background-meta":{"desktop":{"background-color":"var(--ast-global-color-5)","background-image":"","background-repeat":"repeat","background-position":"center center","background-size":"auto","background-attachment":"scroll","background-type":"","background-media":"","overlay-type":"","overlay-color":"","overlay-opacity":"","overlay-gradient":""},"tablet":{"background-color":"var(--ast-global-color-5)","background-image":"","background-repeat":"repeat","background-position":"center center","background-size":"auto","background-attachment":"scroll","background-type":"","background-media":"","overlay-type":"","overlay-color":"","overlay-opacity":"","overlay-gradient":""},"mobile":{"background-color":"var(--ast-global-color-5)","background-image":"","background-repeat":"repeat","background-position":"center center","background-size":"auto","background-attachment":"scroll","background-type":"","background-media":"","overlay-type":"","overlay-color":"","overlay-opacity":"","overlay-gradient":""}},"_joinchat":[],"footnotes":""},"class_list":["post-68","page","type-page","status-publish","hentry"],"yoast_head":"<!-- This site is optimized with the Yoast SEO plugin v25.4 - https:\/\/yoast.com\/wordpress\/plugins\/seo\/ -->\n<title>rampas para patio<\/title>\n<meta name=\"description\" content=\"Rampas de patio En Serretecno contamos con rampas de patio, tambi\u00e9n llamadas rampas de carga port\u00e1til o muelle de carga port\u00e1tiles. Es una soluci\u00f3n ideal\" \/>\n<meta name=\"robots\" content=\"index, follow, max-snippet:-1, max-image-preview:large, max-video-preview:-1\" \/>\n<link rel=\"canonical\" href=\"https:\/\/serretecno.com.mx\/index.php\/rampas-de-patio\/\" \/>\n<meta property=\"og:locale\" content=\"es_ES\" \/>\n<meta property=\"og:type\" content=\"article\" \/>\n<meta property=\"og:title\" content=\"rampas para patio\" \/>\n<meta property=\"og:description\" content=\"Rampas de patio En Serretecno contamos con rampas de patio, tambi\u00e9n llamadas rampas de carga port\u00e1til o muelle de carga port\u00e1tiles. Es una soluci\u00f3n ideal\" \/>\n<meta property=\"og:url\" content=\"https:\/\/serretecno.com.mx\/index.php\/rampas-de-patio\/\" \/>\n<meta property=\"og:site_name\" content=\"Serretecno\" \/>\n<meta property=\"article:modified_time\" content=\"2020-01-14T03:53:35+00:00\" \/>\n<meta property=\"og:image\" content=\"https:\/\/serretecno.com.mx\/wp-content\/uploads\/2020\/01\/BLUFF-nxvro8burhdc5wf5e04itfu1bkol7v9lc02xb6ejic.png\" \/>\n<meta name=\"twitter:card\" content=\"summary_large_image\" \/>\n<meta name=\"twitter:label1\" content=\"Tiempo de lectura\" \/>\n\t<meta name=\"twitter:data1\" content=\"1 minuto\" \/>\n<script type=\"application\/ld+json\" class=\"yoast-schema-graph\">{\"@context\":\"https:\/\/schema.org\",\"@graph\":[{\"@type\":\"WebPage\",\"@id\":\"https:\/\/serretecno.com.mx\/index.php\/rampas-de-patio\/\",\"url\":\"https:\/\/serretecno.com.mx\/index.php\/rampas-de-patio\/\",\"name\":\"rampas para patio\",\"isPartOf\":{\"@id\":\"https:\/\/serretecno.com.mx\/#website\"},\"primaryImageOfPage\":{\"@id\":\"https:\/\/serretecno.com.mx\/index.php\/rampas-de-patio\/#primaryimage\"},\"image\":{\"@id\":\"https:\/\/serretecno.com.mx\/index.php\/rampas-de-patio\/#primaryimage\"},\"thumbnailUrl\":\"https:\/\/serretecno.com.mx\/wp-content\/uploads\/2020\/01\/BLUFF-nxvro8burhdc5wf5e04itfu1bkol7v9lc02xb6ejic.png\",\"datePublished\":\"2020-01-07T01:42:38+00:00\",\"dateModified\":\"2020-01-14T03:53:35+00:00\",\"description\":\"Rampas de patio En Serretecno contamos con rampas de patio, tambi\u00e9n llamadas rampas de carga port\u00e1til o muelle de carga port\u00e1tiles. Es una soluci\u00f3n ideal\",\"breadcrumb\":{\"@id\":\"https:\/\/serretecno.com.mx\/index.php\/rampas-de-patio\/#breadcrumb\"},\"inLanguage\":\"es\",\"potentialAction\":[{\"@type\":\"ReadAction\",\"target\":[\"https:\/\/serretecno.com.mx\/index.php\/rampas-de-patio\/\"]}]},{\"@type\":\"ImageObject\",\"inLanguage\":\"es\",\"@id\":\"https:\/\/serretecno.com.mx\/index.php\/rampas-de-patio\/#primaryimage\",\"url\":\"https:\/\/serretecno.com.mx\/wp-content\/uploads\/2020\/01\/BLUFF-nxvro8burhdc5wf5e04itfu1bkol7v9lc02xb6ejic.png\",\"contentUrl\":\"https:\/\/serretecno.com.mx\/wp-content\/uploads\/2020\/01\/BLUFF-nxvro8burhdc5wf5e04itfu1bkol7v9lc02xb6ejic.png\",\"width\":250,\"height\":250},{\"@type\":\"BreadcrumbList\",\"@id\":\"https:\/\/serretecno.com.mx\/index.php\/rampas-de-patio\/#breadcrumb\",\"itemListElement\":[{\"@type\":\"ListItem\",\"position\":1,\"name\":\"Home\",\"item\":\"https:\/\/serretecno.com.mx\/\"},{\"@type\":\"ListItem\",\"position\":2,\"name\":\"Rampas de patio\"}]},{\"@type\":\"WebSite\",\"@id\":\"https:\/\/serretecno.com.mx\/#website\",\"url\":\"https:\/\/serretecno.com.mx\/\",\"name\":\"Serretecno\",\"description\":\"Elevadores de auto\",\"publisher\":{\"@id\":\"https:\/\/serretecno.com.mx\/#organization\"},\"potentialAction\":[{\"@type\":\"SearchAction\",\"target\":{\"@type\":\"EntryPoint\",\"urlTemplate\":\"https:\/\/serretecno.com.mx\/?s={search_term_string}\"},\"query-input\":{\"@type\":\"PropertyValueSpecification\",\"valueRequired\":true,\"valueName\":\"search_term_string\"}}],\"inLanguage\":\"es\"},{\"@type\":\"Organization\",\"@id\":\"https:\/\/serretecno.com.mx\/#organization\",\"name\":\"Serretecno.com\",\"url\":\"https:\/\/serretecno.com.mx\/\",\"logo\":{\"@type\":\"ImageObject\",\"inLanguage\":\"es\",\"@id\":\"https:\/\/serretecno.com.mx\/#\/schema\/logo\/image\/\",\"url\":\"https:\/\/serretecno.com.mx\/wp-content\/uploads\/2020\/01\/cropped-logo-serretecno-1.jpg\",\"contentUrl\":\"https:\/\/serretecno.com.mx\/wp-content\/uploads\/2020\/01\/cropped-logo-serretecno-1.jpg\",\"width\":973,\"height\":169,\"caption\":\"Serretecno.com\"},\"image\":{\"@id\":\"https:\/\/serretecno.com.mx\/#\/schema\/logo\/image\/\"}}]}<\/script>\n<!-- \/ Yoast SEO plugin. -->","yoast_head_json":{"title":"rampas para patio","description":"Rampas de patio En Serretecno contamos con rampas de patio, tambi\u00e9n llamadas rampas de carga port\u00e1til o muelle de carga port\u00e1tiles. Es una soluci\u00f3n ideal","robots":{"index":"index","follow":"follow","max-snippet":"max-snippet:-1","max-image-preview":"max-image-preview:large","max-video-preview":"max-video-preview:-1"},"canonical":"https:\/\/serretecno.com.mx\/index.php\/rampas-de-patio\/","og_locale":"es_ES","og_type":"article","og_title":"rampas para patio","og_description":"Rampas de patio En Serretecno contamos con rampas de patio, tambi\u00e9n llamadas rampas de carga port\u00e1til o muelle de carga port\u00e1tiles. Es una soluci\u00f3n ideal","og_url":"https:\/\/serretecno.com.mx\/index.php\/rampas-de-patio\/","og_site_name":"Serretecno","article_modified_time":"2020-01-14T03:53:35+00:00","og_image":[{"url":"https:\/\/serretecno.com.mx\/wp-content\/uploads\/2020\/01\/BLUFF-nxvro8burhdc5wf5e04itfu1bkol7v9lc02xb6ejic.png","type":"","width":"","height":""}],"twitter_card":"summary_large_image","twitter_misc":{"Tiempo de lectura":"1 minuto"},"schema":{"@context":"https:\/\/schema.org","@graph":[{"@type":"WebPage","@id":"https:\/\/serretecno.com.mx\/index.php\/rampas-de-patio\/","url":"https:\/\/serretecno.com.mx\/index.php\/rampas-de-patio\/","name":"rampas para patio","isPartOf":{"@id":"https:\/\/serretecno.com.mx\/#website"},"primaryImageOfPage":{"@id":"https:\/\/serretecno.com.mx\/index.php\/rampas-de-patio\/#primaryimage"},"image":{"@id":"https:\/\/serretecno.com.mx\/index.php\/rampas-de-patio\/#primaryimage"},"thumbnailUrl":"https:\/\/serretecno.com.mx\/wp-content\/uploads\/2020\/01\/BLUFF-nxvro8burhdc5wf5e04itfu1bkol7v9lc02xb6ejic.png","datePublished":"2020-01-07T01:42:38+00:00","dateModified":"2020-01-14T03:53:35+00:00","description":"Rampas de patio En Serretecno contamos con rampas de patio, tambi\u00e9n llamadas rampas de carga port\u00e1til o muelle de carga port\u00e1tiles. Es una soluci\u00f3n ideal","breadcrumb":{"@id":"https:\/\/serretecno.com.mx\/index.php\/rampas-de-patio\/#breadcrumb"},"inLanguage":"es","potentialAction":[{"@type":"ReadAction","target":["https:\/\/serretecno.com.mx\/index.php\/rampas-de-patio\/"]}]},{"@type":"ImageObject","inLanguage":"es","@id":"https:\/\/serretecno.com.mx\/index.php\/rampas-de-patio\/#primaryimage","url":"https:\/\/serretecno.com.mx\/wp-content\/uploads\/2020\/01\/BLUFF-nxvro8burhdc5wf5e04itfu1bkol7v9lc02xb6ejic.png","contentUrl":"https:\/\/serretecno.com.mx\/wp-content\/uploads\/2020\/01\/BLUFF-nxvro8burhdc5wf5e04itfu1bkol7v9lc02xb6ejic.png","width":250,"height":250},{"@type":"BreadcrumbList","@id":"https:\/\/serretecno.com.mx\/index.php\/rampas-de-patio\/#breadcrumb","itemListElement":[{"@type":"ListItem","position":1,"name":"Home","item":"https:\/\/serretecno.com.mx\/"},{"@type":"ListItem","position":2,"name":"Rampas de patio"}]},{"@type":"WebSite","@id":"https:\/\/serretecno.com.mx\/#website","url":"https:\/\/serretecno.com.mx\/","name":"Serretecno","description":"Elevadores de auto","publisher":{"@id":"https:\/\/serretecno.com.mx\/#organization"},"potentialAction":[{"@type":"SearchAction","target":{"@type":"EntryPoint","urlTemplate":"https:\/\/serretecno.com.mx\/?s={search_term_string}"},"query-input":{"@type":"PropertyValueSpecification","valueRequired":true,"valueName":"search_term_string"}}],"inLanguage":"es"},{"@type":"Organization","@id":"https:\/\/serretecno.com.mx\/#organization","name":"Serretecno.com","url":"https:\/\/serretecno.com.mx\/","logo":{"@type":"ImageObject","inLanguage":"es","@id":"https:\/\/serretecno.com.mx\/#\/schema\/logo\/image\/","url":"https:\/\/serretecno.com.mx\/wp-content\/uploads\/2020\/01\/cropped-logo-serretecno-1.jpg","contentUrl":"https:\/\/serretecno.com.mx\/wp-content\/uploads\/2020\/01\/cropped-logo-serretecno-1.jpg","width":973,"height":169,"caption":"Serretecno.com"},"image":{"@id":"https:\/\/serretecno.com.mx\/#\/schema\/logo\/image\/"}}]}},"_links":{"self":[{"href":"https:\/\/serretecno.com.mx\/index.php\/wp-json\/wp\/v2\/pages\/68","targetHints":{"allow":["GET"]}}],"collection":[{"href":"https:\/\/serretecno.com.mx\/index.php\/wp-json\/wp\/v2\/pages"}],"about":[{"href":"https:\/\/serretecno.com.mx\/index.php\/wp-json\/wp\/v2\/types\/page"}],"author":[{"embeddable":true,"href":"https:\/\/serretecno.com.mx\/index.php\/wp-json\/wp\/v2\/users\/2"}],"replies":[{"embeddable":true,"href":"https:\/\/serretecno.com.mx\/index.php\/wp-json\/wp\/v2\/comments?post=68"}],"version-history":[{"count":1,"href":"https:\/\/serretecno.com.mx\/index.php\/wp-json\/wp\/v2\/pages\/68\/revisions"}],"predecessor-version":[{"id":683,"href":"https:\/\/serretecno.com.mx\/index.php\/wp-json\/wp\/v2\/pages\/68\/revisions\/683"}],"wp:attachment":[{"href":"https:\/\/serretecno.com.mx\/index.php\/wp-json\/wp\/v2\/media?parent=68"}],"curies":[{"name":"wp","href":"https:\/\/api.w.org\/{rel}","templated":true}]}}