{"id":561,"date":"2020-01-10T22:29:30","date_gmt":"2020-01-10T22:29:30","guid":{"rendered":"https:\/\/serretecno.com.mx\/?page_id=561"},"modified":"2020-01-14T04:15:00","modified_gmt":"2020-01-14T04:15:00","slug":"sistemas-de-lubricacion","status":"publish","type":"page","link":"https:\/\/serretecno.com.mx\/index.php\/sistemas-de-lubricacion\/","title":{"rendered":"Sistemas de lubricaci\u00f3n"},"content":{"rendered":"\t\t<div data-elementor-type=\"wp-page\" data-elementor-id=\"561\" class=\"elementor elementor-561\">\n\t\t\t\t\t\t<section class=\"elementor-section elementor-top-section elementor-element elementor-element-f990bc5 elementor-section-boxed elementor-section-height-default elementor-section-height-default\" data-id=\"f990bc5\" data-element_type=\"section\">\n\t\t\t\t\t\t<div class=\"elementor-container elementor-column-gap-default\">\n\t\t\t\t\t<div class=\"elementor-column elementor-col-100 elementor-top-column elementor-element elementor-element-516461e\" data-id=\"516461e\" data-element_type=\"column\">\n\t\t\t<div class=\"elementor-widget-wrap elementor-element-populated\">\n\t\t\t\t\t\t<div class=\"elementor-element elementor-element-4533fbd elementor-widget elementor-widget-heading\" data-id=\"4533fbd\" data-element_type=\"widget\" data-widget_type=\"heading.default\">\n\t\t\t\t<div class=\"elementor-widget-container\">\n\t\t\t\t\t<h1 class=\"elementor-heading-title elementor-size-default\">Sistemas de lubricaci\u00f3n<\/h1>\t\t\t\t<\/div>\n\t\t\t\t<\/div>\n\t\t\t\t\t<\/div>\n\t\t<\/div>\n\t\t\t\t\t<\/div>\n\t\t<\/section>\n\t\t\t\t<section class=\"elementor-section elementor-top-section elementor-element elementor-element-8215243 elementor-section-boxed elementor-section-height-default elementor-section-height-default\" data-id=\"8215243\" data-element_type=\"section\">\n\t\t\t\t\t\t<div class=\"elementor-container elementor-column-gap-default\">\n\t\t\t\t\t<div class=\"elementor-column elementor-col-100 elementor-top-column elementor-element elementor-element-bebf5fc\" data-id=\"bebf5fc\" data-element_type=\"column\">\n\t\t\t<div class=\"elementor-widget-wrap elementor-element-populated\">\n\t\t\t\t\t\t<div class=\"elementor-element elementor-element-acceee3 elementor-widget elementor-widget-image\" data-id=\"acceee3\" data-element_type=\"widget\" data-widget_type=\"image.default\">\n\t\t\t\t<div class=\"elementor-widget-container\">\n\t\t\t\t\t\t\t\t\t\t\t\t\t\t\t<img fetchpriority=\"high\" decoding=\"async\" width=\"300\" height=\"212\" src=\"https:\/\/serretecno.com.mx\/wp-content\/uploads\/2020\/01\/principal332-300x212-1.jpg\" class=\"attachment-large size-large wp-image-563\" alt=\"\" \/>\t\t\t\t\t\t\t\t\t\t\t\t\t\t\t<\/div>\n\t\t\t\t<\/div>\n\t\t\t\t<section class=\"elementor-section elementor-inner-section elementor-element elementor-element-7a03aa8 elementor-section-boxed elementor-section-height-default elementor-section-height-default\" data-id=\"7a03aa8\" data-element_type=\"section\">\n\t\t\t\t\t\t<div class=\"elementor-container elementor-column-gap-default\">\n\t\t\t\t\t<div class=\"elementor-column elementor-col-100 elementor-inner-column elementor-element elementor-element-5534172\" data-id=\"5534172\" data-element_type=\"column\">\n\t\t\t<div class=\"elementor-widget-wrap elementor-element-populated\">\n\t\t\t\t\t\t<div class=\"elementor-element elementor-element-c2522fd elementor-widget elementor-widget-text-editor\" data-id=\"c2522fd\" data-element_type=\"widget\" data-widget_type=\"text-editor.default\">\n\t\t\t\t<div class=\"elementor-widget-container\">\n\t\t\t\t\t\t\t\t\t<p>En Serretecno contamos con Sistemas de lubricaci\u00f3n que cuentan con un tipo de instalaci\u00f3n que comprende sistemas de almacenamiento, con tanques minigraneles con distribuci\u00f3n de varios fluidos lubricantes, entre los cuales se encuentran:<\/p><p>Aceite motor, aceite motor sint\u00e9tico, aceite hidr\u00e1ulico, aceite de transmisi\u00f3n, aceite diferencial, grasas, anticongelante, retroceso de aceites usados, entre otros.<\/p><p>Se pueden requerir uno o m\u00e1s puntos de suministros a diferentes distancias del punto de almacenamiento y con el objetivo de lograr un correcto y eficaz proyecto, es muy importante considerar cada l\u00ednea de distribuci\u00f3n como una instalaci\u00f3n independiente.<\/p><p>Dentro de los Sistemas de lubricaci\u00f3n\u00a0encontraras:<\/p><p>Bombas de lubricaci\u00f3n como: Bomba manual para aceites, bomba manual para grasas, bomba resurtidora para suministro de aceites, bomba resurtidora para suministro de lubricantes, bomba neum\u00e1tica para transvase de aceites, bomba neum\u00e1tica para el suministro de aceites, bomba neum\u00e1tica para aceites en muro, bomba neum\u00e1tica para aceites sobre plataforma, bombas neum\u00e1ticas para grasas.<\/p><p>Pistolas de lubricaci\u00f3n como: pistolas dosificadoras para aceites, pistolas para grasas, entre otros.<\/p><p>Adicional contamos con sistemas de lubricaci\u00f3n\u00a0para suministro de grasa en alta presi\u00f3n equipados con:<\/p><ul><li>Sistema neum\u00e1tico lava partes y lava frenos.<\/li><li>Purgador neum\u00e1tico de frenos y embragues.<\/li><li>Recibidores de aceite usado.<\/li><li>Aspiradora de aceite usado.<\/li><li>Aspiradora de aceite usado tipo pant\u00f3grafo.<\/li><li>Carrete para aire tipo viajero con man\u00f3metro.<\/li><li>Tanque minigranel totalmente equipado.<\/li><li>Sistema de radiofrecuencia para administraci\u00f3n, control de inventario y despacho de lubricantes.<\/li><li>Bombas de trasvase para fluidos de ligera y media viscosidad.<\/li><li>Bombas industriales.<\/li><li>Inyectores y dosificadores.<\/li><\/ul><p>\u00a0<\/p>\t\t\t\t\t\t\t\t<\/div>\n\t\t\t\t<\/div>\n\t\t\t\t\t<\/div>\n\t\t<\/div>\n\t\t\t\t\t<\/div>\n\t\t<\/section>\n\t\t\t\t\t<\/div>\n\t\t<\/div>\n\t\t\t\t\t<\/div>\n\t\t<\/section>\n\t\t\t\t<\/div>\n\t\t","protected":false},"excerpt":{"rendered":"<p>Sistemas de lubricaci\u00f3n En Serretecno contamos con Sistemas de lubricaci\u00f3n que cuentan con un tipo de instalaci\u00f3n que comprende sistemas de almacenamiento, con tanques minigraneles con distribuci\u00f3n de varios fluidos lubricantes, entre los cuales se encuentran: Aceite motor, aceite motor sint\u00e9tico, aceite hidr\u00e1ulico, aceite de transmisi\u00f3n, aceite diferencial, grasas, anticongelante, retroceso de aceites usados, entre [&hellip;]<\/p>\n","protected":false},"author":2,"featured_media":0,"parent":0,"menu_order":0,"comment_status":"closed","ping_status":"closed","template":"","meta":{"_exactmetrics_skip_tracking":false,"_exactmetrics_sitenote_active":false,"_exactmetrics_sitenote_note":"","_exactmetrics_sitenote_category":0,"_uf_show_specific_survey":0,"_uf_disable_surveys":false,"site-sidebar-layout":"no-sidebar","site-content-layout":"page-builder","ast-site-content-layout":"default","site-content-style":"default","site-sidebar-style":"default","ast-global-header-display":"","ast-banner-title-visibility":"","ast-main-header-display":"","ast-hfb-above-header-display":"","ast-hfb-below-header-display":"","ast-hfb-mobile-header-display":"","site-post-title":"disabled","ast-breadcrumbs-content":"","ast-featured-img":"disabled","footer-sml-layout":"","theme-transparent-header-meta":"default","adv-header-id-meta":"","stick-header-meta":"","header-above-stick-meta":"","header-main-stick-meta":"","header-below-stick-meta":"","astra-migrate-meta-layouts":"default","ast-page-background-enabled":"default","ast-page-background-meta":{"desktop":{"background-color":"","background-image":"","background-repeat":"repeat","background-position":"center center","background-size":"auto","background-attachment":"scroll","background-type":"","background-media":"","overlay-type":"","overlay-color":"","overlay-opacity":"","overlay-gradient":""},"tablet":{"background-color":"","background-image":"","background-repeat":"repeat","background-position":"center center","background-size":"auto","background-attachment":"scroll","background-type":"","background-media":"","overlay-type":"","overlay-color":"","overlay-opacity":"","overlay-gradient":""},"mobile":{"background-color":"","background-image":"","background-repeat":"repeat","background-position":"center center","background-size":"auto","background-attachment":"scroll","background-type":"","background-media":"","overlay-type":"","overlay-color":"","overlay-opacity":"","overlay-gradient":""}},"ast-content-background-meta":{"desktop":{"background-color":"var(--ast-global-color-5)","background-image":"","background-repeat":"repeat","background-position":"center center","background-size":"auto","background-attachment":"scroll","background-type":"","background-media":"","overlay-type":"","overlay-color":"","overlay-opacity":"","overlay-gradient":""},"tablet":{"background-color":"var(--ast-global-color-5)","background-image":"","background-repeat":"repeat","background-position":"center center","background-size":"auto","background-attachment":"scroll","background-type":"","background-media":"","overlay-type":"","overlay-color":"","overlay-opacity":"","overlay-gradient":""},"mobile":{"background-color":"var(--ast-global-color-5)","background-image":"","background-repeat":"repeat","background-position":"center center","background-size":"auto","background-attachment":"scroll","background-type":"","background-media":"","overlay-type":"","overlay-color":"","overlay-opacity":"","overlay-gradient":""}},"_joinchat":[],"footnotes":""},"class_list":["post-561","page","type-page","status-publish","hentry"],"yoast_head":"<!-- This site is optimized with the Yoast SEO plugin v25.4 - https:\/\/yoast.com\/wordpress\/plugins\/seo\/ -->\n<title>sistemas de lubricacion<\/title>\n<meta name=\"description\" content=\"Sistemas de lubricaci\u00f3n En Serretecno contamos con Sistemas de lubricaci\u00f3n que cuentan con un tipo de instalaci\u00f3n que comprende sistemas de\" \/>\n<meta name=\"robots\" content=\"index, follow, max-snippet:-1, max-image-preview:large, max-video-preview:-1\" \/>\n<link rel=\"canonical\" href=\"https:\/\/serretecno.com.mx\/index.php\/sistemas-de-lubricacion\/\" \/>\n<meta property=\"og:locale\" content=\"es_ES\" \/>\n<meta property=\"og:type\" content=\"article\" \/>\n<meta property=\"og:title\" content=\"sistemas de lubricacion\" \/>\n<meta property=\"og:description\" content=\"Sistemas de lubricaci\u00f3n En Serretecno contamos con Sistemas de lubricaci\u00f3n que cuentan con un tipo de instalaci\u00f3n que comprende sistemas de\" \/>\n<meta property=\"og:url\" content=\"https:\/\/serretecno.com.mx\/index.php\/sistemas-de-lubricacion\/\" \/>\n<meta property=\"og:site_name\" content=\"Serretecno\" \/>\n<meta property=\"article:modified_time\" content=\"2020-01-14T04:15:00+00:00\" \/>\n<meta property=\"og:image\" content=\"https:\/\/serretecno.com.mx\/wp-content\/uploads\/2020\/01\/principal332-300x212-1.jpg\" \/>\n<meta name=\"twitter:card\" content=\"summary_large_image\" \/>\n<meta name=\"twitter:label1\" content=\"Tiempo de lectura\" \/>\n\t<meta name=\"twitter:data1\" content=\"1 minuto\" \/>\n<script type=\"application\/ld+json\" class=\"yoast-schema-graph\">{\"@context\":\"https:\/\/schema.org\",\"@graph\":[{\"@type\":\"WebPage\",\"@id\":\"https:\/\/serretecno.com.mx\/index.php\/sistemas-de-lubricacion\/\",\"url\":\"https:\/\/serretecno.com.mx\/index.php\/sistemas-de-lubricacion\/\",\"name\":\"sistemas de lubricacion\",\"isPartOf\":{\"@id\":\"https:\/\/serretecno.com.mx\/#website\"},\"primaryImageOfPage\":{\"@id\":\"https:\/\/serretecno.com.mx\/index.php\/sistemas-de-lubricacion\/#primaryimage\"},\"image\":{\"@id\":\"https:\/\/serretecno.com.mx\/index.php\/sistemas-de-lubricacion\/#primaryimage\"},\"thumbnailUrl\":\"https:\/\/serretecno.com.mx\/wp-content\/uploads\/2020\/01\/principal332-300x212-1.jpg\",\"datePublished\":\"2020-01-10T22:29:30+00:00\",\"dateModified\":\"2020-01-14T04:15:00+00:00\",\"description\":\"Sistemas de lubricaci\u00f3n En Serretecno contamos con Sistemas de lubricaci\u00f3n que cuentan con un tipo de instalaci\u00f3n que comprende sistemas de\",\"breadcrumb\":{\"@id\":\"https:\/\/serretecno.com.mx\/index.php\/sistemas-de-lubricacion\/#breadcrumb\"},\"inLanguage\":\"es\",\"potentialAction\":[{\"@type\":\"ReadAction\",\"target\":[\"https:\/\/serretecno.com.mx\/index.php\/sistemas-de-lubricacion\/\"]}]},{\"@type\":\"ImageObject\",\"inLanguage\":\"es\",\"@id\":\"https:\/\/serretecno.com.mx\/index.php\/sistemas-de-lubricacion\/#primaryimage\",\"url\":\"https:\/\/serretecno.com.mx\/wp-content\/uploads\/2020\/01\/principal332-300x212-1.jpg\",\"contentUrl\":\"https:\/\/serretecno.com.mx\/wp-content\/uploads\/2020\/01\/principal332-300x212-1.jpg\",\"width\":300,\"height\":212},{\"@type\":\"BreadcrumbList\",\"@id\":\"https:\/\/serretecno.com.mx\/index.php\/sistemas-de-lubricacion\/#breadcrumb\",\"itemListElement\":[{\"@type\":\"ListItem\",\"position\":1,\"name\":\"Home\",\"item\":\"https:\/\/serretecno.com.mx\/\"},{\"@type\":\"ListItem\",\"position\":2,\"name\":\"Sistemas de lubricaci\u00f3n\"}]},{\"@type\":\"WebSite\",\"@id\":\"https:\/\/serretecno.com.mx\/#website\",\"url\":\"https:\/\/serretecno.com.mx\/\",\"name\":\"Serretecno\",\"description\":\"Elevadores de auto\",\"publisher\":{\"@id\":\"https:\/\/serretecno.com.mx\/#organization\"},\"potentialAction\":[{\"@type\":\"SearchAction\",\"target\":{\"@type\":\"EntryPoint\",\"urlTemplate\":\"https:\/\/serretecno.com.mx\/?s={search_term_string}\"},\"query-input\":{\"@type\":\"PropertyValueSpecification\",\"valueRequired\":true,\"valueName\":\"search_term_string\"}}],\"inLanguage\":\"es\"},{\"@type\":\"Organization\",\"@id\":\"https:\/\/serretecno.com.mx\/#organization\",\"name\":\"Serretecno.com\",\"url\":\"https:\/\/serretecno.com.mx\/\",\"logo\":{\"@type\":\"ImageObject\",\"inLanguage\":\"es\",\"@id\":\"https:\/\/serretecno.com.mx\/#\/schema\/logo\/image\/\",\"url\":\"https:\/\/serretecno.com.mx\/wp-content\/uploads\/2020\/01\/cropped-logo-serretecno-1.jpg\",\"contentUrl\":\"https:\/\/serretecno.com.mx\/wp-content\/uploads\/2020\/01\/cropped-logo-serretecno-1.jpg\",\"width\":973,\"height\":169,\"caption\":\"Serretecno.com\"},\"image\":{\"@id\":\"https:\/\/serretecno.com.mx\/#\/schema\/logo\/image\/\"}}]}<\/script>\n<!-- \/ Yoast SEO plugin. -->","yoast_head_json":{"title":"sistemas de lubricacion","description":"Sistemas de lubricaci\u00f3n En Serretecno contamos con Sistemas de lubricaci\u00f3n que cuentan con un tipo de instalaci\u00f3n que comprende sistemas de","robots":{"index":"index","follow":"follow","max-snippet":"max-snippet:-1","max-image-preview":"max-image-preview:large","max-video-preview":"max-video-preview:-1"},"canonical":"https:\/\/serretecno.com.mx\/index.php\/sistemas-de-lubricacion\/","og_locale":"es_ES","og_type":"article","og_title":"sistemas de lubricacion","og_description":"Sistemas de lubricaci\u00f3n En Serretecno contamos con Sistemas de lubricaci\u00f3n que cuentan con un tipo de instalaci\u00f3n que comprende sistemas de","og_url":"https:\/\/serretecno.com.mx\/index.php\/sistemas-de-lubricacion\/","og_site_name":"Serretecno","article_modified_time":"2020-01-14T04:15:00+00:00","og_image":[{"url":"https:\/\/serretecno.com.mx\/wp-content\/uploads\/2020\/01\/principal332-300x212-1.jpg","type":"","width":"","height":""}],"twitter_card":"summary_large_image","twitter_misc":{"Tiempo de lectura":"1 minuto"},"schema":{"@context":"https:\/\/schema.org","@graph":[{"@type":"WebPage","@id":"https:\/\/serretecno.com.mx\/index.php\/sistemas-de-lubricacion\/","url":"https:\/\/serretecno.com.mx\/index.php\/sistemas-de-lubricacion\/","name":"sistemas de lubricacion","isPartOf":{"@id":"https:\/\/serretecno.com.mx\/#website"},"primaryImageOfPage":{"@id":"https:\/\/serretecno.com.mx\/index.php\/sistemas-de-lubricacion\/#primaryimage"},"image":{"@id":"https:\/\/serretecno.com.mx\/index.php\/sistemas-de-lubricacion\/#primaryimage"},"thumbnailUrl":"https:\/\/serretecno.com.mx\/wp-content\/uploads\/2020\/01\/principal332-300x212-1.jpg","datePublished":"2020-01-10T22:29:30+00:00","dateModified":"2020-01-14T04:15:00+00:00","description":"Sistemas de lubricaci\u00f3n En Serretecno contamos con Sistemas de lubricaci\u00f3n que cuentan con un tipo de instalaci\u00f3n que comprende sistemas de","breadcrumb":{"@id":"https:\/\/serretecno.com.mx\/index.php\/sistemas-de-lubricacion\/#breadcrumb"},"inLanguage":"es","potentialAction":[{"@type":"ReadAction","target":["https:\/\/serretecno.com.mx\/index.php\/sistemas-de-lubricacion\/"]}]},{"@type":"ImageObject","inLanguage":"es","@id":"https:\/\/serretecno.com.mx\/index.php\/sistemas-de-lubricacion\/#primaryimage","url":"https:\/\/serretecno.com.mx\/wp-content\/uploads\/2020\/01\/principal332-300x212-1.jpg","contentUrl":"https:\/\/serretecno.com.mx\/wp-content\/uploads\/2020\/01\/principal332-300x212-1.jpg","width":300,"height":212},{"@type":"BreadcrumbList","@id":"https:\/\/serretecno.com.mx\/index.php\/sistemas-de-lubricacion\/#breadcrumb","itemListElement":[{"@type":"ListItem","position":1,"name":"Home","item":"https:\/\/serretecno.com.mx\/"},{"@type":"ListItem","position":2,"name":"Sistemas de lubricaci\u00f3n"}]},{"@type":"WebSite","@id":"https:\/\/serretecno.com.mx\/#website","url":"https:\/\/serretecno.com.mx\/","name":"Serretecno","description":"Elevadores de auto","publisher":{"@id":"https:\/\/serretecno.com.mx\/#organization"},"potentialAction":[{"@type":"SearchAction","target":{"@type":"EntryPoint","urlTemplate":"https:\/\/serretecno.com.mx\/?s={search_term_string}"},"query-input":{"@type":"PropertyValueSpecification","valueRequired":true,"valueName":"search_term_string"}}],"inLanguage":"es"},{"@type":"Organization","@id":"https:\/\/serretecno.com.mx\/#organization","name":"Serretecno.com","url":"https:\/\/serretecno.com.mx\/","logo":{"@type":"ImageObject","inLanguage":"es","@id":"https:\/\/serretecno.com.mx\/#\/schema\/logo\/image\/","url":"https:\/\/serretecno.com.mx\/wp-content\/uploads\/2020\/01\/cropped-logo-serretecno-1.jpg","contentUrl":"https:\/\/serretecno.com.mx\/wp-content\/uploads\/2020\/01\/cropped-logo-serretecno-1.jpg","width":973,"height":169,"caption":"Serretecno.com"},"image":{"@id":"https:\/\/serretecno.com.mx\/#\/schema\/logo\/image\/"}}]}},"_links":{"self":[{"href":"https:\/\/serretecno.com.mx\/index.php\/wp-json\/wp\/v2\/pages\/561","targetHints":{"allow":["GET"]}}],"collection":[{"href":"https:\/\/serretecno.com.mx\/index.php\/wp-json\/wp\/v2\/pages"}],"about":[{"href":"https:\/\/serretecno.com.mx\/index.php\/wp-json\/wp\/v2\/types\/page"}],"author":[{"embeddable":true,"href":"https:\/\/serretecno.com.mx\/index.php\/wp-json\/wp\/v2\/users\/2"}],"replies":[{"embeddable":true,"href":"https:\/\/serretecno.com.mx\/index.php\/wp-json\/wp\/v2\/comments?post=561"}],"version-history":[{"count":1,"href":"https:\/\/serretecno.com.mx\/index.php\/wp-json\/wp\/v2\/pages\/561\/revisions"}],"predecessor-version":[{"id":697,"href":"https:\/\/serretecno.com.mx\/index.php\/wp-json\/wp\/v2\/pages\/561\/revisions\/697"}],"wp:attachment":[{"href":"https:\/\/serretecno.com.mx\/index.php\/wp-json\/wp\/v2\/media?parent=561"}],"curies":[{"name":"wp","href":"https:\/\/api.w.org\/{rel}","templated":true}]}}