{"id":53,"date":"2020-01-07T01:19:07","date_gmt":"2020-01-07T01:19:07","guid":{"rendered":"https:\/\/serretecno.com.mx\/?page_id=53"},"modified":"2020-01-14T03:21:55","modified_gmt":"2020-01-14T03:21:55","slug":"elevadores-especiales","status":"publish","type":"page","link":"https:\/\/serretecno.com.mx\/index.php\/elevadores-especiales\/","title":{"rendered":"Elevadores especiales"},"content":{"rendered":"\t\t<div data-elementor-type=\"wp-page\" data-elementor-id=\"53\" class=\"elementor elementor-53\">\n\t\t\t\t\t\t<section class=\"elementor-section elementor-top-section elementor-element elementor-element-b68c77d elementor-section-boxed elementor-section-height-default elementor-section-height-default\" data-id=\"b68c77d\" data-element_type=\"section\">\n\t\t\t\t\t\t<div class=\"elementor-container elementor-column-gap-default\">\n\t\t\t\t\t<div class=\"elementor-column elementor-col-100 elementor-top-column elementor-element elementor-element-2706b67\" data-id=\"2706b67\" data-element_type=\"column\">\n\t\t\t<div class=\"elementor-widget-wrap elementor-element-populated\">\n\t\t\t\t\t\t<div class=\"elementor-element elementor-element-5920672 elementor-widget elementor-widget-heading\" data-id=\"5920672\" data-element_type=\"widget\" data-widget_type=\"heading.default\">\n\t\t\t\t<div class=\"elementor-widget-container\">\n\t\t\t\t\t<h1 class=\"elementor-heading-title elementor-size-default\">Elevadores Especiales <\/h1>\t\t\t\t<\/div>\n\t\t\t\t<\/div>\n\t\t\t\t\t<\/div>\n\t\t<\/div>\n\t\t\t\t\t<\/div>\n\t\t<\/section>\n\t\t\t\t<section class=\"elementor-section elementor-top-section elementor-element elementor-element-7f66399 elementor-section-boxed elementor-section-height-default elementor-section-height-default\" data-id=\"7f66399\" data-element_type=\"section\">\n\t\t\t\t\t\t<div class=\"elementor-container elementor-column-gap-default\">\n\t\t\t\t\t<div class=\"elementor-column elementor-col-100 elementor-top-column elementor-element elementor-element-9317d96\" data-id=\"9317d96\" data-element_type=\"column\">\n\t\t\t<div class=\"elementor-widget-wrap elementor-element-populated\">\n\t\t\t\t\t\t<section class=\"elementor-section elementor-inner-section elementor-element elementor-element-e40c545 elementor-section-boxed elementor-section-height-default elementor-section-height-default\" data-id=\"e40c545\" data-element_type=\"section\">\n\t\t\t\t\t\t<div class=\"elementor-container elementor-column-gap-default\">\n\t\t\t\t\t<div class=\"elementor-column elementor-col-50 elementor-inner-column elementor-element elementor-element-60a2e9b\" data-id=\"60a2e9b\" data-element_type=\"column\">\n\t\t\t<div class=\"elementor-widget-wrap elementor-element-populated\">\n\t\t\t\t\t\t<div class=\"elementor-element elementor-element-7669c3e elementor-widget elementor-widget-text-editor\" data-id=\"7669c3e\" data-element_type=\"widget\" data-widget_type=\"text-editor.default\">\n\t\t\t\t<div class=\"elementor-widget-container\">\n\t\t\t\t\t\t\t\t\t<p>En Serretecno ofrecemos una gran variedad de\u00a0<strong>elevadores especiales<\/strong>, dise\u00f1ados con diferentes capacidades y alturas. Son manufacturados en tipo tijera, plataforma de 4 columnas, cantilever, inclinadas, entre otros.<\/p><p>Los elevadores tipo tijera de baja y media altura son perfectos para los aficionados al bricolaje y para profesionales que buscan expandir sus capacidades de servicio.<\/p><p>Si usted necesita el levantador port\u00e1til m\u00e1s resistente para equipo s\u00faper pesado de camiones, contamos con rampas seis postes que puede levantar hasta un m\u00e1ximo de 99,000 libras.<\/p><p>Tambi\u00e9n contamos con\u00a0elevador de camiones absolutamente pesados y elevador de una columna portable.\u00a0Estos sistemas hidr\u00e1ulicos masivos son capaces de levantar hasta 16.500 libras por poste.<\/p><p>Con nosotros su imaginaci\u00f3n ser\u00e1 el l\u00edmite para la fabricaci\u00f3n de elevadores especiales.<\/p>\t\t\t\t\t\t\t\t<\/div>\n\t\t\t\t<\/div>\n\t\t\t\t\t<\/div>\n\t\t<\/div>\n\t\t\t\t<div class=\"elementor-column elementor-col-50 elementor-inner-column elementor-element elementor-element-5f4a949\" data-id=\"5f4a949\" data-element_type=\"column\">\n\t\t\t<div class=\"elementor-widget-wrap elementor-element-populated\">\n\t\t\t\t\t\t<div class=\"elementor-element elementor-element-78e124a elementor-widget elementor-widget-image\" data-id=\"78e124a\" data-element_type=\"widget\" data-widget_type=\"image.default\">\n\t\t\t\t<div class=\"elementor-widget-container\">\n\t\t\t\t\t\t\t\t\t\t\t\t\t\t\t<img fetchpriority=\"high\" decoding=\"async\" width=\"300\" height=\"300\" src=\"https:\/\/serretecno.com.mx\/wp-content\/uploads\/2020\/01\/RAMPA2-300x300-1.png\" class=\"attachment-large size-large wp-image-56\" alt=\"\" srcset=\"https:\/\/serretecno.com.mx\/wp-content\/uploads\/2020\/01\/RAMPA2-300x300-1.png 300w, https:\/\/serretecno.com.mx\/wp-content\/uploads\/2020\/01\/RAMPA2-300x300-1-150x150.png 150w\" sizes=\"(max-width: 300px) 100vw, 300px\" \/>\t\t\t\t\t\t\t\t\t\t\t\t\t\t\t<\/div>\n\t\t\t\t<\/div>\n\t\t\t\t<div class=\"elementor-element elementor-element-9e46452 elementor-widget elementor-widget-image\" data-id=\"9e46452\" data-element_type=\"widget\" data-widget_type=\"image.default\">\n\t\t\t\t<div class=\"elementor-widget-container\">\n\t\t\t\t\t\t\t\t\t\t\t\t\t\t\t<img decoding=\"async\" width=\"300\" height=\"300\" data-src=\"https:\/\/serretecno.com.mx\/wp-content\/uploads\/2020\/01\/TIJERA1-300x300-1.png\" class=\"attachment-large size-large wp-image-55 lazyload\" alt=\"\" data-srcset=\"https:\/\/serretecno.com.mx\/wp-content\/uploads\/2020\/01\/TIJERA1-300x300-1.png 300w, https:\/\/serretecno.com.mx\/wp-content\/uploads\/2020\/01\/TIJERA1-300x300-1-150x150.png 150w\" data-sizes=\"(max-width: 300px) 100vw, 300px\" src=\"data:image\/svg+xml;base64,PHN2ZyB3aWR0aD0iMSIgaGVpZ2h0PSIxIiB4bWxucz0iaHR0cDovL3d3dy53My5vcmcvMjAwMC9zdmciPjwvc3ZnPg==\" style=\"--smush-placeholder-width: 300px; --smush-placeholder-aspect-ratio: 300\/300;\" \/>\t\t\t\t\t\t\t\t\t\t\t\t\t\t\t<\/div>\n\t\t\t\t<\/div>\n\t\t\t\t\t<\/div>\n\t\t<\/div>\n\t\t\t\t\t<\/div>\n\t\t<\/section>\n\t\t\t\t\t<\/div>\n\t\t<\/div>\n\t\t\t\t\t<\/div>\n\t\t<\/section>\n\t\t\t\t<section class=\"elementor-section elementor-top-section elementor-element elementor-element-c68d6de elementor-section-boxed elementor-section-height-default elementor-section-height-default\" data-id=\"c68d6de\" data-element_type=\"section\">\n\t\t\t\t\t\t<div class=\"elementor-container elementor-column-gap-default\">\n\t\t\t\t\t<div class=\"elementor-column elementor-col-100 elementor-top-column elementor-element elementor-element-513ecb0\" data-id=\"513ecb0\" data-element_type=\"column\">\n\t\t\t<div class=\"elementor-widget-wrap elementor-element-populated\">\n\t\t\t\t\t\t<div class=\"elementor-element elementor-element-fd7a3ad elementor-widget elementor-widget-heading\" data-id=\"fd7a3ad\" data-element_type=\"widget\" data-widget_type=\"heading.default\">\n\t\t\t\t<div class=\"elementor-widget-container\">\n\t\t\t\t\t<h2 class=\"elementor-heading-title elementor-size-default\">Los requisitos para su pedido son:<\/h2>\t\t\t\t<\/div>\n\t\t\t\t<\/div>\n\t\t\t\t<div class=\"elementor-element elementor-element-7ec06a5 elementor-widget elementor-widget-text-editor\" data-id=\"7ec06a5\" data-element_type=\"widget\" data-widget_type=\"text-editor.default\">\n\t\t\t\t<div class=\"elementor-widget-container\">\n\t\t\t\t\t\t\t\t\t<ul><li>Capacidad de carga<\/li><li>Elevaci\u00f3n<\/li><li>Dimensiones de la plataforma<\/li><li>\u00a0Velocidad de elevaci\u00f3n que se prefiera<\/li><li>Barandales<\/li><li>Cabina<\/li><li>Tipo de corriente el\u00e9ctrica<\/li><li>Cantidad de mando el\u00e9ctricos<\/li><li>Si se requiere a prueba de explosi\u00f3n<\/li><li>Tipo de manufactura, por ejemplo, en acero inoxidable.<\/li><li>Instalaci\u00f3n fija o port\u00e1til<\/li><li>Sitio de instalaci\u00f3n<\/li><li>Instalada en exteriores o interiores.<\/li><li>Color deseado<\/li><\/ul>\t\t\t\t\t\t\t\t<\/div>\n\t\t\t\t<\/div>\n\t\t\t\t\t<\/div>\n\t\t<\/div>\n\t\t\t\t\t<\/div>\n\t\t<\/section>\n\t\t\t\t<\/div>\n\t\t","protected":false},"excerpt":{"rendered":"<p>Elevadores Especiales En Serretecno ofrecemos una gran variedad de&nbsp;elevadores especiales, dise\u00f1ados con diferentes capacidades y alturas. Son manufacturados en tipo tijera, plataforma de 4 columnas, cantilever, inclinadas, entre otros. Los elevadores tipo tijera de baja y media altura son perfectos para los aficionados al bricolaje y para profesionales que buscan expandir sus capacidades de servicio. [&hellip;]<\/p>\n","protected":false},"author":2,"featured_media":0,"parent":0,"menu_order":0,"comment_status":"closed","ping_status":"closed","template":"","meta":{"_exactmetrics_skip_tracking":false,"_exactmetrics_sitenote_active":false,"_exactmetrics_sitenote_note":"","_exactmetrics_sitenote_category":0,"_uf_show_specific_survey":0,"_uf_disable_surveys":false,"site-sidebar-layout":"no-sidebar","site-content-layout":"page-builder","ast-site-content-layout":"default","site-content-style":"default","site-sidebar-style":"default","ast-global-header-display":"","ast-banner-title-visibility":"","ast-main-header-display":"","ast-hfb-above-header-display":"","ast-hfb-below-header-display":"","ast-hfb-mobile-header-display":"","site-post-title":"disabled","ast-breadcrumbs-content":"","ast-featured-img":"disabled","footer-sml-layout":"","theme-transparent-header-meta":"default","adv-header-id-meta":"","stick-header-meta":"","header-above-stick-meta":"","header-main-stick-meta":"","header-below-stick-meta":"","astra-migrate-meta-layouts":"default","ast-page-background-enabled":"default","ast-page-background-meta":{"desktop":{"background-color":"","background-image":"","background-repeat":"repeat","background-position":"center center","background-size":"auto","background-attachment":"scroll","background-type":"","background-media":"","overlay-type":"","overlay-color":"","overlay-opacity":"","overlay-gradient":""},"tablet":{"background-color":"","background-image":"","background-repeat":"repeat","background-position":"center center","background-size":"auto","background-attachment":"scroll","background-type":"","background-media":"","overlay-type":"","overlay-color":"","overlay-opacity":"","overlay-gradient":""},"mobile":{"background-color":"","background-image":"","background-repeat":"repeat","background-position":"center center","background-size":"auto","background-attachment":"scroll","background-type":"","background-media":"","overlay-type":"","overlay-color":"","overlay-opacity":"","overlay-gradient":""}},"ast-content-background-meta":{"desktop":{"background-color":"var(--ast-global-color-5)","background-image":"","background-repeat":"repeat","background-position":"center center","background-size":"auto","background-attachment":"scroll","background-type":"","background-media":"","overlay-type":"","overlay-color":"","overlay-opacity":"","overlay-gradient":""},"tablet":{"background-color":"var(--ast-global-color-5)","background-image":"","background-repeat":"repeat","background-position":"center center","background-size":"auto","background-attachment":"scroll","background-type":"","background-media":"","overlay-type":"","overlay-color":"","overlay-opacity":"","overlay-gradient":""},"mobile":{"background-color":"var(--ast-global-color-5)","background-image":"","background-repeat":"repeat","background-position":"center center","background-size":"auto","background-attachment":"scroll","background-type":"","background-media":"","overlay-type":"","overlay-color":"","overlay-opacity":"","overlay-gradient":""}},"_joinchat":[],"footnotes":""},"class_list":["post-53","page","type-page","status-publish","hentry"],"yoast_head":"<!-- This site is optimized with the Yoast SEO plugin v25.4 - https:\/\/yoast.com\/wordpress\/plugins\/seo\/ -->\n<title>elevadores especiales<\/title>\n<meta name=\"description\" content=\"Elevadores Especiales En Serretecno ofrecemos una gran variedad de&nbsp;elevadores especiales, dise\u00f1ados con diferentes capacidades y alturas. Son\" \/>\n<meta name=\"robots\" content=\"index, follow, max-snippet:-1, max-image-preview:large, max-video-preview:-1\" \/>\n<link rel=\"canonical\" href=\"https:\/\/serretecno.com.mx\/index.php\/elevadores-especiales\/\" \/>\n<meta property=\"og:locale\" content=\"es_ES\" \/>\n<meta property=\"og:type\" content=\"article\" \/>\n<meta property=\"og:title\" content=\"elevadores especiales\" \/>\n<meta property=\"og:description\" content=\"Elevadores Especiales En Serretecno ofrecemos una gran variedad de&nbsp;elevadores especiales, dise\u00f1ados con diferentes capacidades y alturas. Son\" \/>\n<meta property=\"og:url\" content=\"https:\/\/serretecno.com.mx\/index.php\/elevadores-especiales\/\" \/>\n<meta property=\"og:site_name\" content=\"Serretecno\" \/>\n<meta property=\"article:modified_time\" content=\"2020-01-14T03:21:55+00:00\" \/>\n<meta property=\"og:image\" content=\"https:\/\/serretecno.com.mx\/wp-content\/uploads\/2020\/01\/RAMPA2-300x300-1.png\" \/>\n<meta name=\"twitter:card\" content=\"summary_large_image\" \/>\n<meta name=\"twitter:label1\" content=\"Tiempo de lectura\" \/>\n\t<meta name=\"twitter:data1\" content=\"1 minuto\" \/>\n<script type=\"application\/ld+json\" class=\"yoast-schema-graph\">{\"@context\":\"https:\/\/schema.org\",\"@graph\":[{\"@type\":\"WebPage\",\"@id\":\"https:\/\/serretecno.com.mx\/index.php\/elevadores-especiales\/\",\"url\":\"https:\/\/serretecno.com.mx\/index.php\/elevadores-especiales\/\",\"name\":\"elevadores especiales\",\"isPartOf\":{\"@id\":\"https:\/\/serretecno.com.mx\/#website\"},\"primaryImageOfPage\":{\"@id\":\"https:\/\/serretecno.com.mx\/index.php\/elevadores-especiales\/#primaryimage\"},\"image\":{\"@id\":\"https:\/\/serretecno.com.mx\/index.php\/elevadores-especiales\/#primaryimage\"},\"thumbnailUrl\":\"https:\/\/serretecno.com.mx\/wp-content\/uploads\/2020\/01\/RAMPA2-300x300-1.png\",\"datePublished\":\"2020-01-07T01:19:07+00:00\",\"dateModified\":\"2020-01-14T03:21:55+00:00\",\"description\":\"Elevadores Especiales En Serretecno ofrecemos una gran variedad de&nbsp;elevadores especiales, dise\u00f1ados con diferentes capacidades y alturas. Son\",\"breadcrumb\":{\"@id\":\"https:\/\/serretecno.com.mx\/index.php\/elevadores-especiales\/#breadcrumb\"},\"inLanguage\":\"es\",\"potentialAction\":[{\"@type\":\"ReadAction\",\"target\":[\"https:\/\/serretecno.com.mx\/index.php\/elevadores-especiales\/\"]}]},{\"@type\":\"ImageObject\",\"inLanguage\":\"es\",\"@id\":\"https:\/\/serretecno.com.mx\/index.php\/elevadores-especiales\/#primaryimage\",\"url\":\"https:\/\/serretecno.com.mx\/wp-content\/uploads\/2020\/01\/RAMPA2-300x300-1.png\",\"contentUrl\":\"https:\/\/serretecno.com.mx\/wp-content\/uploads\/2020\/01\/RAMPA2-300x300-1.png\",\"width\":300,\"height\":300},{\"@type\":\"BreadcrumbList\",\"@id\":\"https:\/\/serretecno.com.mx\/index.php\/elevadores-especiales\/#breadcrumb\",\"itemListElement\":[{\"@type\":\"ListItem\",\"position\":1,\"name\":\"Home\",\"item\":\"https:\/\/serretecno.com.mx\/\"},{\"@type\":\"ListItem\",\"position\":2,\"name\":\"Elevadores especiales\"}]},{\"@type\":\"WebSite\",\"@id\":\"https:\/\/serretecno.com.mx\/#website\",\"url\":\"https:\/\/serretecno.com.mx\/\",\"name\":\"Serretecno\",\"description\":\"Elevadores de auto\",\"publisher\":{\"@id\":\"https:\/\/serretecno.com.mx\/#organization\"},\"potentialAction\":[{\"@type\":\"SearchAction\",\"target\":{\"@type\":\"EntryPoint\",\"urlTemplate\":\"https:\/\/serretecno.com.mx\/?s={search_term_string}\"},\"query-input\":{\"@type\":\"PropertyValueSpecification\",\"valueRequired\":true,\"valueName\":\"search_term_string\"}}],\"inLanguage\":\"es\"},{\"@type\":\"Organization\",\"@id\":\"https:\/\/serretecno.com.mx\/#organization\",\"name\":\"Serretecno.com\",\"url\":\"https:\/\/serretecno.com.mx\/\",\"logo\":{\"@type\":\"ImageObject\",\"inLanguage\":\"es\",\"@id\":\"https:\/\/serretecno.com.mx\/#\/schema\/logo\/image\/\",\"url\":\"https:\/\/serretecno.com.mx\/wp-content\/uploads\/2020\/01\/cropped-logo-serretecno-1.jpg\",\"contentUrl\":\"https:\/\/serretecno.com.mx\/wp-content\/uploads\/2020\/01\/cropped-logo-serretecno-1.jpg\",\"width\":973,\"height\":169,\"caption\":\"Serretecno.com\"},\"image\":{\"@id\":\"https:\/\/serretecno.com.mx\/#\/schema\/logo\/image\/\"}}]}<\/script>\n<!-- \/ Yoast SEO plugin. -->","yoast_head_json":{"title":"elevadores especiales","description":"Elevadores Especiales En Serretecno ofrecemos una gran variedad de&nbsp;elevadores especiales, dise\u00f1ados con diferentes capacidades y alturas. Son","robots":{"index":"index","follow":"follow","max-snippet":"max-snippet:-1","max-image-preview":"max-image-preview:large","max-video-preview":"max-video-preview:-1"},"canonical":"https:\/\/serretecno.com.mx\/index.php\/elevadores-especiales\/","og_locale":"es_ES","og_type":"article","og_title":"elevadores especiales","og_description":"Elevadores Especiales En Serretecno ofrecemos una gran variedad de&nbsp;elevadores especiales, dise\u00f1ados con diferentes capacidades y alturas. Son","og_url":"https:\/\/serretecno.com.mx\/index.php\/elevadores-especiales\/","og_site_name":"Serretecno","article_modified_time":"2020-01-14T03:21:55+00:00","og_image":[{"url":"https:\/\/serretecno.com.mx\/wp-content\/uploads\/2020\/01\/RAMPA2-300x300-1.png","type":"","width":"","height":""}],"twitter_card":"summary_large_image","twitter_misc":{"Tiempo de lectura":"1 minuto"},"schema":{"@context":"https:\/\/schema.org","@graph":[{"@type":"WebPage","@id":"https:\/\/serretecno.com.mx\/index.php\/elevadores-especiales\/","url":"https:\/\/serretecno.com.mx\/index.php\/elevadores-especiales\/","name":"elevadores especiales","isPartOf":{"@id":"https:\/\/serretecno.com.mx\/#website"},"primaryImageOfPage":{"@id":"https:\/\/serretecno.com.mx\/index.php\/elevadores-especiales\/#primaryimage"},"image":{"@id":"https:\/\/serretecno.com.mx\/index.php\/elevadores-especiales\/#primaryimage"},"thumbnailUrl":"https:\/\/serretecno.com.mx\/wp-content\/uploads\/2020\/01\/RAMPA2-300x300-1.png","datePublished":"2020-01-07T01:19:07+00:00","dateModified":"2020-01-14T03:21:55+00:00","description":"Elevadores Especiales En Serretecno ofrecemos una gran variedad de&nbsp;elevadores especiales, dise\u00f1ados con diferentes capacidades y alturas. Son","breadcrumb":{"@id":"https:\/\/serretecno.com.mx\/index.php\/elevadores-especiales\/#breadcrumb"},"inLanguage":"es","potentialAction":[{"@type":"ReadAction","target":["https:\/\/serretecno.com.mx\/index.php\/elevadores-especiales\/"]}]},{"@type":"ImageObject","inLanguage":"es","@id":"https:\/\/serretecno.com.mx\/index.php\/elevadores-especiales\/#primaryimage","url":"https:\/\/serretecno.com.mx\/wp-content\/uploads\/2020\/01\/RAMPA2-300x300-1.png","contentUrl":"https:\/\/serretecno.com.mx\/wp-content\/uploads\/2020\/01\/RAMPA2-300x300-1.png","width":300,"height":300},{"@type":"BreadcrumbList","@id":"https:\/\/serretecno.com.mx\/index.php\/elevadores-especiales\/#breadcrumb","itemListElement":[{"@type":"ListItem","position":1,"name":"Home","item":"https:\/\/serretecno.com.mx\/"},{"@type":"ListItem","position":2,"name":"Elevadores especiales"}]},{"@type":"WebSite","@id":"https:\/\/serretecno.com.mx\/#website","url":"https:\/\/serretecno.com.mx\/","name":"Serretecno","description":"Elevadores de auto","publisher":{"@id":"https:\/\/serretecno.com.mx\/#organization"},"potentialAction":[{"@type":"SearchAction","target":{"@type":"EntryPoint","urlTemplate":"https:\/\/serretecno.com.mx\/?s={search_term_string}"},"query-input":{"@type":"PropertyValueSpecification","valueRequired":true,"valueName":"search_term_string"}}],"inLanguage":"es"},{"@type":"Organization","@id":"https:\/\/serretecno.com.mx\/#organization","name":"Serretecno.com","url":"https:\/\/serretecno.com.mx\/","logo":{"@type":"ImageObject","inLanguage":"es","@id":"https:\/\/serretecno.com.mx\/#\/schema\/logo\/image\/","url":"https:\/\/serretecno.com.mx\/wp-content\/uploads\/2020\/01\/cropped-logo-serretecno-1.jpg","contentUrl":"https:\/\/serretecno.com.mx\/wp-content\/uploads\/2020\/01\/cropped-logo-serretecno-1.jpg","width":973,"height":169,"caption":"Serretecno.com"},"image":{"@id":"https:\/\/serretecno.com.mx\/#\/schema\/logo\/image\/"}}]}},"_links":{"self":[{"href":"https:\/\/serretecno.com.mx\/index.php\/wp-json\/wp\/v2\/pages\/53","targetHints":{"allow":["GET"]}}],"collection":[{"href":"https:\/\/serretecno.com.mx\/index.php\/wp-json\/wp\/v2\/pages"}],"about":[{"href":"https:\/\/serretecno.com.mx\/index.php\/wp-json\/wp\/v2\/types\/page"}],"author":[{"embeddable":true,"href":"https:\/\/serretecno.com.mx\/index.php\/wp-json\/wp\/v2\/users\/2"}],"replies":[{"embeddable":true,"href":"https:\/\/serretecno.com.mx\/index.php\/wp-json\/wp\/v2\/comments?post=53"}],"version-history":[{"count":1,"href":"https:\/\/serretecno.com.mx\/index.php\/wp-json\/wp\/v2\/pages\/53\/revisions"}],"predecessor-version":[{"id":623,"href":"https:\/\/serretecno.com.mx\/index.php\/wp-json\/wp\/v2\/pages\/53\/revisions\/623"}],"wp:attachment":[{"href":"https:\/\/serretecno.com.mx\/index.php\/wp-json\/wp\/v2\/media?parent=53"}],"curies":[{"name":"wp","href":"https:\/\/api.w.org\/{rel}","templated":true}]}}