{"id":480,"date":"2020-01-10T21:04:06","date_gmt":"2020-01-10T21:04:06","guid":{"rendered":"https:\/\/serretecno.com.mx\/?page_id=480"},"modified":"2020-01-14T02:55:28","modified_gmt":"2020-01-14T02:55:28","slug":"carretes-industriales-2","status":"publish","type":"page","link":"https:\/\/serretecno.com.mx\/index.php\/carretes-industriales-2\/","title":{"rendered":"Carretes Industriales"},"content":{"rendered":"\t\t<div data-elementor-type=\"wp-page\" data-elementor-id=\"480\" class=\"elementor elementor-480\">\n\t\t\t\t\t\t<section class=\"elementor-section elementor-top-section elementor-element elementor-element-c6d392d elementor-section-boxed elementor-section-height-default elementor-section-height-default\" data-id=\"c6d392d\" data-element_type=\"section\">\n\t\t\t\t\t\t<div class=\"elementor-container elementor-column-gap-default\">\n\t\t\t\t\t<div class=\"elementor-column elementor-col-100 elementor-top-column elementor-element elementor-element-96a1bee\" data-id=\"96a1bee\" data-element_type=\"column\">\n\t\t\t<div class=\"elementor-widget-wrap elementor-element-populated\">\n\t\t\t\t\t\t<div class=\"elementor-element elementor-element-13657e8 elementor-widget elementor-widget-heading\" data-id=\"13657e8\" data-element_type=\"widget\" data-widget_type=\"heading.default\">\n\t\t\t\t<div class=\"elementor-widget-container\">\n\t\t\t\t\t<h1 class=\"elementor-heading-title elementor-size-default\">Carretes Industriales<\/h1>\t\t\t\t<\/div>\n\t\t\t\t<\/div>\n\t\t\t\t<section class=\"elementor-section elementor-inner-section elementor-element elementor-element-d6171ca elementor-section-boxed elementor-section-height-default elementor-section-height-default\" data-id=\"d6171ca\" data-element_type=\"section\">\n\t\t\t\t\t\t<div class=\"elementor-container elementor-column-gap-default\">\n\t\t\t\t\t<div class=\"elementor-column elementor-col-50 elementor-inner-column elementor-element elementor-element-bc2e2cf\" data-id=\"bc2e2cf\" data-element_type=\"column\">\n\t\t\t<div class=\"elementor-widget-wrap elementor-element-populated\">\n\t\t\t\t\t\t<div class=\"elementor-element elementor-element-faf6eb2 elementor-widget elementor-widget-text-editor\" data-id=\"faf6eb2\" data-element_type=\"widget\" data-widget_type=\"text-editor.default\">\n\t\t\t\t<div class=\"elementor-widget-container\">\n\t\t\t\t\t\t\t\t\t<div data-id=\"b2c2cbe\" data-element_type=\"column\"><div><div><div data-id=\"2de8c1a\" data-element_type=\"widget\" data-widget_type=\"text-editor.default\"><div><div><p>En Serretecno manejamos distintos carretes de la marca\u00a0REELCRAFT, tenemos una amplia gama de carretes de mangueras, carretes de cordel y carretes de cable para aplicaciones industriales, comerciales y profesionales.\u00a0<\/p><p>El objetivo central es crear productos duraderos que se mantengan accesibles, siendo una soluci\u00f3n muy robusta e ideal para las exigentes aplicaciones industriales y comerciales que requieren rollos de manguera de aire, carretes de manguera de agua, carretes de manguera de aceite o carretes de manguera de grasa.<\/p><\/div><\/div><\/div><\/div><\/div><\/div>\t\t\t\t\t\t\t\t<\/div>\n\t\t\t\t<\/div>\n\t\t\t\t\t<\/div>\n\t\t<\/div>\n\t\t\t\t<div class=\"elementor-column elementor-col-50 elementor-inner-column elementor-element elementor-element-85641b8\" data-id=\"85641b8\" data-element_type=\"column\">\n\t\t\t<div class=\"elementor-widget-wrap elementor-element-populated\">\n\t\t\t\t\t\t<div class=\"elementor-element elementor-element-1b554ec elementor-widget elementor-widget-video\" data-id=\"1b554ec\" data-element_type=\"widget\" data-settings=\"{&quot;youtube_url&quot;:&quot;https:\\\/\\\/youtu.be\\\/umqYBolotQY&quot;,&quot;video_type&quot;:&quot;youtube&quot;,&quot;controls&quot;:&quot;yes&quot;}\" data-widget_type=\"video.default\">\n\t\t\t\t<div class=\"elementor-widget-container\">\n\t\t\t\t\t\t\t<div class=\"elementor-wrapper elementor-open-inline\">\n\t\t\t<div class=\"elementor-video\"><\/div>\t\t<\/div>\n\t\t\t\t\t\t<\/div>\n\t\t\t\t<\/div>\n\t\t\t\t\t<\/div>\n\t\t<\/div>\n\t\t\t\t\t<\/div>\n\t\t<\/section>\n\t\t\t\t<div class=\"elementor-element elementor-element-306318d elementor-widget elementor-widget-text-editor\" data-id=\"306318d\" data-element_type=\"widget\" data-widget_type=\"text-editor.default\">\n\t\t\t\t<div class=\"elementor-widget-container\">\n\t\t\t\t\t\t\t\t\t<div data-id=\"b2c2cbe\" data-element_type=\"column\"><div><div><div data-id=\"2de8c1a\" data-element_type=\"widget\" data-widget_type=\"text-editor.default\"><div><div><p>REELCRAFT cuenta con la l\u00ednea\u00a0\u201cCUSTOM REELS\u201d\u00a0en la que pr\u00e1cticamente se dise\u00f1an los carretes con base en las necesidades de su proyecto.<\/p><p>Los carretes industriales cumplen las normatividades mundiales y abastecen a los sectores: alimenticio, automotriz, minero, agropecuario,\u00a0a\u00e9reo, militar, petrolero, etc.<\/p><\/div><\/div><\/div><\/div><\/div><\/div><div data-id=\"9a88556\" data-element_type=\"column\"><div><div><div data-id=\"c4fd005\" data-element_type=\"widget\" data-settings=\"{\" data-widget_type=\"video.default\"><div><div>\u00a0<\/div><\/div><\/div><\/div><\/div><\/div>\t\t\t\t\t\t\t\t<\/div>\n\t\t\t\t<\/div>\n\t\t\t\t\t<\/div>\n\t\t<\/div>\n\t\t\t\t\t<\/div>\n\t\t<\/section>\n\t\t\t\t<section class=\"elementor-section elementor-top-section elementor-element elementor-element-0f695d3 elementor-section-boxed elementor-section-height-default elementor-section-height-default\" data-id=\"0f695d3\" data-element_type=\"section\">\n\t\t\t\t\t\t<div class=\"elementor-container elementor-column-gap-default\">\n\t\t\t\t\t<div class=\"elementor-column elementor-col-33 elementor-top-column elementor-element elementor-element-70eeb1c\" data-id=\"70eeb1c\" data-element_type=\"column\">\n\t\t\t<div class=\"elementor-widget-wrap elementor-element-populated\">\n\t\t\t\t\t\t<div class=\"elementor-element elementor-element-b4cc360 elementor-widget elementor-widget-text-editor\" data-id=\"b4cc360\" data-element_type=\"widget\" data-widget_type=\"text-editor.default\">\n\t\t\t\t<div class=\"elementor-widget-container\">\n\t\t\t\t\t\t\t\t\t<div data-id=\"b2c2cbe\" data-element_type=\"column\"><div><div><div data-id=\"2de8c1a\" data-element_type=\"widget\" data-widget_type=\"text-editor.default\"><div><div><ul><li><strong>Carretes retr\u00e1ctiles para uso industrial en general<\/strong><\/li><\/ul><p>Carrete para manguera\u00a0h\u00edbrido\u00a0m\u00e1s liviano, accionado por resorte con un tambor dise\u00f1ado para aplicaciones que son menos exigentes, pero exigen un producto que puede soportar el uso industrial. Es f\u00e1cil de instalar y de mantener.<\/p><\/div><\/div><\/div><\/div><\/div><\/div><div data-id=\"9a88556\" data-element_type=\"column\"><div><div><div data-id=\"c4fd005\" data-element_type=\"widget\" data-settings=\"{\" data-widget_type=\"video.default\"><div><div>\u00a0<\/div><\/div><\/div><\/div><\/div><\/div>\t\t\t\t\t\t\t\t<\/div>\n\t\t\t\t<\/div>\n\t\t\t\t\t<\/div>\n\t\t<\/div>\n\t\t\t\t<div class=\"elementor-column elementor-col-33 elementor-top-column elementor-element elementor-element-8bb5e5e\" data-id=\"8bb5e5e\" data-element_type=\"column\">\n\t\t\t<div class=\"elementor-widget-wrap elementor-element-populated\">\n\t\t\t\t\t\t<div class=\"elementor-element elementor-element-45453b9 elementor-widget elementor-widget-text-editor\" data-id=\"45453b9\" data-element_type=\"widget\" data-widget_type=\"text-editor.default\">\n\t\t\t\t<div class=\"elementor-widget-container\">\n\t\t\t\t\t\t\t\t\t<div data-id=\"b2c2cbe\" data-element_type=\"column\"><div><div><div data-id=\"2de8c1a\" data-element_type=\"widget\" data-widget_type=\"text-editor.default\"><div><div><ul><li style=\"text-align: left;\"><strong>Carretes retr\u00e1ctiles para manguera doble para aceite hidr\u00e1ulico<\/strong><\/li><\/ul><p>Los carretes incorporan t\u00e9cnicas contempor\u00e1neas de ingenier\u00eda y fabricaci\u00f3n que aseguran un desempe\u00f1o libre de problemas. Est\u00e1n construidos en acero y son compactos parar aplicaciones donde se cuenta con un espacio limitado.<\/p><\/div><\/div><\/div><\/div><\/div><\/div><div data-id=\"9a88556\" data-element_type=\"column\"><div><div><div data-id=\"c4fd005\" data-element_type=\"widget\" data-settings=\"{\" data-widget_type=\"video.default\"><div><div>\u00a0<\/div><\/div><\/div><\/div><\/div><\/div>\t\t\t\t\t\t\t\t<\/div>\n\t\t\t\t<\/div>\n\t\t\t\t\t<\/div>\n\t\t<\/div>\n\t\t\t\t<div class=\"elementor-column elementor-col-33 elementor-top-column elementor-element elementor-element-3f6eb38\" data-id=\"3f6eb38\" data-element_type=\"column\">\n\t\t\t<div class=\"elementor-widget-wrap elementor-element-populated\">\n\t\t\t\t\t\t<div class=\"elementor-element elementor-element-18cf01d elementor-widget elementor-widget-text-editor\" data-id=\"18cf01d\" data-element_type=\"widget\" data-widget_type=\"text-editor.default\">\n\t\t\t\t<div class=\"elementor-widget-container\">\n\t\t\t\t\t\t\t\t\t<ul><li><strong>Carretes retr\u00e1ctiles para trabajo industrial pesado\u00a0<\/strong><\/li><\/ul><p>Son ideales para aplicaciones m\u00e1s exigentes, la base y los brazos gu\u00eda del carrete est\u00e1n construidos en acero de alta calidad y est\u00e1n dise\u00f1ados con formas y refuerzos estructurales que aseguran m\u00e1xima fuerza. Estos carretes incorporan una construcci\u00f3n totalmente de acero y un acabado de pintura en polvo horneada que conforman un producto robusto, resistente a la corrosi\u00f3n y apto para una amplia variedad de aplicaciones de servicio pesado.<\/p>\t\t\t\t\t\t\t\t<\/div>\n\t\t\t\t<\/div>\n\t\t\t\t\t<\/div>\n\t\t<\/div>\n\t\t\t\t\t<\/div>\n\t\t<\/section>\n\t\t\t\t<\/div>\n\t\t","protected":false},"excerpt":{"rendered":"<p>Carretes Industriales En Serretecno manejamos distintos carretes de la marca&nbsp;REELCRAFT, tenemos una amplia gama de carretes de mangueras, carretes de cordel y carretes de cable para aplicaciones industriales, comerciales y profesionales.&nbsp; El objetivo central es crear productos duraderos que se mantengan accesibles, siendo una soluci\u00f3n muy robusta e ideal para las exigentes aplicaciones industriales y [&hellip;]<\/p>\n","protected":false},"author":2,"featured_media":0,"parent":0,"menu_order":0,"comment_status":"closed","ping_status":"closed","template":"","meta":{"_exactmetrics_skip_tracking":false,"_exactmetrics_sitenote_active":false,"_exactmetrics_sitenote_note":"","_exactmetrics_sitenote_category":0,"_uf_show_specific_survey":0,"_uf_disable_surveys":false,"site-sidebar-layout":"no-sidebar","site-content-layout":"page-builder","ast-site-content-layout":"default","site-content-style":"default","site-sidebar-style":"default","ast-global-header-display":"","ast-banner-title-visibility":"","ast-main-header-display":"","ast-hfb-above-header-display":"","ast-hfb-below-header-display":"","ast-hfb-mobile-header-display":"","site-post-title":"disabled","ast-breadcrumbs-content":"","ast-featured-img":"disabled","footer-sml-layout":"","theme-transparent-header-meta":"default","adv-header-id-meta":"","stick-header-meta":"","header-above-stick-meta":"","header-main-stick-meta":"","header-below-stick-meta":"","astra-migrate-meta-layouts":"default","ast-page-background-enabled":"default","ast-page-background-meta":{"desktop":{"background-color":"","background-image":"","background-repeat":"repeat","background-position":"center center","background-size":"auto","background-attachment":"scroll","background-type":"","background-media":"","overlay-type":"","overlay-color":"","overlay-opacity":"","overlay-gradient":""},"tablet":{"background-color":"","background-image":"","background-repeat":"repeat","background-position":"center center","background-size":"auto","background-attachment":"scroll","background-type":"","background-media":"","overlay-type":"","overlay-color":"","overlay-opacity":"","overlay-gradient":""},"mobile":{"background-color":"","background-image":"","background-repeat":"repeat","background-position":"center center","background-size":"auto","background-attachment":"scroll","background-type":"","background-media":"","overlay-type":"","overlay-color":"","overlay-opacity":"","overlay-gradient":""}},"ast-content-background-meta":{"desktop":{"background-color":"var(--ast-global-color-5)","background-image":"","background-repeat":"repeat","background-position":"center center","background-size":"auto","background-attachment":"scroll","background-type":"","background-media":"","overlay-type":"","overlay-color":"","overlay-opacity":"","overlay-gradient":""},"tablet":{"background-color":"var(--ast-global-color-5)","background-image":"","background-repeat":"repeat","background-position":"center center","background-size":"auto","background-attachment":"scroll","background-type":"","background-media":"","overlay-type":"","overlay-color":"","overlay-opacity":"","overlay-gradient":""},"mobile":{"background-color":"var(--ast-global-color-5)","background-image":"","background-repeat":"repeat","background-position":"center center","background-size":"auto","background-attachment":"scroll","background-type":"","background-media":"","overlay-type":"","overlay-color":"","overlay-opacity":"","overlay-gradient":""}},"_joinchat":[],"footnotes":""},"class_list":["post-480","page","type-page","status-publish","hentry"],"yoast_head":"<!-- This site is optimized with the Yoast SEO plugin v25.4 - https:\/\/yoast.com\/wordpress\/plugins\/seo\/ -->\n<title>carretes industriales<\/title>\n<meta name=\"description\" content=\"Carretes Industriales En Serretecno manejamos distintos carretes de la marca&nbsp;REELCRAFT, tenemos una amplia gama de carretes de mangueras, carretes de\" \/>\n<meta name=\"robots\" content=\"index, follow, max-snippet:-1, max-image-preview:large, max-video-preview:-1\" \/>\n<link rel=\"canonical\" href=\"https:\/\/serretecno.com.mx\/index.php\/carretes-industriales-2\/\" \/>\n<meta property=\"og:locale\" content=\"es_ES\" \/>\n<meta property=\"og:type\" content=\"article\" \/>\n<meta property=\"og:title\" content=\"carretes industriales\" \/>\n<meta property=\"og:description\" content=\"Carretes Industriales En Serretecno manejamos distintos carretes de la marca&nbsp;REELCRAFT, tenemos una amplia gama de carretes de mangueras, carretes de\" \/>\n<meta property=\"og:url\" content=\"https:\/\/serretecno.com.mx\/index.php\/carretes-industriales-2\/\" \/>\n<meta property=\"og:site_name\" content=\"Serretecno\" \/>\n<meta property=\"article:modified_time\" content=\"2020-01-14T02:55:28+00:00\" \/>\n<meta name=\"twitter:card\" content=\"summary_large_image\" \/>\n<meta name=\"twitter:label1\" content=\"Tiempo de lectura\" \/>\n\t<meta name=\"twitter:data1\" content=\"2 minutos\" \/>\n<script type=\"application\/ld+json\" class=\"yoast-schema-graph\">{\"@context\":\"https:\/\/schema.org\",\"@graph\":[{\"@type\":\"WebPage\",\"@id\":\"https:\/\/serretecno.com.mx\/index.php\/carretes-industriales-2\/\",\"url\":\"https:\/\/serretecno.com.mx\/index.php\/carretes-industriales-2\/\",\"name\":\"carretes industriales\",\"isPartOf\":{\"@id\":\"https:\/\/serretecno.com.mx\/#website\"},\"datePublished\":\"2020-01-10T21:04:06+00:00\",\"dateModified\":\"2020-01-14T02:55:28+00:00\",\"description\":\"Carretes Industriales En Serretecno manejamos distintos carretes de la marca&nbsp;REELCRAFT, tenemos una amplia gama de carretes de mangueras, carretes de\",\"breadcrumb\":{\"@id\":\"https:\/\/serretecno.com.mx\/index.php\/carretes-industriales-2\/#breadcrumb\"},\"inLanguage\":\"es\",\"potentialAction\":[{\"@type\":\"ReadAction\",\"target\":[\"https:\/\/serretecno.com.mx\/index.php\/carretes-industriales-2\/\"]}]},{\"@type\":\"BreadcrumbList\",\"@id\":\"https:\/\/serretecno.com.mx\/index.php\/carretes-industriales-2\/#breadcrumb\",\"itemListElement\":[{\"@type\":\"ListItem\",\"position\":1,\"name\":\"Home\",\"item\":\"https:\/\/serretecno.com.mx\/\"},{\"@type\":\"ListItem\",\"position\":2,\"name\":\"Carretes Industriales\"}]},{\"@type\":\"WebSite\",\"@id\":\"https:\/\/serretecno.com.mx\/#website\",\"url\":\"https:\/\/serretecno.com.mx\/\",\"name\":\"Serretecno\",\"description\":\"Elevadores de auto\",\"publisher\":{\"@id\":\"https:\/\/serretecno.com.mx\/#organization\"},\"potentialAction\":[{\"@type\":\"SearchAction\",\"target\":{\"@type\":\"EntryPoint\",\"urlTemplate\":\"https:\/\/serretecno.com.mx\/?s={search_term_string}\"},\"query-input\":{\"@type\":\"PropertyValueSpecification\",\"valueRequired\":true,\"valueName\":\"search_term_string\"}}],\"inLanguage\":\"es\"},{\"@type\":\"Organization\",\"@id\":\"https:\/\/serretecno.com.mx\/#organization\",\"name\":\"Serretecno.com\",\"url\":\"https:\/\/serretecno.com.mx\/\",\"logo\":{\"@type\":\"ImageObject\",\"inLanguage\":\"es\",\"@id\":\"https:\/\/serretecno.com.mx\/#\/schema\/logo\/image\/\",\"url\":\"https:\/\/serretecno.com.mx\/wp-content\/uploads\/2020\/01\/cropped-logo-serretecno-1.jpg\",\"contentUrl\":\"https:\/\/serretecno.com.mx\/wp-content\/uploads\/2020\/01\/cropped-logo-serretecno-1.jpg\",\"width\":973,\"height\":169,\"caption\":\"Serretecno.com\"},\"image\":{\"@id\":\"https:\/\/serretecno.com.mx\/#\/schema\/logo\/image\/\"}}]}<\/script>\n<!-- \/ Yoast SEO plugin. -->","yoast_head_json":{"title":"carretes industriales","description":"Carretes Industriales En Serretecno manejamos distintos carretes de la marca&nbsp;REELCRAFT, tenemos una amplia gama de carretes de mangueras, carretes de","robots":{"index":"index","follow":"follow","max-snippet":"max-snippet:-1","max-image-preview":"max-image-preview:large","max-video-preview":"max-video-preview:-1"},"canonical":"https:\/\/serretecno.com.mx\/index.php\/carretes-industriales-2\/","og_locale":"es_ES","og_type":"article","og_title":"carretes industriales","og_description":"Carretes Industriales En Serretecno manejamos distintos carretes de la marca&nbsp;REELCRAFT, tenemos una amplia gama de carretes de mangueras, carretes de","og_url":"https:\/\/serretecno.com.mx\/index.php\/carretes-industriales-2\/","og_site_name":"Serretecno","article_modified_time":"2020-01-14T02:55:28+00:00","twitter_card":"summary_large_image","twitter_misc":{"Tiempo de lectura":"2 minutos"},"schema":{"@context":"https:\/\/schema.org","@graph":[{"@type":"WebPage","@id":"https:\/\/serretecno.com.mx\/index.php\/carretes-industriales-2\/","url":"https:\/\/serretecno.com.mx\/index.php\/carretes-industriales-2\/","name":"carretes industriales","isPartOf":{"@id":"https:\/\/serretecno.com.mx\/#website"},"datePublished":"2020-01-10T21:04:06+00:00","dateModified":"2020-01-14T02:55:28+00:00","description":"Carretes Industriales En Serretecno manejamos distintos carretes de la marca&nbsp;REELCRAFT, tenemos una amplia gama de carretes de mangueras, carretes de","breadcrumb":{"@id":"https:\/\/serretecno.com.mx\/index.php\/carretes-industriales-2\/#breadcrumb"},"inLanguage":"es","potentialAction":[{"@type":"ReadAction","target":["https:\/\/serretecno.com.mx\/index.php\/carretes-industriales-2\/"]}]},{"@type":"BreadcrumbList","@id":"https:\/\/serretecno.com.mx\/index.php\/carretes-industriales-2\/#breadcrumb","itemListElement":[{"@type":"ListItem","position":1,"name":"Home","item":"https:\/\/serretecno.com.mx\/"},{"@type":"ListItem","position":2,"name":"Carretes Industriales"}]},{"@type":"WebSite","@id":"https:\/\/serretecno.com.mx\/#website","url":"https:\/\/serretecno.com.mx\/","name":"Serretecno","description":"Elevadores de auto","publisher":{"@id":"https:\/\/serretecno.com.mx\/#organization"},"potentialAction":[{"@type":"SearchAction","target":{"@type":"EntryPoint","urlTemplate":"https:\/\/serretecno.com.mx\/?s={search_term_string}"},"query-input":{"@type":"PropertyValueSpecification","valueRequired":true,"valueName":"search_term_string"}}],"inLanguage":"es"},{"@type":"Organization","@id":"https:\/\/serretecno.com.mx\/#organization","name":"Serretecno.com","url":"https:\/\/serretecno.com.mx\/","logo":{"@type":"ImageObject","inLanguage":"es","@id":"https:\/\/serretecno.com.mx\/#\/schema\/logo\/image\/","url":"https:\/\/serretecno.com.mx\/wp-content\/uploads\/2020\/01\/cropped-logo-serretecno-1.jpg","contentUrl":"https:\/\/serretecno.com.mx\/wp-content\/uploads\/2020\/01\/cropped-logo-serretecno-1.jpg","width":973,"height":169,"caption":"Serretecno.com"},"image":{"@id":"https:\/\/serretecno.com.mx\/#\/schema\/logo\/image\/"}}]}},"_links":{"self":[{"href":"https:\/\/serretecno.com.mx\/index.php\/wp-json\/wp\/v2\/pages\/480","targetHints":{"allow":["GET"]}}],"collection":[{"href":"https:\/\/serretecno.com.mx\/index.php\/wp-json\/wp\/v2\/pages"}],"about":[{"href":"https:\/\/serretecno.com.mx\/index.php\/wp-json\/wp\/v2\/types\/page"}],"author":[{"embeddable":true,"href":"https:\/\/serretecno.com.mx\/index.php\/wp-json\/wp\/v2\/users\/2"}],"replies":[{"embeddable":true,"href":"https:\/\/serretecno.com.mx\/index.php\/wp-json\/wp\/v2\/comments?post=480"}],"version-history":[{"count":1,"href":"https:\/\/serretecno.com.mx\/index.php\/wp-json\/wp\/v2\/pages\/480\/revisions"}],"predecessor-version":[{"id":610,"href":"https:\/\/serretecno.com.mx\/index.php\/wp-json\/wp\/v2\/pages\/480\/revisions\/610"}],"wp:attachment":[{"href":"https:\/\/serretecno.com.mx\/index.php\/wp-json\/wp\/v2\/media?parent=480"}],"curies":[{"name":"wp","href":"https:\/\/api.w.org\/{rel}","templated":true}]}}