{"id":462,"date":"2020-01-10T20:29:34","date_gmt":"2020-01-10T20:29:34","guid":{"rendered":"https:\/\/serretecno.com.mx\/?page_id=462"},"modified":"2020-01-14T02:55:30","modified_gmt":"2020-01-14T02:55:30","slug":"carretes-retractiles","status":"publish","type":"page","link":"https:\/\/serretecno.com.mx\/index.php\/carretes-retractiles\/","title":{"rendered":"Carretes retr\u00e1ctiles"},"content":{"rendered":"\t\t<div data-elementor-type=\"wp-page\" data-elementor-id=\"462\" class=\"elementor elementor-462\">\n\t\t\t\t\t\t<section class=\"elementor-section elementor-top-section elementor-element elementor-element-badb609 elementor-section-boxed elementor-section-height-default elementor-section-height-default\" data-id=\"badb609\" data-element_type=\"section\">\n\t\t\t\t\t\t<div class=\"elementor-container elementor-column-gap-default\">\n\t\t\t\t\t<div class=\"elementor-column elementor-col-100 elementor-top-column elementor-element elementor-element-0cf3c98\" data-id=\"0cf3c98\" data-element_type=\"column\">\n\t\t\t<div class=\"elementor-widget-wrap elementor-element-populated\">\n\t\t\t\t\t\t<div class=\"elementor-element elementor-element-f932ec9 elementor-widget elementor-widget-heading\" data-id=\"f932ec9\" data-element_type=\"widget\" data-widget_type=\"heading.default\">\n\t\t\t\t<div class=\"elementor-widget-container\">\n\t\t\t\t\t<h1 class=\"elementor-heading-title elementor-size-default\">Carretes retr\u00e1ctiles<\/h1>\t\t\t\t<\/div>\n\t\t\t\t<\/div>\n\t\t\t\t<div class=\"elementor-element elementor-element-fcb490f elementor-widget elementor-widget-image\" data-id=\"fcb490f\" data-element_type=\"widget\" data-widget_type=\"image.default\">\n\t\t\t\t<div class=\"elementor-widget-container\">\n\t\t\t\t\t\t\t\t\t\t\t\t\t\t\t<img fetchpriority=\"high\" decoding=\"async\" width=\"854\" height=\"178\" src=\"https:\/\/serretecno.com.mx\/wp-content\/uploads\/2020\/01\/noticia6.jpg\" class=\"attachment-large size-large wp-image-470\" alt=\"\" srcset=\"https:\/\/serretecno.com.mx\/wp-content\/uploads\/2020\/01\/noticia6.jpg 854w, https:\/\/serretecno.com.mx\/wp-content\/uploads\/2020\/01\/noticia6-300x63.jpg 300w, https:\/\/serretecno.com.mx\/wp-content\/uploads\/2020\/01\/noticia6-768x160.jpg 768w\" sizes=\"(max-width: 854px) 100vw, 854px\" \/>\t\t\t\t\t\t\t\t\t\t\t\t\t\t\t<\/div>\n\t\t\t\t<\/div>\n\t\t\t\t<section class=\"elementor-section elementor-inner-section elementor-element elementor-element-39305b9 elementor-section-boxed elementor-section-height-default elementor-section-height-default\" data-id=\"39305b9\" data-element_type=\"section\">\n\t\t\t\t\t\t<div class=\"elementor-container elementor-column-gap-default\">\n\t\t\t\t\t<div class=\"elementor-column elementor-col-100 elementor-inner-column elementor-element elementor-element-8073848\" data-id=\"8073848\" data-element_type=\"column\">\n\t\t\t<div class=\"elementor-widget-wrap elementor-element-populated\">\n\t\t\t\t\t\t<div class=\"elementor-element elementor-element-cbc8c2e elementor-widget elementor-widget-text-editor\" data-id=\"cbc8c2e\" data-element_type=\"widget\" data-widget_type=\"text-editor.default\">\n\t\t\t\t<div class=\"elementor-widget-container\">\n\t\t\t\t\t\t\t\t\t<p>En\u00a0\u00a0Serretecno contamos con productos REELCRAFT, marca mundial para carretes retr\u00e1ctiles.<\/p><p>Reelcraft es el fabricante l\u00edder a nivel mundial de la m\u00e1s amplia gama de carretes para cables, mangueras, aplicaciones industriales, comerciales y profesionales. El enfoque clave de Reelcraft, es producir productos de alta calidad que permitan\u00a0 el manejo de los cables y mangueras de forma eficiente.\u00a0<\/p><p>Adicionalmente contamos con carretes retr\u00e1ctiles\u00a0REELCRAFT\u00a0\u00a0especialmente dise\u00f1ados para aplicaciones exigentes, utilizados en la marina,\u00a0milicia,\u00a0 aviaci\u00f3n, para gas LP, para la hidrosiembra, para la limpieza de pozos y alcantarillado, para petrol\u00edferas, para cable rob\u00f3tico, entre otros.\u00a0<\/p><p>\u00a0<\/p><p>Con nosotros encontrar\u00e1 carretes retr\u00e1ctiles, para diferentes usos:<\/p><ul><li>Trabajo industrial<\/li><li>Servicio en condiciones extremas\u00a0 (pueden ser fijos o \u00a0instalados en camiones)<\/li><li>Suministro de combustible o para cable de est\u00e1tica<\/li><li>Manguera doble para aceite hidr\u00e1ulico<\/li><li>Servicio de calidad superior<\/li><li>Para agua potable y pre enjuague<\/li><li>Suministro de aire, agua y sustancias qu\u00edmicas<\/li><li>Resistentes a la corrosi\u00f3n<\/li><li>Para lavado a presi\u00f3n<\/li><li>Para soldar<\/li><\/ul><p><span style=\"font-size: 16px;\">Tambi\u00e9n cpntamos con la l\u00ednea de carretes NORDIC, de rebobinado autom\u00e1tico, rebobinado manual y rebobinado con resorte.\u00a0<\/span><\/p>\t\t\t\t\t\t\t\t<\/div>\n\t\t\t\t<\/div>\n\t\t\t\t\t<\/div>\n\t\t<\/div>\n\t\t\t\t\t<\/div>\n\t\t<\/section>\n\t\t\t\t\t<\/div>\n\t\t<\/div>\n\t\t\t\t\t<\/div>\n\t\t<\/section>\n\t\t\t\t<\/div>\n\t\t","protected":false},"excerpt":{"rendered":"<p>Carretes retr\u00e1ctiles En&nbsp;&nbsp;Serretecno contamos con productos REELCRAFT, marca mundial para carretes retr\u00e1ctiles. Reelcraft es el fabricante l\u00edder a nivel mundial de la m\u00e1s amplia gama de carretes para cables, mangueras, aplicaciones industriales, comerciales y profesionales. El enfoque clave de Reelcraft, es producir productos de alta calidad que permitan&nbsp; el manejo de los cables y mangueras [&hellip;]<\/p>\n","protected":false},"author":2,"featured_media":0,"parent":0,"menu_order":0,"comment_status":"closed","ping_status":"closed","template":"","meta":{"_exactmetrics_skip_tracking":false,"_exactmetrics_sitenote_active":false,"_exactmetrics_sitenote_note":"","_exactmetrics_sitenote_category":0,"_uf_show_specific_survey":0,"_uf_disable_surveys":false,"site-sidebar-layout":"no-sidebar","site-content-layout":"page-builder","ast-site-content-layout":"default","site-content-style":"default","site-sidebar-style":"default","ast-global-header-display":"","ast-banner-title-visibility":"","ast-main-header-display":"","ast-hfb-above-header-display":"","ast-hfb-below-header-display":"","ast-hfb-mobile-header-display":"","site-post-title":"disabled","ast-breadcrumbs-content":"","ast-featured-img":"disabled","footer-sml-layout":"","theme-transparent-header-meta":"default","adv-header-id-meta":"","stick-header-meta":"","header-above-stick-meta":"","header-main-stick-meta":"","header-below-stick-meta":"","astra-migrate-meta-layouts":"default","ast-page-background-enabled":"default","ast-page-background-meta":{"desktop":{"background-color":"","background-image":"","background-repeat":"repeat","background-position":"center center","background-size":"auto","background-attachment":"scroll","background-type":"","background-media":"","overlay-type":"","overlay-color":"","overlay-opacity":"","overlay-gradient":""},"tablet":{"background-color":"","background-image":"","background-repeat":"repeat","background-position":"center center","background-size":"auto","background-attachment":"scroll","background-type":"","background-media":"","overlay-type":"","overlay-color":"","overlay-opacity":"","overlay-gradient":""},"mobile":{"background-color":"","background-image":"","background-repeat":"repeat","background-position":"center center","background-size":"auto","background-attachment":"scroll","background-type":"","background-media":"","overlay-type":"","overlay-color":"","overlay-opacity":"","overlay-gradient":""}},"ast-content-background-meta":{"desktop":{"background-color":"var(--ast-global-color-5)","background-image":"","background-repeat":"repeat","background-position":"center center","background-size":"auto","background-attachment":"scroll","background-type":"","background-media":"","overlay-type":"","overlay-color":"","overlay-opacity":"","overlay-gradient":""},"tablet":{"background-color":"var(--ast-global-color-5)","background-image":"","background-repeat":"repeat","background-position":"center center","background-size":"auto","background-attachment":"scroll","background-type":"","background-media":"","overlay-type":"","overlay-color":"","overlay-opacity":"","overlay-gradient":""},"mobile":{"background-color":"var(--ast-global-color-5)","background-image":"","background-repeat":"repeat","background-position":"center center","background-size":"auto","background-attachment":"scroll","background-type":"","background-media":"","overlay-type":"","overlay-color":"","overlay-opacity":"","overlay-gradient":""}},"_joinchat":[],"footnotes":""},"class_list":["post-462","page","type-page","status-publish","hentry"],"yoast_head":"<!-- This site is optimized with the Yoast SEO plugin v25.4 - https:\/\/yoast.com\/wordpress\/plugins\/seo\/ -->\n<title>carretes retratiles<\/title>\n<meta name=\"description\" content=\"Carretes retr\u00e1ctiles En&nbsp;&nbsp;Serretecno contamos con productos REELCRAFT, marca mundial para carretes retr\u00e1ctiles. Reelcraft es el fabricante l\u00edder\" \/>\n<meta name=\"robots\" content=\"index, follow, max-snippet:-1, max-image-preview:large, max-video-preview:-1\" \/>\n<link rel=\"canonical\" href=\"https:\/\/serretecno.com.mx\/index.php\/carretes-retractiles\/\" \/>\n<meta property=\"og:locale\" content=\"es_ES\" \/>\n<meta property=\"og:type\" content=\"article\" \/>\n<meta property=\"og:title\" content=\"carretes retratiles\" \/>\n<meta property=\"og:description\" content=\"Carretes retr\u00e1ctiles En&nbsp;&nbsp;Serretecno contamos con productos REELCRAFT, marca mundial para carretes retr\u00e1ctiles. Reelcraft es el fabricante l\u00edder\" \/>\n<meta property=\"og:url\" content=\"https:\/\/serretecno.com.mx\/index.php\/carretes-retractiles\/\" \/>\n<meta property=\"og:site_name\" content=\"Serretecno\" \/>\n<meta property=\"article:modified_time\" content=\"2020-01-14T02:55:30+00:00\" \/>\n<meta property=\"og:image\" content=\"https:\/\/serretecno.com.mx\/wp-content\/uploads\/2020\/01\/noticia6.jpg\" \/>\n<meta name=\"twitter:card\" content=\"summary_large_image\" \/>\n<meta name=\"twitter:label1\" content=\"Tiempo de lectura\" \/>\n\t<meta name=\"twitter:data1\" content=\"1 minuto\" \/>\n<script type=\"application\/ld+json\" class=\"yoast-schema-graph\">{\"@context\":\"https:\/\/schema.org\",\"@graph\":[{\"@type\":\"WebPage\",\"@id\":\"https:\/\/serretecno.com.mx\/index.php\/carretes-retractiles\/\",\"url\":\"https:\/\/serretecno.com.mx\/index.php\/carretes-retractiles\/\",\"name\":\"carretes retratiles\",\"isPartOf\":{\"@id\":\"https:\/\/serretecno.com.mx\/#website\"},\"primaryImageOfPage\":{\"@id\":\"https:\/\/serretecno.com.mx\/index.php\/carretes-retractiles\/#primaryimage\"},\"image\":{\"@id\":\"https:\/\/serretecno.com.mx\/index.php\/carretes-retractiles\/#primaryimage\"},\"thumbnailUrl\":\"https:\/\/serretecno.com.mx\/wp-content\/uploads\/2020\/01\/noticia6.jpg\",\"datePublished\":\"2020-01-10T20:29:34+00:00\",\"dateModified\":\"2020-01-14T02:55:30+00:00\",\"description\":\"Carretes retr\u00e1ctiles En&nbsp;&nbsp;Serretecno contamos con productos REELCRAFT, marca mundial para carretes retr\u00e1ctiles. Reelcraft es el fabricante l\u00edder\",\"breadcrumb\":{\"@id\":\"https:\/\/serretecno.com.mx\/index.php\/carretes-retractiles\/#breadcrumb\"},\"inLanguage\":\"es\",\"potentialAction\":[{\"@type\":\"ReadAction\",\"target\":[\"https:\/\/serretecno.com.mx\/index.php\/carretes-retractiles\/\"]}]},{\"@type\":\"ImageObject\",\"inLanguage\":\"es\",\"@id\":\"https:\/\/serretecno.com.mx\/index.php\/carretes-retractiles\/#primaryimage\",\"url\":\"https:\/\/serretecno.com.mx\/wp-content\/uploads\/2020\/01\/noticia6.jpg\",\"contentUrl\":\"https:\/\/serretecno.com.mx\/wp-content\/uploads\/2020\/01\/noticia6.jpg\",\"width\":854,\"height\":178},{\"@type\":\"BreadcrumbList\",\"@id\":\"https:\/\/serretecno.com.mx\/index.php\/carretes-retractiles\/#breadcrumb\",\"itemListElement\":[{\"@type\":\"ListItem\",\"position\":1,\"name\":\"Home\",\"item\":\"https:\/\/serretecno.com.mx\/\"},{\"@type\":\"ListItem\",\"position\":2,\"name\":\"Carretes retr\u00e1ctiles\"}]},{\"@type\":\"WebSite\",\"@id\":\"https:\/\/serretecno.com.mx\/#website\",\"url\":\"https:\/\/serretecno.com.mx\/\",\"name\":\"Serretecno\",\"description\":\"Elevadores de auto\",\"publisher\":{\"@id\":\"https:\/\/serretecno.com.mx\/#organization\"},\"potentialAction\":[{\"@type\":\"SearchAction\",\"target\":{\"@type\":\"EntryPoint\",\"urlTemplate\":\"https:\/\/serretecno.com.mx\/?s={search_term_string}\"},\"query-input\":{\"@type\":\"PropertyValueSpecification\",\"valueRequired\":true,\"valueName\":\"search_term_string\"}}],\"inLanguage\":\"es\"},{\"@type\":\"Organization\",\"@id\":\"https:\/\/serretecno.com.mx\/#organization\",\"name\":\"Serretecno.com\",\"url\":\"https:\/\/serretecno.com.mx\/\",\"logo\":{\"@type\":\"ImageObject\",\"inLanguage\":\"es\",\"@id\":\"https:\/\/serretecno.com.mx\/#\/schema\/logo\/image\/\",\"url\":\"https:\/\/serretecno.com.mx\/wp-content\/uploads\/2020\/01\/cropped-logo-serretecno-1.jpg\",\"contentUrl\":\"https:\/\/serretecno.com.mx\/wp-content\/uploads\/2020\/01\/cropped-logo-serretecno-1.jpg\",\"width\":973,\"height\":169,\"caption\":\"Serretecno.com\"},\"image\":{\"@id\":\"https:\/\/serretecno.com.mx\/#\/schema\/logo\/image\/\"}}]}<\/script>\n<!-- \/ Yoast SEO plugin. -->","yoast_head_json":{"title":"carretes retratiles","description":"Carretes retr\u00e1ctiles En&nbsp;&nbsp;Serretecno contamos con productos REELCRAFT, marca mundial para carretes retr\u00e1ctiles. Reelcraft es el fabricante l\u00edder","robots":{"index":"index","follow":"follow","max-snippet":"max-snippet:-1","max-image-preview":"max-image-preview:large","max-video-preview":"max-video-preview:-1"},"canonical":"https:\/\/serretecno.com.mx\/index.php\/carretes-retractiles\/","og_locale":"es_ES","og_type":"article","og_title":"carretes retratiles","og_description":"Carretes retr\u00e1ctiles En&nbsp;&nbsp;Serretecno contamos con productos REELCRAFT, marca mundial para carretes retr\u00e1ctiles. Reelcraft es el fabricante l\u00edder","og_url":"https:\/\/serretecno.com.mx\/index.php\/carretes-retractiles\/","og_site_name":"Serretecno","article_modified_time":"2020-01-14T02:55:30+00:00","og_image":[{"url":"https:\/\/serretecno.com.mx\/wp-content\/uploads\/2020\/01\/noticia6.jpg","type":"","width":"","height":""}],"twitter_card":"summary_large_image","twitter_misc":{"Tiempo de lectura":"1 minuto"},"schema":{"@context":"https:\/\/schema.org","@graph":[{"@type":"WebPage","@id":"https:\/\/serretecno.com.mx\/index.php\/carretes-retractiles\/","url":"https:\/\/serretecno.com.mx\/index.php\/carretes-retractiles\/","name":"carretes retratiles","isPartOf":{"@id":"https:\/\/serretecno.com.mx\/#website"},"primaryImageOfPage":{"@id":"https:\/\/serretecno.com.mx\/index.php\/carretes-retractiles\/#primaryimage"},"image":{"@id":"https:\/\/serretecno.com.mx\/index.php\/carretes-retractiles\/#primaryimage"},"thumbnailUrl":"https:\/\/serretecno.com.mx\/wp-content\/uploads\/2020\/01\/noticia6.jpg","datePublished":"2020-01-10T20:29:34+00:00","dateModified":"2020-01-14T02:55:30+00:00","description":"Carretes retr\u00e1ctiles En&nbsp;&nbsp;Serretecno contamos con productos REELCRAFT, marca mundial para carretes retr\u00e1ctiles. Reelcraft es el fabricante l\u00edder","breadcrumb":{"@id":"https:\/\/serretecno.com.mx\/index.php\/carretes-retractiles\/#breadcrumb"},"inLanguage":"es","potentialAction":[{"@type":"ReadAction","target":["https:\/\/serretecno.com.mx\/index.php\/carretes-retractiles\/"]}]},{"@type":"ImageObject","inLanguage":"es","@id":"https:\/\/serretecno.com.mx\/index.php\/carretes-retractiles\/#primaryimage","url":"https:\/\/serretecno.com.mx\/wp-content\/uploads\/2020\/01\/noticia6.jpg","contentUrl":"https:\/\/serretecno.com.mx\/wp-content\/uploads\/2020\/01\/noticia6.jpg","width":854,"height":178},{"@type":"BreadcrumbList","@id":"https:\/\/serretecno.com.mx\/index.php\/carretes-retractiles\/#breadcrumb","itemListElement":[{"@type":"ListItem","position":1,"name":"Home","item":"https:\/\/serretecno.com.mx\/"},{"@type":"ListItem","position":2,"name":"Carretes retr\u00e1ctiles"}]},{"@type":"WebSite","@id":"https:\/\/serretecno.com.mx\/#website","url":"https:\/\/serretecno.com.mx\/","name":"Serretecno","description":"Elevadores de auto","publisher":{"@id":"https:\/\/serretecno.com.mx\/#organization"},"potentialAction":[{"@type":"SearchAction","target":{"@type":"EntryPoint","urlTemplate":"https:\/\/serretecno.com.mx\/?s={search_term_string}"},"query-input":{"@type":"PropertyValueSpecification","valueRequired":true,"valueName":"search_term_string"}}],"inLanguage":"es"},{"@type":"Organization","@id":"https:\/\/serretecno.com.mx\/#organization","name":"Serretecno.com","url":"https:\/\/serretecno.com.mx\/","logo":{"@type":"ImageObject","inLanguage":"es","@id":"https:\/\/serretecno.com.mx\/#\/schema\/logo\/image\/","url":"https:\/\/serretecno.com.mx\/wp-content\/uploads\/2020\/01\/cropped-logo-serretecno-1.jpg","contentUrl":"https:\/\/serretecno.com.mx\/wp-content\/uploads\/2020\/01\/cropped-logo-serretecno-1.jpg","width":973,"height":169,"caption":"Serretecno.com"},"image":{"@id":"https:\/\/serretecno.com.mx\/#\/schema\/logo\/image\/"}}]}},"_links":{"self":[{"href":"https:\/\/serretecno.com.mx\/index.php\/wp-json\/wp\/v2\/pages\/462","targetHints":{"allow":["GET"]}}],"collection":[{"href":"https:\/\/serretecno.com.mx\/index.php\/wp-json\/wp\/v2\/pages"}],"about":[{"href":"https:\/\/serretecno.com.mx\/index.php\/wp-json\/wp\/v2\/types\/page"}],"author":[{"embeddable":true,"href":"https:\/\/serretecno.com.mx\/index.php\/wp-json\/wp\/v2\/users\/2"}],"replies":[{"embeddable":true,"href":"https:\/\/serretecno.com.mx\/index.php\/wp-json\/wp\/v2\/comments?post=462"}],"version-history":[{"count":1,"href":"https:\/\/serretecno.com.mx\/index.php\/wp-json\/wp\/v2\/pages\/462\/revisions"}],"predecessor-version":[{"id":611,"href":"https:\/\/serretecno.com.mx\/index.php\/wp-json\/wp\/v2\/pages\/462\/revisions\/611"}],"wp:attachment":[{"href":"https:\/\/serretecno.com.mx\/index.php\/wp-json\/wp\/v2\/media?parent=462"}],"curies":[{"name":"wp","href":"https:\/\/api.w.org\/{rel}","templated":true}]}}