{"id":457,"date":"2020-01-10T20:29:34","date_gmt":"2020-01-10T20:29:34","guid":{"rendered":"https:\/\/serretecno.com.mx\/?page_id=457"},"modified":"2020-01-14T03:33:24","modified_gmt":"2020-01-14T03:33:24","slug":"medidores","status":"publish","type":"page","link":"https:\/\/serretecno.com.mx\/index.php\/medidores\/","title":{"rendered":"Medidores"},"content":{"rendered":"\t\t<div data-elementor-type=\"wp-page\" data-elementor-id=\"457\" class=\"elementor elementor-457\">\n\t\t\t\t\t\t<section class=\"elementor-section elementor-top-section elementor-element elementor-element-69013f9 elementor-section-boxed elementor-section-height-default elementor-section-height-default\" data-id=\"69013f9\" data-element_type=\"section\">\n\t\t\t\t\t\t<div class=\"elementor-container elementor-column-gap-default\">\n\t\t\t\t\t<div class=\"elementor-column elementor-col-100 elementor-top-column elementor-element elementor-element-f342b4d\" data-id=\"f342b4d\" data-element_type=\"column\">\n\t\t\t<div class=\"elementor-widget-wrap elementor-element-populated\">\n\t\t\t\t\t\t<div class=\"elementor-element elementor-element-f3c094d elementor-widget elementor-widget-heading\" data-id=\"f3c094d\" data-element_type=\"widget\" data-widget_type=\"heading.default\">\n\t\t\t\t<div class=\"elementor-widget-container\">\n\t\t\t\t\t<h1 class=\"elementor-heading-title elementor-size-default\">Medidores<\/h1>\t\t\t\t<\/div>\n\t\t\t\t<\/div>\n\t\t\t\t<section class=\"elementor-section elementor-inner-section elementor-element elementor-element-110fc62 elementor-section-boxed elementor-section-height-default elementor-section-height-default\" data-id=\"110fc62\" data-element_type=\"section\">\n\t\t\t\t\t\t<div class=\"elementor-container elementor-column-gap-default\">\n\t\t\t\t\t<div class=\"elementor-column elementor-col-100 elementor-inner-column elementor-element elementor-element-5d99cb7\" data-id=\"5d99cb7\" data-element_type=\"column\">\n\t\t\t<div class=\"elementor-widget-wrap elementor-element-populated\">\n\t\t\t\t\t\t<div class=\"elementor-element elementor-element-2f3b2c7 elementor-widget elementor-widget-image\" data-id=\"2f3b2c7\" data-element_type=\"widget\" data-widget_type=\"image.default\">\n\t\t\t\t<div class=\"elementor-widget-container\">\n\t\t\t\t\t\t\t\t\t\t\t\t\t\t\t<img decoding=\"async\" width=\"150\" height=\"150\" data-src=\"https:\/\/serretecno.com.mx\/wp-content\/uploads\/2020\/01\/MEDIDOR1-150x150-1.png\" class=\"attachment-large size-large wp-image-464 lazyload\" alt=\"\" src=\"data:image\/svg+xml;base64,PHN2ZyB3aWR0aD0iMSIgaGVpZ2h0PSIxIiB4bWxucz0iaHR0cDovL3d3dy53My5vcmcvMjAwMC9zdmciPjwvc3ZnPg==\" style=\"--smush-placeholder-width: 150px; --smush-placeholder-aspect-ratio: 150\/150;\" \/>\t\t\t\t\t\t\t\t\t\t\t\t\t\t\t<\/div>\n\t\t\t\t<\/div>\n\t\t\t\t<div class=\"elementor-element elementor-element-1f501ca elementor-widget elementor-widget-text-editor\" data-id=\"1f501ca\" data-element_type=\"widget\" data-widget_type=\"text-editor.default\">\n\t\t\t\t<div class=\"elementor-widget-container\">\n\t\t\t\t\t\t\t\t\t<p>En\u00a0Serretecno podr\u00e1 encontrar una variedad de medidores digitales y an\u00e1logos.<\/p><p>Algunos medidores que podr\u00e1 encontrar son:<\/p><ul><li><strong>Medidores de flujo<\/strong><\/li><\/ul><p>Estos medidores est\u00e1n dise\u00f1ados para usarse con fluidos a base de petr\u00f3leo como diesel, gasolina, keros\u00e9n, aceites livianos y solventes. Los medidores son aptos para aplicaciones con alimentaci\u00f3n por bomba o gravedad y pueden calibrarse en el campo para la m\u00e1xima precisi\u00f3n de lectura.<\/p><ul><li><strong>Medidor mec\u00e1nico con reforzamiento de tefl\u00f3n o N\u00edquel optativo.<\/strong><\/li><li><strong>Medidor digital equipado con pantalla LCD digital.<\/strong><\/li><li><strong>Medidor de flujo de disco nutante<\/strong>, con registradora discontinua reajustable de 3 d\u00edgitos y totalizador acumulativo de 6 d\u00edgitos, cuerpo de aluminio y tapa de pl\u00e1stico.<\/li><\/ul><p>Los medidores\u00a0<strong>Electronic Registrers<\/strong>, tiene opciones para:<\/p><p><strong>Impresora electr\u00f3nica<\/strong>, compensaci\u00f3n de temperatura o volumen, funci\u00f3n monetaria, teclado para la introducci\u00f3n de datos num\u00e9ricos y transferencia de datos a la base RF.<\/p><p><strong>Medidor para camiones de gas LP<\/strong>, cuenta con las siguientes caracter\u00edsticas:<\/p><p>Solo tienen dos partes m\u00f3viles, se pueden reparar en campo, totalmente electr\u00f3nicos, tienen salida de impulsos programable, no tienen sellos rotativos, cuenta con engranajes y tecnolog\u00eda de impulsos de onda patentada, no tiene engranajes de distribuci\u00f3n ni varillaje y son de baja ca\u00edda de presi\u00f3n.<\/p><p><strong>Medidor FPP de engranaje ovalado<\/strong>, medidor para alta presi\u00f3n en servicios de lubricaci\u00f3n desde 400 hasta 1,000 P.S.I.<\/p><p>Medidor TCS medidor simple y eficaz, para productos refinados derivados del petr\u00f3leo como gasolina, diesel, hidrosina, lubricantes vegetales, keroseno, etc. y para productos solventes refinados qu\u00edmicos como solventes industriales y qu\u00edmicos.<\/p>\t\t\t\t\t\t\t\t<\/div>\n\t\t\t\t<\/div>\n\t\t\t\t\t<\/div>\n\t\t<\/div>\n\t\t\t\t\t<\/div>\n\t\t<\/section>\n\t\t\t\t\t<\/div>\n\t\t<\/div>\n\t\t\t\t\t<\/div>\n\t\t<\/section>\n\t\t\t\t<\/div>\n\t\t","protected":false},"excerpt":{"rendered":"<p>Medidores En&nbsp;Serretecno podr\u00e1 encontrar una variedad de medidores digitales y an\u00e1logos. Algunos medidores que podr\u00e1 encontrar son: Medidores de flujo Estos medidores est\u00e1n dise\u00f1ados para usarse con fluidos a base de petr\u00f3leo como diesel, gasolina, keros\u00e9n, aceites livianos y solventes. Los medidores son aptos para aplicaciones con alimentaci\u00f3n por bomba o gravedad y pueden calibrarse [&hellip;]<\/p>\n","protected":false},"author":2,"featured_media":0,"parent":0,"menu_order":0,"comment_status":"closed","ping_status":"closed","template":"","meta":{"_exactmetrics_skip_tracking":false,"_exactmetrics_sitenote_active":false,"_exactmetrics_sitenote_note":"","_exactmetrics_sitenote_category":0,"_uf_show_specific_survey":0,"_uf_disable_surveys":false,"site-sidebar-layout":"no-sidebar","site-content-layout":"page-builder","ast-site-content-layout":"default","site-content-style":"default","site-sidebar-style":"default","ast-global-header-display":"","ast-banner-title-visibility":"","ast-main-header-display":"","ast-hfb-above-header-display":"","ast-hfb-below-header-display":"","ast-hfb-mobile-header-display":"","site-post-title":"disabled","ast-breadcrumbs-content":"","ast-featured-img":"disabled","footer-sml-layout":"","theme-transparent-header-meta":"default","adv-header-id-meta":"","stick-header-meta":"","header-above-stick-meta":"","header-main-stick-meta":"","header-below-stick-meta":"","astra-migrate-meta-layouts":"default","ast-page-background-enabled":"default","ast-page-background-meta":{"desktop":{"background-color":"","background-image":"","background-repeat":"repeat","background-position":"center center","background-size":"auto","background-attachment":"scroll","background-type":"","background-media":"","overlay-type":"","overlay-color":"","overlay-opacity":"","overlay-gradient":""},"tablet":{"background-color":"","background-image":"","background-repeat":"repeat","background-position":"center center","background-size":"auto","background-attachment":"scroll","background-type":"","background-media":"","overlay-type":"","overlay-color":"","overlay-opacity":"","overlay-gradient":""},"mobile":{"background-color":"","background-image":"","background-repeat":"repeat","background-position":"center center","background-size":"auto","background-attachment":"scroll","background-type":"","background-media":"","overlay-type":"","overlay-color":"","overlay-opacity":"","overlay-gradient":""}},"ast-content-background-meta":{"desktop":{"background-color":"var(--ast-global-color-5)","background-image":"","background-repeat":"repeat","background-position":"center center","background-size":"auto","background-attachment":"scroll","background-type":"","background-media":"","overlay-type":"","overlay-color":"","overlay-opacity":"","overlay-gradient":""},"tablet":{"background-color":"var(--ast-global-color-5)","background-image":"","background-repeat":"repeat","background-position":"center center","background-size":"auto","background-attachment":"scroll","background-type":"","background-media":"","overlay-type":"","overlay-color":"","overlay-opacity":"","overlay-gradient":""},"mobile":{"background-color":"var(--ast-global-color-5)","background-image":"","background-repeat":"repeat","background-position":"center center","background-size":"auto","background-attachment":"scroll","background-type":"","background-media":"","overlay-type":"","overlay-color":"","overlay-opacity":"","overlay-gradient":""}},"_joinchat":[],"footnotes":""},"class_list":["post-457","page","type-page","status-publish","hentry"],"yoast_head":"<!-- This site is optimized with the Yoast SEO plugin v25.4 - https:\/\/yoast.com\/wordpress\/plugins\/seo\/ -->\n<title>Medidores<\/title>\n<meta name=\"description\" content=\"Medidores En&nbsp;Serretecno podr\u00e1 encontrar una variedad de medidores digitales y an\u00e1logos. Algunos medidores que podr\u00e1 encontrar son: Medidores de flujo\" \/>\n<meta name=\"robots\" content=\"index, follow, max-snippet:-1, max-image-preview:large, max-video-preview:-1\" \/>\n<link rel=\"canonical\" href=\"https:\/\/serretecno.com.mx\/index.php\/medidores\/\" \/>\n<meta property=\"og:locale\" content=\"es_ES\" \/>\n<meta property=\"og:type\" content=\"article\" \/>\n<meta property=\"og:title\" content=\"Medidores\" \/>\n<meta property=\"og:description\" content=\"Medidores En&nbsp;Serretecno podr\u00e1 encontrar una variedad de medidores digitales y an\u00e1logos. Algunos medidores que podr\u00e1 encontrar son: Medidores de flujo\" \/>\n<meta property=\"og:url\" content=\"https:\/\/serretecno.com.mx\/index.php\/medidores\/\" \/>\n<meta property=\"og:site_name\" content=\"Serretecno\" \/>\n<meta property=\"article:modified_time\" content=\"2020-01-14T03:33:24+00:00\" \/>\n<meta property=\"og:image\" content=\"https:\/\/serretecno.com.mx\/wp-content\/uploads\/2020\/01\/MEDIDOR1-150x150-1.png\" \/>\n<meta name=\"twitter:card\" content=\"summary_large_image\" \/>\n<meta name=\"twitter:label1\" content=\"Tiempo de lectura\" \/>\n\t<meta name=\"twitter:data1\" content=\"1 minuto\" \/>\n<script type=\"application\/ld+json\" class=\"yoast-schema-graph\">{\"@context\":\"https:\/\/schema.org\",\"@graph\":[{\"@type\":\"WebPage\",\"@id\":\"https:\/\/serretecno.com.mx\/index.php\/medidores\/\",\"url\":\"https:\/\/serretecno.com.mx\/index.php\/medidores\/\",\"name\":\"Medidores\",\"isPartOf\":{\"@id\":\"https:\/\/serretecno.com.mx\/#website\"},\"primaryImageOfPage\":{\"@id\":\"https:\/\/serretecno.com.mx\/index.php\/medidores\/#primaryimage\"},\"image\":{\"@id\":\"https:\/\/serretecno.com.mx\/index.php\/medidores\/#primaryimage\"},\"thumbnailUrl\":\"https:\/\/serretecno.com.mx\/wp-content\/uploads\/2020\/01\/MEDIDOR1-150x150-1.png\",\"datePublished\":\"2020-01-10T20:29:34+00:00\",\"dateModified\":\"2020-01-14T03:33:24+00:00\",\"description\":\"Medidores En&nbsp;Serretecno podr\u00e1 encontrar una variedad de medidores digitales y an\u00e1logos. Algunos medidores que podr\u00e1 encontrar son: Medidores de flujo\",\"breadcrumb\":{\"@id\":\"https:\/\/serretecno.com.mx\/index.php\/medidores\/#breadcrumb\"},\"inLanguage\":\"es\",\"potentialAction\":[{\"@type\":\"ReadAction\",\"target\":[\"https:\/\/serretecno.com.mx\/index.php\/medidores\/\"]}]},{\"@type\":\"ImageObject\",\"inLanguage\":\"es\",\"@id\":\"https:\/\/serretecno.com.mx\/index.php\/medidores\/#primaryimage\",\"url\":\"https:\/\/serretecno.com.mx\/wp-content\/uploads\/2020\/01\/MEDIDOR1-150x150-1.png\",\"contentUrl\":\"https:\/\/serretecno.com.mx\/wp-content\/uploads\/2020\/01\/MEDIDOR1-150x150-1.png\",\"width\":150,\"height\":150},{\"@type\":\"BreadcrumbList\",\"@id\":\"https:\/\/serretecno.com.mx\/index.php\/medidores\/#breadcrumb\",\"itemListElement\":[{\"@type\":\"ListItem\",\"position\":1,\"name\":\"Home\",\"item\":\"https:\/\/serretecno.com.mx\/\"},{\"@type\":\"ListItem\",\"position\":2,\"name\":\"Medidores\"}]},{\"@type\":\"WebSite\",\"@id\":\"https:\/\/serretecno.com.mx\/#website\",\"url\":\"https:\/\/serretecno.com.mx\/\",\"name\":\"Serretecno\",\"description\":\"Elevadores de auto\",\"publisher\":{\"@id\":\"https:\/\/serretecno.com.mx\/#organization\"},\"potentialAction\":[{\"@type\":\"SearchAction\",\"target\":{\"@type\":\"EntryPoint\",\"urlTemplate\":\"https:\/\/serretecno.com.mx\/?s={search_term_string}\"},\"query-input\":{\"@type\":\"PropertyValueSpecification\",\"valueRequired\":true,\"valueName\":\"search_term_string\"}}],\"inLanguage\":\"es\"},{\"@type\":\"Organization\",\"@id\":\"https:\/\/serretecno.com.mx\/#organization\",\"name\":\"Serretecno.com\",\"url\":\"https:\/\/serretecno.com.mx\/\",\"logo\":{\"@type\":\"ImageObject\",\"inLanguage\":\"es\",\"@id\":\"https:\/\/serretecno.com.mx\/#\/schema\/logo\/image\/\",\"url\":\"https:\/\/serretecno.com.mx\/wp-content\/uploads\/2020\/01\/cropped-logo-serretecno-1.jpg\",\"contentUrl\":\"https:\/\/serretecno.com.mx\/wp-content\/uploads\/2020\/01\/cropped-logo-serretecno-1.jpg\",\"width\":973,\"height\":169,\"caption\":\"Serretecno.com\"},\"image\":{\"@id\":\"https:\/\/serretecno.com.mx\/#\/schema\/logo\/image\/\"}}]}<\/script>\n<!-- \/ Yoast SEO plugin. -->","yoast_head_json":{"title":"Medidores","description":"Medidores En&nbsp;Serretecno podr\u00e1 encontrar una variedad de medidores digitales y an\u00e1logos. Algunos medidores que podr\u00e1 encontrar son: Medidores de flujo","robots":{"index":"index","follow":"follow","max-snippet":"max-snippet:-1","max-image-preview":"max-image-preview:large","max-video-preview":"max-video-preview:-1"},"canonical":"https:\/\/serretecno.com.mx\/index.php\/medidores\/","og_locale":"es_ES","og_type":"article","og_title":"Medidores","og_description":"Medidores En&nbsp;Serretecno podr\u00e1 encontrar una variedad de medidores digitales y an\u00e1logos. Algunos medidores que podr\u00e1 encontrar son: Medidores de flujo","og_url":"https:\/\/serretecno.com.mx\/index.php\/medidores\/","og_site_name":"Serretecno","article_modified_time":"2020-01-14T03:33:24+00:00","og_image":[{"url":"https:\/\/serretecno.com.mx\/wp-content\/uploads\/2020\/01\/MEDIDOR1-150x150-1.png","type":"","width":"","height":""}],"twitter_card":"summary_large_image","twitter_misc":{"Tiempo de lectura":"1 minuto"},"schema":{"@context":"https:\/\/schema.org","@graph":[{"@type":"WebPage","@id":"https:\/\/serretecno.com.mx\/index.php\/medidores\/","url":"https:\/\/serretecno.com.mx\/index.php\/medidores\/","name":"Medidores","isPartOf":{"@id":"https:\/\/serretecno.com.mx\/#website"},"primaryImageOfPage":{"@id":"https:\/\/serretecno.com.mx\/index.php\/medidores\/#primaryimage"},"image":{"@id":"https:\/\/serretecno.com.mx\/index.php\/medidores\/#primaryimage"},"thumbnailUrl":"https:\/\/serretecno.com.mx\/wp-content\/uploads\/2020\/01\/MEDIDOR1-150x150-1.png","datePublished":"2020-01-10T20:29:34+00:00","dateModified":"2020-01-14T03:33:24+00:00","description":"Medidores En&nbsp;Serretecno podr\u00e1 encontrar una variedad de medidores digitales y an\u00e1logos. Algunos medidores que podr\u00e1 encontrar son: Medidores de flujo","breadcrumb":{"@id":"https:\/\/serretecno.com.mx\/index.php\/medidores\/#breadcrumb"},"inLanguage":"es","potentialAction":[{"@type":"ReadAction","target":["https:\/\/serretecno.com.mx\/index.php\/medidores\/"]}]},{"@type":"ImageObject","inLanguage":"es","@id":"https:\/\/serretecno.com.mx\/index.php\/medidores\/#primaryimage","url":"https:\/\/serretecno.com.mx\/wp-content\/uploads\/2020\/01\/MEDIDOR1-150x150-1.png","contentUrl":"https:\/\/serretecno.com.mx\/wp-content\/uploads\/2020\/01\/MEDIDOR1-150x150-1.png","width":150,"height":150},{"@type":"BreadcrumbList","@id":"https:\/\/serretecno.com.mx\/index.php\/medidores\/#breadcrumb","itemListElement":[{"@type":"ListItem","position":1,"name":"Home","item":"https:\/\/serretecno.com.mx\/"},{"@type":"ListItem","position":2,"name":"Medidores"}]},{"@type":"WebSite","@id":"https:\/\/serretecno.com.mx\/#website","url":"https:\/\/serretecno.com.mx\/","name":"Serretecno","description":"Elevadores de auto","publisher":{"@id":"https:\/\/serretecno.com.mx\/#organization"},"potentialAction":[{"@type":"SearchAction","target":{"@type":"EntryPoint","urlTemplate":"https:\/\/serretecno.com.mx\/?s={search_term_string}"},"query-input":{"@type":"PropertyValueSpecification","valueRequired":true,"valueName":"search_term_string"}}],"inLanguage":"es"},{"@type":"Organization","@id":"https:\/\/serretecno.com.mx\/#organization","name":"Serretecno.com","url":"https:\/\/serretecno.com.mx\/","logo":{"@type":"ImageObject","inLanguage":"es","@id":"https:\/\/serretecno.com.mx\/#\/schema\/logo\/image\/","url":"https:\/\/serretecno.com.mx\/wp-content\/uploads\/2020\/01\/cropped-logo-serretecno-1.jpg","contentUrl":"https:\/\/serretecno.com.mx\/wp-content\/uploads\/2020\/01\/cropped-logo-serretecno-1.jpg","width":973,"height":169,"caption":"Serretecno.com"},"image":{"@id":"https:\/\/serretecno.com.mx\/#\/schema\/logo\/image\/"}}]}},"_links":{"self":[{"href":"https:\/\/serretecno.com.mx\/index.php\/wp-json\/wp\/v2\/pages\/457","targetHints":{"allow":["GET"]}}],"collection":[{"href":"https:\/\/serretecno.com.mx\/index.php\/wp-json\/wp\/v2\/pages"}],"about":[{"href":"https:\/\/serretecno.com.mx\/index.php\/wp-json\/wp\/v2\/types\/page"}],"author":[{"embeddable":true,"href":"https:\/\/serretecno.com.mx\/index.php\/wp-json\/wp\/v2\/users\/2"}],"replies":[{"embeddable":true,"href":"https:\/\/serretecno.com.mx\/index.php\/wp-json\/wp\/v2\/comments?post=457"}],"version-history":[{"count":1,"href":"https:\/\/serretecno.com.mx\/index.php\/wp-json\/wp\/v2\/pages\/457\/revisions"}],"predecessor-version":[{"id":659,"href":"https:\/\/serretecno.com.mx\/index.php\/wp-json\/wp\/v2\/pages\/457\/revisions\/659"}],"wp:attachment":[{"href":"https:\/\/serretecno.com.mx\/index.php\/wp-json\/wp\/v2\/media?parent=457"}],"curies":[{"name":"wp","href":"https:\/\/api.w.org\/{rel}","templated":true}]}}