{"id":454,"date":"2020-01-10T20:03:53","date_gmt":"2020-01-10T20:03:53","guid":{"rendered":"https:\/\/serretecno.com.mx\/?page_id=454"},"modified":"2020-01-14T03:41:18","modified_gmt":"2020-01-14T03:41:18","slug":"pistolas-para-despacho","status":"publish","type":"page","link":"https:\/\/serretecno.com.mx\/index.php\/pistolas-para-despacho\/","title":{"rendered":"Pistolas para despacho"},"content":{"rendered":"\t\t<div data-elementor-type=\"wp-page\" data-elementor-id=\"454\" class=\"elementor elementor-454\">\n\t\t\t\t\t\t<section class=\"elementor-section elementor-top-section elementor-element elementor-element-c6feb98 elementor-section-boxed elementor-section-height-default elementor-section-height-default\" data-id=\"c6feb98\" data-element_type=\"section\">\n\t\t\t\t\t\t<div class=\"elementor-container elementor-column-gap-default\">\n\t\t\t\t\t<div class=\"elementor-column elementor-col-100 elementor-top-column elementor-element elementor-element-fdb2766\" data-id=\"fdb2766\" data-element_type=\"column\">\n\t\t\t<div class=\"elementor-widget-wrap elementor-element-populated\">\n\t\t\t\t\t\t<div class=\"elementor-element elementor-element-e92467a elementor-widget elementor-widget-heading\" data-id=\"e92467a\" data-element_type=\"widget\" data-widget_type=\"heading.default\">\n\t\t\t\t<div class=\"elementor-widget-container\">\n\t\t\t\t\t<h1 class=\"elementor-heading-title elementor-size-default\">Pistolas para despacho<\/h1>\t\t\t\t<\/div>\n\t\t\t\t<\/div>\n\t\t\t\t<section class=\"elementor-section elementor-inner-section elementor-element elementor-element-5bb1009 elementor-section-boxed elementor-section-height-default elementor-section-height-default\" data-id=\"5bb1009\" data-element_type=\"section\">\n\t\t\t\t\t\t<div class=\"elementor-container elementor-column-gap-default\">\n\t\t\t\t\t<div class=\"elementor-column elementor-col-100 elementor-inner-column elementor-element elementor-element-2e30293\" data-id=\"2e30293\" data-element_type=\"column\">\n\t\t\t<div class=\"elementor-widget-wrap elementor-element-populated\">\n\t\t\t\t\t\t<div class=\"elementor-element elementor-element-ea5fc13 elementor-widget elementor-widget-text-editor\" data-id=\"ea5fc13\" data-element_type=\"widget\" data-widget_type=\"text-editor.default\">\n\t\t\t\t<div class=\"elementor-widget-container\">\n\t\t\t\t\t\t\t\t\t<p>Serretecno encontrar\u00e1 pistolas para despacho dentro del<strong>\u00a0equipo para lubricaci\u00f3n RAASM<\/strong>, totalmente equipadas para brindar la dosificaci\u00f3n de lubricantes de manera eficiente.<\/p><p>A continuaci\u00f3n le mencionamos los diferentes tipos de pistolas para despacho que tenemos para usted:<\/p><p><strong>PISTOLAS DE DESPACHO PARA ACEITES<\/strong><\/p><ul><li><strong>Pistola para aceite con salva gotas semiautom\u00e1tico a presi\u00f3n.<\/strong><\/li><li><strong>Pistola dosificadora par aceite y\/o anticogelante con medidor digital, con salva gotas semiautom\u00e1tico a presi\u00f3n.<\/strong><\/li><\/ul><p>El contador volum\u00e9trico digital que se utilizan en algunas pistolas para despacho es aplicable directamente a la bomba, en el Kit de distribuci\u00f3n de aceite y anticongelante, o bien a la pistola, en cualquier tipo de instalaci\u00f3n fija o m\u00f3vil.<\/p><p>Este contador volum\u00e9trico est\u00e1 equipado con dos indicadores, uno para el control del suministro parcial liquido, y otro para evidenciar el total del fluido suministrado.<\/p><p>Para la utilizaci\u00f3n optima del contador ya sea mec\u00e1nico o digital, se obtiene con la combinaci\u00f3n a bomba de aceite con relaci\u00f3n 3:1 \u2013 5:1.<\/p><p><strong>PISTOLAS DE DESPACHO PARA GRASAS<\/strong><\/p><p>La cantidad de grasa suministrada por la pistola de despacho no debe ser calculada de manera emp\u00edrica, con este tipo de pistolas usted puede medirla con la presi\u00f3n y visualizarla directamente en el LCD.<\/p><ul><li><strong>Pistola a tubo de salida flexible-r\u00edgido con enganche de entrada.<\/strong><\/li><li><strong>Pistola dosificadora para grasa con articulaci\u00f3n giratoria triple, con terminales r\u00edgido-flexibles dotado con gancho engrasador y con enganche de entrada.<\/strong><\/li><\/ul><p>Con las pistolas de despacho para grasas garantiza la correcci\u00f3n del operador de engrasado y cuenta con el registro durante el tiempo de consumo de grasa.<\/p>\t\t\t\t\t\t\t\t<\/div>\n\t\t\t\t<\/div>\n\t\t\t\t\t<\/div>\n\t\t<\/div>\n\t\t\t\t\t<\/div>\n\t\t<\/section>\n\t\t\t\t<div class=\"elementor-element elementor-element-f3e8906 elementor-widget elementor-widget-image\" data-id=\"f3e8906\" data-element_type=\"widget\" data-widget_type=\"image.default\">\n\t\t\t\t<div class=\"elementor-widget-container\">\n\t\t\t\t\t\t\t\t\t\t\t\t\t\t\t<img fetchpriority=\"high\" decoding=\"async\" width=\"395\" height=\"286\" src=\"https:\/\/serretecno.com.mx\/wp-content\/uploads\/2020\/01\/pistola-1.png\" class=\"attachment-large size-large wp-image-460\" alt=\"\" srcset=\"https:\/\/serretecno.com.mx\/wp-content\/uploads\/2020\/01\/pistola-1.png 395w, https:\/\/serretecno.com.mx\/wp-content\/uploads\/2020\/01\/pistola-1-300x217.png 300w\" sizes=\"(max-width: 395px) 100vw, 395px\" \/>\t\t\t\t\t\t\t\t\t\t\t\t\t\t\t<\/div>\n\t\t\t\t<\/div>\n\t\t\t\t\t<\/div>\n\t\t<\/div>\n\t\t\t\t\t<\/div>\n\t\t<\/section>\n\t\t\t\t<\/div>\n\t\t","protected":false},"excerpt":{"rendered":"<p>Pistolas para despacho Serretecno encontrar\u00e1 pistolas para despacho dentro del&nbsp;equipo para lubricaci\u00f3n RAASM, totalmente equipadas para brindar la dosificaci\u00f3n de lubricantes de manera eficiente. A continuaci\u00f3n le mencionamos los diferentes tipos de pistolas para despacho que tenemos para usted: PISTOLAS DE DESPACHO PARA ACEITES Pistola para aceite con salva gotas semiautom\u00e1tico a presi\u00f3n. Pistola dosificadora [&hellip;]<\/p>\n","protected":false},"author":2,"featured_media":0,"parent":0,"menu_order":0,"comment_status":"closed","ping_status":"closed","template":"","meta":{"_exactmetrics_skip_tracking":false,"_exactmetrics_sitenote_active":false,"_exactmetrics_sitenote_note":"","_exactmetrics_sitenote_category":0,"_uf_show_specific_survey":0,"_uf_disable_surveys":false,"site-sidebar-layout":"no-sidebar","site-content-layout":"page-builder","ast-site-content-layout":"default","site-content-style":"default","site-sidebar-style":"default","ast-global-header-display":"","ast-banner-title-visibility":"","ast-main-header-display":"","ast-hfb-above-header-display":"","ast-hfb-below-header-display":"","ast-hfb-mobile-header-display":"","site-post-title":"disabled","ast-breadcrumbs-content":"","ast-featured-img":"disabled","footer-sml-layout":"","theme-transparent-header-meta":"default","adv-header-id-meta":"","stick-header-meta":"","header-above-stick-meta":"","header-main-stick-meta":"","header-below-stick-meta":"","astra-migrate-meta-layouts":"default","ast-page-background-enabled":"default","ast-page-background-meta":{"desktop":{"background-color":"","background-image":"","background-repeat":"repeat","background-position":"center center","background-size":"auto","background-attachment":"scroll","background-type":"","background-media":"","overlay-type":"","overlay-color":"","overlay-opacity":"","overlay-gradient":""},"tablet":{"background-color":"","background-image":"","background-repeat":"repeat","background-position":"center center","background-size":"auto","background-attachment":"scroll","background-type":"","background-media":"","overlay-type":"","overlay-color":"","overlay-opacity":"","overlay-gradient":""},"mobile":{"background-color":"","background-image":"","background-repeat":"repeat","background-position":"center center","background-size":"auto","background-attachment":"scroll","background-type":"","background-media":"","overlay-type":"","overlay-color":"","overlay-opacity":"","overlay-gradient":""}},"ast-content-background-meta":{"desktop":{"background-color":"var(--ast-global-color-5)","background-image":"","background-repeat":"repeat","background-position":"center center","background-size":"auto","background-attachment":"scroll","background-type":"","background-media":"","overlay-type":"","overlay-color":"","overlay-opacity":"","overlay-gradient":""},"tablet":{"background-color":"var(--ast-global-color-5)","background-image":"","background-repeat":"repeat","background-position":"center center","background-size":"auto","background-attachment":"scroll","background-type":"","background-media":"","overlay-type":"","overlay-color":"","overlay-opacity":"","overlay-gradient":""},"mobile":{"background-color":"var(--ast-global-color-5)","background-image":"","background-repeat":"repeat","background-position":"center center","background-size":"auto","background-attachment":"scroll","background-type":"","background-media":"","overlay-type":"","overlay-color":"","overlay-opacity":"","overlay-gradient":""}},"_joinchat":[],"footnotes":""},"class_list":["post-454","page","type-page","status-publish","hentry"],"yoast_head":"<!-- This site is optimized with the Yoast SEO plugin v25.4 - https:\/\/yoast.com\/wordpress\/plugins\/seo\/ -->\n<title>pistolas para el despacho de gasolina y aceite<\/title>\n<meta name=\"description\" content=\"Pistolas para despacho Serretecno encontrar\u00e1 pistolas para despacho dentro del&nbsp;equipo para lubricaci\u00f3n RAASM, totalmente equipadas para brindar la\" \/>\n<meta name=\"robots\" content=\"index, follow, max-snippet:-1, max-image-preview:large, max-video-preview:-1\" \/>\n<link rel=\"canonical\" href=\"https:\/\/serretecno.com.mx\/index.php\/pistolas-para-despacho\/\" \/>\n<meta property=\"og:locale\" content=\"es_ES\" \/>\n<meta property=\"og:type\" content=\"article\" \/>\n<meta property=\"og:title\" content=\"pistolas para el despacho de gasolina y aceite\" \/>\n<meta property=\"og:description\" content=\"Pistolas para despacho Serretecno encontrar\u00e1 pistolas para despacho dentro del&nbsp;equipo para lubricaci\u00f3n RAASM, totalmente equipadas para brindar la\" \/>\n<meta property=\"og:url\" content=\"https:\/\/serretecno.com.mx\/index.php\/pistolas-para-despacho\/\" \/>\n<meta property=\"og:site_name\" content=\"Serretecno\" \/>\n<meta property=\"article:modified_time\" content=\"2020-01-14T03:41:18+00:00\" \/>\n<meta property=\"og:image\" content=\"https:\/\/serretecno.com.mx\/wp-content\/uploads\/2020\/01\/pistola-1.png\" \/>\n<meta name=\"twitter:card\" content=\"summary_large_image\" \/>\n<meta name=\"twitter:label1\" content=\"Tiempo de lectura\" \/>\n\t<meta name=\"twitter:data1\" content=\"1 minuto\" \/>\n<script type=\"application\/ld+json\" class=\"yoast-schema-graph\">{\"@context\":\"https:\/\/schema.org\",\"@graph\":[{\"@type\":\"WebPage\",\"@id\":\"https:\/\/serretecno.com.mx\/index.php\/pistolas-para-despacho\/\",\"url\":\"https:\/\/serretecno.com.mx\/index.php\/pistolas-para-despacho\/\",\"name\":\"pistolas para el despacho de gasolina y aceite\",\"isPartOf\":{\"@id\":\"https:\/\/serretecno.com.mx\/#website\"},\"primaryImageOfPage\":{\"@id\":\"https:\/\/serretecno.com.mx\/index.php\/pistolas-para-despacho\/#primaryimage\"},\"image\":{\"@id\":\"https:\/\/serretecno.com.mx\/index.php\/pistolas-para-despacho\/#primaryimage\"},\"thumbnailUrl\":\"https:\/\/serretecno.com.mx\/wp-content\/uploads\/2020\/01\/pistola-1.png\",\"datePublished\":\"2020-01-10T20:03:53+00:00\",\"dateModified\":\"2020-01-14T03:41:18+00:00\",\"description\":\"Pistolas para despacho Serretecno encontrar\u00e1 pistolas para despacho dentro del&nbsp;equipo para lubricaci\u00f3n RAASM, totalmente equipadas para brindar la\",\"breadcrumb\":{\"@id\":\"https:\/\/serretecno.com.mx\/index.php\/pistolas-para-despacho\/#breadcrumb\"},\"inLanguage\":\"es\",\"potentialAction\":[{\"@type\":\"ReadAction\",\"target\":[\"https:\/\/serretecno.com.mx\/index.php\/pistolas-para-despacho\/\"]}]},{\"@type\":\"ImageObject\",\"inLanguage\":\"es\",\"@id\":\"https:\/\/serretecno.com.mx\/index.php\/pistolas-para-despacho\/#primaryimage\",\"url\":\"https:\/\/serretecno.com.mx\/wp-content\/uploads\/2020\/01\/pistola-1.png\",\"contentUrl\":\"https:\/\/serretecno.com.mx\/wp-content\/uploads\/2020\/01\/pistola-1.png\",\"width\":395,\"height\":286},{\"@type\":\"BreadcrumbList\",\"@id\":\"https:\/\/serretecno.com.mx\/index.php\/pistolas-para-despacho\/#breadcrumb\",\"itemListElement\":[{\"@type\":\"ListItem\",\"position\":1,\"name\":\"Home\",\"item\":\"https:\/\/serretecno.com.mx\/\"},{\"@type\":\"ListItem\",\"position\":2,\"name\":\"Pistolas para despacho\"}]},{\"@type\":\"WebSite\",\"@id\":\"https:\/\/serretecno.com.mx\/#website\",\"url\":\"https:\/\/serretecno.com.mx\/\",\"name\":\"Serretecno\",\"description\":\"Elevadores de auto\",\"publisher\":{\"@id\":\"https:\/\/serretecno.com.mx\/#organization\"},\"potentialAction\":[{\"@type\":\"SearchAction\",\"target\":{\"@type\":\"EntryPoint\",\"urlTemplate\":\"https:\/\/serretecno.com.mx\/?s={search_term_string}\"},\"query-input\":{\"@type\":\"PropertyValueSpecification\",\"valueRequired\":true,\"valueName\":\"search_term_string\"}}],\"inLanguage\":\"es\"},{\"@type\":\"Organization\",\"@id\":\"https:\/\/serretecno.com.mx\/#organization\",\"name\":\"Serretecno.com\",\"url\":\"https:\/\/serretecno.com.mx\/\",\"logo\":{\"@type\":\"ImageObject\",\"inLanguage\":\"es\",\"@id\":\"https:\/\/serretecno.com.mx\/#\/schema\/logo\/image\/\",\"url\":\"https:\/\/serretecno.com.mx\/wp-content\/uploads\/2020\/01\/cropped-logo-serretecno-1.jpg\",\"contentUrl\":\"https:\/\/serretecno.com.mx\/wp-content\/uploads\/2020\/01\/cropped-logo-serretecno-1.jpg\",\"width\":973,\"height\":169,\"caption\":\"Serretecno.com\"},\"image\":{\"@id\":\"https:\/\/serretecno.com.mx\/#\/schema\/logo\/image\/\"}}]}<\/script>\n<!-- \/ Yoast SEO plugin. -->","yoast_head_json":{"title":"pistolas para el despacho de gasolina y aceite","description":"Pistolas para despacho Serretecno encontrar\u00e1 pistolas para despacho dentro del&nbsp;equipo para lubricaci\u00f3n RAASM, totalmente equipadas para brindar la","robots":{"index":"index","follow":"follow","max-snippet":"max-snippet:-1","max-image-preview":"max-image-preview:large","max-video-preview":"max-video-preview:-1"},"canonical":"https:\/\/serretecno.com.mx\/index.php\/pistolas-para-despacho\/","og_locale":"es_ES","og_type":"article","og_title":"pistolas para el despacho de gasolina y aceite","og_description":"Pistolas para despacho Serretecno encontrar\u00e1 pistolas para despacho dentro del&nbsp;equipo para lubricaci\u00f3n RAASM, totalmente equipadas para brindar la","og_url":"https:\/\/serretecno.com.mx\/index.php\/pistolas-para-despacho\/","og_site_name":"Serretecno","article_modified_time":"2020-01-14T03:41:18+00:00","og_image":[{"url":"https:\/\/serretecno.com.mx\/wp-content\/uploads\/2020\/01\/pistola-1.png","type":"","width":"","height":""}],"twitter_card":"summary_large_image","twitter_misc":{"Tiempo de lectura":"1 minuto"},"schema":{"@context":"https:\/\/schema.org","@graph":[{"@type":"WebPage","@id":"https:\/\/serretecno.com.mx\/index.php\/pistolas-para-despacho\/","url":"https:\/\/serretecno.com.mx\/index.php\/pistolas-para-despacho\/","name":"pistolas para el despacho de gasolina y aceite","isPartOf":{"@id":"https:\/\/serretecno.com.mx\/#website"},"primaryImageOfPage":{"@id":"https:\/\/serretecno.com.mx\/index.php\/pistolas-para-despacho\/#primaryimage"},"image":{"@id":"https:\/\/serretecno.com.mx\/index.php\/pistolas-para-despacho\/#primaryimage"},"thumbnailUrl":"https:\/\/serretecno.com.mx\/wp-content\/uploads\/2020\/01\/pistola-1.png","datePublished":"2020-01-10T20:03:53+00:00","dateModified":"2020-01-14T03:41:18+00:00","description":"Pistolas para despacho Serretecno encontrar\u00e1 pistolas para despacho dentro del&nbsp;equipo para lubricaci\u00f3n RAASM, totalmente equipadas para brindar la","breadcrumb":{"@id":"https:\/\/serretecno.com.mx\/index.php\/pistolas-para-despacho\/#breadcrumb"},"inLanguage":"es","potentialAction":[{"@type":"ReadAction","target":["https:\/\/serretecno.com.mx\/index.php\/pistolas-para-despacho\/"]}]},{"@type":"ImageObject","inLanguage":"es","@id":"https:\/\/serretecno.com.mx\/index.php\/pistolas-para-despacho\/#primaryimage","url":"https:\/\/serretecno.com.mx\/wp-content\/uploads\/2020\/01\/pistola-1.png","contentUrl":"https:\/\/serretecno.com.mx\/wp-content\/uploads\/2020\/01\/pistola-1.png","width":395,"height":286},{"@type":"BreadcrumbList","@id":"https:\/\/serretecno.com.mx\/index.php\/pistolas-para-despacho\/#breadcrumb","itemListElement":[{"@type":"ListItem","position":1,"name":"Home","item":"https:\/\/serretecno.com.mx\/"},{"@type":"ListItem","position":2,"name":"Pistolas para despacho"}]},{"@type":"WebSite","@id":"https:\/\/serretecno.com.mx\/#website","url":"https:\/\/serretecno.com.mx\/","name":"Serretecno","description":"Elevadores de auto","publisher":{"@id":"https:\/\/serretecno.com.mx\/#organization"},"potentialAction":[{"@type":"SearchAction","target":{"@type":"EntryPoint","urlTemplate":"https:\/\/serretecno.com.mx\/?s={search_term_string}"},"query-input":{"@type":"PropertyValueSpecification","valueRequired":true,"valueName":"search_term_string"}}],"inLanguage":"es"},{"@type":"Organization","@id":"https:\/\/serretecno.com.mx\/#organization","name":"Serretecno.com","url":"https:\/\/serretecno.com.mx\/","logo":{"@type":"ImageObject","inLanguage":"es","@id":"https:\/\/serretecno.com.mx\/#\/schema\/logo\/image\/","url":"https:\/\/serretecno.com.mx\/wp-content\/uploads\/2020\/01\/cropped-logo-serretecno-1.jpg","contentUrl":"https:\/\/serretecno.com.mx\/wp-content\/uploads\/2020\/01\/cropped-logo-serretecno-1.jpg","width":973,"height":169,"caption":"Serretecno.com"},"image":{"@id":"https:\/\/serretecno.com.mx\/#\/schema\/logo\/image\/"}}]}},"_links":{"self":[{"href":"https:\/\/serretecno.com.mx\/index.php\/wp-json\/wp\/v2\/pages\/454","targetHints":{"allow":["GET"]}}],"collection":[{"href":"https:\/\/serretecno.com.mx\/index.php\/wp-json\/wp\/v2\/pages"}],"about":[{"href":"https:\/\/serretecno.com.mx\/index.php\/wp-json\/wp\/v2\/types\/page"}],"author":[{"embeddable":true,"href":"https:\/\/serretecno.com.mx\/index.php\/wp-json\/wp\/v2\/users\/2"}],"replies":[{"embeddable":true,"href":"https:\/\/serretecno.com.mx\/index.php\/wp-json\/wp\/v2\/comments?post=454"}],"version-history":[{"count":1,"href":"https:\/\/serretecno.com.mx\/index.php\/wp-json\/wp\/v2\/pages\/454\/revisions"}],"predecessor-version":[{"id":671,"href":"https:\/\/serretecno.com.mx\/index.php\/wp-json\/wp\/v2\/pages\/454\/revisions\/671"}],"wp:attachment":[{"href":"https:\/\/serretecno.com.mx\/index.php\/wp-json\/wp\/v2\/media?parent=454"}],"curies":[{"name":"wp","href":"https:\/\/api.w.org\/{rel}","templated":true}]}}