{"id":445,"date":"2020-01-10T18:59:08","date_gmt":"2020-01-10T18:59:08","guid":{"rendered":"https:\/\/serretecno.com.mx\/?page_id=445"},"modified":"2020-01-14T02:55:38","modified_gmt":"2020-01-14T02:55:38","slug":"como-seleccionar-la-bomba-adecuada","status":"publish","type":"page","link":"https:\/\/serretecno.com.mx\/index.php\/como-seleccionar-la-bomba-adecuada\/","title":{"rendered":"Como seleccionar la bomba adecuada"},"content":{"rendered":"\t\t<div data-elementor-type=\"wp-page\" data-elementor-id=\"445\" class=\"elementor elementor-445\">\n\t\t\t\t\t\t<section class=\"elementor-section elementor-top-section elementor-element elementor-element-2975e1f elementor-section-boxed elementor-section-height-default elementor-section-height-default\" data-id=\"2975e1f\" data-element_type=\"section\">\n\t\t\t\t\t\t<div class=\"elementor-container elementor-column-gap-default\">\n\t\t\t\t\t<div class=\"elementor-column elementor-col-100 elementor-top-column elementor-element elementor-element-14f4fb4\" data-id=\"14f4fb4\" data-element_type=\"column\">\n\t\t\t<div class=\"elementor-widget-wrap elementor-element-populated\">\n\t\t\t\t\t\t<div class=\"elementor-element elementor-element-94c31b5 elementor-widget elementor-widget-heading\" data-id=\"94c31b5\" data-element_type=\"widget\" data-widget_type=\"heading.default\">\n\t\t\t\t<div class=\"elementor-widget-container\">\n\t\t\t\t\t<h1 class=\"elementor-heading-title elementor-size-default\">Como seleccionar la bomba adecuada<\/h1>\t\t\t\t<\/div>\n\t\t\t\t<\/div>\n\t\t\t\t<section class=\"elementor-section elementor-inner-section elementor-element elementor-element-98ccd03 elementor-section-boxed elementor-section-height-default elementor-section-height-default\" data-id=\"98ccd03\" data-element_type=\"section\">\n\t\t\t\t\t\t<div class=\"elementor-container elementor-column-gap-default\">\n\t\t\t\t\t<div class=\"elementor-column elementor-col-100 elementor-inner-column elementor-element elementor-element-6044a8d\" data-id=\"6044a8d\" data-element_type=\"column\">\n\t\t\t<div class=\"elementor-widget-wrap elementor-element-populated\">\n\t\t\t\t\t\t<div class=\"elementor-element elementor-element-4049297 elementor-widget elementor-widget-text-editor\" data-id=\"4049297\" data-element_type=\"widget\" data-widget_type=\"text-editor.default\">\n\t\t\t\t<div class=\"elementor-widget-container\">\n\t\t\t\t\t\t\t\t\t<p>\u00bfC\u00f3mo seleccionar la bomba adecuada?<\/p><p>En Serretecno contamos con la marca\u00a0<strong>RAASM<\/strong>\u00a0que ofrece distintas series de bombas con utilidades espec\u00edficas.<\/p><p>Para saber como seleccionar la bomba adecuada, primero debemos saber el funcionamiento de las bombas simples y de las bombas dobles.<\/p><p>\u00a0<\/p><p><strong>*Bomba de simple efecto:<\/strong>\u00a0El producto bombeado sale durante uno de los dos movimientos del pist\u00f3n que constituye un ciclo de bombeo.<\/p><p><strong>*Bomba de doble efecto:<\/strong>\u00a0Se suministra el fluido en modo regular y constante (en ambos movimientos alternados).<\/p><p>\u00a0<\/p><p>Para saber como seleccionar la bomba adecuada es importante tener en consideraci\u00f3n los siguientes elementos b\u00e1sicos:<\/p><p>1.- Tipo de fluido a suministrar<\/p><p>2.- Densidad o viscosidad del fluido<\/p><p>3.- Cantidad de fluido a suministrar<\/p><p>4.- Distancia entre bomba y punto de uso<\/p><p>5.- Presi\u00f3n del fluido por tipo de uso<\/p><p>\u00a0<\/p><p>Adem\u00e1s de proponer varias series de bombas, ponemos a su disposici\u00f3n un kit con accesorios en varias configuraciones seg\u00fan sus necesidades.\u00a0Los kit son configurados con base en la dimensi\u00f3n de los bidones y a su empleo: dep\u00f3sito o cisterna, murales o a bid\u00f3n, con cuenta litros o sin \u00e9l, entre otros.<\/p><p>La aplicaci\u00f3n de las bombas en las instalaciones fijas necesita mayor atenci\u00f3n, no solamente para la elecci\u00f3n de la bomba sino tambi\u00e9n para el proyecto de la instalaci\u00f3n y la combinaci\u00f3n de todos los accesorios.<\/p>\t\t\t\t\t\t\t\t<\/div>\n\t\t\t\t<\/div>\n\t\t\t\t<div class=\"elementor-element elementor-element-9867758 elementor-widget elementor-widget-image\" data-id=\"9867758\" data-element_type=\"widget\" data-widget_type=\"image.default\">\n\t\t\t\t<div class=\"elementor-widget-container\">\n\t\t\t\t\t\t\t\t\t\t\t\t\t\t\t<img fetchpriority=\"high\" decoding=\"async\" width=\"1024\" height=\"614\" src=\"https:\/\/serretecno.com.mx\/wp-content\/uploads\/2020\/01\/tabla-2-1024x614.jpg\" class=\"attachment-large size-large wp-image-448\" alt=\"\" srcset=\"https:\/\/serretecno.com.mx\/wp-content\/uploads\/2020\/01\/tabla-2-1024x614.jpg 1024w, https:\/\/serretecno.com.mx\/wp-content\/uploads\/2020\/01\/tabla-2-300x180.jpg 300w, https:\/\/serretecno.com.mx\/wp-content\/uploads\/2020\/01\/tabla-2-768x461.jpg 768w, https:\/\/serretecno.com.mx\/wp-content\/uploads\/2020\/01\/tabla-2.jpg 1125w\" sizes=\"(max-width: 1024px) 100vw, 1024px\" \/>\t\t\t\t\t\t\t\t\t\t\t\t\t\t\t<\/div>\n\t\t\t\t<\/div>\n\t\t\t\t\t<\/div>\n\t\t<\/div>\n\t\t\t\t\t<\/div>\n\t\t<\/section>\n\t\t\t\t\t<\/div>\n\t\t<\/div>\n\t\t\t\t\t<\/div>\n\t\t<\/section>\n\t\t\t\t<\/div>\n\t\t","protected":false},"excerpt":{"rendered":"<p>Como seleccionar la bomba adecuada \u00bfC\u00f3mo seleccionar la bomba adecuada? En Serretecno contamos con la marca&nbsp;RAASM&nbsp;que ofrece distintas series de bombas con utilidades espec\u00edficas. Para saber como seleccionar la bomba adecuada, primero debemos saber el funcionamiento de las bombas simples y de las bombas dobles. *Bomba de simple efecto:&nbsp;El producto bombeado sale durante uno de [&hellip;]<\/p>\n","protected":false},"author":2,"featured_media":0,"parent":0,"menu_order":0,"comment_status":"closed","ping_status":"closed","template":"","meta":{"_exactmetrics_skip_tracking":false,"_exactmetrics_sitenote_active":false,"_exactmetrics_sitenote_note":"","_exactmetrics_sitenote_category":0,"_uf_show_specific_survey":0,"_uf_disable_surveys":false,"site-sidebar-layout":"no-sidebar","site-content-layout":"page-builder","ast-site-content-layout":"default","site-content-style":"default","site-sidebar-style":"default","ast-global-header-display":"","ast-banner-title-visibility":"","ast-main-header-display":"","ast-hfb-above-header-display":"","ast-hfb-below-header-display":"","ast-hfb-mobile-header-display":"","site-post-title":"disabled","ast-breadcrumbs-content":"","ast-featured-img":"disabled","footer-sml-layout":"","theme-transparent-header-meta":"default","adv-header-id-meta":"","stick-header-meta":"","header-above-stick-meta":"","header-main-stick-meta":"","header-below-stick-meta":"","astra-migrate-meta-layouts":"default","ast-page-background-enabled":"default","ast-page-background-meta":{"desktop":{"background-color":"","background-image":"","background-repeat":"repeat","background-position":"center center","background-size":"auto","background-attachment":"scroll","background-type":"","background-media":"","overlay-type":"","overlay-color":"","overlay-opacity":"","overlay-gradient":""},"tablet":{"background-color":"","background-image":"","background-repeat":"repeat","background-position":"center center","background-size":"auto","background-attachment":"scroll","background-type":"","background-media":"","overlay-type":"","overlay-color":"","overlay-opacity":"","overlay-gradient":""},"mobile":{"background-color":"","background-image":"","background-repeat":"repeat","background-position":"center center","background-size":"auto","background-attachment":"scroll","background-type":"","background-media":"","overlay-type":"","overlay-color":"","overlay-opacity":"","overlay-gradient":""}},"ast-content-background-meta":{"desktop":{"background-color":"var(--ast-global-color-5)","background-image":"","background-repeat":"repeat","background-position":"center center","background-size":"auto","background-attachment":"scroll","background-type":"","background-media":"","overlay-type":"","overlay-color":"","overlay-opacity":"","overlay-gradient":""},"tablet":{"background-color":"var(--ast-global-color-5)","background-image":"","background-repeat":"repeat","background-position":"center center","background-size":"auto","background-attachment":"scroll","background-type":"","background-media":"","overlay-type":"","overlay-color":"","overlay-opacity":"","overlay-gradient":""},"mobile":{"background-color":"var(--ast-global-color-5)","background-image":"","background-repeat":"repeat","background-position":"center center","background-size":"auto","background-attachment":"scroll","background-type":"","background-media":"","overlay-type":"","overlay-color":"","overlay-opacity":"","overlay-gradient":""}},"_joinchat":[],"footnotes":""},"class_list":["post-445","page","type-page","status-publish","hentry"],"yoast_head":"<!-- This site is optimized with the Yoast SEO plugin v25.4 - https:\/\/yoast.com\/wordpress\/plugins\/seo\/ -->\n<title>como seleccionar la bomba que necesita<\/title>\n<meta name=\"description\" content=\"Como seleccionar la bomba adecuada \u00bfC\u00f3mo seleccionar la bomba adecuada? En Serretecno contamos con la marca&nbsp;RAASM&nbsp;que ofrece distintas series de\" \/>\n<meta name=\"robots\" content=\"index, follow, max-snippet:-1, max-image-preview:large, max-video-preview:-1\" \/>\n<link rel=\"canonical\" href=\"https:\/\/serretecno.com.mx\/index.php\/como-seleccionar-la-bomba-adecuada\/\" \/>\n<meta property=\"og:locale\" content=\"es_ES\" \/>\n<meta property=\"og:type\" content=\"article\" \/>\n<meta property=\"og:title\" content=\"como seleccionar la bomba que necesita\" \/>\n<meta property=\"og:description\" content=\"Como seleccionar la bomba adecuada \u00bfC\u00f3mo seleccionar la bomba adecuada? En Serretecno contamos con la marca&nbsp;RAASM&nbsp;que ofrece distintas series de\" \/>\n<meta property=\"og:url\" content=\"https:\/\/serretecno.com.mx\/index.php\/como-seleccionar-la-bomba-adecuada\/\" \/>\n<meta property=\"og:site_name\" content=\"Serretecno\" \/>\n<meta property=\"article:modified_time\" content=\"2020-01-14T02:55:38+00:00\" \/>\n<meta property=\"og:image\" content=\"https:\/\/serretecno.com.mx\/wp-content\/uploads\/2020\/01\/tabla-2-1024x614.jpg\" \/>\n<meta name=\"twitter:card\" content=\"summary_large_image\" \/>\n<meta name=\"twitter:label1\" content=\"Tiempo de lectura\" \/>\n\t<meta name=\"twitter:data1\" content=\"1 minuto\" \/>\n<script type=\"application\/ld+json\" class=\"yoast-schema-graph\">{\"@context\":\"https:\/\/schema.org\",\"@graph\":[{\"@type\":\"WebPage\",\"@id\":\"https:\/\/serretecno.com.mx\/index.php\/como-seleccionar-la-bomba-adecuada\/\",\"url\":\"https:\/\/serretecno.com.mx\/index.php\/como-seleccionar-la-bomba-adecuada\/\",\"name\":\"como seleccionar la bomba que necesita\",\"isPartOf\":{\"@id\":\"https:\/\/serretecno.com.mx\/#website\"},\"primaryImageOfPage\":{\"@id\":\"https:\/\/serretecno.com.mx\/index.php\/como-seleccionar-la-bomba-adecuada\/#primaryimage\"},\"image\":{\"@id\":\"https:\/\/serretecno.com.mx\/index.php\/como-seleccionar-la-bomba-adecuada\/#primaryimage\"},\"thumbnailUrl\":\"https:\/\/serretecno.com.mx\/wp-content\/uploads\/2020\/01\/tabla-2-1024x614.jpg\",\"datePublished\":\"2020-01-10T18:59:08+00:00\",\"dateModified\":\"2020-01-14T02:55:38+00:00\",\"description\":\"Como seleccionar la bomba adecuada \u00bfC\u00f3mo seleccionar la bomba adecuada? En Serretecno contamos con la marca&nbsp;RAASM&nbsp;que ofrece distintas series de\",\"breadcrumb\":{\"@id\":\"https:\/\/serretecno.com.mx\/index.php\/como-seleccionar-la-bomba-adecuada\/#breadcrumb\"},\"inLanguage\":\"es\",\"potentialAction\":[{\"@type\":\"ReadAction\",\"target\":[\"https:\/\/serretecno.com.mx\/index.php\/como-seleccionar-la-bomba-adecuada\/\"]}]},{\"@type\":\"ImageObject\",\"inLanguage\":\"es\",\"@id\":\"https:\/\/serretecno.com.mx\/index.php\/como-seleccionar-la-bomba-adecuada\/#primaryimage\",\"url\":\"https:\/\/serretecno.com.mx\/wp-content\/uploads\/2020\/01\/tabla-2.jpg\",\"contentUrl\":\"https:\/\/serretecno.com.mx\/wp-content\/uploads\/2020\/01\/tabla-2.jpg\",\"width\":1125,\"height\":675},{\"@type\":\"BreadcrumbList\",\"@id\":\"https:\/\/serretecno.com.mx\/index.php\/como-seleccionar-la-bomba-adecuada\/#breadcrumb\",\"itemListElement\":[{\"@type\":\"ListItem\",\"position\":1,\"name\":\"Home\",\"item\":\"https:\/\/serretecno.com.mx\/\"},{\"@type\":\"ListItem\",\"position\":2,\"name\":\"Como seleccionar la bomba adecuada\"}]},{\"@type\":\"WebSite\",\"@id\":\"https:\/\/serretecno.com.mx\/#website\",\"url\":\"https:\/\/serretecno.com.mx\/\",\"name\":\"Serretecno\",\"description\":\"Elevadores de auto\",\"publisher\":{\"@id\":\"https:\/\/serretecno.com.mx\/#organization\"},\"potentialAction\":[{\"@type\":\"SearchAction\",\"target\":{\"@type\":\"EntryPoint\",\"urlTemplate\":\"https:\/\/serretecno.com.mx\/?s={search_term_string}\"},\"query-input\":{\"@type\":\"PropertyValueSpecification\",\"valueRequired\":true,\"valueName\":\"search_term_string\"}}],\"inLanguage\":\"es\"},{\"@type\":\"Organization\",\"@id\":\"https:\/\/serretecno.com.mx\/#organization\",\"name\":\"Serretecno.com\",\"url\":\"https:\/\/serretecno.com.mx\/\",\"logo\":{\"@type\":\"ImageObject\",\"inLanguage\":\"es\",\"@id\":\"https:\/\/serretecno.com.mx\/#\/schema\/logo\/image\/\",\"url\":\"https:\/\/serretecno.com.mx\/wp-content\/uploads\/2020\/01\/cropped-logo-serretecno-1.jpg\",\"contentUrl\":\"https:\/\/serretecno.com.mx\/wp-content\/uploads\/2020\/01\/cropped-logo-serretecno-1.jpg\",\"width\":973,\"height\":169,\"caption\":\"Serretecno.com\"},\"image\":{\"@id\":\"https:\/\/serretecno.com.mx\/#\/schema\/logo\/image\/\"}}]}<\/script>\n<!-- \/ Yoast SEO plugin. -->","yoast_head_json":{"title":"como seleccionar la bomba que necesita","description":"Como seleccionar la bomba adecuada \u00bfC\u00f3mo seleccionar la bomba adecuada? En Serretecno contamos con la marca&nbsp;RAASM&nbsp;que ofrece distintas series de","robots":{"index":"index","follow":"follow","max-snippet":"max-snippet:-1","max-image-preview":"max-image-preview:large","max-video-preview":"max-video-preview:-1"},"canonical":"https:\/\/serretecno.com.mx\/index.php\/como-seleccionar-la-bomba-adecuada\/","og_locale":"es_ES","og_type":"article","og_title":"como seleccionar la bomba que necesita","og_description":"Como seleccionar la bomba adecuada \u00bfC\u00f3mo seleccionar la bomba adecuada? En Serretecno contamos con la marca&nbsp;RAASM&nbsp;que ofrece distintas series de","og_url":"https:\/\/serretecno.com.mx\/index.php\/como-seleccionar-la-bomba-adecuada\/","og_site_name":"Serretecno","article_modified_time":"2020-01-14T02:55:38+00:00","og_image":[{"url":"https:\/\/serretecno.com.mx\/wp-content\/uploads\/2020\/01\/tabla-2-1024x614.jpg","type":"","width":"","height":""}],"twitter_card":"summary_large_image","twitter_misc":{"Tiempo de lectura":"1 minuto"},"schema":{"@context":"https:\/\/schema.org","@graph":[{"@type":"WebPage","@id":"https:\/\/serretecno.com.mx\/index.php\/como-seleccionar-la-bomba-adecuada\/","url":"https:\/\/serretecno.com.mx\/index.php\/como-seleccionar-la-bomba-adecuada\/","name":"como seleccionar la bomba que necesita","isPartOf":{"@id":"https:\/\/serretecno.com.mx\/#website"},"primaryImageOfPage":{"@id":"https:\/\/serretecno.com.mx\/index.php\/como-seleccionar-la-bomba-adecuada\/#primaryimage"},"image":{"@id":"https:\/\/serretecno.com.mx\/index.php\/como-seleccionar-la-bomba-adecuada\/#primaryimage"},"thumbnailUrl":"https:\/\/serretecno.com.mx\/wp-content\/uploads\/2020\/01\/tabla-2-1024x614.jpg","datePublished":"2020-01-10T18:59:08+00:00","dateModified":"2020-01-14T02:55:38+00:00","description":"Como seleccionar la bomba adecuada \u00bfC\u00f3mo seleccionar la bomba adecuada? En Serretecno contamos con la marca&nbsp;RAASM&nbsp;que ofrece distintas series de","breadcrumb":{"@id":"https:\/\/serretecno.com.mx\/index.php\/como-seleccionar-la-bomba-adecuada\/#breadcrumb"},"inLanguage":"es","potentialAction":[{"@type":"ReadAction","target":["https:\/\/serretecno.com.mx\/index.php\/como-seleccionar-la-bomba-adecuada\/"]}]},{"@type":"ImageObject","inLanguage":"es","@id":"https:\/\/serretecno.com.mx\/index.php\/como-seleccionar-la-bomba-adecuada\/#primaryimage","url":"https:\/\/serretecno.com.mx\/wp-content\/uploads\/2020\/01\/tabla-2.jpg","contentUrl":"https:\/\/serretecno.com.mx\/wp-content\/uploads\/2020\/01\/tabla-2.jpg","width":1125,"height":675},{"@type":"BreadcrumbList","@id":"https:\/\/serretecno.com.mx\/index.php\/como-seleccionar-la-bomba-adecuada\/#breadcrumb","itemListElement":[{"@type":"ListItem","position":1,"name":"Home","item":"https:\/\/serretecno.com.mx\/"},{"@type":"ListItem","position":2,"name":"Como seleccionar la bomba adecuada"}]},{"@type":"WebSite","@id":"https:\/\/serretecno.com.mx\/#website","url":"https:\/\/serretecno.com.mx\/","name":"Serretecno","description":"Elevadores de auto","publisher":{"@id":"https:\/\/serretecno.com.mx\/#organization"},"potentialAction":[{"@type":"SearchAction","target":{"@type":"EntryPoint","urlTemplate":"https:\/\/serretecno.com.mx\/?s={search_term_string}"},"query-input":{"@type":"PropertyValueSpecification","valueRequired":true,"valueName":"search_term_string"}}],"inLanguage":"es"},{"@type":"Organization","@id":"https:\/\/serretecno.com.mx\/#organization","name":"Serretecno.com","url":"https:\/\/serretecno.com.mx\/","logo":{"@type":"ImageObject","inLanguage":"es","@id":"https:\/\/serretecno.com.mx\/#\/schema\/logo\/image\/","url":"https:\/\/serretecno.com.mx\/wp-content\/uploads\/2020\/01\/cropped-logo-serretecno-1.jpg","contentUrl":"https:\/\/serretecno.com.mx\/wp-content\/uploads\/2020\/01\/cropped-logo-serretecno-1.jpg","width":973,"height":169,"caption":"Serretecno.com"},"image":{"@id":"https:\/\/serretecno.com.mx\/#\/schema\/logo\/image\/"}}]}},"_links":{"self":[{"href":"https:\/\/serretecno.com.mx\/index.php\/wp-json\/wp\/v2\/pages\/445","targetHints":{"allow":["GET"]}}],"collection":[{"href":"https:\/\/serretecno.com.mx\/index.php\/wp-json\/wp\/v2\/pages"}],"about":[{"href":"https:\/\/serretecno.com.mx\/index.php\/wp-json\/wp\/v2\/types\/page"}],"author":[{"embeddable":true,"href":"https:\/\/serretecno.com.mx\/index.php\/wp-json\/wp\/v2\/users\/2"}],"replies":[{"embeddable":true,"href":"https:\/\/serretecno.com.mx\/index.php\/wp-json\/wp\/v2\/comments?post=445"}],"version-history":[{"count":1,"href":"https:\/\/serretecno.com.mx\/index.php\/wp-json\/wp\/v2\/pages\/445\/revisions"}],"predecessor-version":[{"id":613,"href":"https:\/\/serretecno.com.mx\/index.php\/wp-json\/wp\/v2\/pages\/445\/revisions\/613"}],"wp:attachment":[{"href":"https:\/\/serretecno.com.mx\/index.php\/wp-json\/wp\/v2\/media?parent=445"}],"curies":[{"name":"wp","href":"https:\/\/api.w.org\/{rel}","templated":true}]}}