{"id":441,"date":"2020-01-10T18:16:10","date_gmt":"2020-01-10T18:16:10","guid":{"rendered":"https:\/\/serretecno.com.mx\/?page_id=441"},"modified":"2020-01-14T02:54:25","modified_gmt":"2020-01-14T02:54:25","slug":"aspiroil","status":"publish","type":"page","link":"https:\/\/serretecno.com.mx\/index.php\/aspiroil\/","title":{"rendered":"Aspiroil"},"content":{"rendered":"\t\t<div data-elementor-type=\"wp-page\" data-elementor-id=\"441\" class=\"elementor elementor-441\">\n\t\t\t\t\t\t<section class=\"elementor-section elementor-top-section elementor-element elementor-element-0494ea8 elementor-section-boxed elementor-section-height-default elementor-section-height-default\" data-id=\"0494ea8\" data-element_type=\"section\">\n\t\t\t\t\t\t<div class=\"elementor-container elementor-column-gap-default\">\n\t\t\t\t\t<div class=\"elementor-column elementor-col-100 elementor-top-column elementor-element elementor-element-65c4e3b\" data-id=\"65c4e3b\" data-element_type=\"column\">\n\t\t\t<div class=\"elementor-widget-wrap elementor-element-populated\">\n\t\t\t\t\t\t<div class=\"elementor-element elementor-element-7ac37e3 elementor-widget elementor-widget-heading\" data-id=\"7ac37e3\" data-element_type=\"widget\" data-widget_type=\"heading.default\">\n\t\t\t\t<div class=\"elementor-widget-container\">\n\t\t\t\t\t<h1 class=\"elementor-heading-title elementor-size-default\">Aspiroil<\/h1>\t\t\t\t<\/div>\n\t\t\t\t<\/div>\n\t\t\t\t<div class=\"elementor-element elementor-element-5d195c2 elementor-widget elementor-widget-image\" data-id=\"5d195c2\" data-element_type=\"widget\" data-widget_type=\"image.default\">\n\t\t\t\t<div class=\"elementor-widget-container\">\n\t\t\t\t\t\t\t\t\t\t\t\t\t\t\t<img fetchpriority=\"high\" decoding=\"async\" width=\"1024\" height=\"712\" src=\"https:\/\/serretecno.com.mx\/wp-content\/uploads\/2020\/01\/rj4rnc-1.jpg\" class=\"attachment-large size-large wp-image-443\" alt=\"\" srcset=\"https:\/\/serretecno.com.mx\/wp-content\/uploads\/2020\/01\/rj4rnc-1.jpg 1024w, https:\/\/serretecno.com.mx\/wp-content\/uploads\/2020\/01\/rj4rnc-1-300x209.jpg 300w, https:\/\/serretecno.com.mx\/wp-content\/uploads\/2020\/01\/rj4rnc-1-768x534.jpg 768w\" sizes=\"(max-width: 1024px) 100vw, 1024px\" \/>\t\t\t\t\t\t\t\t\t\t\t\t\t\t\t<\/div>\n\t\t\t\t<\/div>\n\t\t\t\t<section class=\"elementor-section elementor-inner-section elementor-element elementor-element-a59b0b7 elementor-section-boxed elementor-section-height-default elementor-section-height-default\" data-id=\"a59b0b7\" data-element_type=\"section\">\n\t\t\t\t\t\t<div class=\"elementor-container elementor-column-gap-default\">\n\t\t\t\t\t<div class=\"elementor-column elementor-col-100 elementor-inner-column elementor-element elementor-element-8e3f54a\" data-id=\"8e3f54a\" data-element_type=\"column\">\n\t\t\t<div class=\"elementor-widget-wrap elementor-element-populated\">\n\t\t\t\t\t\t<div class=\"elementor-element elementor-element-3fc33e2 elementor-widget elementor-widget-text-editor\" data-id=\"3fc33e2\" data-element_type=\"widget\" data-widget_type=\"text-editor.default\">\n\t\t\t\t<div class=\"elementor-widget-container\">\n\t\t\t\t\t\t\t\t\t<p style=\"font-weight: 400;\"><b><strong>Aspiroil<\/strong><\/b>,\u00a0 innovadora soluci\u00f3n para recuperar el aceite de motor por ca\u00edda, cambio o diferencial de todos los veh\u00edculos colocados en una rampa automotriz o foso.<\/p><p style=\"font-weight: 400;\">El\u00a0Aspiroil cuenta con una bandeja de capacidad de 13 litros, montada centralmente y puede ser regulable en altura y posici\u00f3n, gracias a la articulaci\u00f3n giratoria sobre la cual es aplicada.<\/p><p style=\"font-weight: 400;\">Caracter\u00edsticas principales de\u00a0Aspiroil:<\/p><p style=\"font-weight: 400;\"><strong>Econ\u00f3mico<\/strong>: No tiene que ser conectado continuamente a ninguna fuente de energ\u00eda el\u00e9ctrica o neum\u00e1tica.<\/p><p style=\"font-weight: 400;\"><strong>Pr\u00e1ctico<\/strong>: Para ser utilizado no se requieren puentes elevadores o fosos. La aspiraci\u00f3n se hace mientras el aceite est\u00e1 caliente para evitar el dep\u00f3sito de residuos en el fondo del c\u00e1rter del aceite, manteniendo de este modo el motor m\u00e1s limpio y duradero.<\/p><p style=\"font-weight: 400;\">El indicador de nivel y la antec\u00e1mara transparente permiten un control inmediato de la calidad\u00a0 y cantidad del aceite aspirado.<\/p><p style=\"font-weight: 400;\"><strong>R\u00e1pido<\/strong>: En pocos minutos se conecta la sonda aspirante al motor y se realiza la aspiraci\u00f3n del aceite.<\/p><p style=\"font-weight: 400;\">Es simple de usar ya que todas las operaciones se producen a trav\u00e9s del orificio de la varillita del motor, eliminando se esta forma las extracciones del tap\u00f3n.<\/p><p style=\"font-weight: 400;\"><strong>Ecol\u00f3gico<\/strong>: El operador no se ensucia y no se quema durante las operaciones, debido a que no hay contacto con el aceite.<\/p><p style=\"font-weight: 400;\">El Aspiroil est\u00e1 en sinton\u00eda con las normas vigentes con relaci\u00f3n a la gesti\u00f3n de aceites usados, debido a que la recuperaci\u00f3n es pr\u00e1ctica y limpia.<\/p><p>\u00a0<\/p>\t\t\t\t\t\t\t\t<\/div>\n\t\t\t\t<\/div>\n\t\t\t\t\t<\/div>\n\t\t<\/div>\n\t\t\t\t\t<\/div>\n\t\t<\/section>\n\t\t\t\t\t<\/div>\n\t\t<\/div>\n\t\t\t\t\t<\/div>\n\t\t<\/section>\n\t\t\t\t<\/div>\n\t\t","protected":false},"excerpt":{"rendered":"<p>Aspiroil Aspiroil,&nbsp; innovadora soluci\u00f3n para recuperar el aceite de motor por ca\u00edda, cambio o diferencial de todos los veh\u00edculos colocados en una rampa automotriz o foso. El&nbsp;Aspiroil cuenta con una bandeja de capacidad de 13 litros, montada centralmente y puede ser regulable en altura y posici\u00f3n, gracias a la articulaci\u00f3n giratoria sobre la cual es [&hellip;]<\/p>\n","protected":false},"author":2,"featured_media":0,"parent":0,"menu_order":0,"comment_status":"closed","ping_status":"closed","template":"","meta":{"_exactmetrics_skip_tracking":false,"_exactmetrics_sitenote_active":false,"_exactmetrics_sitenote_note":"","_exactmetrics_sitenote_category":0,"_uf_show_specific_survey":0,"_uf_disable_surveys":false,"site-sidebar-layout":"no-sidebar","site-content-layout":"page-builder","ast-site-content-layout":"default","site-content-style":"default","site-sidebar-style":"default","ast-global-header-display":"","ast-banner-title-visibility":"","ast-main-header-display":"","ast-hfb-above-header-display":"","ast-hfb-below-header-display":"","ast-hfb-mobile-header-display":"","site-post-title":"disabled","ast-breadcrumbs-content":"","ast-featured-img":"disabled","footer-sml-layout":"","theme-transparent-header-meta":"default","adv-header-id-meta":"","stick-header-meta":"","header-above-stick-meta":"","header-main-stick-meta":"","header-below-stick-meta":"","astra-migrate-meta-layouts":"default","ast-page-background-enabled":"default","ast-page-background-meta":{"desktop":{"background-color":"","background-image":"","background-repeat":"repeat","background-position":"center center","background-size":"auto","background-attachment":"scroll","background-type":"","background-media":"","overlay-type":"","overlay-color":"","overlay-opacity":"","overlay-gradient":""},"tablet":{"background-color":"","background-image":"","background-repeat":"repeat","background-position":"center center","background-size":"auto","background-attachment":"scroll","background-type":"","background-media":"","overlay-type":"","overlay-color":"","overlay-opacity":"","overlay-gradient":""},"mobile":{"background-color":"","background-image":"","background-repeat":"repeat","background-position":"center center","background-size":"auto","background-attachment":"scroll","background-type":"","background-media":"","overlay-type":"","overlay-color":"","overlay-opacity":"","overlay-gradient":""}},"ast-content-background-meta":{"desktop":{"background-color":"var(--ast-global-color-5)","background-image":"","background-repeat":"repeat","background-position":"center center","background-size":"auto","background-attachment":"scroll","background-type":"","background-media":"","overlay-type":"","overlay-color":"","overlay-opacity":"","overlay-gradient":""},"tablet":{"background-color":"var(--ast-global-color-5)","background-image":"","background-repeat":"repeat","background-position":"center center","background-size":"auto","background-attachment":"scroll","background-type":"","background-media":"","overlay-type":"","overlay-color":"","overlay-opacity":"","overlay-gradient":""},"mobile":{"background-color":"var(--ast-global-color-5)","background-image":"","background-repeat":"repeat","background-position":"center center","background-size":"auto","background-attachment":"scroll","background-type":"","background-media":"","overlay-type":"","overlay-color":"","overlay-opacity":"","overlay-gradient":""}},"_joinchat":[],"footnotes":""},"class_list":["post-441","page","type-page","status-publish","hentry"],"yoast_head":"<!-- This site is optimized with the Yoast SEO plugin v25.4 - https:\/\/yoast.com\/wordpress\/plugins\/seo\/ -->\n<title>aspiroil<\/title>\n<meta name=\"description\" content=\"Aspiroil Aspiroil,&nbsp; innovadora soluci\u00f3n para recuperar el aceite de motor por ca\u00edda, cambio o diferencial de todos los veh\u00edculos colocados en una\" \/>\n<meta name=\"robots\" content=\"index, follow, max-snippet:-1, max-image-preview:large, max-video-preview:-1\" \/>\n<link rel=\"canonical\" href=\"https:\/\/serretecno.com.mx\/index.php\/aspiroil\/\" \/>\n<meta property=\"og:locale\" content=\"es_ES\" \/>\n<meta property=\"og:type\" content=\"article\" \/>\n<meta property=\"og:title\" content=\"aspiroil\" \/>\n<meta property=\"og:description\" content=\"Aspiroil Aspiroil,&nbsp; innovadora soluci\u00f3n para recuperar el aceite de motor por ca\u00edda, cambio o diferencial de todos los veh\u00edculos colocados en una\" \/>\n<meta property=\"og:url\" content=\"https:\/\/serretecno.com.mx\/index.php\/aspiroil\/\" \/>\n<meta property=\"og:site_name\" content=\"Serretecno\" \/>\n<meta property=\"article:modified_time\" content=\"2020-01-14T02:54:25+00:00\" \/>\n<meta property=\"og:image\" content=\"https:\/\/serretecno.com.mx\/wp-content\/uploads\/2020\/01\/rj4rnc-1.jpg\" \/>\n<meta name=\"twitter:card\" content=\"summary_large_image\" \/>\n<meta name=\"twitter:label1\" content=\"Tiempo de lectura\" \/>\n\t<meta name=\"twitter:data1\" content=\"1 minuto\" \/>\n<script type=\"application\/ld+json\" class=\"yoast-schema-graph\">{\"@context\":\"https:\/\/schema.org\",\"@graph\":[{\"@type\":\"WebPage\",\"@id\":\"https:\/\/serretecno.com.mx\/index.php\/aspiroil\/\",\"url\":\"https:\/\/serretecno.com.mx\/index.php\/aspiroil\/\",\"name\":\"aspiroil\",\"isPartOf\":{\"@id\":\"https:\/\/serretecno.com.mx\/#website\"},\"primaryImageOfPage\":{\"@id\":\"https:\/\/serretecno.com.mx\/index.php\/aspiroil\/#primaryimage\"},\"image\":{\"@id\":\"https:\/\/serretecno.com.mx\/index.php\/aspiroil\/#primaryimage\"},\"thumbnailUrl\":\"https:\/\/serretecno.com.mx\/wp-content\/uploads\/2020\/01\/rj4rnc-1.jpg\",\"datePublished\":\"2020-01-10T18:16:10+00:00\",\"dateModified\":\"2020-01-14T02:54:25+00:00\",\"description\":\"Aspiroil Aspiroil,&nbsp; innovadora soluci\u00f3n para recuperar el aceite de motor por ca\u00edda, cambio o diferencial de todos los veh\u00edculos colocados en una\",\"breadcrumb\":{\"@id\":\"https:\/\/serretecno.com.mx\/index.php\/aspiroil\/#breadcrumb\"},\"inLanguage\":\"es\",\"potentialAction\":[{\"@type\":\"ReadAction\",\"target\":[\"https:\/\/serretecno.com.mx\/index.php\/aspiroil\/\"]}]},{\"@type\":\"ImageObject\",\"inLanguage\":\"es\",\"@id\":\"https:\/\/serretecno.com.mx\/index.php\/aspiroil\/#primaryimage\",\"url\":\"https:\/\/serretecno.com.mx\/wp-content\/uploads\/2020\/01\/rj4rnc-1.jpg\",\"contentUrl\":\"https:\/\/serretecno.com.mx\/wp-content\/uploads\/2020\/01\/rj4rnc-1.jpg\",\"width\":1024,\"height\":712},{\"@type\":\"BreadcrumbList\",\"@id\":\"https:\/\/serretecno.com.mx\/index.php\/aspiroil\/#breadcrumb\",\"itemListElement\":[{\"@type\":\"ListItem\",\"position\":1,\"name\":\"Home\",\"item\":\"https:\/\/serretecno.com.mx\/\"},{\"@type\":\"ListItem\",\"position\":2,\"name\":\"Aspiroil\"}]},{\"@type\":\"WebSite\",\"@id\":\"https:\/\/serretecno.com.mx\/#website\",\"url\":\"https:\/\/serretecno.com.mx\/\",\"name\":\"Serretecno\",\"description\":\"Elevadores de auto\",\"publisher\":{\"@id\":\"https:\/\/serretecno.com.mx\/#organization\"},\"potentialAction\":[{\"@type\":\"SearchAction\",\"target\":{\"@type\":\"EntryPoint\",\"urlTemplate\":\"https:\/\/serretecno.com.mx\/?s={search_term_string}\"},\"query-input\":{\"@type\":\"PropertyValueSpecification\",\"valueRequired\":true,\"valueName\":\"search_term_string\"}}],\"inLanguage\":\"es\"},{\"@type\":\"Organization\",\"@id\":\"https:\/\/serretecno.com.mx\/#organization\",\"name\":\"Serretecno.com\",\"url\":\"https:\/\/serretecno.com.mx\/\",\"logo\":{\"@type\":\"ImageObject\",\"inLanguage\":\"es\",\"@id\":\"https:\/\/serretecno.com.mx\/#\/schema\/logo\/image\/\",\"url\":\"https:\/\/serretecno.com.mx\/wp-content\/uploads\/2020\/01\/cropped-logo-serretecno-1.jpg\",\"contentUrl\":\"https:\/\/serretecno.com.mx\/wp-content\/uploads\/2020\/01\/cropped-logo-serretecno-1.jpg\",\"width\":973,\"height\":169,\"caption\":\"Serretecno.com\"},\"image\":{\"@id\":\"https:\/\/serretecno.com.mx\/#\/schema\/logo\/image\/\"}}]}<\/script>\n<!-- \/ Yoast SEO plugin. -->","yoast_head_json":{"title":"aspiroil","description":"Aspiroil Aspiroil,&nbsp; innovadora soluci\u00f3n para recuperar el aceite de motor por ca\u00edda, cambio o diferencial de todos los veh\u00edculos colocados en una","robots":{"index":"index","follow":"follow","max-snippet":"max-snippet:-1","max-image-preview":"max-image-preview:large","max-video-preview":"max-video-preview:-1"},"canonical":"https:\/\/serretecno.com.mx\/index.php\/aspiroil\/","og_locale":"es_ES","og_type":"article","og_title":"aspiroil","og_description":"Aspiroil Aspiroil,&nbsp; innovadora soluci\u00f3n para recuperar el aceite de motor por ca\u00edda, cambio o diferencial de todos los veh\u00edculos colocados en una","og_url":"https:\/\/serretecno.com.mx\/index.php\/aspiroil\/","og_site_name":"Serretecno","article_modified_time":"2020-01-14T02:54:25+00:00","og_image":[{"url":"https:\/\/serretecno.com.mx\/wp-content\/uploads\/2020\/01\/rj4rnc-1.jpg","type":"","width":"","height":""}],"twitter_card":"summary_large_image","twitter_misc":{"Tiempo de lectura":"1 minuto"},"schema":{"@context":"https:\/\/schema.org","@graph":[{"@type":"WebPage","@id":"https:\/\/serretecno.com.mx\/index.php\/aspiroil\/","url":"https:\/\/serretecno.com.mx\/index.php\/aspiroil\/","name":"aspiroil","isPartOf":{"@id":"https:\/\/serretecno.com.mx\/#website"},"primaryImageOfPage":{"@id":"https:\/\/serretecno.com.mx\/index.php\/aspiroil\/#primaryimage"},"image":{"@id":"https:\/\/serretecno.com.mx\/index.php\/aspiroil\/#primaryimage"},"thumbnailUrl":"https:\/\/serretecno.com.mx\/wp-content\/uploads\/2020\/01\/rj4rnc-1.jpg","datePublished":"2020-01-10T18:16:10+00:00","dateModified":"2020-01-14T02:54:25+00:00","description":"Aspiroil Aspiroil,&nbsp; innovadora soluci\u00f3n para recuperar el aceite de motor por ca\u00edda, cambio o diferencial de todos los veh\u00edculos colocados en una","breadcrumb":{"@id":"https:\/\/serretecno.com.mx\/index.php\/aspiroil\/#breadcrumb"},"inLanguage":"es","potentialAction":[{"@type":"ReadAction","target":["https:\/\/serretecno.com.mx\/index.php\/aspiroil\/"]}]},{"@type":"ImageObject","inLanguage":"es","@id":"https:\/\/serretecno.com.mx\/index.php\/aspiroil\/#primaryimage","url":"https:\/\/serretecno.com.mx\/wp-content\/uploads\/2020\/01\/rj4rnc-1.jpg","contentUrl":"https:\/\/serretecno.com.mx\/wp-content\/uploads\/2020\/01\/rj4rnc-1.jpg","width":1024,"height":712},{"@type":"BreadcrumbList","@id":"https:\/\/serretecno.com.mx\/index.php\/aspiroil\/#breadcrumb","itemListElement":[{"@type":"ListItem","position":1,"name":"Home","item":"https:\/\/serretecno.com.mx\/"},{"@type":"ListItem","position":2,"name":"Aspiroil"}]},{"@type":"WebSite","@id":"https:\/\/serretecno.com.mx\/#website","url":"https:\/\/serretecno.com.mx\/","name":"Serretecno","description":"Elevadores de auto","publisher":{"@id":"https:\/\/serretecno.com.mx\/#organization"},"potentialAction":[{"@type":"SearchAction","target":{"@type":"EntryPoint","urlTemplate":"https:\/\/serretecno.com.mx\/?s={search_term_string}"},"query-input":{"@type":"PropertyValueSpecification","valueRequired":true,"valueName":"search_term_string"}}],"inLanguage":"es"},{"@type":"Organization","@id":"https:\/\/serretecno.com.mx\/#organization","name":"Serretecno.com","url":"https:\/\/serretecno.com.mx\/","logo":{"@type":"ImageObject","inLanguage":"es","@id":"https:\/\/serretecno.com.mx\/#\/schema\/logo\/image\/","url":"https:\/\/serretecno.com.mx\/wp-content\/uploads\/2020\/01\/cropped-logo-serretecno-1.jpg","contentUrl":"https:\/\/serretecno.com.mx\/wp-content\/uploads\/2020\/01\/cropped-logo-serretecno-1.jpg","width":973,"height":169,"caption":"Serretecno.com"},"image":{"@id":"https:\/\/serretecno.com.mx\/#\/schema\/logo\/image\/"}}]}},"_links":{"self":[{"href":"https:\/\/serretecno.com.mx\/index.php\/wp-json\/wp\/v2\/pages\/441","targetHints":{"allow":["GET"]}}],"collection":[{"href":"https:\/\/serretecno.com.mx\/index.php\/wp-json\/wp\/v2\/pages"}],"about":[{"href":"https:\/\/serretecno.com.mx\/index.php\/wp-json\/wp\/v2\/types\/page"}],"author":[{"embeddable":true,"href":"https:\/\/serretecno.com.mx\/index.php\/wp-json\/wp\/v2\/users\/2"}],"replies":[{"embeddable":true,"href":"https:\/\/serretecno.com.mx\/index.php\/wp-json\/wp\/v2\/comments?post=441"}],"version-history":[{"count":1,"href":"https:\/\/serretecno.com.mx\/index.php\/wp-json\/wp\/v2\/pages\/441\/revisions"}],"predecessor-version":[{"id":599,"href":"https:\/\/serretecno.com.mx\/index.php\/wp-json\/wp\/v2\/pages\/441\/revisions\/599"}],"wp:attachment":[{"href":"https:\/\/serretecno.com.mx\/index.php\/wp-json\/wp\/v2\/media?parent=441"}],"curies":[{"name":"wp","href":"https:\/\/api.w.org\/{rel}","templated":true}]}}