{"id":384,"date":"2020-01-10T03:02:57","date_gmt":"2020-01-10T03:02:57","guid":{"rendered":"https:\/\/serretecno.com.mx\/?page_id=384"},"modified":"2020-01-14T03:33:14","modified_gmt":"2020-01-14T03:33:14","slug":"lava-partes-y-lava-frenos","status":"publish","type":"page","link":"https:\/\/serretecno.com.mx\/index.php\/lava-partes-y-lava-frenos\/","title":{"rendered":"Lava partes y lava frenos"},"content":{"rendered":"\t\t<div data-elementor-type=\"wp-page\" data-elementor-id=\"384\" class=\"elementor elementor-384\">\n\t\t\t\t\t\t<section class=\"elementor-section elementor-top-section elementor-element elementor-element-2f5dd59 elementor-section-boxed elementor-section-height-default elementor-section-height-default\" data-id=\"2f5dd59\" data-element_type=\"section\">\n\t\t\t\t\t\t<div class=\"elementor-container elementor-column-gap-default\">\n\t\t\t\t\t<div class=\"elementor-column elementor-col-100 elementor-top-column elementor-element elementor-element-f861447\" data-id=\"f861447\" data-element_type=\"column\">\n\t\t\t<div class=\"elementor-widget-wrap elementor-element-populated\">\n\t\t\t\t\t\t<div class=\"elementor-element elementor-element-b45572c elementor-widget elementor-widget-heading\" data-id=\"b45572c\" data-element_type=\"widget\" data-widget_type=\"heading.default\">\n\t\t\t\t<div class=\"elementor-widget-container\">\n\t\t\t\t\t<h1 class=\"elementor-heading-title elementor-size-default\">Lava partes y lava frenos<\/h1>\t\t\t\t<\/div>\n\t\t\t\t<\/div>\n\t\t\t\t<section class=\"elementor-section elementor-inner-section elementor-element elementor-element-33c396f elementor-section-boxed elementor-section-height-default elementor-section-height-default\" data-id=\"33c396f\" data-element_type=\"section\">\n\t\t\t\t\t\t<div class=\"elementor-container elementor-column-gap-default\">\n\t\t\t\t\t<div class=\"elementor-column elementor-col-50 elementor-inner-column elementor-element elementor-element-bf58a47\" data-id=\"bf58a47\" data-element_type=\"column\">\n\t\t\t<div class=\"elementor-widget-wrap elementor-element-populated\">\n\t\t\t\t\t\t<div class=\"elementor-element elementor-element-c5555e9 elementor-widget elementor-widget-text-editor\" data-id=\"c5555e9\" data-element_type=\"widget\" data-widget_type=\"text-editor.default\">\n\t\t\t\t<div class=\"elementor-widget-container\">\n\t\t\t\t\t\t\t\t\t<p>En Serretecno contamos con un sistema 2 en 1, para lava partes y lava frenos\u00a0RAASM ideal para \u00a0la limpieza r\u00e1pida de partes mec\u00e1nicas y de componentes en general.<br \/>Gracias al l\u00edquido de lavado, que es empujado por el sistema neum\u00e1tico a baja presi\u00f3n tenemos dos tipos de lavado:<\/p><ul><li>Con Pincel a flujo continuo de liquido para un lavado capilar<\/li><li>Por inmersi\u00f3n, con los componentes sumergidos en el liquido, directamente en la cubeta.<\/li><\/ul><p>Cuenta con una rejilla o filtro de decantaci\u00f3n garantizando el flujo limpio del liquido.<\/p><p>Tambi\u00e9n tenemos soluciones para \u00fanicamente lava partes, ideal para su taller:<\/p><p>Con el lava partes RANGER, lavar piezas nunca ha sido tan f\u00e1cil.<\/p><p>Ranger de carga frontal est\u00e1n totalmente integrados de sistemas de lavado para los talleres de reparaci\u00f3n de autom\u00f3viles, fabricantes, u otros l\u00edquidos de limpieza.<\/p><p>Nuestro sistema de lava partes y lava frenos\u00a0ayuda a su negocio que funcione sin problemas y de forma segura, mientras que al mismo tiempo protege el ambiente de trabajo mediante el uso de la tecnolog\u00eda acuosa calentada que se combina con una soluci\u00f3n de detergente soluble en agua en lugar de disolventes peligrosos.<\/p><p>Es muy f\u00e1cil utilizar el\u00a0Lava partes y lava frenos solo debe:<\/p><ol><li>Colocar las partes sucias en el plato giratorio de amplia capacidad o en la cesta colgante.<\/li><li>Cierre y asegure la puerta, luego ajuste el temporizador de ciclo de lavado y programe para un m\u00e1ximo de 60 minutos.<\/li><li>\u00a0A medida que el plato giratorio se moviliza, \u00a0las partes son rociadas desde todos los \u00e1ngulos con detergente y agua caliente. La soluci\u00f3n l\u00edquida es continuamente filtrada y reciclada.<\/li><li>La presi\u00f3n potente de los chorros de agua y detergente calientes se combinan para eliminar la grasa, aceite, carb\u00f3n y otras suciedades en tan s\u00f3lo cuesti\u00f3n de minutos.<\/li><li>Descargue las partes acabadas de lavar y note que se secan en tan s\u00f3lo minutos.<\/li><\/ol>\t\t\t\t\t\t\t\t<\/div>\n\t\t\t\t<\/div>\n\t\t\t\t\t<\/div>\n\t\t<\/div>\n\t\t\t\t<div class=\"elementor-column elementor-col-50 elementor-inner-column elementor-element elementor-element-3772b09\" data-id=\"3772b09\" data-element_type=\"column\">\n\t\t\t<div class=\"elementor-widget-wrap elementor-element-populated\">\n\t\t\t\t\t\t<div class=\"elementor-element elementor-element-901e354 elementor-widget elementor-widget-image\" data-id=\"901e354\" data-element_type=\"widget\" data-widget_type=\"image.default\">\n\t\t\t\t<div class=\"elementor-widget-container\">\n\t\t\t\t\t\t\t\t\t\t\t\t\t\t\t<img fetchpriority=\"high\" decoding=\"async\" width=\"281\" height=\"300\" src=\"https:\/\/serretecno.com.mx\/wp-content\/uploads\/2020\/01\/principal306-281x300-2.png\" class=\"attachment-large size-large wp-image-386\" alt=\"\" \/>\t\t\t\t\t\t\t\t\t\t\t\t\t\t\t<\/div>\n\t\t\t\t<\/div>\n\t\t\t\t<div class=\"elementor-element elementor-element-ec31a52 elementor-widget elementor-widget-image\" data-id=\"ec31a52\" data-element_type=\"widget\" data-widget_type=\"image.default\">\n\t\t\t\t<div class=\"elementor-widget-container\">\n\t\t\t\t\t\t\t\t\t\t\t\t\t\t\t<img decoding=\"async\" width=\"585\" height=\"349\" data-src=\"https:\/\/serretecno.com.mx\/wp-content\/uploads\/2020\/01\/Spray-Wash-Timer-1.jpg\" class=\"attachment-large size-large wp-image-388 lazyload\" alt=\"\" data-srcset=\"https:\/\/serretecno.com.mx\/wp-content\/uploads\/2020\/01\/Spray-Wash-Timer-1.jpg 585w, https:\/\/serretecno.com.mx\/wp-content\/uploads\/2020\/01\/Spray-Wash-Timer-1-300x179.jpg 300w\" data-sizes=\"(max-width: 585px) 100vw, 585px\" src=\"data:image\/svg+xml;base64,PHN2ZyB3aWR0aD0iMSIgaGVpZ2h0PSIxIiB4bWxucz0iaHR0cDovL3d3dy53My5vcmcvMjAwMC9zdmciPjwvc3ZnPg==\" style=\"--smush-placeholder-width: 585px; --smush-placeholder-aspect-ratio: 585\/349;\" \/>\t\t\t\t\t\t\t\t\t\t\t\t\t\t\t<\/div>\n\t\t\t\t<\/div>\n\t\t\t\t<div class=\"elementor-element elementor-element-3e8f09a elementor-widget elementor-widget-image\" data-id=\"3e8f09a\" data-element_type=\"widget\" data-widget_type=\"image.default\">\n\t\t\t\t<div class=\"elementor-widget-container\">\n\t\t\t\t\t\t\t\t\t\t\t\t\t\t\t<img decoding=\"async\" width=\"585\" height=\"349\" data-src=\"https:\/\/serretecno.com.mx\/wp-content\/uploads\/2020\/01\/Drip-Tray-1.jpg\" class=\"attachment-large size-large wp-image-389 lazyload\" alt=\"\" data-srcset=\"https:\/\/serretecno.com.mx\/wp-content\/uploads\/2020\/01\/Drip-Tray-1.jpg 585w, https:\/\/serretecno.com.mx\/wp-content\/uploads\/2020\/01\/Drip-Tray-1-300x179.jpg 300w\" data-sizes=\"(max-width: 585px) 100vw, 585px\" src=\"data:image\/svg+xml;base64,PHN2ZyB3aWR0aD0iMSIgaGVpZ2h0PSIxIiB4bWxucz0iaHR0cDovL3d3dy53My5vcmcvMjAwMC9zdmciPjwvc3ZnPg==\" style=\"--smush-placeholder-width: 585px; --smush-placeholder-aspect-ratio: 585\/349;\" \/>\t\t\t\t\t\t\t\t\t\t\t\t\t\t\t<\/div>\n\t\t\t\t<\/div>\n\t\t\t\t<div class=\"elementor-element elementor-element-456b97a elementor-widget elementor-widget-image\" data-id=\"456b97a\" data-element_type=\"widget\" data-widget_type=\"image.default\">\n\t\t\t\t<div class=\"elementor-widget-container\">\n\t\t\t\t\t\t\t\t\t\t\t\t\t\t\t<img decoding=\"async\" width=\"585\" height=\"349\" data-src=\"https:\/\/serretecno.com.mx\/wp-content\/uploads\/2020\/01\/Wash-Cabinet-2.jpg\" class=\"attachment-large size-large wp-image-387 lazyload\" alt=\"\" data-srcset=\"https:\/\/serretecno.com.mx\/wp-content\/uploads\/2020\/01\/Wash-Cabinet-2.jpg 585w, https:\/\/serretecno.com.mx\/wp-content\/uploads\/2020\/01\/Wash-Cabinet-2-300x179.jpg 300w\" data-sizes=\"(max-width: 585px) 100vw, 585px\" src=\"data:image\/svg+xml;base64,PHN2ZyB3aWR0aD0iMSIgaGVpZ2h0PSIxIiB4bWxucz0iaHR0cDovL3d3dy53My5vcmcvMjAwMC9zdmciPjwvc3ZnPg==\" style=\"--smush-placeholder-width: 585px; --smush-placeholder-aspect-ratio: 585\/349;\" \/>\t\t\t\t\t\t\t\t\t\t\t\t\t\t\t<\/div>\n\t\t\t\t<\/div>\n\t\t\t\t<div class=\"elementor-element elementor-element-cf68033 elementor-widget elementor-widget-image\" data-id=\"cf68033\" data-element_type=\"widget\" data-widget_type=\"image.default\">\n\t\t\t\t<div class=\"elementor-widget-container\">\n\t\t\t\t\t\t\t\t\t\t\t\t\t\t\t<img decoding=\"async\" width=\"245\" height=\"462\" data-src=\"https:\/\/serretecno.com.mx\/wp-content\/uploads\/2020\/01\/70365T-1.gif\" class=\"attachment-large size-large wp-image-390 lazyload\" alt=\"\" src=\"data:image\/svg+xml;base64,PHN2ZyB3aWR0aD0iMSIgaGVpZ2h0PSIxIiB4bWxucz0iaHR0cDovL3d3dy53My5vcmcvMjAwMC9zdmciPjwvc3ZnPg==\" style=\"--smush-placeholder-width: 245px; --smush-placeholder-aspect-ratio: 245\/462;\" \/>\t\t\t\t\t\t\t\t\t\t\t\t\t\t\t<\/div>\n\t\t\t\t<\/div>\n\t\t\t\t\t<\/div>\n\t\t<\/div>\n\t\t\t\t\t<\/div>\n\t\t<\/section>\n\t\t\t\t\t<\/div>\n\t\t<\/div>\n\t\t\t\t\t<\/div>\n\t\t<\/section>\n\t\t\t\t<\/div>\n\t\t","protected":false},"excerpt":{"rendered":"<p>Lava partes y lava frenos En Serretecno contamos con un sistema 2 en 1, para lava partes y lava frenos&nbsp;RAASM ideal para &nbsp;la limpieza r\u00e1pida de partes mec\u00e1nicas y de componentes en general. Gracias al l\u00edquido de lavado, que es empujado por el sistema neum\u00e1tico a baja presi\u00f3n tenemos dos tipos de lavado: Con Pincel [&hellip;]<\/p>\n","protected":false},"author":2,"featured_media":0,"parent":0,"menu_order":0,"comment_status":"closed","ping_status":"closed","template":"","meta":{"_exactmetrics_skip_tracking":false,"_exactmetrics_sitenote_active":false,"_exactmetrics_sitenote_note":"","_exactmetrics_sitenote_category":0,"_uf_show_specific_survey":0,"_uf_disable_surveys":false,"site-sidebar-layout":"no-sidebar","site-content-layout":"page-builder","ast-site-content-layout":"default","site-content-style":"default","site-sidebar-style":"default","ast-global-header-display":"","ast-banner-title-visibility":"","ast-main-header-display":"","ast-hfb-above-header-display":"","ast-hfb-below-header-display":"","ast-hfb-mobile-header-display":"","site-post-title":"disabled","ast-breadcrumbs-content":"","ast-featured-img":"disabled","footer-sml-layout":"","theme-transparent-header-meta":"default","adv-header-id-meta":"","stick-header-meta":"","header-above-stick-meta":"","header-main-stick-meta":"","header-below-stick-meta":"","astra-migrate-meta-layouts":"default","ast-page-background-enabled":"default","ast-page-background-meta":{"desktop":{"background-color":"","background-image":"","background-repeat":"repeat","background-position":"center center","background-size":"auto","background-attachment":"scroll","background-type":"","background-media":"","overlay-type":"","overlay-color":"","overlay-opacity":"","overlay-gradient":""},"tablet":{"background-color":"","background-image":"","background-repeat":"repeat","background-position":"center center","background-size":"auto","background-attachment":"scroll","background-type":"","background-media":"","overlay-type":"","overlay-color":"","overlay-opacity":"","overlay-gradient":""},"mobile":{"background-color":"","background-image":"","background-repeat":"repeat","background-position":"center center","background-size":"auto","background-attachment":"scroll","background-type":"","background-media":"","overlay-type":"","overlay-color":"","overlay-opacity":"","overlay-gradient":""}},"ast-content-background-meta":{"desktop":{"background-color":"var(--ast-global-color-5)","background-image":"","background-repeat":"repeat","background-position":"center center","background-size":"auto","background-attachment":"scroll","background-type":"","background-media":"","overlay-type":"","overlay-color":"","overlay-opacity":"","overlay-gradient":""},"tablet":{"background-color":"var(--ast-global-color-5)","background-image":"","background-repeat":"repeat","background-position":"center center","background-size":"auto","background-attachment":"scroll","background-type":"","background-media":"","overlay-type":"","overlay-color":"","overlay-opacity":"","overlay-gradient":""},"mobile":{"background-color":"var(--ast-global-color-5)","background-image":"","background-repeat":"repeat","background-position":"center center","background-size":"auto","background-attachment":"scroll","background-type":"","background-media":"","overlay-type":"","overlay-color":"","overlay-opacity":"","overlay-gradient":""}},"_joinchat":[],"footnotes":""},"class_list":["post-384","page","type-page","status-publish","hentry"],"yoast_head":"<!-- This site is optimized with the Yoast SEO plugin v25.4 - https:\/\/yoast.com\/wordpress\/plugins\/seo\/ -->\n<title>Lava partes y Lava Frenos<\/title>\n<meta name=\"description\" content=\"Lava partes y lava frenos En Serretecno contamos con un sistema 2 en 1, para lava partes y lava frenos&nbsp;RAASM ideal para &nbsp;la limpieza r\u00e1pida de\" \/>\n<meta name=\"robots\" content=\"index, follow, max-snippet:-1, max-image-preview:large, max-video-preview:-1\" \/>\n<link rel=\"canonical\" href=\"https:\/\/serretecno.com.mx\/index.php\/lava-partes-y-lava-frenos\/\" \/>\n<meta property=\"og:locale\" content=\"es_ES\" \/>\n<meta property=\"og:type\" content=\"article\" \/>\n<meta property=\"og:title\" content=\"Lava partes y Lava Frenos\" \/>\n<meta property=\"og:description\" content=\"Lava partes y lava frenos En Serretecno contamos con un sistema 2 en 1, para lava partes y lava frenos&nbsp;RAASM ideal para &nbsp;la limpieza r\u00e1pida de\" \/>\n<meta property=\"og:url\" content=\"https:\/\/serretecno.com.mx\/index.php\/lava-partes-y-lava-frenos\/\" \/>\n<meta property=\"og:site_name\" content=\"Serretecno\" \/>\n<meta property=\"article:modified_time\" content=\"2020-01-14T03:33:14+00:00\" \/>\n<meta property=\"og:image\" content=\"https:\/\/serretecno.com.mx\/wp-content\/uploads\/2020\/01\/principal306-281x300-2.png\" \/>\n<meta name=\"twitter:card\" content=\"summary_large_image\" \/>\n<meta name=\"twitter:label1\" content=\"Tiempo de lectura\" \/>\n\t<meta name=\"twitter:data1\" content=\"2 minutos\" \/>\n<script type=\"application\/ld+json\" class=\"yoast-schema-graph\">{\"@context\":\"https:\/\/schema.org\",\"@graph\":[{\"@type\":\"WebPage\",\"@id\":\"https:\/\/serretecno.com.mx\/index.php\/lava-partes-y-lava-frenos\/\",\"url\":\"https:\/\/serretecno.com.mx\/index.php\/lava-partes-y-lava-frenos\/\",\"name\":\"Lava partes y Lava Frenos\",\"isPartOf\":{\"@id\":\"https:\/\/serretecno.com.mx\/#website\"},\"primaryImageOfPage\":{\"@id\":\"https:\/\/serretecno.com.mx\/index.php\/lava-partes-y-lava-frenos\/#primaryimage\"},\"image\":{\"@id\":\"https:\/\/serretecno.com.mx\/index.php\/lava-partes-y-lava-frenos\/#primaryimage\"},\"thumbnailUrl\":\"https:\/\/serretecno.com.mx\/wp-content\/uploads\/2020\/01\/principal306-281x300-2.png\",\"datePublished\":\"2020-01-10T03:02:57+00:00\",\"dateModified\":\"2020-01-14T03:33:14+00:00\",\"description\":\"Lava partes y lava frenos En Serretecno contamos con un sistema 2 en 1, para lava partes y lava frenos&nbsp;RAASM ideal para &nbsp;la limpieza r\u00e1pida de\",\"breadcrumb\":{\"@id\":\"https:\/\/serretecno.com.mx\/index.php\/lava-partes-y-lava-frenos\/#breadcrumb\"},\"inLanguage\":\"es\",\"potentialAction\":[{\"@type\":\"ReadAction\",\"target\":[\"https:\/\/serretecno.com.mx\/index.php\/lava-partes-y-lava-frenos\/\"]}]},{\"@type\":\"ImageObject\",\"inLanguage\":\"es\",\"@id\":\"https:\/\/serretecno.com.mx\/index.php\/lava-partes-y-lava-frenos\/#primaryimage\",\"url\":\"https:\/\/serretecno.com.mx\/wp-content\/uploads\/2020\/01\/principal306-281x300-2.png\",\"contentUrl\":\"https:\/\/serretecno.com.mx\/wp-content\/uploads\/2020\/01\/principal306-281x300-2.png\",\"width\":281,\"height\":300},{\"@type\":\"BreadcrumbList\",\"@id\":\"https:\/\/serretecno.com.mx\/index.php\/lava-partes-y-lava-frenos\/#breadcrumb\",\"itemListElement\":[{\"@type\":\"ListItem\",\"position\":1,\"name\":\"Home\",\"item\":\"https:\/\/serretecno.com.mx\/\"},{\"@type\":\"ListItem\",\"position\":2,\"name\":\"Lava partes y lava frenos\"}]},{\"@type\":\"WebSite\",\"@id\":\"https:\/\/serretecno.com.mx\/#website\",\"url\":\"https:\/\/serretecno.com.mx\/\",\"name\":\"Serretecno\",\"description\":\"Elevadores de auto\",\"publisher\":{\"@id\":\"https:\/\/serretecno.com.mx\/#organization\"},\"potentialAction\":[{\"@type\":\"SearchAction\",\"target\":{\"@type\":\"EntryPoint\",\"urlTemplate\":\"https:\/\/serretecno.com.mx\/?s={search_term_string}\"},\"query-input\":{\"@type\":\"PropertyValueSpecification\",\"valueRequired\":true,\"valueName\":\"search_term_string\"}}],\"inLanguage\":\"es\"},{\"@type\":\"Organization\",\"@id\":\"https:\/\/serretecno.com.mx\/#organization\",\"name\":\"Serretecno.com\",\"url\":\"https:\/\/serretecno.com.mx\/\",\"logo\":{\"@type\":\"ImageObject\",\"inLanguage\":\"es\",\"@id\":\"https:\/\/serretecno.com.mx\/#\/schema\/logo\/image\/\",\"url\":\"https:\/\/serretecno.com.mx\/wp-content\/uploads\/2020\/01\/cropped-logo-serretecno-1.jpg\",\"contentUrl\":\"https:\/\/serretecno.com.mx\/wp-content\/uploads\/2020\/01\/cropped-logo-serretecno-1.jpg\",\"width\":973,\"height\":169,\"caption\":\"Serretecno.com\"},\"image\":{\"@id\":\"https:\/\/serretecno.com.mx\/#\/schema\/logo\/image\/\"}}]}<\/script>\n<!-- \/ Yoast SEO plugin. -->","yoast_head_json":{"title":"Lava partes y Lava Frenos","description":"Lava partes y lava frenos En Serretecno contamos con un sistema 2 en 1, para lava partes y lava frenos&nbsp;RAASM ideal para &nbsp;la limpieza r\u00e1pida de","robots":{"index":"index","follow":"follow","max-snippet":"max-snippet:-1","max-image-preview":"max-image-preview:large","max-video-preview":"max-video-preview:-1"},"canonical":"https:\/\/serretecno.com.mx\/index.php\/lava-partes-y-lava-frenos\/","og_locale":"es_ES","og_type":"article","og_title":"Lava partes y Lava Frenos","og_description":"Lava partes y lava frenos En Serretecno contamos con un sistema 2 en 1, para lava partes y lava frenos&nbsp;RAASM ideal para &nbsp;la limpieza r\u00e1pida de","og_url":"https:\/\/serretecno.com.mx\/index.php\/lava-partes-y-lava-frenos\/","og_site_name":"Serretecno","article_modified_time":"2020-01-14T03:33:14+00:00","og_image":[{"url":"https:\/\/serretecno.com.mx\/wp-content\/uploads\/2020\/01\/principal306-281x300-2.png","type":"","width":"","height":""}],"twitter_card":"summary_large_image","twitter_misc":{"Tiempo de lectura":"2 minutos"},"schema":{"@context":"https:\/\/schema.org","@graph":[{"@type":"WebPage","@id":"https:\/\/serretecno.com.mx\/index.php\/lava-partes-y-lava-frenos\/","url":"https:\/\/serretecno.com.mx\/index.php\/lava-partes-y-lava-frenos\/","name":"Lava partes y Lava Frenos","isPartOf":{"@id":"https:\/\/serretecno.com.mx\/#website"},"primaryImageOfPage":{"@id":"https:\/\/serretecno.com.mx\/index.php\/lava-partes-y-lava-frenos\/#primaryimage"},"image":{"@id":"https:\/\/serretecno.com.mx\/index.php\/lava-partes-y-lava-frenos\/#primaryimage"},"thumbnailUrl":"https:\/\/serretecno.com.mx\/wp-content\/uploads\/2020\/01\/principal306-281x300-2.png","datePublished":"2020-01-10T03:02:57+00:00","dateModified":"2020-01-14T03:33:14+00:00","description":"Lava partes y lava frenos En Serretecno contamos con un sistema 2 en 1, para lava partes y lava frenos&nbsp;RAASM ideal para &nbsp;la limpieza r\u00e1pida de","breadcrumb":{"@id":"https:\/\/serretecno.com.mx\/index.php\/lava-partes-y-lava-frenos\/#breadcrumb"},"inLanguage":"es","potentialAction":[{"@type":"ReadAction","target":["https:\/\/serretecno.com.mx\/index.php\/lava-partes-y-lava-frenos\/"]}]},{"@type":"ImageObject","inLanguage":"es","@id":"https:\/\/serretecno.com.mx\/index.php\/lava-partes-y-lava-frenos\/#primaryimage","url":"https:\/\/serretecno.com.mx\/wp-content\/uploads\/2020\/01\/principal306-281x300-2.png","contentUrl":"https:\/\/serretecno.com.mx\/wp-content\/uploads\/2020\/01\/principal306-281x300-2.png","width":281,"height":300},{"@type":"BreadcrumbList","@id":"https:\/\/serretecno.com.mx\/index.php\/lava-partes-y-lava-frenos\/#breadcrumb","itemListElement":[{"@type":"ListItem","position":1,"name":"Home","item":"https:\/\/serretecno.com.mx\/"},{"@type":"ListItem","position":2,"name":"Lava partes y lava frenos"}]},{"@type":"WebSite","@id":"https:\/\/serretecno.com.mx\/#website","url":"https:\/\/serretecno.com.mx\/","name":"Serretecno","description":"Elevadores de auto","publisher":{"@id":"https:\/\/serretecno.com.mx\/#organization"},"potentialAction":[{"@type":"SearchAction","target":{"@type":"EntryPoint","urlTemplate":"https:\/\/serretecno.com.mx\/?s={search_term_string}"},"query-input":{"@type":"PropertyValueSpecification","valueRequired":true,"valueName":"search_term_string"}}],"inLanguage":"es"},{"@type":"Organization","@id":"https:\/\/serretecno.com.mx\/#organization","name":"Serretecno.com","url":"https:\/\/serretecno.com.mx\/","logo":{"@type":"ImageObject","inLanguage":"es","@id":"https:\/\/serretecno.com.mx\/#\/schema\/logo\/image\/","url":"https:\/\/serretecno.com.mx\/wp-content\/uploads\/2020\/01\/cropped-logo-serretecno-1.jpg","contentUrl":"https:\/\/serretecno.com.mx\/wp-content\/uploads\/2020\/01\/cropped-logo-serretecno-1.jpg","width":973,"height":169,"caption":"Serretecno.com"},"image":{"@id":"https:\/\/serretecno.com.mx\/#\/schema\/logo\/image\/"}}]}},"_links":{"self":[{"href":"https:\/\/serretecno.com.mx\/index.php\/wp-json\/wp\/v2\/pages\/384","targetHints":{"allow":["GET"]}}],"collection":[{"href":"https:\/\/serretecno.com.mx\/index.php\/wp-json\/wp\/v2\/pages"}],"about":[{"href":"https:\/\/serretecno.com.mx\/index.php\/wp-json\/wp\/v2\/types\/page"}],"author":[{"embeddable":true,"href":"https:\/\/serretecno.com.mx\/index.php\/wp-json\/wp\/v2\/users\/2"}],"replies":[{"embeddable":true,"href":"https:\/\/serretecno.com.mx\/index.php\/wp-json\/wp\/v2\/comments?post=384"}],"version-history":[{"count":1,"href":"https:\/\/serretecno.com.mx\/index.php\/wp-json\/wp\/v2\/pages\/384\/revisions"}],"predecessor-version":[{"id":653,"href":"https:\/\/serretecno.com.mx\/index.php\/wp-json\/wp\/v2\/pages\/384\/revisions\/653"}],"wp:attachment":[{"href":"https:\/\/serretecno.com.mx\/index.php\/wp-json\/wp\/v2\/media?parent=384"}],"curies":[{"name":"wp","href":"https:\/\/api.w.org\/{rel}","templated":true}]}}