{"id":378,"date":"2020-01-10T02:38:49","date_gmt":"2020-01-10T02:38:49","guid":{"rendered":"https:\/\/serretecno.com.mx\/?page_id=378"},"modified":"2020-01-14T03:33:31","modified_gmt":"2020-01-14T03:33:31","slug":"opresor-para-filtros","status":"publish","type":"page","link":"https:\/\/serretecno.com.mx\/index.php\/opresor-para-filtros\/","title":{"rendered":"Opresor para filtros"},"content":{"rendered":"\t\t<div data-elementor-type=\"wp-page\" data-elementor-id=\"378\" class=\"elementor elementor-378\">\n\t\t\t\t\t\t<section class=\"elementor-section elementor-top-section elementor-element elementor-element-b7bbec0 elementor-section-boxed elementor-section-height-default elementor-section-height-default\" data-id=\"b7bbec0\" data-element_type=\"section\">\n\t\t\t\t\t\t<div class=\"elementor-container elementor-column-gap-default\">\n\t\t\t\t\t<div class=\"elementor-column elementor-col-100 elementor-top-column elementor-element elementor-element-4a53d0a\" data-id=\"4a53d0a\" data-element_type=\"column\">\n\t\t\t<div class=\"elementor-widget-wrap elementor-element-populated\">\n\t\t\t\t\t\t<div class=\"elementor-element elementor-element-bb649a8 elementor-widget elementor-widget-heading\" data-id=\"bb649a8\" data-element_type=\"widget\" data-widget_type=\"heading.default\">\n\t\t\t\t<div class=\"elementor-widget-container\">\n\t\t\t\t\t<h1 class=\"elementor-heading-title elementor-size-default\">Opresor para filtros<\/h1>\t\t\t\t<\/div>\n\t\t\t\t<\/div>\n\t\t\t\t<section class=\"elementor-section elementor-inner-section elementor-element elementor-element-62af312 elementor-section-boxed elementor-section-height-default elementor-section-height-default\" data-id=\"62af312\" data-element_type=\"section\">\n\t\t\t\t\t\t<div class=\"elementor-container elementor-column-gap-default\">\n\t\t\t\t\t<div class=\"elementor-column elementor-col-50 elementor-inner-column elementor-element elementor-element-31c56fd\" data-id=\"31c56fd\" data-element_type=\"column\">\n\t\t\t<div class=\"elementor-widget-wrap elementor-element-populated\">\n\t\t\t\t\t\t<div class=\"elementor-element elementor-element-58a9e21 elementor-widget elementor-widget-text-editor\" data-id=\"58a9e21\" data-element_type=\"widget\" data-widget_type=\"text-editor.default\">\n\t\t\t\t<div class=\"elementor-widget-container\">\n\t\t\t\t\t\t\t\t\t<p>En Serretecno contamos con trituradora del filtro de aceite, no s\u00f3lo sirve para aplanar sus filtros m\u00e1s dif\u00edciles, sino tambi\u00e9n exprimir la basura en un tambor de almacenamiento, considere el enorme poder del Opresor para filtros RP-20FC.<\/p><p>El opresor y triturador del filtro de aceite de Ranger golpea filtros y latas con la asombrosa cantidad de 20 toneladas de presi\u00f3n hidr\u00e1ulica y aplana en ordenadas pilas peque\u00f1as para su eliminaci\u00f3n de forma barata y conveniente.<\/p><p>El Opresor para filtros es construido en chapa de acero soldado con los mejores materiales en sus componentes.<\/p><p>El triturador RP-20FC de Ranger es de \u00faltima generaci\u00f3n Incluso hemos incluido extras, tales como un regulador de la humedad del aire, un man\u00f3metro y una puerta transparente con cerradura para asegurar su taller.<\/p><p>Si necesita una compactadora de filtros de aceite no s\u00f3lo para prensar los filtros m\u00e1s rebeldes sino tambi\u00e9n para exprimir los residuos de fluidos en un tambor de almacenamiento, entonces considere el potente Compactador RP-20FC de Ranger. Este equipo es capaz de aplastar filtros y latas con una asombrosa presi\u00f3n hidr\u00e1ulica de 20 toneladas y las alisa en un monto de cantidades peque\u00f1as para que su eliminaci\u00f3n sea barata y conveniente. Constru\u00edda de planchas de acero soldado y con los mejores materiales componentes, la RP-20 FC le aseguramos ser\u00e1 la \u00faltima prensa para latas y filtros que tendr\u00e1 que comprar. Inclu\u00eddos se encuentran elementos extras como un regulador de humedad del aire, un man\u00f3metro y una puerta transparente con cerradura para que pueda visualizar todos los procedimientos de la RP-20 FC, una compactadora con todos los componentes necesarios.<\/p><p>Todos nuestros compactadores o prensas de filtros y latas Ranger est\u00e1n dise\u00f1ados para ahorrar dinero y el medio ambiente, por lo que puede pasar m\u00e1s tiempo en su taller y menos tiempo con su contador. \u00a1Disfrute de sus d\u00edas de trabajo con las herramientas de taller mec\u00e1nico que ofrecemos!<\/p>\t\t\t\t\t\t\t\t<\/div>\n\t\t\t\t<\/div>\n\t\t\t\t\t<\/div>\n\t\t<\/div>\n\t\t\t\t<div class=\"elementor-column elementor-col-50 elementor-inner-column elementor-element elementor-element-e93aa10\" data-id=\"e93aa10\" data-element_type=\"column\">\n\t\t\t<div class=\"elementor-widget-wrap elementor-element-populated\">\n\t\t\t\t\t\t<div class=\"elementor-element elementor-element-0d06656 elementor-widget elementor-widget-image\" data-id=\"0d06656\" data-element_type=\"widget\" data-widget_type=\"image.default\">\n\t\t\t\t<div class=\"elementor-widget-container\">\n\t\t\t\t\t\t\t\t\t\t\t\t\t\t\t<img fetchpriority=\"high\" decoding=\"async\" width=\"585\" height=\"349\" src=\"https:\/\/serretecno.com.mx\/wp-content\/uploads\/2020\/01\/Oil-Filter-Crusher.jpg\" class=\"attachment-large size-large wp-image-380\" alt=\"\" srcset=\"https:\/\/serretecno.com.mx\/wp-content\/uploads\/2020\/01\/Oil-Filter-Crusher.jpg 585w, https:\/\/serretecno.com.mx\/wp-content\/uploads\/2020\/01\/Oil-Filter-Crusher-300x179.jpg 300w\" sizes=\"(max-width: 585px) 100vw, 585px\" \/>\t\t\t\t\t\t\t\t\t\t\t\t\t\t\t<\/div>\n\t\t\t\t<\/div>\n\t\t\t\t<div class=\"elementor-element elementor-element-a46143f elementor-widget elementor-widget-image\" data-id=\"a46143f\" data-element_type=\"widget\" data-widget_type=\"image.default\">\n\t\t\t\t<div class=\"elementor-widget-container\">\n\t\t\t\t\t\t\t\t\t\t\t\t\t\t\t<img decoding=\"async\" width=\"585\" height=\"349\" data-src=\"https:\/\/serretecno.com.mx\/wp-content\/uploads\/2020\/01\/Oil-Press-Station.jpg\" class=\"attachment-large size-large wp-image-381 lazyload\" alt=\"\" data-srcset=\"https:\/\/serretecno.com.mx\/wp-content\/uploads\/2020\/01\/Oil-Press-Station.jpg 585w, https:\/\/serretecno.com.mx\/wp-content\/uploads\/2020\/01\/Oil-Press-Station-300x179.jpg 300w\" data-sizes=\"(max-width: 585px) 100vw, 585px\" src=\"data:image\/svg+xml;base64,PHN2ZyB3aWR0aD0iMSIgaGVpZ2h0PSIxIiB4bWxucz0iaHR0cDovL3d3dy53My5vcmcvMjAwMC9zdmciPjwvc3ZnPg==\" style=\"--smush-placeholder-width: 585px; --smush-placeholder-aspect-ratio: 585\/349;\" \/>\t\t\t\t\t\t\t\t\t\t\t\t\t\t\t<\/div>\n\t\t\t\t<\/div>\n\t\t\t\t\t<\/div>\n\t\t<\/div>\n\t\t\t\t\t<\/div>\n\t\t<\/section>\n\t\t\t\t\t<\/div>\n\t\t<\/div>\n\t\t\t\t\t<\/div>\n\t\t<\/section>\n\t\t\t\t<\/div>\n\t\t","protected":false},"excerpt":{"rendered":"<p>Opresor para filtros En Serretecno contamos con trituradora del filtro de aceite, no s\u00f3lo sirve para aplanar sus filtros m\u00e1s dif\u00edciles, sino tambi\u00e9n exprimir la basura en un tambor de almacenamiento, considere el enorme poder del Opresor para filtros RP-20FC. El opresor y triturador del filtro de aceite de Ranger golpea filtros y latas con [&hellip;]<\/p>\n","protected":false},"author":2,"featured_media":0,"parent":0,"menu_order":0,"comment_status":"closed","ping_status":"closed","template":"","meta":{"_exactmetrics_skip_tracking":false,"_exactmetrics_sitenote_active":false,"_exactmetrics_sitenote_note":"","_exactmetrics_sitenote_category":0,"_uf_show_specific_survey":0,"_uf_disable_surveys":false,"site-sidebar-layout":"no-sidebar","site-content-layout":"page-builder","ast-site-content-layout":"default","site-content-style":"default","site-sidebar-style":"default","ast-global-header-display":"","ast-banner-title-visibility":"","ast-main-header-display":"","ast-hfb-above-header-display":"","ast-hfb-below-header-display":"","ast-hfb-mobile-header-display":"","site-post-title":"disabled","ast-breadcrumbs-content":"","ast-featured-img":"disabled","footer-sml-layout":"","theme-transparent-header-meta":"default","adv-header-id-meta":"","stick-header-meta":"","header-above-stick-meta":"","header-main-stick-meta":"","header-below-stick-meta":"","astra-migrate-meta-layouts":"default","ast-page-background-enabled":"default","ast-page-background-meta":{"desktop":{"background-color":"","background-image":"","background-repeat":"repeat","background-position":"center center","background-size":"auto","background-attachment":"scroll","background-type":"","background-media":"","overlay-type":"","overlay-color":"","overlay-opacity":"","overlay-gradient":""},"tablet":{"background-color":"","background-image":"","background-repeat":"repeat","background-position":"center center","background-size":"auto","background-attachment":"scroll","background-type":"","background-media":"","overlay-type":"","overlay-color":"","overlay-opacity":"","overlay-gradient":""},"mobile":{"background-color":"","background-image":"","background-repeat":"repeat","background-position":"center center","background-size":"auto","background-attachment":"scroll","background-type":"","background-media":"","overlay-type":"","overlay-color":"","overlay-opacity":"","overlay-gradient":""}},"ast-content-background-meta":{"desktop":{"background-color":"var(--ast-global-color-5)","background-image":"","background-repeat":"repeat","background-position":"center center","background-size":"auto","background-attachment":"scroll","background-type":"","background-media":"","overlay-type":"","overlay-color":"","overlay-opacity":"","overlay-gradient":""},"tablet":{"background-color":"var(--ast-global-color-5)","background-image":"","background-repeat":"repeat","background-position":"center center","background-size":"auto","background-attachment":"scroll","background-type":"","background-media":"","overlay-type":"","overlay-color":"","overlay-opacity":"","overlay-gradient":""},"mobile":{"background-color":"var(--ast-global-color-5)","background-image":"","background-repeat":"repeat","background-position":"center center","background-size":"auto","background-attachment":"scroll","background-type":"","background-media":"","overlay-type":"","overlay-color":"","overlay-opacity":"","overlay-gradient":""}},"_joinchat":[],"footnotes":""},"class_list":["post-378","page","type-page","status-publish","hentry"],"yoast_head":"<!-- This site is optimized with the Yoast SEO plugin v25.4 - https:\/\/yoast.com\/wordpress\/plugins\/seo\/ -->\n<title>Opresor para filtros<\/title>\n<meta name=\"description\" content=\"Opresor para filtros En Serretecno contamos con trituradora del filtro de aceite, no s\u00f3lo sirve para aplanar sus filtros m\u00e1s dif\u00edciles, sino tambi\u00e9n\" \/>\n<meta name=\"robots\" content=\"index, follow, max-snippet:-1, max-image-preview:large, max-video-preview:-1\" \/>\n<link rel=\"canonical\" href=\"https:\/\/serretecno.com.mx\/index.php\/opresor-para-filtros\/\" \/>\n<meta property=\"og:locale\" content=\"es_ES\" \/>\n<meta property=\"og:type\" content=\"article\" \/>\n<meta property=\"og:title\" content=\"Opresor para filtros\" \/>\n<meta property=\"og:description\" content=\"Opresor para filtros En Serretecno contamos con trituradora del filtro de aceite, no s\u00f3lo sirve para aplanar sus filtros m\u00e1s dif\u00edciles, sino tambi\u00e9n\" \/>\n<meta property=\"og:url\" content=\"https:\/\/serretecno.com.mx\/index.php\/opresor-para-filtros\/\" \/>\n<meta property=\"og:site_name\" content=\"Serretecno\" \/>\n<meta property=\"article:modified_time\" content=\"2020-01-14T03:33:31+00:00\" \/>\n<meta property=\"og:image\" content=\"https:\/\/serretecno.com.mx\/wp-content\/uploads\/2020\/01\/Oil-Filter-Crusher.jpg\" \/>\n<meta name=\"twitter:card\" content=\"summary_large_image\" \/>\n<meta name=\"twitter:label1\" content=\"Tiempo de lectura\" \/>\n\t<meta name=\"twitter:data1\" content=\"2 minutos\" \/>\n<script type=\"application\/ld+json\" class=\"yoast-schema-graph\">{\"@context\":\"https:\/\/schema.org\",\"@graph\":[{\"@type\":\"WebPage\",\"@id\":\"https:\/\/serretecno.com.mx\/index.php\/opresor-para-filtros\/\",\"url\":\"https:\/\/serretecno.com.mx\/index.php\/opresor-para-filtros\/\",\"name\":\"Opresor para filtros\",\"isPartOf\":{\"@id\":\"https:\/\/serretecno.com.mx\/#website\"},\"primaryImageOfPage\":{\"@id\":\"https:\/\/serretecno.com.mx\/index.php\/opresor-para-filtros\/#primaryimage\"},\"image\":{\"@id\":\"https:\/\/serretecno.com.mx\/index.php\/opresor-para-filtros\/#primaryimage\"},\"thumbnailUrl\":\"https:\/\/serretecno.com.mx\/wp-content\/uploads\/2020\/01\/Oil-Filter-Crusher.jpg\",\"datePublished\":\"2020-01-10T02:38:49+00:00\",\"dateModified\":\"2020-01-14T03:33:31+00:00\",\"description\":\"Opresor para filtros En Serretecno contamos con trituradora del filtro de aceite, no s\u00f3lo sirve para aplanar sus filtros m\u00e1s dif\u00edciles, sino tambi\u00e9n\",\"breadcrumb\":{\"@id\":\"https:\/\/serretecno.com.mx\/index.php\/opresor-para-filtros\/#breadcrumb\"},\"inLanguage\":\"es\",\"potentialAction\":[{\"@type\":\"ReadAction\",\"target\":[\"https:\/\/serretecno.com.mx\/index.php\/opresor-para-filtros\/\"]}]},{\"@type\":\"ImageObject\",\"inLanguage\":\"es\",\"@id\":\"https:\/\/serretecno.com.mx\/index.php\/opresor-para-filtros\/#primaryimage\",\"url\":\"https:\/\/serretecno.com.mx\/wp-content\/uploads\/2020\/01\/Oil-Filter-Crusher.jpg\",\"contentUrl\":\"https:\/\/serretecno.com.mx\/wp-content\/uploads\/2020\/01\/Oil-Filter-Crusher.jpg\",\"width\":585,\"height\":349},{\"@type\":\"BreadcrumbList\",\"@id\":\"https:\/\/serretecno.com.mx\/index.php\/opresor-para-filtros\/#breadcrumb\",\"itemListElement\":[{\"@type\":\"ListItem\",\"position\":1,\"name\":\"Home\",\"item\":\"https:\/\/serretecno.com.mx\/\"},{\"@type\":\"ListItem\",\"position\":2,\"name\":\"Opresor para filtros\"}]},{\"@type\":\"WebSite\",\"@id\":\"https:\/\/serretecno.com.mx\/#website\",\"url\":\"https:\/\/serretecno.com.mx\/\",\"name\":\"Serretecno\",\"description\":\"Elevadores de auto\",\"publisher\":{\"@id\":\"https:\/\/serretecno.com.mx\/#organization\"},\"potentialAction\":[{\"@type\":\"SearchAction\",\"target\":{\"@type\":\"EntryPoint\",\"urlTemplate\":\"https:\/\/serretecno.com.mx\/?s={search_term_string}\"},\"query-input\":{\"@type\":\"PropertyValueSpecification\",\"valueRequired\":true,\"valueName\":\"search_term_string\"}}],\"inLanguage\":\"es\"},{\"@type\":\"Organization\",\"@id\":\"https:\/\/serretecno.com.mx\/#organization\",\"name\":\"Serretecno.com\",\"url\":\"https:\/\/serretecno.com.mx\/\",\"logo\":{\"@type\":\"ImageObject\",\"inLanguage\":\"es\",\"@id\":\"https:\/\/serretecno.com.mx\/#\/schema\/logo\/image\/\",\"url\":\"https:\/\/serretecno.com.mx\/wp-content\/uploads\/2020\/01\/cropped-logo-serretecno-1.jpg\",\"contentUrl\":\"https:\/\/serretecno.com.mx\/wp-content\/uploads\/2020\/01\/cropped-logo-serretecno-1.jpg\",\"width\":973,\"height\":169,\"caption\":\"Serretecno.com\"},\"image\":{\"@id\":\"https:\/\/serretecno.com.mx\/#\/schema\/logo\/image\/\"}}]}<\/script>\n<!-- \/ Yoast SEO plugin. -->","yoast_head_json":{"title":"Opresor para filtros","description":"Opresor para filtros En Serretecno contamos con trituradora del filtro de aceite, no s\u00f3lo sirve para aplanar sus filtros m\u00e1s dif\u00edciles, sino tambi\u00e9n","robots":{"index":"index","follow":"follow","max-snippet":"max-snippet:-1","max-image-preview":"max-image-preview:large","max-video-preview":"max-video-preview:-1"},"canonical":"https:\/\/serretecno.com.mx\/index.php\/opresor-para-filtros\/","og_locale":"es_ES","og_type":"article","og_title":"Opresor para filtros","og_description":"Opresor para filtros En Serretecno contamos con trituradora del filtro de aceite, no s\u00f3lo sirve para aplanar sus filtros m\u00e1s dif\u00edciles, sino tambi\u00e9n","og_url":"https:\/\/serretecno.com.mx\/index.php\/opresor-para-filtros\/","og_site_name":"Serretecno","article_modified_time":"2020-01-14T03:33:31+00:00","og_image":[{"url":"https:\/\/serretecno.com.mx\/wp-content\/uploads\/2020\/01\/Oil-Filter-Crusher.jpg","type":"","width":"","height":""}],"twitter_card":"summary_large_image","twitter_misc":{"Tiempo de lectura":"2 minutos"},"schema":{"@context":"https:\/\/schema.org","@graph":[{"@type":"WebPage","@id":"https:\/\/serretecno.com.mx\/index.php\/opresor-para-filtros\/","url":"https:\/\/serretecno.com.mx\/index.php\/opresor-para-filtros\/","name":"Opresor para filtros","isPartOf":{"@id":"https:\/\/serretecno.com.mx\/#website"},"primaryImageOfPage":{"@id":"https:\/\/serretecno.com.mx\/index.php\/opresor-para-filtros\/#primaryimage"},"image":{"@id":"https:\/\/serretecno.com.mx\/index.php\/opresor-para-filtros\/#primaryimage"},"thumbnailUrl":"https:\/\/serretecno.com.mx\/wp-content\/uploads\/2020\/01\/Oil-Filter-Crusher.jpg","datePublished":"2020-01-10T02:38:49+00:00","dateModified":"2020-01-14T03:33:31+00:00","description":"Opresor para filtros En Serretecno contamos con trituradora del filtro de aceite, no s\u00f3lo sirve para aplanar sus filtros m\u00e1s dif\u00edciles, sino tambi\u00e9n","breadcrumb":{"@id":"https:\/\/serretecno.com.mx\/index.php\/opresor-para-filtros\/#breadcrumb"},"inLanguage":"es","potentialAction":[{"@type":"ReadAction","target":["https:\/\/serretecno.com.mx\/index.php\/opresor-para-filtros\/"]}]},{"@type":"ImageObject","inLanguage":"es","@id":"https:\/\/serretecno.com.mx\/index.php\/opresor-para-filtros\/#primaryimage","url":"https:\/\/serretecno.com.mx\/wp-content\/uploads\/2020\/01\/Oil-Filter-Crusher.jpg","contentUrl":"https:\/\/serretecno.com.mx\/wp-content\/uploads\/2020\/01\/Oil-Filter-Crusher.jpg","width":585,"height":349},{"@type":"BreadcrumbList","@id":"https:\/\/serretecno.com.mx\/index.php\/opresor-para-filtros\/#breadcrumb","itemListElement":[{"@type":"ListItem","position":1,"name":"Home","item":"https:\/\/serretecno.com.mx\/"},{"@type":"ListItem","position":2,"name":"Opresor para filtros"}]},{"@type":"WebSite","@id":"https:\/\/serretecno.com.mx\/#website","url":"https:\/\/serretecno.com.mx\/","name":"Serretecno","description":"Elevadores de auto","publisher":{"@id":"https:\/\/serretecno.com.mx\/#organization"},"potentialAction":[{"@type":"SearchAction","target":{"@type":"EntryPoint","urlTemplate":"https:\/\/serretecno.com.mx\/?s={search_term_string}"},"query-input":{"@type":"PropertyValueSpecification","valueRequired":true,"valueName":"search_term_string"}}],"inLanguage":"es"},{"@type":"Organization","@id":"https:\/\/serretecno.com.mx\/#organization","name":"Serretecno.com","url":"https:\/\/serretecno.com.mx\/","logo":{"@type":"ImageObject","inLanguage":"es","@id":"https:\/\/serretecno.com.mx\/#\/schema\/logo\/image\/","url":"https:\/\/serretecno.com.mx\/wp-content\/uploads\/2020\/01\/cropped-logo-serretecno-1.jpg","contentUrl":"https:\/\/serretecno.com.mx\/wp-content\/uploads\/2020\/01\/cropped-logo-serretecno-1.jpg","width":973,"height":169,"caption":"Serretecno.com"},"image":{"@id":"https:\/\/serretecno.com.mx\/#\/schema\/logo\/image\/"}}]}},"_links":{"self":[{"href":"https:\/\/serretecno.com.mx\/index.php\/wp-json\/wp\/v2\/pages\/378","targetHints":{"allow":["GET"]}}],"collection":[{"href":"https:\/\/serretecno.com.mx\/index.php\/wp-json\/wp\/v2\/pages"}],"about":[{"href":"https:\/\/serretecno.com.mx\/index.php\/wp-json\/wp\/v2\/types\/page"}],"author":[{"embeddable":true,"href":"https:\/\/serretecno.com.mx\/index.php\/wp-json\/wp\/v2\/users\/2"}],"replies":[{"embeddable":true,"href":"https:\/\/serretecno.com.mx\/index.php\/wp-json\/wp\/v2\/comments?post=378"}],"version-history":[{"count":1,"href":"https:\/\/serretecno.com.mx\/index.php\/wp-json\/wp\/v2\/pages\/378\/revisions"}],"predecessor-version":[{"id":664,"href":"https:\/\/serretecno.com.mx\/index.php\/wp-json\/wp\/v2\/pages\/378\/revisions\/664"}],"wp:attachment":[{"href":"https:\/\/serretecno.com.mx\/index.php\/wp-json\/wp\/v2\/media?parent=378"}],"curies":[{"name":"wp","href":"https:\/\/api.w.org\/{rel}","templated":true}]}}