{"id":366,"date":"2020-01-10T02:19:13","date_gmt":"2020-01-10T02:19:13","guid":{"rendered":"https:\/\/serretecno.com.mx\/?page_id=366"},"modified":"2020-01-14T04:10:52","modified_gmt":"2020-01-14T04:10:52","slug":"rampa-para-motocicletas","status":"publish","type":"page","link":"https:\/\/serretecno.com.mx\/index.php\/rampa-para-motocicletas\/","title":{"rendered":"Rampa para motocicletas"},"content":{"rendered":"\t\t<div data-elementor-type=\"wp-page\" data-elementor-id=\"366\" class=\"elementor elementor-366\">\n\t\t\t\t\t\t<section class=\"elementor-section elementor-top-section elementor-element elementor-element-29b360d elementor-section-boxed elementor-section-height-default elementor-section-height-default\" data-id=\"29b360d\" data-element_type=\"section\">\n\t\t\t\t\t\t<div class=\"elementor-container elementor-column-gap-default\">\n\t\t\t\t\t<div class=\"elementor-column elementor-col-100 elementor-top-column elementor-element elementor-element-ccb25b0\" data-id=\"ccb25b0\" data-element_type=\"column\">\n\t\t\t<div class=\"elementor-widget-wrap elementor-element-populated\">\n\t\t\t\t\t\t<div class=\"elementor-element elementor-element-25b51f8 elementor-widget elementor-widget-heading\" data-id=\"25b51f8\" data-element_type=\"widget\" data-widget_type=\"heading.default\">\n\t\t\t\t<div class=\"elementor-widget-container\">\n\t\t\t\t\t<h1 class=\"elementor-heading-title elementor-size-default\">Rampa para motocicletas<\/h1>\t\t\t\t<\/div>\n\t\t\t\t<\/div>\n\t\t\t\t<section class=\"elementor-section elementor-inner-section elementor-element elementor-element-5bf26f6 elementor-section-boxed elementor-section-height-default elementor-section-height-default\" data-id=\"5bf26f6\" data-element_type=\"section\">\n\t\t\t\t\t\t<div class=\"elementor-container elementor-column-gap-default\">\n\t\t\t\t\t<div class=\"elementor-column elementor-col-100 elementor-inner-column elementor-element elementor-element-9fdcffc\" data-id=\"9fdcffc\" data-element_type=\"column\">\n\t\t\t<div class=\"elementor-widget-wrap elementor-element-populated\">\n\t\t\t\t\t\t<div class=\"elementor-element elementor-element-03b4278 elementor-widget elementor-widget-text-editor\" data-id=\"03b4278\" data-element_type=\"widget\" data-widget_type=\"text-editor.default\">\n\t\t\t\t<div class=\"elementor-widget-container\">\n\t\t\t\t\t\t\t\t\t<p>Si su verdadera pasi\u00f3n es la reparaci\u00f3n y mantenimiento de motocicletas de lujo como tambi\u00e9n motos ATV, usted necesitar\u00e1 de un elevador dise\u00f1ado especialmente para su veh\u00edculo. Las rampas para motocicletas son verdaderas herramientas ergon\u00f3micas en todos los sentidos de la palabra porque est\u00e1n dise\u00f1ados para reducir y eliminar la fatiga del operador al ofrecerle c\u00f3moda altura de trabajo.\u00a0<\/p><p>En Serretecno contamos con rampa para motocicletas dise\u00f1ada bajo los m\u00e1s altos est\u00e1ndares de calidad, para ofrecer mayor seguridad.\u00a0Nuestros elevadores de sistemas neum\u00e1ticos e hidr\u00e1ulicos han demostrado ser la opci\u00f3n favorita de profesionales en todo el mundo.<\/p><p>La rampa para motocicletas esta manufacturada en acero estructural, con un cilindro con unidad de poder con doble velocidad.<\/p><p>Son rampas de aproximaci\u00f3n para motocicletas con llanta baja, contiene m\u00faltiples seguros mec\u00e1nicos para colocar la rampa en la altura deseada de trabajo.<\/p><p>Adicional la rampa para motocicletas est\u00e1 equipada con un gato mec\u00e1nico en altura de eje, en motos sobre la plataforma de rampa.<\/p><p>Para mayor informaci\u00f3n consulte nuestros cat\u00e1logos.<\/p>\t\t\t\t\t\t\t\t<\/div>\n\t\t\t\t<\/div>\n\t\t\t\t\t<\/div>\n\t\t<\/div>\n\t\t\t\t\t<\/div>\n\t\t<\/section>\n\t\t\t\t\t<\/div>\n\t\t<\/div>\n\t\t\t\t\t<\/div>\n\t\t<\/section>\n\t\t\t\t<\/div>\n\t\t","protected":false},"excerpt":{"rendered":"<p>Rampa para motocicletas Si su verdadera pasi\u00f3n es la reparaci\u00f3n y mantenimiento de motocicletas de lujo como tambi\u00e9n motos ATV, usted necesitar\u00e1 de un elevador dise\u00f1ado especialmente para su veh\u00edculo. Las rampas para motocicletas son verdaderas herramientas ergon\u00f3micas en todos los sentidos de la palabra porque est\u00e1n dise\u00f1ados para reducir y eliminar la fatiga del [&hellip;]<\/p>\n","protected":false},"author":2,"featured_media":0,"parent":0,"menu_order":0,"comment_status":"closed","ping_status":"closed","template":"","meta":{"_exactmetrics_skip_tracking":false,"_exactmetrics_sitenote_active":false,"_exactmetrics_sitenote_note":"","_exactmetrics_sitenote_category":0,"_uf_show_specific_survey":0,"_uf_disable_surveys":false,"site-sidebar-layout":"no-sidebar","site-content-layout":"page-builder","ast-site-content-layout":"default","site-content-style":"default","site-sidebar-style":"default","ast-global-header-display":"","ast-banner-title-visibility":"","ast-main-header-display":"","ast-hfb-above-header-display":"","ast-hfb-below-header-display":"","ast-hfb-mobile-header-display":"","site-post-title":"disabled","ast-breadcrumbs-content":"","ast-featured-img":"disabled","footer-sml-layout":"","theme-transparent-header-meta":"default","adv-header-id-meta":"","stick-header-meta":"","header-above-stick-meta":"","header-main-stick-meta":"","header-below-stick-meta":"","astra-migrate-meta-layouts":"default","ast-page-background-enabled":"default","ast-page-background-meta":{"desktop":{"background-color":"","background-image":"","background-repeat":"repeat","background-position":"center center","background-size":"auto","background-attachment":"scroll","background-type":"","background-media":"","overlay-type":"","overlay-color":"","overlay-opacity":"","overlay-gradient":""},"tablet":{"background-color":"","background-image":"","background-repeat":"repeat","background-position":"center center","background-size":"auto","background-attachment":"scroll","background-type":"","background-media":"","overlay-type":"","overlay-color":"","overlay-opacity":"","overlay-gradient":""},"mobile":{"background-color":"","background-image":"","background-repeat":"repeat","background-position":"center center","background-size":"auto","background-attachment":"scroll","background-type":"","background-media":"","overlay-type":"","overlay-color":"","overlay-opacity":"","overlay-gradient":""}},"ast-content-background-meta":{"desktop":{"background-color":"var(--ast-global-color-5)","background-image":"","background-repeat":"repeat","background-position":"center center","background-size":"auto","background-attachment":"scroll","background-type":"","background-media":"","overlay-type":"","overlay-color":"","overlay-opacity":"","overlay-gradient":""},"tablet":{"background-color":"var(--ast-global-color-5)","background-image":"","background-repeat":"repeat","background-position":"center center","background-size":"auto","background-attachment":"scroll","background-type":"","background-media":"","overlay-type":"","overlay-color":"","overlay-opacity":"","overlay-gradient":""},"mobile":{"background-color":"var(--ast-global-color-5)","background-image":"","background-repeat":"repeat","background-position":"center center","background-size":"auto","background-attachment":"scroll","background-type":"","background-media":"","overlay-type":"","overlay-color":"","overlay-opacity":"","overlay-gradient":""}},"_joinchat":[],"footnotes":""},"class_list":["post-366","page","type-page","status-publish","hentry"],"yoast_head":"<!-- This site is optimized with the Yoast SEO plugin v25.4 - https:\/\/yoast.com\/wordpress\/plugins\/seo\/ -->\n<title>rampa para motocicletas<\/title>\n<meta name=\"description\" content=\"Rampa para motocicletas Si su verdadera pasi\u00f3n es la reparaci\u00f3n y mantenimiento de motocicletas de lujo como tambi\u00e9n motos ATV, usted necesitar\u00e1 de un\" \/>\n<meta name=\"robots\" content=\"index, follow, max-snippet:-1, max-image-preview:large, max-video-preview:-1\" \/>\n<link rel=\"canonical\" href=\"https:\/\/serretecno.com.mx\/index.php\/rampa-para-motocicletas\/\" \/>\n<meta property=\"og:locale\" content=\"es_ES\" \/>\n<meta property=\"og:type\" content=\"article\" \/>\n<meta property=\"og:title\" content=\"rampa para motocicletas\" \/>\n<meta property=\"og:description\" content=\"Rampa para motocicletas Si su verdadera pasi\u00f3n es la reparaci\u00f3n y mantenimiento de motocicletas de lujo como tambi\u00e9n motos ATV, usted necesitar\u00e1 de un\" \/>\n<meta property=\"og:url\" content=\"https:\/\/serretecno.com.mx\/index.php\/rampa-para-motocicletas\/\" \/>\n<meta property=\"og:site_name\" content=\"Serretecno\" \/>\n<meta property=\"article:modified_time\" content=\"2020-01-14T04:10:52+00:00\" \/>\n<meta name=\"twitter:card\" content=\"summary_large_image\" \/>\n<meta name=\"twitter:label1\" content=\"Tiempo de lectura\" \/>\n\t<meta name=\"twitter:data1\" content=\"1 minuto\" \/>\n<script type=\"application\/ld+json\" class=\"yoast-schema-graph\">{\"@context\":\"https:\/\/schema.org\",\"@graph\":[{\"@type\":\"WebPage\",\"@id\":\"https:\/\/serretecno.com.mx\/index.php\/rampa-para-motocicletas\/\",\"url\":\"https:\/\/serretecno.com.mx\/index.php\/rampa-para-motocicletas\/\",\"name\":\"rampa para motocicletas\",\"isPartOf\":{\"@id\":\"https:\/\/serretecno.com.mx\/#website\"},\"datePublished\":\"2020-01-10T02:19:13+00:00\",\"dateModified\":\"2020-01-14T04:10:52+00:00\",\"description\":\"Rampa para motocicletas Si su verdadera pasi\u00f3n es la reparaci\u00f3n y mantenimiento de motocicletas de lujo como tambi\u00e9n motos ATV, usted necesitar\u00e1 de un\",\"breadcrumb\":{\"@id\":\"https:\/\/serretecno.com.mx\/index.php\/rampa-para-motocicletas\/#breadcrumb\"},\"inLanguage\":\"es\",\"potentialAction\":[{\"@type\":\"ReadAction\",\"target\":[\"https:\/\/serretecno.com.mx\/index.php\/rampa-para-motocicletas\/\"]}]},{\"@type\":\"BreadcrumbList\",\"@id\":\"https:\/\/serretecno.com.mx\/index.php\/rampa-para-motocicletas\/#breadcrumb\",\"itemListElement\":[{\"@type\":\"ListItem\",\"position\":1,\"name\":\"Home\",\"item\":\"https:\/\/serretecno.com.mx\/\"},{\"@type\":\"ListItem\",\"position\":2,\"name\":\"Rampa para motocicletas\"}]},{\"@type\":\"WebSite\",\"@id\":\"https:\/\/serretecno.com.mx\/#website\",\"url\":\"https:\/\/serretecno.com.mx\/\",\"name\":\"Serretecno\",\"description\":\"Elevadores de auto\",\"publisher\":{\"@id\":\"https:\/\/serretecno.com.mx\/#organization\"},\"potentialAction\":[{\"@type\":\"SearchAction\",\"target\":{\"@type\":\"EntryPoint\",\"urlTemplate\":\"https:\/\/serretecno.com.mx\/?s={search_term_string}\"},\"query-input\":{\"@type\":\"PropertyValueSpecification\",\"valueRequired\":true,\"valueName\":\"search_term_string\"}}],\"inLanguage\":\"es\"},{\"@type\":\"Organization\",\"@id\":\"https:\/\/serretecno.com.mx\/#organization\",\"name\":\"Serretecno.com\",\"url\":\"https:\/\/serretecno.com.mx\/\",\"logo\":{\"@type\":\"ImageObject\",\"inLanguage\":\"es\",\"@id\":\"https:\/\/serretecno.com.mx\/#\/schema\/logo\/image\/\",\"url\":\"https:\/\/serretecno.com.mx\/wp-content\/uploads\/2020\/01\/cropped-logo-serretecno-1.jpg\",\"contentUrl\":\"https:\/\/serretecno.com.mx\/wp-content\/uploads\/2020\/01\/cropped-logo-serretecno-1.jpg\",\"width\":973,\"height\":169,\"caption\":\"Serretecno.com\"},\"image\":{\"@id\":\"https:\/\/serretecno.com.mx\/#\/schema\/logo\/image\/\"}}]}<\/script>\n<!-- \/ Yoast SEO plugin. -->","yoast_head_json":{"title":"rampa para motocicletas","description":"Rampa para motocicletas Si su verdadera pasi\u00f3n es la reparaci\u00f3n y mantenimiento de motocicletas de lujo como tambi\u00e9n motos ATV, usted necesitar\u00e1 de un","robots":{"index":"index","follow":"follow","max-snippet":"max-snippet:-1","max-image-preview":"max-image-preview:large","max-video-preview":"max-video-preview:-1"},"canonical":"https:\/\/serretecno.com.mx\/index.php\/rampa-para-motocicletas\/","og_locale":"es_ES","og_type":"article","og_title":"rampa para motocicletas","og_description":"Rampa para motocicletas Si su verdadera pasi\u00f3n es la reparaci\u00f3n y mantenimiento de motocicletas de lujo como tambi\u00e9n motos ATV, usted necesitar\u00e1 de un","og_url":"https:\/\/serretecno.com.mx\/index.php\/rampa-para-motocicletas\/","og_site_name":"Serretecno","article_modified_time":"2020-01-14T04:10:52+00:00","twitter_card":"summary_large_image","twitter_misc":{"Tiempo de lectura":"1 minuto"},"schema":{"@context":"https:\/\/schema.org","@graph":[{"@type":"WebPage","@id":"https:\/\/serretecno.com.mx\/index.php\/rampa-para-motocicletas\/","url":"https:\/\/serretecno.com.mx\/index.php\/rampa-para-motocicletas\/","name":"rampa para motocicletas","isPartOf":{"@id":"https:\/\/serretecno.com.mx\/#website"},"datePublished":"2020-01-10T02:19:13+00:00","dateModified":"2020-01-14T04:10:52+00:00","description":"Rampa para motocicletas Si su verdadera pasi\u00f3n es la reparaci\u00f3n y mantenimiento de motocicletas de lujo como tambi\u00e9n motos ATV, usted necesitar\u00e1 de un","breadcrumb":{"@id":"https:\/\/serretecno.com.mx\/index.php\/rampa-para-motocicletas\/#breadcrumb"},"inLanguage":"es","potentialAction":[{"@type":"ReadAction","target":["https:\/\/serretecno.com.mx\/index.php\/rampa-para-motocicletas\/"]}]},{"@type":"BreadcrumbList","@id":"https:\/\/serretecno.com.mx\/index.php\/rampa-para-motocicletas\/#breadcrumb","itemListElement":[{"@type":"ListItem","position":1,"name":"Home","item":"https:\/\/serretecno.com.mx\/"},{"@type":"ListItem","position":2,"name":"Rampa para motocicletas"}]},{"@type":"WebSite","@id":"https:\/\/serretecno.com.mx\/#website","url":"https:\/\/serretecno.com.mx\/","name":"Serretecno","description":"Elevadores de auto","publisher":{"@id":"https:\/\/serretecno.com.mx\/#organization"},"potentialAction":[{"@type":"SearchAction","target":{"@type":"EntryPoint","urlTemplate":"https:\/\/serretecno.com.mx\/?s={search_term_string}"},"query-input":{"@type":"PropertyValueSpecification","valueRequired":true,"valueName":"search_term_string"}}],"inLanguage":"es"},{"@type":"Organization","@id":"https:\/\/serretecno.com.mx\/#organization","name":"Serretecno.com","url":"https:\/\/serretecno.com.mx\/","logo":{"@type":"ImageObject","inLanguage":"es","@id":"https:\/\/serretecno.com.mx\/#\/schema\/logo\/image\/","url":"https:\/\/serretecno.com.mx\/wp-content\/uploads\/2020\/01\/cropped-logo-serretecno-1.jpg","contentUrl":"https:\/\/serretecno.com.mx\/wp-content\/uploads\/2020\/01\/cropped-logo-serretecno-1.jpg","width":973,"height":169,"caption":"Serretecno.com"},"image":{"@id":"https:\/\/serretecno.com.mx\/#\/schema\/logo\/image\/"}}]}},"_links":{"self":[{"href":"https:\/\/serretecno.com.mx\/index.php\/wp-json\/wp\/v2\/pages\/366","targetHints":{"allow":["GET"]}}],"collection":[{"href":"https:\/\/serretecno.com.mx\/index.php\/wp-json\/wp\/v2\/pages"}],"about":[{"href":"https:\/\/serretecno.com.mx\/index.php\/wp-json\/wp\/v2\/types\/page"}],"author":[{"embeddable":true,"href":"https:\/\/serretecno.com.mx\/index.php\/wp-json\/wp\/v2\/users\/2"}],"replies":[{"embeddable":true,"href":"https:\/\/serretecno.com.mx\/index.php\/wp-json\/wp\/v2\/comments?post=366"}],"version-history":[{"count":1,"href":"https:\/\/serretecno.com.mx\/index.php\/wp-json\/wp\/v2\/pages\/366\/revisions"}],"predecessor-version":[{"id":678,"href":"https:\/\/serretecno.com.mx\/index.php\/wp-json\/wp\/v2\/pages\/366\/revisions\/678"}],"wp:attachment":[{"href":"https:\/\/serretecno.com.mx\/index.php\/wp-json\/wp\/v2\/media?parent=366"}],"curies":[{"name":"wp","href":"https:\/\/api.w.org\/{rel}","templated":true}]}}