{"id":358,"date":"2020-01-10T02:11:16","date_gmt":"2020-01-10T02:11:16","guid":{"rendered":"https:\/\/serretecno.com.mx\/?page_id=358"},"modified":"2020-01-14T03:55:30","modified_gmt":"2020-01-14T03:55:30","slug":"rampas-de-piston-2","status":"publish","type":"page","link":"https:\/\/serretecno.com.mx\/index.php\/rampas-de-piston-2\/","title":{"rendered":"Rampas de pist\u00f3n"},"content":{"rendered":"\t\t<div data-elementor-type=\"wp-page\" data-elementor-id=\"358\" class=\"elementor elementor-358\">\n\t\t\t\t\t\t<section class=\"elementor-section elementor-top-section elementor-element elementor-element-d2b60c8 elementor-section-boxed elementor-section-height-default elementor-section-height-default\" data-id=\"d2b60c8\" data-element_type=\"section\">\n\t\t\t\t\t\t<div class=\"elementor-container elementor-column-gap-default\">\n\t\t\t\t\t<div class=\"elementor-column elementor-col-100 elementor-top-column elementor-element elementor-element-96ba0e4\" data-id=\"96ba0e4\" data-element_type=\"column\">\n\t\t\t<div class=\"elementor-widget-wrap elementor-element-populated\">\n\t\t\t\t\t\t<div class=\"elementor-element elementor-element-8bfc439 elementor-widget elementor-widget-heading\" data-id=\"8bfc439\" data-element_type=\"widget\" data-widget_type=\"heading.default\">\n\t\t\t\t<div class=\"elementor-widget-container\">\n\t\t\t\t\t<h1 class=\"elementor-heading-title elementor-size-default\">Rampas de Piston<\/h1>\t\t\t\t<\/div>\n\t\t\t\t<\/div>\n\t\t\t\t<section class=\"elementor-section elementor-inner-section elementor-element elementor-element-605756f elementor-section-boxed elementor-section-height-default elementor-section-height-default\" data-id=\"605756f\" data-element_type=\"section\">\n\t\t\t\t\t\t<div class=\"elementor-container elementor-column-gap-default\">\n\t\t\t\t\t<div class=\"elementor-column elementor-col-100 elementor-inner-column elementor-element elementor-element-b30f96b\" data-id=\"b30f96b\" data-element_type=\"column\">\n\t\t\t<div class=\"elementor-widget-wrap elementor-element-populated\">\n\t\t\t\t\t\t<div class=\"elementor-element elementor-element-e6ca235 elementor-widget elementor-widget-text-editor\" data-id=\"e6ca235\" data-element_type=\"widget\" data-widget_type=\"text-editor.default\">\n\t\t\t\t<div class=\"elementor-widget-container\">\n\t\t\t\t\t\t\t\t\t<p>En Serretecno contamos con rampas de pist\u00f3n hidroneum\u00e1ticas para cami\u00f3n, ideales para elevar camiones de carga pesada o grandes dimensiones, para poder dar un servicio de mejor calidad y con seguridad.<\/p><p>Los modelos disponibles de rampas de pist\u00f3n para camiones son:<\/p><p><strong>Rampa hidroneum\u00e1tica para trabajo rudo ST10<\/strong><\/p><p><strong>Caracter\u00edsticas:<\/strong><\/p><ul><li>Cuenta con una capacidad de carga de 10,000 kg.<\/li><li>Un levantamiento libre de 1,70 metros.<\/li><li>Est\u00e1 equipada con un riel doble tipo vigueta reforzada de 7 metros de longitud por .95 metros de ancho<\/li><li>Doble pist\u00f3n hidr\u00e1ulico es de 10.5\u2033 de di\u00e1metro<\/li><li>Una Presi\u00f3n requerida de trabajo en la l\u00ednea de aire de 150-175 p.s.i.<\/li><\/ul><p><strong>Rampa hidroneum\u00e1tica para trabajo rudo S16<\/strong><\/p><p><strong>Caracter\u00edsticas:<\/strong><\/p><ul><li>Cuenta con una capacidad de carga de 16,000 kg.<\/li><li>Un levantamiento libre de 1,70 metros.<\/li><li>Est\u00e1 equipada con un riel corrido tipo doble vigueta reforzada de 8 metros de longitud por .95 metros de ancho<\/li><li>Doble pist\u00f3n hidr\u00e1ulico es de 14\u2033 de di\u00e1metro<\/li><li>Una Presi\u00f3n requerida de trabajo en la l\u00ednea de aire de 150-175 p.s.i.<\/li><li>Tanque deposito par aceite con capacidad de 500 litros.<\/li><\/ul><p><strong>Rampa hidroneum\u00e1tica para trabajo rudo ST24<\/strong><\/p><p><strong>Caracter\u00edsticas:<\/strong><\/p><ul><li>Cuenta con una capacidad de carga de 24,000 kg.<\/li><li>Un levantamiento libre de 1,70 metros.<\/li><li>Est\u00e1 equipada con un riel corrido tipo doble vigueta reforzada de 10.50 metros de longitud por .95 metros de ancho<\/li><li>Un piso hidr\u00e1ulico frontal de 14\u201c de di\u00e1metro<\/li><li>Doble pist\u00f3n hidr\u00e1ulico es de 14\u2033 de di\u00e1metro<\/li><li>Una Presi\u00f3n requerida de trabajo en la l\u00ednea de aire de 150-175 p.s.i.<\/li><li>Tanque deposito par aceite con capacidad de 700 litros.<\/li><\/ul>\t\t\t\t\t\t\t\t<\/div>\n\t\t\t\t<\/div>\n\t\t\t\t\t<\/div>\n\t\t<\/div>\n\t\t\t\t\t<\/div>\n\t\t<\/section>\n\t\t\t\t\t<\/div>\n\t\t<\/div>\n\t\t\t\t\t<\/div>\n\t\t<\/section>\n\t\t\t\t<\/div>\n\t\t","protected":false},"excerpt":{"rendered":"<p>Rampas de Piston En Serretecno contamos con rampas de pist\u00f3n hidroneum\u00e1ticas para cami\u00f3n, ideales para elevar camiones de carga pesada o grandes dimensiones, para poder dar un servicio de mejor calidad y con seguridad. Los modelos disponibles de rampas de pist\u00f3n para camiones son: Rampa hidroneum\u00e1tica para trabajo rudo ST10 Caracter\u00edsticas: Cuenta con una capacidad [&hellip;]<\/p>\n","protected":false},"author":2,"featured_media":0,"parent":0,"menu_order":0,"comment_status":"closed","ping_status":"closed","template":"","meta":{"_exactmetrics_skip_tracking":false,"_exactmetrics_sitenote_active":false,"_exactmetrics_sitenote_note":"","_exactmetrics_sitenote_category":0,"_uf_show_specific_survey":0,"_uf_disable_surveys":false,"site-sidebar-layout":"no-sidebar","site-content-layout":"page-builder","ast-site-content-layout":"default","site-content-style":"default","site-sidebar-style":"default","ast-global-header-display":"","ast-banner-title-visibility":"","ast-main-header-display":"","ast-hfb-above-header-display":"","ast-hfb-below-header-display":"","ast-hfb-mobile-header-display":"","site-post-title":"disabled","ast-breadcrumbs-content":"","ast-featured-img":"disabled","footer-sml-layout":"","theme-transparent-header-meta":"default","adv-header-id-meta":"","stick-header-meta":"","header-above-stick-meta":"","header-main-stick-meta":"","header-below-stick-meta":"","astra-migrate-meta-layouts":"default","ast-page-background-enabled":"default","ast-page-background-meta":{"desktop":{"background-color":"","background-image":"","background-repeat":"repeat","background-position":"center center","background-size":"auto","background-attachment":"scroll","background-type":"","background-media":"","overlay-type":"","overlay-color":"","overlay-opacity":"","overlay-gradient":""},"tablet":{"background-color":"","background-image":"","background-repeat":"repeat","background-position":"center center","background-size":"auto","background-attachment":"scroll","background-type":"","background-media":"","overlay-type":"","overlay-color":"","overlay-opacity":"","overlay-gradient":""},"mobile":{"background-color":"","background-image":"","background-repeat":"repeat","background-position":"center center","background-size":"auto","background-attachment":"scroll","background-type":"","background-media":"","overlay-type":"","overlay-color":"","overlay-opacity":"","overlay-gradient":""}},"ast-content-background-meta":{"desktop":{"background-color":"var(--ast-global-color-5)","background-image":"","background-repeat":"repeat","background-position":"center center","background-size":"auto","background-attachment":"scroll","background-type":"","background-media":"","overlay-type":"","overlay-color":"","overlay-opacity":"","overlay-gradient":""},"tablet":{"background-color":"var(--ast-global-color-5)","background-image":"","background-repeat":"repeat","background-position":"center center","background-size":"auto","background-attachment":"scroll","background-type":"","background-media":"","overlay-type":"","overlay-color":"","overlay-opacity":"","overlay-gradient":""},"mobile":{"background-color":"var(--ast-global-color-5)","background-image":"","background-repeat":"repeat","background-position":"center center","background-size":"auto","background-attachment":"scroll","background-type":"","background-media":"","overlay-type":"","overlay-color":"","overlay-opacity":"","overlay-gradient":""}},"_joinchat":[],"footnotes":""},"class_list":["post-358","page","type-page","status-publish","hentry"],"yoast_head":"<!-- This site is optimized with the Yoast SEO plugin v25.4 - https:\/\/yoast.com\/wordpress\/plugins\/seo\/ -->\n<title>rampas de pistos<\/title>\n<meta name=\"description\" content=\"Rampas de Piston En Serretecno contamos con rampas de pist\u00f3n hidroneum\u00e1ticas para cami\u00f3n, ideales para elevar camiones de carga pesada o grandes\" \/>\n<meta name=\"robots\" content=\"index, follow, max-snippet:-1, max-image-preview:large, max-video-preview:-1\" \/>\n<link rel=\"canonical\" href=\"https:\/\/serretecno.com.mx\/index.php\/rampas-de-piston-2\/\" \/>\n<meta property=\"og:locale\" content=\"es_ES\" \/>\n<meta property=\"og:type\" content=\"article\" \/>\n<meta property=\"og:title\" content=\"rampas de pistos\" \/>\n<meta property=\"og:description\" content=\"Rampas de Piston En Serretecno contamos con rampas de pist\u00f3n hidroneum\u00e1ticas para cami\u00f3n, ideales para elevar camiones de carga pesada o grandes\" \/>\n<meta property=\"og:url\" content=\"https:\/\/serretecno.com.mx\/index.php\/rampas-de-piston-2\/\" \/>\n<meta property=\"og:site_name\" content=\"Serretecno\" \/>\n<meta property=\"article:modified_time\" content=\"2020-01-14T03:55:30+00:00\" \/>\n<meta name=\"twitter:card\" content=\"summary_large_image\" \/>\n<meta name=\"twitter:label1\" content=\"Tiempo de lectura\" \/>\n\t<meta name=\"twitter:data1\" content=\"1 minuto\" \/>\n<script type=\"application\/ld+json\" class=\"yoast-schema-graph\">{\"@context\":\"https:\/\/schema.org\",\"@graph\":[{\"@type\":\"WebPage\",\"@id\":\"https:\/\/serretecno.com.mx\/index.php\/rampas-de-piston-2\/\",\"url\":\"https:\/\/serretecno.com.mx\/index.php\/rampas-de-piston-2\/\",\"name\":\"rampas de pistos\",\"isPartOf\":{\"@id\":\"https:\/\/serretecno.com.mx\/#website\"},\"datePublished\":\"2020-01-10T02:11:16+00:00\",\"dateModified\":\"2020-01-14T03:55:30+00:00\",\"description\":\"Rampas de Piston En Serretecno contamos con rampas de pist\u00f3n hidroneum\u00e1ticas para cami\u00f3n, ideales para elevar camiones de carga pesada o grandes\",\"breadcrumb\":{\"@id\":\"https:\/\/serretecno.com.mx\/index.php\/rampas-de-piston-2\/#breadcrumb\"},\"inLanguage\":\"es\",\"potentialAction\":[{\"@type\":\"ReadAction\",\"target\":[\"https:\/\/serretecno.com.mx\/index.php\/rampas-de-piston-2\/\"]}]},{\"@type\":\"BreadcrumbList\",\"@id\":\"https:\/\/serretecno.com.mx\/index.php\/rampas-de-piston-2\/#breadcrumb\",\"itemListElement\":[{\"@type\":\"ListItem\",\"position\":1,\"name\":\"Home\",\"item\":\"https:\/\/serretecno.com.mx\/\"},{\"@type\":\"ListItem\",\"position\":2,\"name\":\"Rampas de pist\u00f3n\"}]},{\"@type\":\"WebSite\",\"@id\":\"https:\/\/serretecno.com.mx\/#website\",\"url\":\"https:\/\/serretecno.com.mx\/\",\"name\":\"Serretecno\",\"description\":\"Elevadores de auto\",\"publisher\":{\"@id\":\"https:\/\/serretecno.com.mx\/#organization\"},\"potentialAction\":[{\"@type\":\"SearchAction\",\"target\":{\"@type\":\"EntryPoint\",\"urlTemplate\":\"https:\/\/serretecno.com.mx\/?s={search_term_string}\"},\"query-input\":{\"@type\":\"PropertyValueSpecification\",\"valueRequired\":true,\"valueName\":\"search_term_string\"}}],\"inLanguage\":\"es\"},{\"@type\":\"Organization\",\"@id\":\"https:\/\/serretecno.com.mx\/#organization\",\"name\":\"Serretecno.com\",\"url\":\"https:\/\/serretecno.com.mx\/\",\"logo\":{\"@type\":\"ImageObject\",\"inLanguage\":\"es\",\"@id\":\"https:\/\/serretecno.com.mx\/#\/schema\/logo\/image\/\",\"url\":\"https:\/\/serretecno.com.mx\/wp-content\/uploads\/2020\/01\/cropped-logo-serretecno-1.jpg\",\"contentUrl\":\"https:\/\/serretecno.com.mx\/wp-content\/uploads\/2020\/01\/cropped-logo-serretecno-1.jpg\",\"width\":973,\"height\":169,\"caption\":\"Serretecno.com\"},\"image\":{\"@id\":\"https:\/\/serretecno.com.mx\/#\/schema\/logo\/image\/\"}}]}<\/script>\n<!-- \/ Yoast SEO plugin. -->","yoast_head_json":{"title":"rampas de pistos","description":"Rampas de Piston En Serretecno contamos con rampas de pist\u00f3n hidroneum\u00e1ticas para cami\u00f3n, ideales para elevar camiones de carga pesada o grandes","robots":{"index":"index","follow":"follow","max-snippet":"max-snippet:-1","max-image-preview":"max-image-preview:large","max-video-preview":"max-video-preview:-1"},"canonical":"https:\/\/serretecno.com.mx\/index.php\/rampas-de-piston-2\/","og_locale":"es_ES","og_type":"article","og_title":"rampas de pistos","og_description":"Rampas de Piston En Serretecno contamos con rampas de pist\u00f3n hidroneum\u00e1ticas para cami\u00f3n, ideales para elevar camiones de carga pesada o grandes","og_url":"https:\/\/serretecno.com.mx\/index.php\/rampas-de-piston-2\/","og_site_name":"Serretecno","article_modified_time":"2020-01-14T03:55:30+00:00","twitter_card":"summary_large_image","twitter_misc":{"Tiempo de lectura":"1 minuto"},"schema":{"@context":"https:\/\/schema.org","@graph":[{"@type":"WebPage","@id":"https:\/\/serretecno.com.mx\/index.php\/rampas-de-piston-2\/","url":"https:\/\/serretecno.com.mx\/index.php\/rampas-de-piston-2\/","name":"rampas de pistos","isPartOf":{"@id":"https:\/\/serretecno.com.mx\/#website"},"datePublished":"2020-01-10T02:11:16+00:00","dateModified":"2020-01-14T03:55:30+00:00","description":"Rampas de Piston En Serretecno contamos con rampas de pist\u00f3n hidroneum\u00e1ticas para cami\u00f3n, ideales para elevar camiones de carga pesada o grandes","breadcrumb":{"@id":"https:\/\/serretecno.com.mx\/index.php\/rampas-de-piston-2\/#breadcrumb"},"inLanguage":"es","potentialAction":[{"@type":"ReadAction","target":["https:\/\/serretecno.com.mx\/index.php\/rampas-de-piston-2\/"]}]},{"@type":"BreadcrumbList","@id":"https:\/\/serretecno.com.mx\/index.php\/rampas-de-piston-2\/#breadcrumb","itemListElement":[{"@type":"ListItem","position":1,"name":"Home","item":"https:\/\/serretecno.com.mx\/"},{"@type":"ListItem","position":2,"name":"Rampas de pist\u00f3n"}]},{"@type":"WebSite","@id":"https:\/\/serretecno.com.mx\/#website","url":"https:\/\/serretecno.com.mx\/","name":"Serretecno","description":"Elevadores de auto","publisher":{"@id":"https:\/\/serretecno.com.mx\/#organization"},"potentialAction":[{"@type":"SearchAction","target":{"@type":"EntryPoint","urlTemplate":"https:\/\/serretecno.com.mx\/?s={search_term_string}"},"query-input":{"@type":"PropertyValueSpecification","valueRequired":true,"valueName":"search_term_string"}}],"inLanguage":"es"},{"@type":"Organization","@id":"https:\/\/serretecno.com.mx\/#organization","name":"Serretecno.com","url":"https:\/\/serretecno.com.mx\/","logo":{"@type":"ImageObject","inLanguage":"es","@id":"https:\/\/serretecno.com.mx\/#\/schema\/logo\/image\/","url":"https:\/\/serretecno.com.mx\/wp-content\/uploads\/2020\/01\/cropped-logo-serretecno-1.jpg","contentUrl":"https:\/\/serretecno.com.mx\/wp-content\/uploads\/2020\/01\/cropped-logo-serretecno-1.jpg","width":973,"height":169,"caption":"Serretecno.com"},"image":{"@id":"https:\/\/serretecno.com.mx\/#\/schema\/logo\/image\/"}}]}},"_links":{"self":[{"href":"https:\/\/serretecno.com.mx\/index.php\/wp-json\/wp\/v2\/pages\/358","targetHints":{"allow":["GET"]}}],"collection":[{"href":"https:\/\/serretecno.com.mx\/index.php\/wp-json\/wp\/v2\/pages"}],"about":[{"href":"https:\/\/serretecno.com.mx\/index.php\/wp-json\/wp\/v2\/types\/page"}],"author":[{"embeddable":true,"href":"https:\/\/serretecno.com.mx\/index.php\/wp-json\/wp\/v2\/users\/2"}],"replies":[{"embeddable":true,"href":"https:\/\/serretecno.com.mx\/index.php\/wp-json\/wp\/v2\/comments?post=358"}],"version-history":[{"count":1,"href":"https:\/\/serretecno.com.mx\/index.php\/wp-json\/wp\/v2\/pages\/358\/revisions"}],"predecessor-version":[{"id":686,"href":"https:\/\/serretecno.com.mx\/index.php\/wp-json\/wp\/v2\/pages\/358\/revisions\/686"}],"wp:attachment":[{"href":"https:\/\/serretecno.com.mx\/index.php\/wp-json\/wp\/v2\/media?parent=358"}],"curies":[{"name":"wp","href":"https:\/\/api.w.org\/{rel}","templated":true}]}}