{"id":353,"date":"2020-01-10T02:09:45","date_gmt":"2020-01-10T02:09:45","guid":{"rendered":"https:\/\/serretecno.com.mx\/?page_id=353"},"modified":"2020-01-14T02:56:12","modified_gmt":"2020-01-14T02:56:12","slug":"cuatro-columnas","status":"publish","type":"page","link":"https:\/\/serretecno.com.mx\/index.php\/cuatro-columnas\/","title":{"rendered":"Cuatro columnas"},"content":{"rendered":"\t\t<div data-elementor-type=\"wp-page\" data-elementor-id=\"353\" class=\"elementor elementor-353\">\n\t\t\t\t\t\t<section class=\"elementor-section elementor-top-section elementor-element elementor-element-fa72d1c elementor-section-boxed elementor-section-height-default elementor-section-height-default\" data-id=\"fa72d1c\" data-element_type=\"section\">\n\t\t\t\t\t\t<div class=\"elementor-container elementor-column-gap-default\">\n\t\t\t\t\t<div class=\"elementor-column elementor-col-100 elementor-top-column elementor-element elementor-element-ff21639\" data-id=\"ff21639\" data-element_type=\"column\">\n\t\t\t<div class=\"elementor-widget-wrap elementor-element-populated\">\n\t\t\t\t\t\t<div class=\"elementor-element elementor-element-84f2ef0 elementor-widget elementor-widget-heading\" data-id=\"84f2ef0\" data-element_type=\"widget\" data-widget_type=\"heading.default\">\n\t\t\t\t<div class=\"elementor-widget-container\">\n\t\t\t\t\t<h1 class=\"elementor-heading-title elementor-size-default\">Cuatro columnas<\/h1>\t\t\t\t<\/div>\n\t\t\t\t<\/div>\n\t\t\t\t<section class=\"elementor-section elementor-inner-section elementor-element elementor-element-fcbb930 elementor-section-boxed elementor-section-height-default elementor-section-height-default\" data-id=\"fcbb930\" data-element_type=\"section\">\n\t\t\t\t\t\t<div class=\"elementor-container elementor-column-gap-default\">\n\t\t\t\t\t<div class=\"elementor-column elementor-col-50 elementor-inner-column elementor-element elementor-element-4c784a6\" data-id=\"4c784a6\" data-element_type=\"column\">\n\t\t\t<div class=\"elementor-widget-wrap elementor-element-populated\">\n\t\t\t\t\t\t<div class=\"elementor-element elementor-element-025c256 elementor-widget elementor-widget-text-editor\" data-id=\"025c256\" data-element_type=\"widget\" data-widget_type=\"text-editor.default\">\n\t\t\t\t<div class=\"elementor-widget-container\">\n\t\t\t\t\t\t\t\t\t<p>En Serretecno contamos con elevadores de cuatro columnas o postes para camiones que representan lo mejor en su clase en lo que respecta a construcci\u00f3n, materiales, tecnolog\u00eda y seguridad con caracter\u00edsticas exclusivas.<\/p><p>Est\u00e1n dise\u00f1ados para trabajo pesado, para rendirle mejor, construidos para durar mucho m\u00e1s tiempo, para ayudarle a aumentar su productividad y\u00a0para satisfacer las m\u00e1s exigentes demandas a la hora de trabajar. Sus capacidades de s\u00faper pesados son un m\u00e1ximo de 40.000 libras. Nuestros elevadores tambi\u00e9n tienen una doble funci\u00f3n servirle como una soluci\u00f3n conveniente de estacionamiento.<\/p><p>Cada uno de los elevadores o rampas cuatro columnas tiene configuraciones especiales, ya sea s\u00faper alto, amplio, angosto, ahorrador de espacio o de construcci\u00f3n regular, usted puede estar seguro que encontrar\u00e1 el elevador perfecto para usted. Todos los elevadores est\u00e1n respaldados por 45 a\u00f1os de excelencia y una reputaci\u00f3n que conlleva peso.<\/p>\t\t\t\t\t\t\t\t<\/div>\n\t\t\t\t<\/div>\n\t\t\t\t\t<\/div>\n\t\t<\/div>\n\t\t\t\t<div class=\"elementor-column elementor-col-50 elementor-inner-column elementor-element elementor-element-eddd254\" data-id=\"eddd254\" data-element_type=\"column\">\n\t\t\t<div class=\"elementor-widget-wrap elementor-element-populated\">\n\t\t\t\t\t\t<div class=\"elementor-element elementor-element-a364c2c elementor-widget elementor-widget-image\" data-id=\"a364c2c\" data-element_type=\"widget\" data-widget_type=\"image.default\">\n\t\t\t\t<div class=\"elementor-widget-container\">\n\t\t\t\t\t\t\t\t\t\t\t\t\t\t\t<img fetchpriority=\"high\" decoding=\"async\" width=\"250\" height=\"250\" src=\"https:\/\/serretecno.com.mx\/wp-content\/uploads\/2020\/01\/MONTACOCHES1-nka0w93aglzvqd686zk28sck6nismil4f6laby916s-1.png\" class=\"attachment-large size-large wp-image-222\" alt=\"\" srcset=\"https:\/\/serretecno.com.mx\/wp-content\/uploads\/2020\/01\/MONTACOCHES1-nka0w93aglzvqd686zk28sck6nismil4f6laby916s-1.png 250w, https:\/\/serretecno.com.mx\/wp-content\/uploads\/2020\/01\/MONTACOCHES1-nka0w93aglzvqd686zk28sck6nismil4f6laby916s-1-150x150.png 150w\" sizes=\"(max-width: 250px) 100vw, 250px\" \/>\t\t\t\t\t\t\t\t\t\t\t\t\t\t\t<\/div>\n\t\t\t\t<\/div>\n\t\t\t\t\t<\/div>\n\t\t<\/div>\n\t\t\t\t\t<\/div>\n\t\t<\/section>\n\t\t\t\t\t<\/div>\n\t\t<\/div>\n\t\t\t\t\t<\/div>\n\t\t<\/section>\n\t\t\t\t<\/div>\n\t\t","protected":false},"excerpt":{"rendered":"<p>Cuatro columnas En Serretecno contamos con elevadores de cuatro columnas o postes para camiones que representan lo mejor en su clase en lo que respecta a construcci\u00f3n, materiales, tecnolog\u00eda y seguridad con caracter\u00edsticas exclusivas. Est\u00e1n dise\u00f1ados para trabajo pesado, para rendirle mejor, construidos para durar mucho m\u00e1s tiempo, para ayudarle a aumentar su productividad y&nbsp;para [&hellip;]<\/p>\n","protected":false},"author":2,"featured_media":0,"parent":0,"menu_order":0,"comment_status":"closed","ping_status":"closed","template":"","meta":{"_exactmetrics_skip_tracking":false,"_exactmetrics_sitenote_active":false,"_exactmetrics_sitenote_note":"","_exactmetrics_sitenote_category":0,"_uf_show_specific_survey":0,"_uf_disable_surveys":false,"site-sidebar-layout":"no-sidebar","site-content-layout":"page-builder","ast-site-content-layout":"default","site-content-style":"default","site-sidebar-style":"default","ast-global-header-display":"","ast-banner-title-visibility":"","ast-main-header-display":"","ast-hfb-above-header-display":"","ast-hfb-below-header-display":"","ast-hfb-mobile-header-display":"","site-post-title":"disabled","ast-breadcrumbs-content":"","ast-featured-img":"disabled","footer-sml-layout":"","theme-transparent-header-meta":"default","adv-header-id-meta":"","stick-header-meta":"","header-above-stick-meta":"","header-main-stick-meta":"","header-below-stick-meta":"","astra-migrate-meta-layouts":"default","ast-page-background-enabled":"default","ast-page-background-meta":{"desktop":{"background-color":"","background-image":"","background-repeat":"repeat","background-position":"center center","background-size":"auto","background-attachment":"scroll","background-type":"","background-media":"","overlay-type":"","overlay-color":"","overlay-opacity":"","overlay-gradient":""},"tablet":{"background-color":"","background-image":"","background-repeat":"repeat","background-position":"center center","background-size":"auto","background-attachment":"scroll","background-type":"","background-media":"","overlay-type":"","overlay-color":"","overlay-opacity":"","overlay-gradient":""},"mobile":{"background-color":"","background-image":"","background-repeat":"repeat","background-position":"center center","background-size":"auto","background-attachment":"scroll","background-type":"","background-media":"","overlay-type":"","overlay-color":"","overlay-opacity":"","overlay-gradient":""}},"ast-content-background-meta":{"desktop":{"background-color":"var(--ast-global-color-5)","background-image":"","background-repeat":"repeat","background-position":"center center","background-size":"auto","background-attachment":"scroll","background-type":"","background-media":"","overlay-type":"","overlay-color":"","overlay-opacity":"","overlay-gradient":""},"tablet":{"background-color":"var(--ast-global-color-5)","background-image":"","background-repeat":"repeat","background-position":"center center","background-size":"auto","background-attachment":"scroll","background-type":"","background-media":"","overlay-type":"","overlay-color":"","overlay-opacity":"","overlay-gradient":""},"mobile":{"background-color":"var(--ast-global-color-5)","background-image":"","background-repeat":"repeat","background-position":"center center","background-size":"auto","background-attachment":"scroll","background-type":"","background-media":"","overlay-type":"","overlay-color":"","overlay-opacity":"","overlay-gradient":""}},"_joinchat":[],"footnotes":""},"class_list":["post-353","page","type-page","status-publish","hentry"],"yoast_head":"<!-- This site is optimized with the Yoast SEO plugin v25.4 - https:\/\/yoast.com\/wordpress\/plugins\/seo\/ -->\n<title>elevadores cuatro columnas<\/title>\n<meta name=\"description\" content=\"Cuatro columnas En Serretecno contamos con elevadores de cuatro columnas o postes para camiones que representan lo mejor en su clase en lo que respecta a\" \/>\n<meta name=\"robots\" content=\"index, follow, max-snippet:-1, max-image-preview:large, max-video-preview:-1\" \/>\n<link rel=\"canonical\" href=\"https:\/\/serretecno.com.mx\/index.php\/cuatro-columnas\/\" \/>\n<meta property=\"og:locale\" content=\"es_ES\" \/>\n<meta property=\"og:type\" content=\"article\" \/>\n<meta property=\"og:title\" content=\"elevadores cuatro columnas\" \/>\n<meta property=\"og:description\" content=\"Cuatro columnas En Serretecno contamos con elevadores de cuatro columnas o postes para camiones que representan lo mejor en su clase en lo que respecta a\" \/>\n<meta property=\"og:url\" content=\"https:\/\/serretecno.com.mx\/index.php\/cuatro-columnas\/\" \/>\n<meta property=\"og:site_name\" content=\"Serretecno\" \/>\n<meta property=\"article:modified_time\" content=\"2020-01-14T02:56:12+00:00\" \/>\n<meta property=\"og:image\" content=\"https:\/\/serretecno.com.mx\/wp-content\/uploads\/2020\/01\/MONTACOCHES1-nka0w93aglzvqd686zk28sck6nismil4f6laby916s-1.png\" \/>\n<meta name=\"twitter:card\" content=\"summary_large_image\" \/>\n<meta name=\"twitter:label1\" content=\"Tiempo de lectura\" \/>\n\t<meta name=\"twitter:data1\" content=\"1 minuto\" \/>\n<script type=\"application\/ld+json\" class=\"yoast-schema-graph\">{\"@context\":\"https:\/\/schema.org\",\"@graph\":[{\"@type\":\"WebPage\",\"@id\":\"https:\/\/serretecno.com.mx\/index.php\/cuatro-columnas\/\",\"url\":\"https:\/\/serretecno.com.mx\/index.php\/cuatro-columnas\/\",\"name\":\"elevadores cuatro columnas\",\"isPartOf\":{\"@id\":\"https:\/\/serretecno.com.mx\/#website\"},\"primaryImageOfPage\":{\"@id\":\"https:\/\/serretecno.com.mx\/index.php\/cuatro-columnas\/#primaryimage\"},\"image\":{\"@id\":\"https:\/\/serretecno.com.mx\/index.php\/cuatro-columnas\/#primaryimage\"},\"thumbnailUrl\":\"https:\/\/serretecno.com.mx\/wp-content\/uploads\/2020\/01\/MONTACOCHES1-nka0w93aglzvqd686zk28sck6nismil4f6laby916s-1.png\",\"datePublished\":\"2020-01-10T02:09:45+00:00\",\"dateModified\":\"2020-01-14T02:56:12+00:00\",\"description\":\"Cuatro columnas En Serretecno contamos con elevadores de cuatro columnas o postes para camiones que representan lo mejor en su clase en lo que respecta a\",\"breadcrumb\":{\"@id\":\"https:\/\/serretecno.com.mx\/index.php\/cuatro-columnas\/#breadcrumb\"},\"inLanguage\":\"es\",\"potentialAction\":[{\"@type\":\"ReadAction\",\"target\":[\"https:\/\/serretecno.com.mx\/index.php\/cuatro-columnas\/\"]}]},{\"@type\":\"ImageObject\",\"inLanguage\":\"es\",\"@id\":\"https:\/\/serretecno.com.mx\/index.php\/cuatro-columnas\/#primaryimage\",\"url\":\"https:\/\/serretecno.com.mx\/wp-content\/uploads\/2020\/01\/MONTACOCHES1-nka0w93aglzvqd686zk28sck6nismil4f6laby916s-1.png\",\"contentUrl\":\"https:\/\/serretecno.com.mx\/wp-content\/uploads\/2020\/01\/MONTACOCHES1-nka0w93aglzvqd686zk28sck6nismil4f6laby916s-1.png\",\"width\":250,\"height\":250},{\"@type\":\"BreadcrumbList\",\"@id\":\"https:\/\/serretecno.com.mx\/index.php\/cuatro-columnas\/#breadcrumb\",\"itemListElement\":[{\"@type\":\"ListItem\",\"position\":1,\"name\":\"Home\",\"item\":\"https:\/\/serretecno.com.mx\/\"},{\"@type\":\"ListItem\",\"position\":2,\"name\":\"Cuatro columnas\"}]},{\"@type\":\"WebSite\",\"@id\":\"https:\/\/serretecno.com.mx\/#website\",\"url\":\"https:\/\/serretecno.com.mx\/\",\"name\":\"Serretecno\",\"description\":\"Elevadores de auto\",\"publisher\":{\"@id\":\"https:\/\/serretecno.com.mx\/#organization\"},\"potentialAction\":[{\"@type\":\"SearchAction\",\"target\":{\"@type\":\"EntryPoint\",\"urlTemplate\":\"https:\/\/serretecno.com.mx\/?s={search_term_string}\"},\"query-input\":{\"@type\":\"PropertyValueSpecification\",\"valueRequired\":true,\"valueName\":\"search_term_string\"}}],\"inLanguage\":\"es\"},{\"@type\":\"Organization\",\"@id\":\"https:\/\/serretecno.com.mx\/#organization\",\"name\":\"Serretecno.com\",\"url\":\"https:\/\/serretecno.com.mx\/\",\"logo\":{\"@type\":\"ImageObject\",\"inLanguage\":\"es\",\"@id\":\"https:\/\/serretecno.com.mx\/#\/schema\/logo\/image\/\",\"url\":\"https:\/\/serretecno.com.mx\/wp-content\/uploads\/2020\/01\/cropped-logo-serretecno-1.jpg\",\"contentUrl\":\"https:\/\/serretecno.com.mx\/wp-content\/uploads\/2020\/01\/cropped-logo-serretecno-1.jpg\",\"width\":973,\"height\":169,\"caption\":\"Serretecno.com\"},\"image\":{\"@id\":\"https:\/\/serretecno.com.mx\/#\/schema\/logo\/image\/\"}}]}<\/script>\n<!-- \/ Yoast SEO plugin. -->","yoast_head_json":{"title":"elevadores cuatro columnas","description":"Cuatro columnas En Serretecno contamos con elevadores de cuatro columnas o postes para camiones que representan lo mejor en su clase en lo que respecta a","robots":{"index":"index","follow":"follow","max-snippet":"max-snippet:-1","max-image-preview":"max-image-preview:large","max-video-preview":"max-video-preview:-1"},"canonical":"https:\/\/serretecno.com.mx\/index.php\/cuatro-columnas\/","og_locale":"es_ES","og_type":"article","og_title":"elevadores cuatro columnas","og_description":"Cuatro columnas En Serretecno contamos con elevadores de cuatro columnas o postes para camiones que representan lo mejor en su clase en lo que respecta a","og_url":"https:\/\/serretecno.com.mx\/index.php\/cuatro-columnas\/","og_site_name":"Serretecno","article_modified_time":"2020-01-14T02:56:12+00:00","og_image":[{"url":"https:\/\/serretecno.com.mx\/wp-content\/uploads\/2020\/01\/MONTACOCHES1-nka0w93aglzvqd686zk28sck6nismil4f6laby916s-1.png","type":"","width":"","height":""}],"twitter_card":"summary_large_image","twitter_misc":{"Tiempo de lectura":"1 minuto"},"schema":{"@context":"https:\/\/schema.org","@graph":[{"@type":"WebPage","@id":"https:\/\/serretecno.com.mx\/index.php\/cuatro-columnas\/","url":"https:\/\/serretecno.com.mx\/index.php\/cuatro-columnas\/","name":"elevadores cuatro columnas","isPartOf":{"@id":"https:\/\/serretecno.com.mx\/#website"},"primaryImageOfPage":{"@id":"https:\/\/serretecno.com.mx\/index.php\/cuatro-columnas\/#primaryimage"},"image":{"@id":"https:\/\/serretecno.com.mx\/index.php\/cuatro-columnas\/#primaryimage"},"thumbnailUrl":"https:\/\/serretecno.com.mx\/wp-content\/uploads\/2020\/01\/MONTACOCHES1-nka0w93aglzvqd686zk28sck6nismil4f6laby916s-1.png","datePublished":"2020-01-10T02:09:45+00:00","dateModified":"2020-01-14T02:56:12+00:00","description":"Cuatro columnas En Serretecno contamos con elevadores de cuatro columnas o postes para camiones que representan lo mejor en su clase en lo que respecta a","breadcrumb":{"@id":"https:\/\/serretecno.com.mx\/index.php\/cuatro-columnas\/#breadcrumb"},"inLanguage":"es","potentialAction":[{"@type":"ReadAction","target":["https:\/\/serretecno.com.mx\/index.php\/cuatro-columnas\/"]}]},{"@type":"ImageObject","inLanguage":"es","@id":"https:\/\/serretecno.com.mx\/index.php\/cuatro-columnas\/#primaryimage","url":"https:\/\/serretecno.com.mx\/wp-content\/uploads\/2020\/01\/MONTACOCHES1-nka0w93aglzvqd686zk28sck6nismil4f6laby916s-1.png","contentUrl":"https:\/\/serretecno.com.mx\/wp-content\/uploads\/2020\/01\/MONTACOCHES1-nka0w93aglzvqd686zk28sck6nismil4f6laby916s-1.png","width":250,"height":250},{"@type":"BreadcrumbList","@id":"https:\/\/serretecno.com.mx\/index.php\/cuatro-columnas\/#breadcrumb","itemListElement":[{"@type":"ListItem","position":1,"name":"Home","item":"https:\/\/serretecno.com.mx\/"},{"@type":"ListItem","position":2,"name":"Cuatro columnas"}]},{"@type":"WebSite","@id":"https:\/\/serretecno.com.mx\/#website","url":"https:\/\/serretecno.com.mx\/","name":"Serretecno","description":"Elevadores de auto","publisher":{"@id":"https:\/\/serretecno.com.mx\/#organization"},"potentialAction":[{"@type":"SearchAction","target":{"@type":"EntryPoint","urlTemplate":"https:\/\/serretecno.com.mx\/?s={search_term_string}"},"query-input":{"@type":"PropertyValueSpecification","valueRequired":true,"valueName":"search_term_string"}}],"inLanguage":"es"},{"@type":"Organization","@id":"https:\/\/serretecno.com.mx\/#organization","name":"Serretecno.com","url":"https:\/\/serretecno.com.mx\/","logo":{"@type":"ImageObject","inLanguage":"es","@id":"https:\/\/serretecno.com.mx\/#\/schema\/logo\/image\/","url":"https:\/\/serretecno.com.mx\/wp-content\/uploads\/2020\/01\/cropped-logo-serretecno-1.jpg","contentUrl":"https:\/\/serretecno.com.mx\/wp-content\/uploads\/2020\/01\/cropped-logo-serretecno-1.jpg","width":973,"height":169,"caption":"Serretecno.com"},"image":{"@id":"https:\/\/serretecno.com.mx\/#\/schema\/logo\/image\/"}}]}},"_links":{"self":[{"href":"https:\/\/serretecno.com.mx\/index.php\/wp-json\/wp\/v2\/pages\/353","targetHints":{"allow":["GET"]}}],"collection":[{"href":"https:\/\/serretecno.com.mx\/index.php\/wp-json\/wp\/v2\/pages"}],"about":[{"href":"https:\/\/serretecno.com.mx\/index.php\/wp-json\/wp\/v2\/types\/page"}],"author":[{"embeddable":true,"href":"https:\/\/serretecno.com.mx\/index.php\/wp-json\/wp\/v2\/users\/2"}],"replies":[{"embeddable":true,"href":"https:\/\/serretecno.com.mx\/index.php\/wp-json\/wp\/v2\/comments?post=353"}],"version-history":[{"count":1,"href":"https:\/\/serretecno.com.mx\/index.php\/wp-json\/wp\/v2\/pages\/353\/revisions"}],"predecessor-version":[{"id":617,"href":"https:\/\/serretecno.com.mx\/index.php\/wp-json\/wp\/v2\/pages\/353\/revisions\/617"}],"wp:attachment":[{"href":"https:\/\/serretecno.com.mx\/index.php\/wp-json\/wp\/v2\/media?parent=353"}],"curies":[{"name":"wp","href":"https:\/\/api.w.org\/{rel}","templated":true}]}}