{"id":348,"date":"2020-01-10T01:29:45","date_gmt":"2020-01-10T01:29:45","guid":{"rendered":"https:\/\/serretecno.com.mx\/?page_id=348"},"modified":"2020-01-14T04:39:41","modified_gmt":"2020-01-14T04:39:41","slug":"columnas-moviles","status":"publish","type":"page","link":"https:\/\/serretecno.com.mx\/index.php\/columnas-moviles\/","title":{"rendered":"Columnas m\u00f3viles"},"content":{"rendered":"\t\t<div data-elementor-type=\"wp-page\" data-elementor-id=\"348\" class=\"elementor elementor-348\">\n\t\t\t\t\t\t<section class=\"elementor-section elementor-top-section elementor-element elementor-element-c102578 elementor-section-boxed elementor-section-height-default elementor-section-height-default\" data-id=\"c102578\" data-element_type=\"section\">\n\t\t\t\t\t\t<div class=\"elementor-container elementor-column-gap-default\">\n\t\t\t\t\t<div class=\"elementor-column elementor-col-100 elementor-top-column elementor-element elementor-element-9df72ec\" data-id=\"9df72ec\" data-element_type=\"column\">\n\t\t\t<div class=\"elementor-widget-wrap elementor-element-populated\">\n\t\t\t\t\t\t<div class=\"elementor-element elementor-element-5f65620 elementor-widget elementor-widget-heading\" data-id=\"5f65620\" data-element_type=\"widget\" data-widget_type=\"heading.default\">\n\t\t\t\t<div class=\"elementor-widget-container\">\n\t\t\t\t\t<h1 class=\"elementor-heading-title elementor-size-default\">Columnas m\u00f3viles<\/h1>\t\t\t\t<\/div>\n\t\t\t\t<\/div>\n\t\t\t\t<section class=\"elementor-section elementor-inner-section elementor-element elementor-element-86746e8 elementor-section-boxed elementor-section-height-default elementor-section-height-default\" data-id=\"86746e8\" data-element_type=\"section\">\n\t\t\t\t\t\t<div class=\"elementor-container elementor-column-gap-default\">\n\t\t\t\t\t<div class=\"elementor-column elementor-col-100 elementor-inner-column elementor-element elementor-element-d901520\" data-id=\"d901520\" data-element_type=\"column\">\n\t\t\t<div class=\"elementor-widget-wrap elementor-element-populated\">\n\t\t\t\t\t\t<div class=\"elementor-element elementor-element-c5fa893 elementor-widget elementor-widget-text-editor\" data-id=\"c5fa893\" data-element_type=\"widget\" data-widget_type=\"text-editor.default\">\n\t\t\t\t<div class=\"elementor-widget-container\">\n\t\t\t\t\t\t\t\t\t<p>En Serretecno encontrara los elevadores de columnas m\u00f3viles, dise\u00f1ados con la mejor calidad, para ofrecer mayor seguridad, para ayudarle a dar un mejor servicio, totalmente equipados con caja de control con paro de emergencia y soporte de acci\u00f3n mec\u00e1nica opcional.<\/p><p>El elevador de columnas m\u00f3viles\u00a0es un soporte de apoyo port\u00e1til, especialmente construido de una manera robusta, y dise\u00f1ado espec\u00edficamente para ayudarle cuando est\u00e1 trabajando en veh\u00edculos de carga pesada que se encuentran elevados.<\/p><p>Una vez que los soportes port\u00e1tiles est\u00e1n en su lugar, usted puede darse la libertad de inspeccionar y reparar casi cualquier coche o cami\u00f3n sin temor a fallos en el equipo. Estos soportes pueden utilizarse de manera segura en grupos de 4, 6 u 8. Deben ser colocados debajo del veh\u00edculo elevado y en los puntos de apoyo designados por el fabricante. Los soportes port\u00e1tiles individualmente son capaces de sostener hasta 16.000 libras.<\/p><p><strong>Las principales caracter\u00edsticas de los elevadores de columnas m\u00f3viles son:<\/strong><\/p><ul><li>Capacidad de elevaci\u00f3n por cada columna de 16,500 lbs. o 7,500 kg.<\/li><li>Est\u00e1n disponibles en configuraciones de 4, 6 y 8 columnas.<\/li><li>Tienen una capacidad m\u00e1xima de 132,000 Lbs. o 60 Toneladas.<\/li><li>Su funci\u00f3n es a trav\u00e9s de auto diagnostico electr\u00f3nico para controlar la elevaci\u00f3n de forma simult\u00e1nea.<\/li><\/ul><p><strong>Especificaciones t\u00e9cnicas de los elevadores de columnas m\u00f3viles son:<\/strong><\/p><ul><li>Altura total de 2,350 mm<\/li><li>M\u00e1ximo levantamiento de 1,752 mm<\/li><li>Alcance de brazo de 1,090 mm<\/li><li>Ancho total de base 600mm<\/li><li>Peso por cada columna es de 920 lbs. o 417kg<\/li><li>Velocidad de levante total 105 segundos<\/li><li>Motobomba de 2 h.p. Voltaje 220-230 V \/ 60 HZ<\/li><\/ul>\t\t\t\t\t\t\t\t<\/div>\n\t\t\t\t<\/div>\n\t\t\t\t\t<\/div>\n\t\t<\/div>\n\t\t\t\t\t<\/div>\n\t\t<\/section>\n\t\t\t\t\t<\/div>\n\t\t<\/div>\n\t\t\t\t\t<\/div>\n\t\t<\/section>\n\t\t\t\t<\/div>\n\t\t","protected":false},"excerpt":{"rendered":"<p>Columnas m\u00f3viles En Serretecno encontrara los elevadores de columnas m\u00f3viles, dise\u00f1ados con la mejor calidad, para ofrecer mayor seguridad, para ayudarle a dar un mejor servicio, totalmente equipados con caja de control con paro de emergencia y soporte de acci\u00f3n mec\u00e1nica opcional. El elevador de columnas m\u00f3viles&nbsp;es un soporte de apoyo port\u00e1til, especialmente construido de [&hellip;]<\/p>\n","protected":false},"author":2,"featured_media":0,"parent":0,"menu_order":0,"comment_status":"closed","ping_status":"closed","template":"","meta":{"_exactmetrics_skip_tracking":false,"_exactmetrics_sitenote_active":false,"_exactmetrics_sitenote_note":"","_exactmetrics_sitenote_category":0,"_uf_show_specific_survey":0,"_uf_disable_surveys":false,"site-sidebar-layout":"no-sidebar","site-content-layout":"page-builder","ast-site-content-layout":"default","site-content-style":"default","site-sidebar-style":"default","ast-global-header-display":"","ast-banner-title-visibility":"","ast-main-header-display":"","ast-hfb-above-header-display":"","ast-hfb-below-header-display":"","ast-hfb-mobile-header-display":"","site-post-title":"disabled","ast-breadcrumbs-content":"","ast-featured-img":"disabled","footer-sml-layout":"","theme-transparent-header-meta":"default","adv-header-id-meta":"","stick-header-meta":"","header-above-stick-meta":"","header-main-stick-meta":"","header-below-stick-meta":"","astra-migrate-meta-layouts":"default","ast-page-background-enabled":"default","ast-page-background-meta":{"desktop":{"background-color":"","background-image":"","background-repeat":"repeat","background-position":"center center","background-size":"auto","background-attachment":"scroll","background-type":"","background-media":"","overlay-type":"","overlay-color":"","overlay-opacity":"","overlay-gradient":""},"tablet":{"background-color":"","background-image":"","background-repeat":"repeat","background-position":"center center","background-size":"auto","background-attachment":"scroll","background-type":"","background-media":"","overlay-type":"","overlay-color":"","overlay-opacity":"","overlay-gradient":""},"mobile":{"background-color":"","background-image":"","background-repeat":"repeat","background-position":"center center","background-size":"auto","background-attachment":"scroll","background-type":"","background-media":"","overlay-type":"","overlay-color":"","overlay-opacity":"","overlay-gradient":""}},"ast-content-background-meta":{"desktop":{"background-color":"var(--ast-global-color-5)","background-image":"","background-repeat":"repeat","background-position":"center center","background-size":"auto","background-attachment":"scroll","background-type":"","background-media":"","overlay-type":"","overlay-color":"","overlay-opacity":"","overlay-gradient":""},"tablet":{"background-color":"var(--ast-global-color-5)","background-image":"","background-repeat":"repeat","background-position":"center center","background-size":"auto","background-attachment":"scroll","background-type":"","background-media":"","overlay-type":"","overlay-color":"","overlay-opacity":"","overlay-gradient":""},"mobile":{"background-color":"var(--ast-global-color-5)","background-image":"","background-repeat":"repeat","background-position":"center center","background-size":"auto","background-attachment":"scroll","background-type":"","background-media":"","overlay-type":"","overlay-color":"","overlay-opacity":"","overlay-gradient":""}},"_joinchat":[],"footnotes":""},"class_list":["post-348","page","type-page","status-publish","hentry"],"yoast_head":"<!-- This site is optimized with the Yoast SEO plugin v25.4 - https:\/\/yoast.com\/wordpress\/plugins\/seo\/ -->\n<title>columnas Moviles<\/title>\n<meta name=\"description\" content=\"Columnas m\u00f3viles En Serretecno encontrara los elevadores de columnas m\u00f3viles, dise\u00f1ados con la mejor calidad, para ofrecer mayor seguridad, para ayudarle\" \/>\n<meta name=\"robots\" content=\"index, follow, max-snippet:-1, max-image-preview:large, max-video-preview:-1\" \/>\n<link rel=\"canonical\" href=\"https:\/\/serretecno.com.mx\/index.php\/columnas-moviles\/\" \/>\n<meta property=\"og:locale\" content=\"es_ES\" \/>\n<meta property=\"og:type\" content=\"article\" \/>\n<meta property=\"og:title\" content=\"columnas Moviles\" \/>\n<meta property=\"og:description\" content=\"Columnas m\u00f3viles En Serretecno encontrara los elevadores de columnas m\u00f3viles, dise\u00f1ados con la mejor calidad, para ofrecer mayor seguridad, para ayudarle\" \/>\n<meta property=\"og:url\" content=\"https:\/\/serretecno.com.mx\/index.php\/columnas-moviles\/\" \/>\n<meta property=\"og:site_name\" content=\"Serretecno\" \/>\n<meta property=\"article:modified_time\" content=\"2020-01-14T04:39:41+00:00\" \/>\n<meta name=\"twitter:card\" content=\"summary_large_image\" \/>\n<meta name=\"twitter:label1\" content=\"Tiempo de lectura\" \/>\n\t<meta name=\"twitter:data1\" content=\"1 minuto\" \/>\n<script type=\"application\/ld+json\" class=\"yoast-schema-graph\">{\"@context\":\"https:\/\/schema.org\",\"@graph\":[{\"@type\":\"WebPage\",\"@id\":\"https:\/\/serretecno.com.mx\/index.php\/columnas-moviles\/\",\"url\":\"https:\/\/serretecno.com.mx\/index.php\/columnas-moviles\/\",\"name\":\"columnas Moviles\",\"isPartOf\":{\"@id\":\"https:\/\/serretecno.com.mx\/#website\"},\"datePublished\":\"2020-01-10T01:29:45+00:00\",\"dateModified\":\"2020-01-14T04:39:41+00:00\",\"description\":\"Columnas m\u00f3viles En Serretecno encontrara los elevadores de columnas m\u00f3viles, dise\u00f1ados con la mejor calidad, para ofrecer mayor seguridad, para ayudarle\",\"breadcrumb\":{\"@id\":\"https:\/\/serretecno.com.mx\/index.php\/columnas-moviles\/#breadcrumb\"},\"inLanguage\":\"es\",\"potentialAction\":[{\"@type\":\"ReadAction\",\"target\":[\"https:\/\/serretecno.com.mx\/index.php\/columnas-moviles\/\"]}]},{\"@type\":\"BreadcrumbList\",\"@id\":\"https:\/\/serretecno.com.mx\/index.php\/columnas-moviles\/#breadcrumb\",\"itemListElement\":[{\"@type\":\"ListItem\",\"position\":1,\"name\":\"Home\",\"item\":\"https:\/\/serretecno.com.mx\/\"},{\"@type\":\"ListItem\",\"position\":2,\"name\":\"Columnas m\u00f3viles\"}]},{\"@type\":\"WebSite\",\"@id\":\"https:\/\/serretecno.com.mx\/#website\",\"url\":\"https:\/\/serretecno.com.mx\/\",\"name\":\"Serretecno\",\"description\":\"Elevadores de auto\",\"publisher\":{\"@id\":\"https:\/\/serretecno.com.mx\/#organization\"},\"potentialAction\":[{\"@type\":\"SearchAction\",\"target\":{\"@type\":\"EntryPoint\",\"urlTemplate\":\"https:\/\/serretecno.com.mx\/?s={search_term_string}\"},\"query-input\":{\"@type\":\"PropertyValueSpecification\",\"valueRequired\":true,\"valueName\":\"search_term_string\"}}],\"inLanguage\":\"es\"},{\"@type\":\"Organization\",\"@id\":\"https:\/\/serretecno.com.mx\/#organization\",\"name\":\"Serretecno.com\",\"url\":\"https:\/\/serretecno.com.mx\/\",\"logo\":{\"@type\":\"ImageObject\",\"inLanguage\":\"es\",\"@id\":\"https:\/\/serretecno.com.mx\/#\/schema\/logo\/image\/\",\"url\":\"https:\/\/serretecno.com.mx\/wp-content\/uploads\/2020\/01\/cropped-logo-serretecno-1.jpg\",\"contentUrl\":\"https:\/\/serretecno.com.mx\/wp-content\/uploads\/2020\/01\/cropped-logo-serretecno-1.jpg\",\"width\":973,\"height\":169,\"caption\":\"Serretecno.com\"},\"image\":{\"@id\":\"https:\/\/serretecno.com.mx\/#\/schema\/logo\/image\/\"}}]}<\/script>\n<!-- \/ Yoast SEO plugin. -->","yoast_head_json":{"title":"columnas Moviles","description":"Columnas m\u00f3viles En Serretecno encontrara los elevadores de columnas m\u00f3viles, dise\u00f1ados con la mejor calidad, para ofrecer mayor seguridad, para ayudarle","robots":{"index":"index","follow":"follow","max-snippet":"max-snippet:-1","max-image-preview":"max-image-preview:large","max-video-preview":"max-video-preview:-1"},"canonical":"https:\/\/serretecno.com.mx\/index.php\/columnas-moviles\/","og_locale":"es_ES","og_type":"article","og_title":"columnas Moviles","og_description":"Columnas m\u00f3viles En Serretecno encontrara los elevadores de columnas m\u00f3viles, dise\u00f1ados con la mejor calidad, para ofrecer mayor seguridad, para ayudarle","og_url":"https:\/\/serretecno.com.mx\/index.php\/columnas-moviles\/","og_site_name":"Serretecno","article_modified_time":"2020-01-14T04:39:41+00:00","twitter_card":"summary_large_image","twitter_misc":{"Tiempo de lectura":"1 minuto"},"schema":{"@context":"https:\/\/schema.org","@graph":[{"@type":"WebPage","@id":"https:\/\/serretecno.com.mx\/index.php\/columnas-moviles\/","url":"https:\/\/serretecno.com.mx\/index.php\/columnas-moviles\/","name":"columnas Moviles","isPartOf":{"@id":"https:\/\/serretecno.com.mx\/#website"},"datePublished":"2020-01-10T01:29:45+00:00","dateModified":"2020-01-14T04:39:41+00:00","description":"Columnas m\u00f3viles En Serretecno encontrara los elevadores de columnas m\u00f3viles, dise\u00f1ados con la mejor calidad, para ofrecer mayor seguridad, para ayudarle","breadcrumb":{"@id":"https:\/\/serretecno.com.mx\/index.php\/columnas-moviles\/#breadcrumb"},"inLanguage":"es","potentialAction":[{"@type":"ReadAction","target":["https:\/\/serretecno.com.mx\/index.php\/columnas-moviles\/"]}]},{"@type":"BreadcrumbList","@id":"https:\/\/serretecno.com.mx\/index.php\/columnas-moviles\/#breadcrumb","itemListElement":[{"@type":"ListItem","position":1,"name":"Home","item":"https:\/\/serretecno.com.mx\/"},{"@type":"ListItem","position":2,"name":"Columnas m\u00f3viles"}]},{"@type":"WebSite","@id":"https:\/\/serretecno.com.mx\/#website","url":"https:\/\/serretecno.com.mx\/","name":"Serretecno","description":"Elevadores de auto","publisher":{"@id":"https:\/\/serretecno.com.mx\/#organization"},"potentialAction":[{"@type":"SearchAction","target":{"@type":"EntryPoint","urlTemplate":"https:\/\/serretecno.com.mx\/?s={search_term_string}"},"query-input":{"@type":"PropertyValueSpecification","valueRequired":true,"valueName":"search_term_string"}}],"inLanguage":"es"},{"@type":"Organization","@id":"https:\/\/serretecno.com.mx\/#organization","name":"Serretecno.com","url":"https:\/\/serretecno.com.mx\/","logo":{"@type":"ImageObject","inLanguage":"es","@id":"https:\/\/serretecno.com.mx\/#\/schema\/logo\/image\/","url":"https:\/\/serretecno.com.mx\/wp-content\/uploads\/2020\/01\/cropped-logo-serretecno-1.jpg","contentUrl":"https:\/\/serretecno.com.mx\/wp-content\/uploads\/2020\/01\/cropped-logo-serretecno-1.jpg","width":973,"height":169,"caption":"Serretecno.com"},"image":{"@id":"https:\/\/serretecno.com.mx\/#\/schema\/logo\/image\/"}}]}},"_links":{"self":[{"href":"https:\/\/serretecno.com.mx\/index.php\/wp-json\/wp\/v2\/pages\/348","targetHints":{"allow":["GET"]}}],"collection":[{"href":"https:\/\/serretecno.com.mx\/index.php\/wp-json\/wp\/v2\/pages"}],"about":[{"href":"https:\/\/serretecno.com.mx\/index.php\/wp-json\/wp\/v2\/types\/page"}],"author":[{"embeddable":true,"href":"https:\/\/serretecno.com.mx\/index.php\/wp-json\/wp\/v2\/users\/2"}],"replies":[{"embeddable":true,"href":"https:\/\/serretecno.com.mx\/index.php\/wp-json\/wp\/v2\/comments?post=348"}],"version-history":[{"count":1,"href":"https:\/\/serretecno.com.mx\/index.php\/wp-json\/wp\/v2\/pages\/348\/revisions"}],"predecessor-version":[{"id":612,"href":"https:\/\/serretecno.com.mx\/index.php\/wp-json\/wp\/v2\/pages\/348\/revisions\/612"}],"wp:attachment":[{"href":"https:\/\/serretecno.com.mx\/index.php\/wp-json\/wp\/v2\/media?parent=348"}],"curies":[{"name":"wp","href":"https:\/\/api.w.org\/{rel}","templated":true}]}}