{"id":336,"date":"2020-01-10T01:04:19","date_gmt":"2020-01-10T01:04:19","guid":{"rendered":"https:\/\/serretecno.com.mx\/?page_id=336"},"modified":"2020-01-14T03:42:41","modified_gmt":"2020-01-14T03:42:41","slug":"rampa-para-alineacion-tijera","status":"publish","type":"page","link":"https:\/\/serretecno.com.mx\/index.php\/rampa-para-alineacion-tijera\/","title":{"rendered":"Rampa para alineaci\u00f3n tijera"},"content":{"rendered":"\t\t<div data-elementor-type=\"wp-page\" data-elementor-id=\"336\" class=\"elementor elementor-336\">\n\t\t\t\t\t\t<section class=\"elementor-section elementor-top-section elementor-element elementor-element-10c9b54 elementor-section-boxed elementor-section-height-default elementor-section-height-default\" data-id=\"10c9b54\" data-element_type=\"section\">\n\t\t\t\t\t\t<div class=\"elementor-container elementor-column-gap-default\">\n\t\t\t\t\t<div class=\"elementor-column elementor-col-100 elementor-top-column elementor-element elementor-element-7fa8e00\" data-id=\"7fa8e00\" data-element_type=\"column\">\n\t\t\t<div class=\"elementor-widget-wrap elementor-element-populated\">\n\t\t\t\t\t\t<div class=\"elementor-element elementor-element-65080e1 elementor-widget elementor-widget-heading\" data-id=\"65080e1\" data-element_type=\"widget\" data-widget_type=\"heading.default\">\n\t\t\t\t<div class=\"elementor-widget-container\">\n\t\t\t\t\t<h1 class=\"elementor-heading-title elementor-size-default\">Rampa para alineaci\u00f3n tijera<\/h1>\t\t\t\t<\/div>\n\t\t\t\t<\/div>\n\t\t\t\t<section class=\"elementor-section elementor-inner-section elementor-element elementor-element-24f61a7 elementor-section-boxed elementor-section-height-default elementor-section-height-default\" data-id=\"24f61a7\" data-element_type=\"section\">\n\t\t\t\t\t\t<div class=\"elementor-container elementor-column-gap-default\">\n\t\t\t\t\t<div class=\"elementor-column elementor-col-50 elementor-inner-column elementor-element elementor-element-8e7c459\" data-id=\"8e7c459\" data-element_type=\"column\">\n\t\t\t<div class=\"elementor-widget-wrap elementor-element-populated\">\n\t\t\t\t\t\t<div class=\"elementor-element elementor-element-023beb5 elementor-widget elementor-widget-text-editor\" data-id=\"023beb5\" data-element_type=\"widget\" data-widget_type=\"text-editor.default\">\n\t\t\t\t<div class=\"elementor-widget-container\">\n\t\t\t\t\t\t\t\t\t<p>En Serretecno contamos con Rampa para alineaci\u00f3n tijera, ideales para el uso en su taller, dise\u00f1adas bajo los m\u00e1s altos est\u00e1ndares de calidad, para brindar un mejor servicio y con mayor seguridad.<\/p><p>\u00a0La alineaci\u00f3n de ruedas es uno de los servicios m\u00e1s rentables que ofrecen los talleres automotrices, en busca de fuentes adicionales de ingresos. Pero si usted est\u00e1 utilizando el equipo obsoleto que funciona m\u00e1s como un adversario que como su aliado, entonces dir\u00edamos que el tiempo es su verdadero enemigo. Sabemos que mayor tiempo de servicio se traduce en menor n\u00famero de veh\u00edculos atendidos por d\u00eda y eso es un fuerte golpe a la entrada de dinero de su empresa.<\/p><p>La Rampa para alineaci\u00f3n tijera\u00a0cuenta con una capacidades de elevaci\u00f3n que va desde\u00a07,000 a 15,000 libras.<\/p><p><strong>Caracter\u00edsticas t\u00e9cnicas:<\/strong><\/p><ul><li><span class=\"goog-text-highlight\">Di\u00e1metro de la tabla de 1,2 a 35 metros\u00a0<\/span><\/li><li><span class=\"goog-text-highlight\">Velocidad y el \u00e1ngulo 0,2-2 rpm<\/span><\/li><li><span class=\"goog-text-highlight\">Capacidad de\u00a02,800 Kg a 5,000 kg<\/span><\/li><\/ul>\t\t\t\t\t\t\t\t<\/div>\n\t\t\t\t<\/div>\n\t\t\t\t\t<\/div>\n\t\t<\/div>\n\t\t\t\t<div class=\"elementor-column elementor-col-50 elementor-inner-column elementor-element elementor-element-86ecfe1\" data-id=\"86ecfe1\" data-element_type=\"column\">\n\t\t\t<div class=\"elementor-widget-wrap elementor-element-populated\">\n\t\t\t\t\t\t<div class=\"elementor-element elementor-element-b037fc6 elementor-widget elementor-widget-video\" data-id=\"b037fc6\" data-element_type=\"widget\" data-settings=\"{&quot;youtube_url&quot;:&quot;https:\\\/\\\/youtu.be\\\/8VnjK4P7gIg?list=UUtcALxhqJ0bWAZ9tyzO97CA&quot;,&quot;video_type&quot;:&quot;youtube&quot;,&quot;controls&quot;:&quot;yes&quot;}\" data-widget_type=\"video.default\">\n\t\t\t\t<div class=\"elementor-widget-container\">\n\t\t\t\t\t\t\t<div class=\"elementor-wrapper elementor-open-inline\">\n\t\t\t<div class=\"elementor-video\"><\/div>\t\t<\/div>\n\t\t\t\t\t\t<\/div>\n\t\t\t\t<\/div>\n\t\t\t\t<div class=\"elementor-element elementor-element-03d8946 elementor-widget elementor-widget-image\" data-id=\"03d8946\" data-element_type=\"widget\" data-widget_type=\"image.default\">\n\t\t\t\t<div class=\"elementor-widget-container\">\n\t\t\t\t\t\t\t\t\t\t\t\t\t\t\t<img fetchpriority=\"high\" decoding=\"async\" width=\"400\" height=\"283\" src=\"https:\/\/serretecno.com.mx\/wp-content\/uploads\/2020\/01\/eco7135_300dpi.jpg\" class=\"attachment-large size-large wp-image-334\" alt=\"\" srcset=\"https:\/\/serretecno.com.mx\/wp-content\/uploads\/2020\/01\/eco7135_300dpi.jpg 400w, https:\/\/serretecno.com.mx\/wp-content\/uploads\/2020\/01\/eco7135_300dpi-300x212.jpg 300w\" sizes=\"(max-width: 400px) 100vw, 400px\" \/>\t\t\t\t\t\t\t\t\t\t\t\t\t\t\t<\/div>\n\t\t\t\t<\/div>\n\t\t\t\t\t<\/div>\n\t\t<\/div>\n\t\t\t\t\t<\/div>\n\t\t<\/section>\n\t\t\t\t\t<\/div>\n\t\t<\/div>\n\t\t\t\t\t<\/div>\n\t\t<\/section>\n\t\t\t\t<\/div>\n\t\t","protected":false},"excerpt":{"rendered":"<p>Rampa para alineaci\u00f3n tijera En Serretecno contamos con Rampa para alineaci\u00f3n tijera, ideales para el uso en su taller, dise\u00f1adas bajo los m\u00e1s altos est\u00e1ndares de calidad, para brindar un mejor servicio y con mayor seguridad. &nbsp;La alineaci\u00f3n de ruedas es uno de los servicios m\u00e1s rentables que ofrecen los talleres automotrices, en busca de [&hellip;]<\/p>\n","protected":false},"author":2,"featured_media":0,"parent":0,"menu_order":0,"comment_status":"closed","ping_status":"closed","template":"","meta":{"_exactmetrics_skip_tracking":false,"_exactmetrics_sitenote_active":false,"_exactmetrics_sitenote_note":"","_exactmetrics_sitenote_category":0,"_uf_show_specific_survey":0,"_uf_disable_surveys":false,"site-sidebar-layout":"no-sidebar","site-content-layout":"page-builder","ast-site-content-layout":"default","site-content-style":"default","site-sidebar-style":"default","ast-global-header-display":"","ast-banner-title-visibility":"","ast-main-header-display":"","ast-hfb-above-header-display":"","ast-hfb-below-header-display":"","ast-hfb-mobile-header-display":"","site-post-title":"disabled","ast-breadcrumbs-content":"","ast-featured-img":"disabled","footer-sml-layout":"","theme-transparent-header-meta":"default","adv-header-id-meta":"","stick-header-meta":"","header-above-stick-meta":"","header-main-stick-meta":"","header-below-stick-meta":"","astra-migrate-meta-layouts":"default","ast-page-background-enabled":"default","ast-page-background-meta":{"desktop":{"background-color":"","background-image":"","background-repeat":"repeat","background-position":"center center","background-size":"auto","background-attachment":"scroll","background-type":"","background-media":"","overlay-type":"","overlay-color":"","overlay-opacity":"","overlay-gradient":""},"tablet":{"background-color":"","background-image":"","background-repeat":"repeat","background-position":"center center","background-size":"auto","background-attachment":"scroll","background-type":"","background-media":"","overlay-type":"","overlay-color":"","overlay-opacity":"","overlay-gradient":""},"mobile":{"background-color":"","background-image":"","background-repeat":"repeat","background-position":"center center","background-size":"auto","background-attachment":"scroll","background-type":"","background-media":"","overlay-type":"","overlay-color":"","overlay-opacity":"","overlay-gradient":""}},"ast-content-background-meta":{"desktop":{"background-color":"var(--ast-global-color-5)","background-image":"","background-repeat":"repeat","background-position":"center center","background-size":"auto","background-attachment":"scroll","background-type":"","background-media":"","overlay-type":"","overlay-color":"","overlay-opacity":"","overlay-gradient":""},"tablet":{"background-color":"var(--ast-global-color-5)","background-image":"","background-repeat":"repeat","background-position":"center center","background-size":"auto","background-attachment":"scroll","background-type":"","background-media":"","overlay-type":"","overlay-color":"","overlay-opacity":"","overlay-gradient":""},"mobile":{"background-color":"var(--ast-global-color-5)","background-image":"","background-repeat":"repeat","background-position":"center center","background-size":"auto","background-attachment":"scroll","background-type":"","background-media":"","overlay-type":"","overlay-color":"","overlay-opacity":"","overlay-gradient":""}},"_joinchat":[],"footnotes":""},"class_list":["post-336","page","type-page","status-publish","hentry"],"yoast_head":"<!-- This site is optimized with the Yoast SEO plugin v25.4 - https:\/\/yoast.com\/wordpress\/plugins\/seo\/ -->\n<title>rampa para alineacion tipo tijera<\/title>\n<meta name=\"description\" content=\"Rampa para alineaci\u00f3n tijera En Serretecno contamos con Rampa para alineaci\u00f3n tijera, ideales para el uso en su taller, dise\u00f1adas bajo los m\u00e1s altos\" \/>\n<meta name=\"robots\" content=\"index, follow, max-snippet:-1, max-image-preview:large, max-video-preview:-1\" \/>\n<link rel=\"canonical\" href=\"https:\/\/serretecno.com.mx\/index.php\/rampa-para-alineacion-tijera\/\" \/>\n<meta property=\"og:locale\" content=\"es_ES\" \/>\n<meta property=\"og:type\" content=\"article\" \/>\n<meta property=\"og:title\" content=\"rampa para alineacion tipo tijera\" \/>\n<meta property=\"og:description\" content=\"Rampa para alineaci\u00f3n tijera En Serretecno contamos con Rampa para alineaci\u00f3n tijera, ideales para el uso en su taller, dise\u00f1adas bajo los m\u00e1s altos\" \/>\n<meta property=\"og:url\" content=\"https:\/\/serretecno.com.mx\/index.php\/rampa-para-alineacion-tijera\/\" \/>\n<meta property=\"og:site_name\" content=\"Serretecno\" \/>\n<meta property=\"article:modified_time\" content=\"2020-01-14T03:42:41+00:00\" \/>\n<meta property=\"og:image\" content=\"https:\/\/serretecno.com.mx\/wp-content\/uploads\/2020\/01\/eco7135_300dpi.jpg\" \/>\n<meta name=\"twitter:card\" content=\"summary_large_image\" \/>\n<meta name=\"twitter:label1\" content=\"Tiempo de lectura\" \/>\n\t<meta name=\"twitter:data1\" content=\"1 minuto\" \/>\n<script type=\"application\/ld+json\" class=\"yoast-schema-graph\">{\"@context\":\"https:\/\/schema.org\",\"@graph\":[{\"@type\":\"WebPage\",\"@id\":\"https:\/\/serretecno.com.mx\/index.php\/rampa-para-alineacion-tijera\/\",\"url\":\"https:\/\/serretecno.com.mx\/index.php\/rampa-para-alineacion-tijera\/\",\"name\":\"rampa para alineacion tipo tijera\",\"isPartOf\":{\"@id\":\"https:\/\/serretecno.com.mx\/#website\"},\"primaryImageOfPage\":{\"@id\":\"https:\/\/serretecno.com.mx\/index.php\/rampa-para-alineacion-tijera\/#primaryimage\"},\"image\":{\"@id\":\"https:\/\/serretecno.com.mx\/index.php\/rampa-para-alineacion-tijera\/#primaryimage\"},\"thumbnailUrl\":\"https:\/\/serretecno.com.mx\/wp-content\/uploads\/2020\/01\/eco7135_300dpi.jpg\",\"datePublished\":\"2020-01-10T01:04:19+00:00\",\"dateModified\":\"2020-01-14T03:42:41+00:00\",\"description\":\"Rampa para alineaci\u00f3n tijera En Serretecno contamos con Rampa para alineaci\u00f3n tijera, ideales para el uso en su taller, dise\u00f1adas bajo los m\u00e1s altos\",\"breadcrumb\":{\"@id\":\"https:\/\/serretecno.com.mx\/index.php\/rampa-para-alineacion-tijera\/#breadcrumb\"},\"inLanguage\":\"es\",\"potentialAction\":[{\"@type\":\"ReadAction\",\"target\":[\"https:\/\/serretecno.com.mx\/index.php\/rampa-para-alineacion-tijera\/\"]}]},{\"@type\":\"ImageObject\",\"inLanguage\":\"es\",\"@id\":\"https:\/\/serretecno.com.mx\/index.php\/rampa-para-alineacion-tijera\/#primaryimage\",\"url\":\"https:\/\/serretecno.com.mx\/wp-content\/uploads\/2020\/01\/eco7135_300dpi.jpg\",\"contentUrl\":\"https:\/\/serretecno.com.mx\/wp-content\/uploads\/2020\/01\/eco7135_300dpi.jpg\",\"width\":400,\"height\":283},{\"@type\":\"BreadcrumbList\",\"@id\":\"https:\/\/serretecno.com.mx\/index.php\/rampa-para-alineacion-tijera\/#breadcrumb\",\"itemListElement\":[{\"@type\":\"ListItem\",\"position\":1,\"name\":\"Home\",\"item\":\"https:\/\/serretecno.com.mx\/\"},{\"@type\":\"ListItem\",\"position\":2,\"name\":\"Rampa para alineaci\u00f3n tijera\"}]},{\"@type\":\"WebSite\",\"@id\":\"https:\/\/serretecno.com.mx\/#website\",\"url\":\"https:\/\/serretecno.com.mx\/\",\"name\":\"Serretecno\",\"description\":\"Elevadores de auto\",\"publisher\":{\"@id\":\"https:\/\/serretecno.com.mx\/#organization\"},\"potentialAction\":[{\"@type\":\"SearchAction\",\"target\":{\"@type\":\"EntryPoint\",\"urlTemplate\":\"https:\/\/serretecno.com.mx\/?s={search_term_string}\"},\"query-input\":{\"@type\":\"PropertyValueSpecification\",\"valueRequired\":true,\"valueName\":\"search_term_string\"}}],\"inLanguage\":\"es\"},{\"@type\":\"Organization\",\"@id\":\"https:\/\/serretecno.com.mx\/#organization\",\"name\":\"Serretecno.com\",\"url\":\"https:\/\/serretecno.com.mx\/\",\"logo\":{\"@type\":\"ImageObject\",\"inLanguage\":\"es\",\"@id\":\"https:\/\/serretecno.com.mx\/#\/schema\/logo\/image\/\",\"url\":\"https:\/\/serretecno.com.mx\/wp-content\/uploads\/2020\/01\/cropped-logo-serretecno-1.jpg\",\"contentUrl\":\"https:\/\/serretecno.com.mx\/wp-content\/uploads\/2020\/01\/cropped-logo-serretecno-1.jpg\",\"width\":973,\"height\":169,\"caption\":\"Serretecno.com\"},\"image\":{\"@id\":\"https:\/\/serretecno.com.mx\/#\/schema\/logo\/image\/\"}}]}<\/script>\n<!-- \/ Yoast SEO plugin. -->","yoast_head_json":{"title":"rampa para alineacion tipo tijera","description":"Rampa para alineaci\u00f3n tijera En Serretecno contamos con Rampa para alineaci\u00f3n tijera, ideales para el uso en su taller, dise\u00f1adas bajo los m\u00e1s altos","robots":{"index":"index","follow":"follow","max-snippet":"max-snippet:-1","max-image-preview":"max-image-preview:large","max-video-preview":"max-video-preview:-1"},"canonical":"https:\/\/serretecno.com.mx\/index.php\/rampa-para-alineacion-tijera\/","og_locale":"es_ES","og_type":"article","og_title":"rampa para alineacion tipo tijera","og_description":"Rampa para alineaci\u00f3n tijera En Serretecno contamos con Rampa para alineaci\u00f3n tijera, ideales para el uso en su taller, dise\u00f1adas bajo los m\u00e1s altos","og_url":"https:\/\/serretecno.com.mx\/index.php\/rampa-para-alineacion-tijera\/","og_site_name":"Serretecno","article_modified_time":"2020-01-14T03:42:41+00:00","og_image":[{"url":"https:\/\/serretecno.com.mx\/wp-content\/uploads\/2020\/01\/eco7135_300dpi.jpg","type":"","width":"","height":""}],"twitter_card":"summary_large_image","twitter_misc":{"Tiempo de lectura":"1 minuto"},"schema":{"@context":"https:\/\/schema.org","@graph":[{"@type":"WebPage","@id":"https:\/\/serretecno.com.mx\/index.php\/rampa-para-alineacion-tijera\/","url":"https:\/\/serretecno.com.mx\/index.php\/rampa-para-alineacion-tijera\/","name":"rampa para alineacion tipo tijera","isPartOf":{"@id":"https:\/\/serretecno.com.mx\/#website"},"primaryImageOfPage":{"@id":"https:\/\/serretecno.com.mx\/index.php\/rampa-para-alineacion-tijera\/#primaryimage"},"image":{"@id":"https:\/\/serretecno.com.mx\/index.php\/rampa-para-alineacion-tijera\/#primaryimage"},"thumbnailUrl":"https:\/\/serretecno.com.mx\/wp-content\/uploads\/2020\/01\/eco7135_300dpi.jpg","datePublished":"2020-01-10T01:04:19+00:00","dateModified":"2020-01-14T03:42:41+00:00","description":"Rampa para alineaci\u00f3n tijera En Serretecno contamos con Rampa para alineaci\u00f3n tijera, ideales para el uso en su taller, dise\u00f1adas bajo los m\u00e1s altos","breadcrumb":{"@id":"https:\/\/serretecno.com.mx\/index.php\/rampa-para-alineacion-tijera\/#breadcrumb"},"inLanguage":"es","potentialAction":[{"@type":"ReadAction","target":["https:\/\/serretecno.com.mx\/index.php\/rampa-para-alineacion-tijera\/"]}]},{"@type":"ImageObject","inLanguage":"es","@id":"https:\/\/serretecno.com.mx\/index.php\/rampa-para-alineacion-tijera\/#primaryimage","url":"https:\/\/serretecno.com.mx\/wp-content\/uploads\/2020\/01\/eco7135_300dpi.jpg","contentUrl":"https:\/\/serretecno.com.mx\/wp-content\/uploads\/2020\/01\/eco7135_300dpi.jpg","width":400,"height":283},{"@type":"BreadcrumbList","@id":"https:\/\/serretecno.com.mx\/index.php\/rampa-para-alineacion-tijera\/#breadcrumb","itemListElement":[{"@type":"ListItem","position":1,"name":"Home","item":"https:\/\/serretecno.com.mx\/"},{"@type":"ListItem","position":2,"name":"Rampa para alineaci\u00f3n tijera"}]},{"@type":"WebSite","@id":"https:\/\/serretecno.com.mx\/#website","url":"https:\/\/serretecno.com.mx\/","name":"Serretecno","description":"Elevadores de auto","publisher":{"@id":"https:\/\/serretecno.com.mx\/#organization"},"potentialAction":[{"@type":"SearchAction","target":{"@type":"EntryPoint","urlTemplate":"https:\/\/serretecno.com.mx\/?s={search_term_string}"},"query-input":{"@type":"PropertyValueSpecification","valueRequired":true,"valueName":"search_term_string"}}],"inLanguage":"es"},{"@type":"Organization","@id":"https:\/\/serretecno.com.mx\/#organization","name":"Serretecno.com","url":"https:\/\/serretecno.com.mx\/","logo":{"@type":"ImageObject","inLanguage":"es","@id":"https:\/\/serretecno.com.mx\/#\/schema\/logo\/image\/","url":"https:\/\/serretecno.com.mx\/wp-content\/uploads\/2020\/01\/cropped-logo-serretecno-1.jpg","contentUrl":"https:\/\/serretecno.com.mx\/wp-content\/uploads\/2020\/01\/cropped-logo-serretecno-1.jpg","width":973,"height":169,"caption":"Serretecno.com"},"image":{"@id":"https:\/\/serretecno.com.mx\/#\/schema\/logo\/image\/"}}]}},"_links":{"self":[{"href":"https:\/\/serretecno.com.mx\/index.php\/wp-json\/wp\/v2\/pages\/336","targetHints":{"allow":["GET"]}}],"collection":[{"href":"https:\/\/serretecno.com.mx\/index.php\/wp-json\/wp\/v2\/pages"}],"about":[{"href":"https:\/\/serretecno.com.mx\/index.php\/wp-json\/wp\/v2\/types\/page"}],"author":[{"embeddable":true,"href":"https:\/\/serretecno.com.mx\/index.php\/wp-json\/wp\/v2\/users\/2"}],"replies":[{"embeddable":true,"href":"https:\/\/serretecno.com.mx\/index.php\/wp-json\/wp\/v2\/comments?post=336"}],"version-history":[{"count":1,"href":"https:\/\/serretecno.com.mx\/index.php\/wp-json\/wp\/v2\/pages\/336\/revisions"}],"predecessor-version":[{"id":677,"href":"https:\/\/serretecno.com.mx\/index.php\/wp-json\/wp\/v2\/pages\/336\/revisions\/677"}],"wp:attachment":[{"href":"https:\/\/serretecno.com.mx\/index.php\/wp-json\/wp\/v2\/media?parent=336"}],"curies":[{"name":"wp","href":"https:\/\/api.w.org\/{rel}","templated":true}]}}