{"id":319,"date":"2020-01-09T22:59:54","date_gmt":"2020-01-09T22:59:54","guid":{"rendered":"https:\/\/serretecno.com.mx\/?page_id=319"},"modified":"2020-01-14T03:55:34","modified_gmt":"2020-01-14T03:55:34","slug":"rampas-dos-postes","status":"publish","type":"page","link":"https:\/\/serretecno.com.mx\/index.php\/rampas-dos-postes\/","title":{"rendered":"Rampas dos postes"},"content":{"rendered":"\t\t<div data-elementor-type=\"wp-page\" data-elementor-id=\"319\" class=\"elementor elementor-319\">\n\t\t\t\t\t\t<section class=\"elementor-section elementor-top-section elementor-element elementor-element-4ef798f elementor-section-boxed elementor-section-height-default elementor-section-height-default\" data-id=\"4ef798f\" data-element_type=\"section\">\n\t\t\t\t\t\t<div class=\"elementor-container elementor-column-gap-default\">\n\t\t\t\t\t<div class=\"elementor-column elementor-col-100 elementor-top-column elementor-element elementor-element-aae0aeb\" data-id=\"aae0aeb\" data-element_type=\"column\">\n\t\t\t<div class=\"elementor-widget-wrap elementor-element-populated\">\n\t\t\t\t\t\t<div class=\"elementor-element elementor-element-2213878 elementor-widget elementor-widget-heading\" data-id=\"2213878\" data-element_type=\"widget\" data-widget_type=\"heading.default\">\n\t\t\t\t<div class=\"elementor-widget-container\">\n\t\t\t\t\t<h1 class=\"elementor-heading-title elementor-size-default\">Rampas dos postes<\/h1>\t\t\t\t<\/div>\n\t\t\t\t<\/div>\n\t\t\t\t<section class=\"elementor-section elementor-inner-section elementor-element elementor-element-2353915 elementor-section-boxed elementor-section-height-default elementor-section-height-default\" data-id=\"2353915\" data-element_type=\"section\">\n\t\t\t\t\t\t<div class=\"elementor-container elementor-column-gap-default\">\n\t\t\t\t\t<div class=\"elementor-column elementor-col-50 elementor-inner-column elementor-element elementor-element-a344c74\" data-id=\"a344c74\" data-element_type=\"column\">\n\t\t\t<div class=\"elementor-widget-wrap elementor-element-populated\">\n\t\t\t\t\t\t<div class=\"elementor-element elementor-element-7842aff elementor-widget elementor-widget-text-editor\" data-id=\"7842aff\" data-element_type=\"widget\" data-widget_type=\"text-editor.default\">\n\t\t\t\t<div class=\"elementor-widget-container\">\n\t\t\t\t\t\t\t\t\t<p>En Serretecno contamos con una gran variedad de rampas dos postes tipo porter\u00eda, dise\u00f1adas bajo los m\u00e1s altos est\u00e1ndares de calidad.<\/p><p>Las rampas dos postes tipo porter\u00eda son ideales para equipar su taller automotriz, para ayudar a optimizar sus tiempos y brindar un mejor servicio.<\/p><p><strong>Caracter\u00edsticas:<\/strong><\/p><ul><li>Puede ser utilizado tanto en interiores como en exteriores.<\/li><li>Sistema de elevaci\u00f3n de doble cilindro, m\u00e1s estable y m\u00e1s r\u00e1pido<\/li><li>Velocidad de elevaci\u00f3n m\u00e1s r\u00e1pida.<\/li><li>Simple o doble sistema de desbloqueo manual, seguro y confiable.<\/li><li>Resistente al desgaste<\/li><li>Bomba manual opcional en la unidad de potencia en el caso de la alimentaci\u00f3n.<\/li><\/ul><p align=\"left\"><strong>Especificaciones:<\/strong><\/p><ul><li>Capacidad de elevaci\u00f3n: 3200KGS<\/li><li>Altura de elevaci\u00f3n: 1.160 MM<\/li><li>Altura total: 1972MM<\/li><li>Ancho entre los postes: 2685MM<\/li><li>Tiempo de subida \/ Drop: 30 \/ 25S<\/li><li>Potencia: 2.2KW<\/li><\/ul>\t\t\t\t\t\t\t\t<\/div>\n\t\t\t\t<\/div>\n\t\t\t\t\t<\/div>\n\t\t<\/div>\n\t\t\t\t<div class=\"elementor-column elementor-col-50 elementor-inner-column elementor-element elementor-element-fd5ab24\" data-id=\"fd5ab24\" data-element_type=\"column\">\n\t\t\t<div class=\"elementor-widget-wrap elementor-element-populated\">\n\t\t\t\t\t\t<div class=\"elementor-element elementor-element-4a51b45 elementor-widget elementor-widget-image\" data-id=\"4a51b45\" data-element_type=\"widget\" data-widget_type=\"image.default\">\n\t\t\t\t<div class=\"elementor-widget-container\">\n\t\t\t\t\t\t\t\t\t\t\t\t\t\t\t<img fetchpriority=\"high\" decoding=\"async\" width=\"250\" height=\"250\" src=\"https:\/\/serretecno.com.mx\/wp-content\/uploads\/2020\/01\/MONTACOCHES3-nka14z1dv9xng4i79r9gdl4ilcje1f7gychgmdbjgk-1.png\" class=\"attachment-large size-large wp-image-224\" alt=\"\" srcset=\"https:\/\/serretecno.com.mx\/wp-content\/uploads\/2020\/01\/MONTACOCHES3-nka14z1dv9xng4i79r9gdl4ilcje1f7gychgmdbjgk-1.png 250w, https:\/\/serretecno.com.mx\/wp-content\/uploads\/2020\/01\/MONTACOCHES3-nka14z1dv9xng4i79r9gdl4ilcje1f7gychgmdbjgk-1-150x150.png 150w\" sizes=\"(max-width: 250px) 100vw, 250px\" \/>\t\t\t\t\t\t\t\t\t\t\t\t\t\t\t<\/div>\n\t\t\t\t<\/div>\n\t\t\t\t<div class=\"elementor-element elementor-element-b410e8c elementor-widget elementor-widget-image\" data-id=\"b410e8c\" data-element_type=\"widget\" data-widget_type=\"image.default\">\n\t\t\t\t<div class=\"elementor-widget-container\">\n\t\t\t\t\t\t\t\t\t\t\t\t\t\t\t<img decoding=\"async\" width=\"250\" height=\"250\" data-src=\"https:\/\/serretecno.com.mx\/wp-content\/uploads\/2020\/01\/MONTACOCHES2-nka14h6g9f97bj8561jjk7mrb0zez68kjw38i420qs-1.png\" class=\"attachment-large size-large wp-image-223 lazyload\" alt=\"\" data-srcset=\"https:\/\/serretecno.com.mx\/wp-content\/uploads\/2020\/01\/MONTACOCHES2-nka14h6g9f97bj8561jjk7mrb0zez68kjw38i420qs-1.png 250w, https:\/\/serretecno.com.mx\/wp-content\/uploads\/2020\/01\/MONTACOCHES2-nka14h6g9f97bj8561jjk7mrb0zez68kjw38i420qs-1-150x150.png 150w\" data-sizes=\"(max-width: 250px) 100vw, 250px\" src=\"data:image\/svg+xml;base64,PHN2ZyB3aWR0aD0iMSIgaGVpZ2h0PSIxIiB4bWxucz0iaHR0cDovL3d3dy53My5vcmcvMjAwMC9zdmciPjwvc3ZnPg==\" style=\"--smush-placeholder-width: 250px; --smush-placeholder-aspect-ratio: 250\/250;\" \/>\t\t\t\t\t\t\t\t\t\t\t\t\t\t\t<\/div>\n\t\t\t\t<\/div>\n\t\t\t\t<div class=\"elementor-element elementor-element-c46f187 elementor-widget elementor-widget-image\" data-id=\"c46f187\" data-element_type=\"widget\" data-widget_type=\"image.default\">\n\t\t\t\t<div class=\"elementor-widget-container\">\n\t\t\t\t\t\t\t\t\t\t\t\t\t\t\t<img decoding=\"async\" width=\"250\" height=\"250\" data-src=\"https:\/\/serretecno.com.mx\/wp-content\/uploads\/2020\/01\/MONTACOCHES1-nka0w93aglzvqd686zk28sck6nismil4f6laby916s-1.png\" class=\"attachment-large size-large wp-image-222 lazyload\" alt=\"\" data-srcset=\"https:\/\/serretecno.com.mx\/wp-content\/uploads\/2020\/01\/MONTACOCHES1-nka0w93aglzvqd686zk28sck6nismil4f6laby916s-1.png 250w, https:\/\/serretecno.com.mx\/wp-content\/uploads\/2020\/01\/MONTACOCHES1-nka0w93aglzvqd686zk28sck6nismil4f6laby916s-1-150x150.png 150w\" data-sizes=\"(max-width: 250px) 100vw, 250px\" src=\"data:image\/svg+xml;base64,PHN2ZyB3aWR0aD0iMSIgaGVpZ2h0PSIxIiB4bWxucz0iaHR0cDovL3d3dy53My5vcmcvMjAwMC9zdmciPjwvc3ZnPg==\" style=\"--smush-placeholder-width: 250px; --smush-placeholder-aspect-ratio: 250\/250;\" \/>\t\t\t\t\t\t\t\t\t\t\t\t\t\t\t<\/div>\n\t\t\t\t<\/div>\n\t\t\t\t\t<\/div>\n\t\t<\/div>\n\t\t\t\t\t<\/div>\n\t\t<\/section>\n\t\t\t\t\t<\/div>\n\t\t<\/div>\n\t\t\t\t\t<\/div>\n\t\t<\/section>\n\t\t\t\t<\/div>\n\t\t","protected":false},"excerpt":{"rendered":"<p>Rampas dos postes En Serretecno contamos con una gran variedad de rampas dos postes tipo porter\u00eda, dise\u00f1adas bajo los m\u00e1s altos est\u00e1ndares de calidad. Las rampas dos postes tipo porter\u00eda son ideales para equipar su taller automotriz, para ayudar a optimizar sus tiempos y brindar un mejor servicio. Caracter\u00edsticas: Puede ser utilizado tanto en interiores [&hellip;]<\/p>\n","protected":false},"author":2,"featured_media":0,"parent":0,"menu_order":0,"comment_status":"closed","ping_status":"closed","template":"","meta":{"_exactmetrics_skip_tracking":false,"_exactmetrics_sitenote_active":false,"_exactmetrics_sitenote_note":"","_exactmetrics_sitenote_category":0,"_uf_show_specific_survey":0,"_uf_disable_surveys":false,"site-sidebar-layout":"no-sidebar","site-content-layout":"page-builder","ast-site-content-layout":"default","site-content-style":"default","site-sidebar-style":"default","ast-global-header-display":"","ast-banner-title-visibility":"","ast-main-header-display":"","ast-hfb-above-header-display":"","ast-hfb-below-header-display":"","ast-hfb-mobile-header-display":"","site-post-title":"disabled","ast-breadcrumbs-content":"","ast-featured-img":"disabled","footer-sml-layout":"","theme-transparent-header-meta":"default","adv-header-id-meta":"","stick-header-meta":"","header-above-stick-meta":"","header-main-stick-meta":"","header-below-stick-meta":"","astra-migrate-meta-layouts":"default","ast-page-background-enabled":"default","ast-page-background-meta":{"desktop":{"background-color":"","background-image":"","background-repeat":"repeat","background-position":"center center","background-size":"auto","background-attachment":"scroll","background-type":"","background-media":"","overlay-type":"","overlay-color":"","overlay-opacity":"","overlay-gradient":""},"tablet":{"background-color":"","background-image":"","background-repeat":"repeat","background-position":"center center","background-size":"auto","background-attachment":"scroll","background-type":"","background-media":"","overlay-type":"","overlay-color":"","overlay-opacity":"","overlay-gradient":""},"mobile":{"background-color":"","background-image":"","background-repeat":"repeat","background-position":"center center","background-size":"auto","background-attachment":"scroll","background-type":"","background-media":"","overlay-type":"","overlay-color":"","overlay-opacity":"","overlay-gradient":""}},"ast-content-background-meta":{"desktop":{"background-color":"var(--ast-global-color-5)","background-image":"","background-repeat":"repeat","background-position":"center center","background-size":"auto","background-attachment":"scroll","background-type":"","background-media":"","overlay-type":"","overlay-color":"","overlay-opacity":"","overlay-gradient":""},"tablet":{"background-color":"var(--ast-global-color-5)","background-image":"","background-repeat":"repeat","background-position":"center center","background-size":"auto","background-attachment":"scroll","background-type":"","background-media":"","overlay-type":"","overlay-color":"","overlay-opacity":"","overlay-gradient":""},"mobile":{"background-color":"var(--ast-global-color-5)","background-image":"","background-repeat":"repeat","background-position":"center center","background-size":"auto","background-attachment":"scroll","background-type":"","background-media":"","overlay-type":"","overlay-color":"","overlay-opacity":"","overlay-gradient":""}},"_joinchat":[],"footnotes":""},"class_list":["post-319","page","type-page","status-publish","hentry"],"yoast_head":"<!-- This site is optimized with the Yoast SEO plugin v25.4 - https:\/\/yoast.com\/wordpress\/plugins\/seo\/ -->\n<title>rampas de dos postes<\/title>\n<meta name=\"description\" content=\"Rampas dos postes En Serretecno contamos con una gran variedad de rampas dos postes tipo porter\u00eda, dise\u00f1adas bajo los m\u00e1s altos est\u00e1ndares de calidad. Las\" \/>\n<meta name=\"robots\" content=\"index, follow, max-snippet:-1, max-image-preview:large, max-video-preview:-1\" \/>\n<link rel=\"canonical\" href=\"https:\/\/serretecno.com.mx\/index.php\/rampas-dos-postes\/\" \/>\n<meta property=\"og:locale\" content=\"es_ES\" \/>\n<meta property=\"og:type\" content=\"article\" \/>\n<meta property=\"og:title\" content=\"rampas de dos postes\" \/>\n<meta property=\"og:description\" content=\"Rampas dos postes En Serretecno contamos con una gran variedad de rampas dos postes tipo porter\u00eda, dise\u00f1adas bajo los m\u00e1s altos est\u00e1ndares de calidad. Las\" \/>\n<meta property=\"og:url\" content=\"https:\/\/serretecno.com.mx\/index.php\/rampas-dos-postes\/\" \/>\n<meta property=\"og:site_name\" content=\"Serretecno\" \/>\n<meta property=\"article:modified_time\" content=\"2020-01-14T03:55:34+00:00\" \/>\n<meta property=\"og:image\" content=\"https:\/\/serretecno.com.mx\/wp-content\/uploads\/2020\/01\/MONTACOCHES3-nka14z1dv9xng4i79r9gdl4ilcje1f7gychgmdbjgk-1.png\" \/>\n<meta name=\"twitter:card\" content=\"summary_large_image\" \/>\n<meta name=\"twitter:label1\" content=\"Tiempo de lectura\" \/>\n\t<meta name=\"twitter:data1\" content=\"1 minuto\" \/>\n<script type=\"application\/ld+json\" class=\"yoast-schema-graph\">{\"@context\":\"https:\/\/schema.org\",\"@graph\":[{\"@type\":\"WebPage\",\"@id\":\"https:\/\/serretecno.com.mx\/index.php\/rampas-dos-postes\/\",\"url\":\"https:\/\/serretecno.com.mx\/index.php\/rampas-dos-postes\/\",\"name\":\"rampas de dos postes\",\"isPartOf\":{\"@id\":\"https:\/\/serretecno.com.mx\/#website\"},\"primaryImageOfPage\":{\"@id\":\"https:\/\/serretecno.com.mx\/index.php\/rampas-dos-postes\/#primaryimage\"},\"image\":{\"@id\":\"https:\/\/serretecno.com.mx\/index.php\/rampas-dos-postes\/#primaryimage\"},\"thumbnailUrl\":\"https:\/\/serretecno.com.mx\/wp-content\/uploads\/2020\/01\/MONTACOCHES3-nka14z1dv9xng4i79r9gdl4ilcje1f7gychgmdbjgk-1.png\",\"datePublished\":\"2020-01-09T22:59:54+00:00\",\"dateModified\":\"2020-01-14T03:55:34+00:00\",\"description\":\"Rampas dos postes En Serretecno contamos con una gran variedad de rampas dos postes tipo porter\u00eda, dise\u00f1adas bajo los m\u00e1s altos est\u00e1ndares de calidad. Las\",\"breadcrumb\":{\"@id\":\"https:\/\/serretecno.com.mx\/index.php\/rampas-dos-postes\/#breadcrumb\"},\"inLanguage\":\"es\",\"potentialAction\":[{\"@type\":\"ReadAction\",\"target\":[\"https:\/\/serretecno.com.mx\/index.php\/rampas-dos-postes\/\"]}]},{\"@type\":\"ImageObject\",\"inLanguage\":\"es\",\"@id\":\"https:\/\/serretecno.com.mx\/index.php\/rampas-dos-postes\/#primaryimage\",\"url\":\"https:\/\/serretecno.com.mx\/wp-content\/uploads\/2020\/01\/MONTACOCHES3-nka14z1dv9xng4i79r9gdl4ilcje1f7gychgmdbjgk-1.png\",\"contentUrl\":\"https:\/\/serretecno.com.mx\/wp-content\/uploads\/2020\/01\/MONTACOCHES3-nka14z1dv9xng4i79r9gdl4ilcje1f7gychgmdbjgk-1.png\",\"width\":250,\"height\":250},{\"@type\":\"BreadcrumbList\",\"@id\":\"https:\/\/serretecno.com.mx\/index.php\/rampas-dos-postes\/#breadcrumb\",\"itemListElement\":[{\"@type\":\"ListItem\",\"position\":1,\"name\":\"Home\",\"item\":\"https:\/\/serretecno.com.mx\/\"},{\"@type\":\"ListItem\",\"position\":2,\"name\":\"Rampas dos postes\"}]},{\"@type\":\"WebSite\",\"@id\":\"https:\/\/serretecno.com.mx\/#website\",\"url\":\"https:\/\/serretecno.com.mx\/\",\"name\":\"Serretecno\",\"description\":\"Elevadores de auto\",\"publisher\":{\"@id\":\"https:\/\/serretecno.com.mx\/#organization\"},\"potentialAction\":[{\"@type\":\"SearchAction\",\"target\":{\"@type\":\"EntryPoint\",\"urlTemplate\":\"https:\/\/serretecno.com.mx\/?s={search_term_string}\"},\"query-input\":{\"@type\":\"PropertyValueSpecification\",\"valueRequired\":true,\"valueName\":\"search_term_string\"}}],\"inLanguage\":\"es\"},{\"@type\":\"Organization\",\"@id\":\"https:\/\/serretecno.com.mx\/#organization\",\"name\":\"Serretecno.com\",\"url\":\"https:\/\/serretecno.com.mx\/\",\"logo\":{\"@type\":\"ImageObject\",\"inLanguage\":\"es\",\"@id\":\"https:\/\/serretecno.com.mx\/#\/schema\/logo\/image\/\",\"url\":\"https:\/\/serretecno.com.mx\/wp-content\/uploads\/2020\/01\/cropped-logo-serretecno-1.jpg\",\"contentUrl\":\"https:\/\/serretecno.com.mx\/wp-content\/uploads\/2020\/01\/cropped-logo-serretecno-1.jpg\",\"width\":973,\"height\":169,\"caption\":\"Serretecno.com\"},\"image\":{\"@id\":\"https:\/\/serretecno.com.mx\/#\/schema\/logo\/image\/\"}}]}<\/script>\n<!-- \/ Yoast SEO plugin. -->","yoast_head_json":{"title":"rampas de dos postes","description":"Rampas dos postes En Serretecno contamos con una gran variedad de rampas dos postes tipo porter\u00eda, dise\u00f1adas bajo los m\u00e1s altos est\u00e1ndares de calidad. Las","robots":{"index":"index","follow":"follow","max-snippet":"max-snippet:-1","max-image-preview":"max-image-preview:large","max-video-preview":"max-video-preview:-1"},"canonical":"https:\/\/serretecno.com.mx\/index.php\/rampas-dos-postes\/","og_locale":"es_ES","og_type":"article","og_title":"rampas de dos postes","og_description":"Rampas dos postes En Serretecno contamos con una gran variedad de rampas dos postes tipo porter\u00eda, dise\u00f1adas bajo los m\u00e1s altos est\u00e1ndares de calidad. Las","og_url":"https:\/\/serretecno.com.mx\/index.php\/rampas-dos-postes\/","og_site_name":"Serretecno","article_modified_time":"2020-01-14T03:55:34+00:00","og_image":[{"url":"https:\/\/serretecno.com.mx\/wp-content\/uploads\/2020\/01\/MONTACOCHES3-nka14z1dv9xng4i79r9gdl4ilcje1f7gychgmdbjgk-1.png","type":"","width":"","height":""}],"twitter_card":"summary_large_image","twitter_misc":{"Tiempo de lectura":"1 minuto"},"schema":{"@context":"https:\/\/schema.org","@graph":[{"@type":"WebPage","@id":"https:\/\/serretecno.com.mx\/index.php\/rampas-dos-postes\/","url":"https:\/\/serretecno.com.mx\/index.php\/rampas-dos-postes\/","name":"rampas de dos postes","isPartOf":{"@id":"https:\/\/serretecno.com.mx\/#website"},"primaryImageOfPage":{"@id":"https:\/\/serretecno.com.mx\/index.php\/rampas-dos-postes\/#primaryimage"},"image":{"@id":"https:\/\/serretecno.com.mx\/index.php\/rampas-dos-postes\/#primaryimage"},"thumbnailUrl":"https:\/\/serretecno.com.mx\/wp-content\/uploads\/2020\/01\/MONTACOCHES3-nka14z1dv9xng4i79r9gdl4ilcje1f7gychgmdbjgk-1.png","datePublished":"2020-01-09T22:59:54+00:00","dateModified":"2020-01-14T03:55:34+00:00","description":"Rampas dos postes En Serretecno contamos con una gran variedad de rampas dos postes tipo porter\u00eda, dise\u00f1adas bajo los m\u00e1s altos est\u00e1ndares de calidad. Las","breadcrumb":{"@id":"https:\/\/serretecno.com.mx\/index.php\/rampas-dos-postes\/#breadcrumb"},"inLanguage":"es","potentialAction":[{"@type":"ReadAction","target":["https:\/\/serretecno.com.mx\/index.php\/rampas-dos-postes\/"]}]},{"@type":"ImageObject","inLanguage":"es","@id":"https:\/\/serretecno.com.mx\/index.php\/rampas-dos-postes\/#primaryimage","url":"https:\/\/serretecno.com.mx\/wp-content\/uploads\/2020\/01\/MONTACOCHES3-nka14z1dv9xng4i79r9gdl4ilcje1f7gychgmdbjgk-1.png","contentUrl":"https:\/\/serretecno.com.mx\/wp-content\/uploads\/2020\/01\/MONTACOCHES3-nka14z1dv9xng4i79r9gdl4ilcje1f7gychgmdbjgk-1.png","width":250,"height":250},{"@type":"BreadcrumbList","@id":"https:\/\/serretecno.com.mx\/index.php\/rampas-dos-postes\/#breadcrumb","itemListElement":[{"@type":"ListItem","position":1,"name":"Home","item":"https:\/\/serretecno.com.mx\/"},{"@type":"ListItem","position":2,"name":"Rampas dos postes"}]},{"@type":"WebSite","@id":"https:\/\/serretecno.com.mx\/#website","url":"https:\/\/serretecno.com.mx\/","name":"Serretecno","description":"Elevadores de auto","publisher":{"@id":"https:\/\/serretecno.com.mx\/#organization"},"potentialAction":[{"@type":"SearchAction","target":{"@type":"EntryPoint","urlTemplate":"https:\/\/serretecno.com.mx\/?s={search_term_string}"},"query-input":{"@type":"PropertyValueSpecification","valueRequired":true,"valueName":"search_term_string"}}],"inLanguage":"es"},{"@type":"Organization","@id":"https:\/\/serretecno.com.mx\/#organization","name":"Serretecno.com","url":"https:\/\/serretecno.com.mx\/","logo":{"@type":"ImageObject","inLanguage":"es","@id":"https:\/\/serretecno.com.mx\/#\/schema\/logo\/image\/","url":"https:\/\/serretecno.com.mx\/wp-content\/uploads\/2020\/01\/cropped-logo-serretecno-1.jpg","contentUrl":"https:\/\/serretecno.com.mx\/wp-content\/uploads\/2020\/01\/cropped-logo-serretecno-1.jpg","width":973,"height":169,"caption":"Serretecno.com"},"image":{"@id":"https:\/\/serretecno.com.mx\/#\/schema\/logo\/image\/"}}]}},"_links":{"self":[{"href":"https:\/\/serretecno.com.mx\/index.php\/wp-json\/wp\/v2\/pages\/319","targetHints":{"allow":["GET"]}}],"collection":[{"href":"https:\/\/serretecno.com.mx\/index.php\/wp-json\/wp\/v2\/pages"}],"about":[{"href":"https:\/\/serretecno.com.mx\/index.php\/wp-json\/wp\/v2\/types\/page"}],"author":[{"embeddable":true,"href":"https:\/\/serretecno.com.mx\/index.php\/wp-json\/wp\/v2\/users\/2"}],"replies":[{"embeddable":true,"href":"https:\/\/serretecno.com.mx\/index.php\/wp-json\/wp\/v2\/comments?post=319"}],"version-history":[{"count":1,"href":"https:\/\/serretecno.com.mx\/index.php\/wp-json\/wp\/v2\/pages\/319\/revisions"}],"predecessor-version":[{"id":687,"href":"https:\/\/serretecno.com.mx\/index.php\/wp-json\/wp\/v2\/pages\/319\/revisions\/687"}],"wp:attachment":[{"href":"https:\/\/serretecno.com.mx\/index.php\/wp-json\/wp\/v2\/media?parent=319"}],"curies":[{"name":"wp","href":"https:\/\/api.w.org\/{rel}","templated":true}]}}