{"id":284,"date":"2020-01-09T22:06:16","date_gmt":"2020-01-09T22:06:16","guid":{"rendered":"https:\/\/serretecno.com.mx\/?page_id=284"},"modified":"2020-01-14T03:20:47","modified_gmt":"2020-01-14T03:20:47","slug":"elevacamionetas","status":"publish","type":"page","link":"https:\/\/serretecno.com.mx\/index.php\/elevacamionetas\/","title":{"rendered":"Elevacamionetas"},"content":{"rendered":"\t\t<div data-elementor-type=\"wp-page\" data-elementor-id=\"284\" class=\"elementor elementor-284\">\n\t\t\t\t\t\t<section class=\"elementor-section elementor-top-section elementor-element elementor-element-8a506e3 elementor-section-boxed elementor-section-height-default elementor-section-height-default\" data-id=\"8a506e3\" data-element_type=\"section\">\n\t\t\t\t\t\t<div class=\"elementor-container elementor-column-gap-default\">\n\t\t\t\t\t<div class=\"elementor-column elementor-col-100 elementor-top-column elementor-element elementor-element-9ddb6b9\" data-id=\"9ddb6b9\" data-element_type=\"column\">\n\t\t\t<div class=\"elementor-widget-wrap elementor-element-populated\">\n\t\t\t\t\t\t<div class=\"elementor-element elementor-element-c8751db elementor-widget elementor-widget-heading\" data-id=\"c8751db\" data-element_type=\"widget\" data-widget_type=\"heading.default\">\n\t\t\t\t<div class=\"elementor-widget-container\">\n\t\t\t\t\t<h1 class=\"elementor-heading-title elementor-size-default\">Elevacamionetas<\/h1>\t\t\t\t<\/div>\n\t\t\t\t<\/div>\n\t\t\t\t<section class=\"elementor-section elementor-inner-section elementor-element elementor-element-32933ec elementor-section-boxed elementor-section-height-default elementor-section-height-default\" data-id=\"32933ec\" data-element_type=\"section\">\n\t\t\t\t\t\t<div class=\"elementor-container elementor-column-gap-default\">\n\t\t\t\t\t<div class=\"elementor-column elementor-col-50 elementor-inner-column elementor-element elementor-element-2f9b0ba\" data-id=\"2f9b0ba\" data-element_type=\"column\">\n\t\t\t<div class=\"elementor-widget-wrap elementor-element-populated\">\n\t\t\t\t\t\t<div class=\"elementor-element elementor-element-eb6197e elementor-widget elementor-widget-text-editor\" data-id=\"eb6197e\" data-element_type=\"widget\" data-widget_type=\"text-editor.default\">\n\t\t\t\t<div class=\"elementor-widget-container\">\n\t\t\t\t\t\t\t\t\t<p style=\"font-weight: 400;\">En Serretecno manejamos soluciones de\u00a0<b><strong>eleva-camionetas<\/strong><\/b>\u00a0que soporta una gran cantidad de carga, soluci\u00f3n ideal\u00a0 para optimizar espacios para veh\u00edculos de dimensiones mayores.<\/p><p style=\"font-weight: 400;\">Los eleva camionetas son una gran opci\u00f3n de elevaci\u00f3n para camionetas tipo de valores, ambulancias o equipo de reparto.<\/p><p style=\"font-weight: 400;\"><b><strong>Algunas de las caracter\u00edsticas del elevacamionetas est\u00e1ndar son:<\/strong><\/b><\/p><ul><li style=\"font-weight: 400;\">Capacidad de elevaci\u00f3n 7.000 libras<\/li><li style=\"font-weight: 400;\">Cuenta con una gran capacidad de elevaci\u00f3n<\/li><li style=\"font-weight: 400;\">Las pistas incluyen carriles de gu\u00eda exterior<\/li><li style=\"font-weight: 400;\">El sistema de energ\u00eda es el\u00e9ctrica- hidr\u00e1ulica<\/li><li style=\"font-weight: 400;\">Equipado con un cilindro hidr\u00e1ulico individual montado debajo de la pista<\/li><li style=\"font-weight: 400;\">Bloques deslizantes internos Anti-Sway en cada columna<\/li><\/ul><p style=\"font-weight: 400;\">\u00a0<\/p>\t\t\t\t\t\t\t\t<\/div>\n\t\t\t\t<\/div>\n\t\t\t\t\t<\/div>\n\t\t<\/div>\n\t\t\t\t<div class=\"elementor-column elementor-col-50 elementor-inner-column elementor-element elementor-element-5a8db53\" data-id=\"5a8db53\" data-element_type=\"column\">\n\t\t\t<div class=\"elementor-widget-wrap elementor-element-populated\">\n\t\t\t\t\t\t<div class=\"elementor-element elementor-element-165b366 elementor-widget elementor-widget-image\" data-id=\"165b366\" data-element_type=\"widget\" data-widget_type=\"image.default\">\n\t\t\t\t<div class=\"elementor-widget-container\">\n\t\t\t\t\t\t\t\t\t\t\t\t\t\t\t<img fetchpriority=\"high\" decoding=\"async\" width=\"1024\" height=\"972\" src=\"https:\/\/serretecno.com.mx\/wp-content\/uploads\/2020\/01\/1-HD-7PXW-1024x972-1.jpg\" class=\"attachment-large size-large wp-image-286\" alt=\"\" srcset=\"https:\/\/serretecno.com.mx\/wp-content\/uploads\/2020\/01\/1-HD-7PXW-1024x972-1.jpg 1024w, https:\/\/serretecno.com.mx\/wp-content\/uploads\/2020\/01\/1-HD-7PXW-1024x972-1-300x285.jpg 300w, https:\/\/serretecno.com.mx\/wp-content\/uploads\/2020\/01\/1-HD-7PXW-1024x972-1-768x729.jpg 768w\" sizes=\"(max-width: 1024px) 100vw, 1024px\" \/>\t\t\t\t\t\t\t\t\t\t\t\t\t\t\t<\/div>\n\t\t\t\t<\/div>\n\t\t\t\t\t<\/div>\n\t\t<\/div>\n\t\t\t\t\t<\/div>\n\t\t<\/section>\n\t\t\t\t\t<\/div>\n\t\t<\/div>\n\t\t\t\t\t<\/div>\n\t\t<\/section>\n\t\t\t\t<section class=\"elementor-section elementor-top-section elementor-element elementor-element-b377512 elementor-section-boxed elementor-section-height-default elementor-section-height-default\" data-id=\"b377512\" data-element_type=\"section\">\n\t\t\t\t\t\t<div class=\"elementor-container elementor-column-gap-default\">\n\t\t\t\t\t<div class=\"elementor-column elementor-col-100 elementor-top-column elementor-element elementor-element-ccfd0f4\" data-id=\"ccfd0f4\" data-element_type=\"column\">\n\t\t\t<div class=\"elementor-widget-wrap elementor-element-populated\">\n\t\t\t\t\t\t<div class=\"elementor-element elementor-element-b191a79 elementor-widget elementor-widget-text-editor\" data-id=\"b191a79\" data-element_type=\"widget\" data-widget_type=\"text-editor.default\">\n\t\t\t\t<div class=\"elementor-widget-container\">\n\t\t\t\t\t\t\t\t\t<p style=\"font-weight: 400;\"><strong>Dise\u00f1o confiable<\/strong><\/p><p style=\"font-weight: 400;\">4 cables de elevaci\u00f3n de acero inoxidable, resistentes y de m\u00e1xima calidad, adem\u00e1s de un cilindro hidr\u00e1ulico debajo del carril hace que este elevador sea m\u00e1s duradero, libre de mantenimiento y el m\u00e1s solicitado en el mercado.<\/p><p style=\"font-weight: 400;\"><strong>Poleas dobles<\/strong><br \/>Para reducir el estr\u00e9s y la fatiga en los ejes, poleas y cables. Insistimos en dobles poleas con cables, incluso si nos cuesta m\u00e1s en fabricar nuestro equipo, porque al final queremos que usted est\u00e9 satisfecho.<br \/><strong><br \/>M\u00faltiple seguridad<\/strong><br \/>Est\u00e1 equipado con m\u00faltiples niveles de seguridad ajustables para brindarle estacionamiento de altura variable. Un pr\u00e1ctico bot\u00f3n de seguridad de control para neum\u00e1ticos libera todos los seguros simult\u00e1neamente.<br \/><strong><br \/>Cables aeron\u00e1uticos para trabajo pesado<\/strong><br \/>Cada ascensor automotriz es suministrado con 4 cables de elevaci\u00f3n hechos con la m\u00e1s alta calidad y de acero inoxidable con capacidad de 14.400 libras cada uno. El estimado combinado de estos cables es m\u00e1s de 822% de la capacidad m\u00e1xima de elevaci\u00f3n de todo el ascensor. Y lo que es mejor, nos encargamos que todo luzca bien, ya que colocamos los cables de elevaci\u00f3n dentro de la estructura en s\u00ed.<br \/><strong><br \/>Sistema de alimentaci\u00f3n hidroel\u00e9ctrica<\/strong><br \/>Incorporamos sistemas hidroel\u00e9ctricos libres de mantenimiento en cada ascensor para brindarle mayor fiabilidad y todos los controles est\u00e1n situados convenientemente a su alcance.<\/p>\t\t\t\t\t\t\t\t<\/div>\n\t\t\t\t<\/div>\n\t\t\t\t\t<\/div>\n\t\t<\/div>\n\t\t\t\t\t<\/div>\n\t\t<\/section>\n\t\t\t\t<\/div>\n\t\t","protected":false},"excerpt":{"rendered":"<p>Elevacamionetas En Serretecno manejamos soluciones de&nbsp;eleva-camionetas&nbsp;que soporta una gran cantidad de carga, soluci\u00f3n ideal&nbsp; para optimizar espacios para veh\u00edculos de dimensiones mayores. Los eleva camionetas son una gran opci\u00f3n de elevaci\u00f3n para camionetas tipo de valores, ambulancias o equipo de reparto. Algunas de las caracter\u00edsticas del elevacamionetas est\u00e1ndar son: Capacidad de elevaci\u00f3n 7.000 libras Cuenta [&hellip;]<\/p>\n","protected":false},"author":2,"featured_media":0,"parent":0,"menu_order":0,"comment_status":"closed","ping_status":"closed","template":"","meta":{"_exactmetrics_skip_tracking":false,"_exactmetrics_sitenote_active":false,"_exactmetrics_sitenote_note":"","_exactmetrics_sitenote_category":0,"_uf_show_specific_survey":0,"_uf_disable_surveys":false,"site-sidebar-layout":"no-sidebar","site-content-layout":"page-builder","ast-site-content-layout":"default","site-content-style":"default","site-sidebar-style":"default","ast-global-header-display":"","ast-banner-title-visibility":"","ast-main-header-display":"","ast-hfb-above-header-display":"","ast-hfb-below-header-display":"","ast-hfb-mobile-header-display":"","site-post-title":"disabled","ast-breadcrumbs-content":"","ast-featured-img":"disabled","footer-sml-layout":"","theme-transparent-header-meta":"default","adv-header-id-meta":"","stick-header-meta":"","header-above-stick-meta":"","header-main-stick-meta":"","header-below-stick-meta":"","astra-migrate-meta-layouts":"default","ast-page-background-enabled":"default","ast-page-background-meta":{"desktop":{"background-color":"","background-image":"","background-repeat":"repeat","background-position":"center center","background-size":"auto","background-attachment":"scroll","background-type":"","background-media":"","overlay-type":"","overlay-color":"","overlay-opacity":"","overlay-gradient":""},"tablet":{"background-color":"","background-image":"","background-repeat":"repeat","background-position":"center center","background-size":"auto","background-attachment":"scroll","background-type":"","background-media":"","overlay-type":"","overlay-color":"","overlay-opacity":"","overlay-gradient":""},"mobile":{"background-color":"","background-image":"","background-repeat":"repeat","background-position":"center center","background-size":"auto","background-attachment":"scroll","background-type":"","background-media":"","overlay-type":"","overlay-color":"","overlay-opacity":"","overlay-gradient":""}},"ast-content-background-meta":{"desktop":{"background-color":"var(--ast-global-color-5)","background-image":"","background-repeat":"repeat","background-position":"center center","background-size":"auto","background-attachment":"scroll","background-type":"","background-media":"","overlay-type":"","overlay-color":"","overlay-opacity":"","overlay-gradient":""},"tablet":{"background-color":"var(--ast-global-color-5)","background-image":"","background-repeat":"repeat","background-position":"center center","background-size":"auto","background-attachment":"scroll","background-type":"","background-media":"","overlay-type":"","overlay-color":"","overlay-opacity":"","overlay-gradient":""},"mobile":{"background-color":"var(--ast-global-color-5)","background-image":"","background-repeat":"repeat","background-position":"center center","background-size":"auto","background-attachment":"scroll","background-type":"","background-media":"","overlay-type":"","overlay-color":"","overlay-opacity":"","overlay-gradient":""}},"_joinchat":[],"footnotes":""},"class_list":["post-284","page","type-page","status-publish","hentry"],"yoast_head":"<!-- This site is optimized with the Yoast SEO plugin v25.4 - https:\/\/yoast.com\/wordpress\/plugins\/seo\/ -->\n<title>elevadores de camionetas<\/title>\n<meta name=\"description\" content=\"Elevacamionetas En Serretecno manejamos soluciones de&nbsp;eleva-camionetas&nbsp;que soporta una gran cantidad de carga, soluci\u00f3n ideal&nbsp; para\" \/>\n<meta name=\"robots\" content=\"index, follow, max-snippet:-1, max-image-preview:large, max-video-preview:-1\" \/>\n<link rel=\"canonical\" href=\"https:\/\/serretecno.com.mx\/index.php\/elevacamionetas\/\" \/>\n<meta property=\"og:locale\" content=\"es_ES\" \/>\n<meta property=\"og:type\" content=\"article\" \/>\n<meta property=\"og:title\" content=\"elevadores de camionetas\" \/>\n<meta property=\"og:description\" content=\"Elevacamionetas En Serretecno manejamos soluciones de&nbsp;eleva-camionetas&nbsp;que soporta una gran cantidad de carga, soluci\u00f3n ideal&nbsp; para\" \/>\n<meta property=\"og:url\" content=\"https:\/\/serretecno.com.mx\/index.php\/elevacamionetas\/\" \/>\n<meta property=\"og:site_name\" content=\"Serretecno\" \/>\n<meta property=\"article:modified_time\" content=\"2020-01-14T03:20:47+00:00\" \/>\n<meta property=\"og:image\" content=\"https:\/\/serretecno.com.mx\/wp-content\/uploads\/2020\/01\/1-HD-7PXW-1024x972-1.jpg\" \/>\n<meta name=\"twitter:card\" content=\"summary_large_image\" \/>\n<meta name=\"twitter:label1\" content=\"Tiempo de lectura\" \/>\n\t<meta name=\"twitter:data1\" content=\"2 minutos\" \/>\n<script type=\"application\/ld+json\" class=\"yoast-schema-graph\">{\"@context\":\"https:\/\/schema.org\",\"@graph\":[{\"@type\":\"WebPage\",\"@id\":\"https:\/\/serretecno.com.mx\/index.php\/elevacamionetas\/\",\"url\":\"https:\/\/serretecno.com.mx\/index.php\/elevacamionetas\/\",\"name\":\"elevadores de camionetas\",\"isPartOf\":{\"@id\":\"https:\/\/serretecno.com.mx\/#website\"},\"primaryImageOfPage\":{\"@id\":\"https:\/\/serretecno.com.mx\/index.php\/elevacamionetas\/#primaryimage\"},\"image\":{\"@id\":\"https:\/\/serretecno.com.mx\/index.php\/elevacamionetas\/#primaryimage\"},\"thumbnailUrl\":\"https:\/\/serretecno.com.mx\/wp-content\/uploads\/2020\/01\/1-HD-7PXW-1024x972-1.jpg\",\"datePublished\":\"2020-01-09T22:06:16+00:00\",\"dateModified\":\"2020-01-14T03:20:47+00:00\",\"description\":\"Elevacamionetas En Serretecno manejamos soluciones de&nbsp;eleva-camionetas&nbsp;que soporta una gran cantidad de carga, soluci\u00f3n ideal&nbsp; para\",\"breadcrumb\":{\"@id\":\"https:\/\/serretecno.com.mx\/index.php\/elevacamionetas\/#breadcrumb\"},\"inLanguage\":\"es\",\"potentialAction\":[{\"@type\":\"ReadAction\",\"target\":[\"https:\/\/serretecno.com.mx\/index.php\/elevacamionetas\/\"]}]},{\"@type\":\"ImageObject\",\"inLanguage\":\"es\",\"@id\":\"https:\/\/serretecno.com.mx\/index.php\/elevacamionetas\/#primaryimage\",\"url\":\"https:\/\/serretecno.com.mx\/wp-content\/uploads\/2020\/01\/1-HD-7PXW-1024x972-1.jpg\",\"contentUrl\":\"https:\/\/serretecno.com.mx\/wp-content\/uploads\/2020\/01\/1-HD-7PXW-1024x972-1.jpg\",\"width\":1024,\"height\":972},{\"@type\":\"BreadcrumbList\",\"@id\":\"https:\/\/serretecno.com.mx\/index.php\/elevacamionetas\/#breadcrumb\",\"itemListElement\":[{\"@type\":\"ListItem\",\"position\":1,\"name\":\"Home\",\"item\":\"https:\/\/serretecno.com.mx\/\"},{\"@type\":\"ListItem\",\"position\":2,\"name\":\"Elevacamionetas\"}]},{\"@type\":\"WebSite\",\"@id\":\"https:\/\/serretecno.com.mx\/#website\",\"url\":\"https:\/\/serretecno.com.mx\/\",\"name\":\"Serretecno\",\"description\":\"Elevadores de auto\",\"publisher\":{\"@id\":\"https:\/\/serretecno.com.mx\/#organization\"},\"potentialAction\":[{\"@type\":\"SearchAction\",\"target\":{\"@type\":\"EntryPoint\",\"urlTemplate\":\"https:\/\/serretecno.com.mx\/?s={search_term_string}\"},\"query-input\":{\"@type\":\"PropertyValueSpecification\",\"valueRequired\":true,\"valueName\":\"search_term_string\"}}],\"inLanguage\":\"es\"},{\"@type\":\"Organization\",\"@id\":\"https:\/\/serretecno.com.mx\/#organization\",\"name\":\"Serretecno.com\",\"url\":\"https:\/\/serretecno.com.mx\/\",\"logo\":{\"@type\":\"ImageObject\",\"inLanguage\":\"es\",\"@id\":\"https:\/\/serretecno.com.mx\/#\/schema\/logo\/image\/\",\"url\":\"https:\/\/serretecno.com.mx\/wp-content\/uploads\/2020\/01\/cropped-logo-serretecno-1.jpg\",\"contentUrl\":\"https:\/\/serretecno.com.mx\/wp-content\/uploads\/2020\/01\/cropped-logo-serretecno-1.jpg\",\"width\":973,\"height\":169,\"caption\":\"Serretecno.com\"},\"image\":{\"@id\":\"https:\/\/serretecno.com.mx\/#\/schema\/logo\/image\/\"}}]}<\/script>\n<!-- \/ Yoast SEO plugin. -->","yoast_head_json":{"title":"elevadores de camionetas","description":"Elevacamionetas En Serretecno manejamos soluciones de&nbsp;eleva-camionetas&nbsp;que soporta una gran cantidad de carga, soluci\u00f3n ideal&nbsp; para","robots":{"index":"index","follow":"follow","max-snippet":"max-snippet:-1","max-image-preview":"max-image-preview:large","max-video-preview":"max-video-preview:-1"},"canonical":"https:\/\/serretecno.com.mx\/index.php\/elevacamionetas\/","og_locale":"es_ES","og_type":"article","og_title":"elevadores de camionetas","og_description":"Elevacamionetas En Serretecno manejamos soluciones de&nbsp;eleva-camionetas&nbsp;que soporta una gran cantidad de carga, soluci\u00f3n ideal&nbsp; para","og_url":"https:\/\/serretecno.com.mx\/index.php\/elevacamionetas\/","og_site_name":"Serretecno","article_modified_time":"2020-01-14T03:20:47+00:00","og_image":[{"url":"https:\/\/serretecno.com.mx\/wp-content\/uploads\/2020\/01\/1-HD-7PXW-1024x972-1.jpg","type":"","width":"","height":""}],"twitter_card":"summary_large_image","twitter_misc":{"Tiempo de lectura":"2 minutos"},"schema":{"@context":"https:\/\/schema.org","@graph":[{"@type":"WebPage","@id":"https:\/\/serretecno.com.mx\/index.php\/elevacamionetas\/","url":"https:\/\/serretecno.com.mx\/index.php\/elevacamionetas\/","name":"elevadores de camionetas","isPartOf":{"@id":"https:\/\/serretecno.com.mx\/#website"},"primaryImageOfPage":{"@id":"https:\/\/serretecno.com.mx\/index.php\/elevacamionetas\/#primaryimage"},"image":{"@id":"https:\/\/serretecno.com.mx\/index.php\/elevacamionetas\/#primaryimage"},"thumbnailUrl":"https:\/\/serretecno.com.mx\/wp-content\/uploads\/2020\/01\/1-HD-7PXW-1024x972-1.jpg","datePublished":"2020-01-09T22:06:16+00:00","dateModified":"2020-01-14T03:20:47+00:00","description":"Elevacamionetas En Serretecno manejamos soluciones de&nbsp;eleva-camionetas&nbsp;que soporta una gran cantidad de carga, soluci\u00f3n ideal&nbsp; para","breadcrumb":{"@id":"https:\/\/serretecno.com.mx\/index.php\/elevacamionetas\/#breadcrumb"},"inLanguage":"es","potentialAction":[{"@type":"ReadAction","target":["https:\/\/serretecno.com.mx\/index.php\/elevacamionetas\/"]}]},{"@type":"ImageObject","inLanguage":"es","@id":"https:\/\/serretecno.com.mx\/index.php\/elevacamionetas\/#primaryimage","url":"https:\/\/serretecno.com.mx\/wp-content\/uploads\/2020\/01\/1-HD-7PXW-1024x972-1.jpg","contentUrl":"https:\/\/serretecno.com.mx\/wp-content\/uploads\/2020\/01\/1-HD-7PXW-1024x972-1.jpg","width":1024,"height":972},{"@type":"BreadcrumbList","@id":"https:\/\/serretecno.com.mx\/index.php\/elevacamionetas\/#breadcrumb","itemListElement":[{"@type":"ListItem","position":1,"name":"Home","item":"https:\/\/serretecno.com.mx\/"},{"@type":"ListItem","position":2,"name":"Elevacamionetas"}]},{"@type":"WebSite","@id":"https:\/\/serretecno.com.mx\/#website","url":"https:\/\/serretecno.com.mx\/","name":"Serretecno","description":"Elevadores de auto","publisher":{"@id":"https:\/\/serretecno.com.mx\/#organization"},"potentialAction":[{"@type":"SearchAction","target":{"@type":"EntryPoint","urlTemplate":"https:\/\/serretecno.com.mx\/?s={search_term_string}"},"query-input":{"@type":"PropertyValueSpecification","valueRequired":true,"valueName":"search_term_string"}}],"inLanguage":"es"},{"@type":"Organization","@id":"https:\/\/serretecno.com.mx\/#organization","name":"Serretecno.com","url":"https:\/\/serretecno.com.mx\/","logo":{"@type":"ImageObject","inLanguage":"es","@id":"https:\/\/serretecno.com.mx\/#\/schema\/logo\/image\/","url":"https:\/\/serretecno.com.mx\/wp-content\/uploads\/2020\/01\/cropped-logo-serretecno-1.jpg","contentUrl":"https:\/\/serretecno.com.mx\/wp-content\/uploads\/2020\/01\/cropped-logo-serretecno-1.jpg","width":973,"height":169,"caption":"Serretecno.com"},"image":{"@id":"https:\/\/serretecno.com.mx\/#\/schema\/logo\/image\/"}}]}},"_links":{"self":[{"href":"https:\/\/serretecno.com.mx\/index.php\/wp-json\/wp\/v2\/pages\/284","targetHints":{"allow":["GET"]}}],"collection":[{"href":"https:\/\/serretecno.com.mx\/index.php\/wp-json\/wp\/v2\/pages"}],"about":[{"href":"https:\/\/serretecno.com.mx\/index.php\/wp-json\/wp\/v2\/types\/page"}],"author":[{"embeddable":true,"href":"https:\/\/serretecno.com.mx\/index.php\/wp-json\/wp\/v2\/users\/2"}],"replies":[{"embeddable":true,"href":"https:\/\/serretecno.com.mx\/index.php\/wp-json\/wp\/v2\/comments?post=284"}],"version-history":[{"count":1,"href":"https:\/\/serretecno.com.mx\/index.php\/wp-json\/wp\/v2\/pages\/284\/revisions"}],"predecessor-version":[{"id":619,"href":"https:\/\/serretecno.com.mx\/index.php\/wp-json\/wp\/v2\/pages\/284\/revisions\/619"}],"wp:attachment":[{"href":"https:\/\/serretecno.com.mx\/index.php\/wp-json\/wp\/v2\/media?parent=284"}],"curies":[{"name":"wp","href":"https:\/\/api.w.org\/{rel}","templated":true}]}}