{"id":275,"date":"2020-01-09T21:06:08","date_gmt":"2020-01-09T21:06:08","guid":{"rendered":"https:\/\/serretecno.com.mx\/?page_id=275"},"modified":"2020-01-14T03:23:51","modified_gmt":"2020-01-14T03:23:51","slug":"elevautos-triple-espacio","status":"publish","type":"page","link":"https:\/\/serretecno.com.mx\/index.php\/elevautos-triple-espacio\/","title":{"rendered":"Elevautos triple espacio"},"content":{"rendered":"\t\t<div data-elementor-type=\"wp-page\" data-elementor-id=\"275\" class=\"elementor elementor-275\">\n\t\t\t\t\t\t<section class=\"elementor-section elementor-top-section elementor-element elementor-element-27b979b elementor-section-boxed elementor-section-height-default elementor-section-height-default\" data-id=\"27b979b\" data-element_type=\"section\">\n\t\t\t\t\t\t<div class=\"elementor-container elementor-column-gap-default\">\n\t\t\t\t\t<div class=\"elementor-column elementor-col-100 elementor-top-column elementor-element elementor-element-add3e52\" data-id=\"add3e52\" data-element_type=\"column\">\n\t\t\t<div class=\"elementor-widget-wrap elementor-element-populated\">\n\t\t\t\t\t\t<div class=\"elementor-element elementor-element-f9a4aee elementor-widget elementor-widget-heading\" data-id=\"f9a4aee\" data-element_type=\"widget\" data-widget_type=\"heading.default\">\n\t\t\t\t<div class=\"elementor-widget-container\">\n\t\t\t\t\t<h1 class=\"elementor-heading-title elementor-size-default\">Elevautos triple espacio<\/h1>\t\t\t\t<\/div>\n\t\t\t\t<\/div>\n\t\t\t\t<section class=\"elementor-section elementor-inner-section elementor-element elementor-element-c3e8652 elementor-section-boxed elementor-section-height-default elementor-section-height-default\" data-id=\"c3e8652\" data-element_type=\"section\">\n\t\t\t\t\t\t<div class=\"elementor-container elementor-column-gap-default\">\n\t\t\t\t\t<div class=\"elementor-column elementor-col-50 elementor-inner-column elementor-element elementor-element-04d05e7\" data-id=\"04d05e7\" data-element_type=\"column\">\n\t\t\t<div class=\"elementor-widget-wrap elementor-element-populated\">\n\t\t\t\t\t\t<div class=\"elementor-element elementor-element-82776c8 elementor-widget elementor-widget-text-editor\" data-id=\"82776c8\" data-element_type=\"widget\" data-widget_type=\"text-editor.default\">\n\t\t\t\t<div class=\"elementor-widget-container\">\n\t\t\t\t\t\t\t\t\t<p>En Serretecno contamos con una de las soluciones para elevaci\u00f3n de autos de las m\u00e1s solicitadas, el \u00a0Elevautos triple espacio, porque en el espacio de un auto colocamos tres, gracias a sus sistema hidr\u00e1ulico para m\u00e1xima duraci\u00f3n y segura operaci\u00f3n.<\/p><p>El elevautos triple espacio, es el m\u00e1s resistente del mercado para tres veh\u00edculos, ya que est\u00e1 dise\u00f1ado para carga veh\u00edculos y camionetas e inclusive blindados, ya sea en interiores o exteriores.<\/p><p>\u00a0<\/p>\t\t\t\t\t\t\t\t<\/div>\n\t\t\t\t<\/div>\n\t\t\t\t\t<\/div>\n\t\t<\/div>\n\t\t\t\t<div class=\"elementor-column elementor-col-50 elementor-inner-column elementor-element elementor-element-6f4641d\" data-id=\"6f4641d\" data-element_type=\"column\">\n\t\t\t<div class=\"elementor-widget-wrap elementor-element-populated\">\n\t\t\t\t\t\t<div class=\"elementor-element elementor-element-3826100 elementor-widget elementor-widget-image\" data-id=\"3826100\" data-element_type=\"widget\" data-widget_type=\"image.default\">\n\t\t\t\t<div class=\"elementor-widget-container\">\n\t\t\t\t\t\t\t\t\t\t\t\t\t\t\t<img fetchpriority=\"high\" decoding=\"async\" width=\"640\" height=\"480\" src=\"https:\/\/serretecno.com.mx\/wp-content\/uploads\/2020\/01\/Foto_061008_001.jpg\" class=\"attachment-large size-large wp-image-277\" alt=\"\" srcset=\"https:\/\/serretecno.com.mx\/wp-content\/uploads\/2020\/01\/Foto_061008_001.jpg 640w, https:\/\/serretecno.com.mx\/wp-content\/uploads\/2020\/01\/Foto_061008_001-300x225.jpg 300w\" sizes=\"(max-width: 640px) 100vw, 640px\" \/>\t\t\t\t\t\t\t\t\t\t\t\t\t\t\t<\/div>\n\t\t\t\t<\/div>\n\t\t\t\t\t<\/div>\n\t\t<\/div>\n\t\t\t\t\t<\/div>\n\t\t<\/section>\n\t\t\t\t\t<\/div>\n\t\t<\/div>\n\t\t\t\t\t<\/div>\n\t\t<\/section>\n\t\t\t\t<section class=\"elementor-section elementor-top-section elementor-element elementor-element-46d8658 elementor-section-boxed elementor-section-height-default elementor-section-height-default\" data-id=\"46d8658\" data-element_type=\"section\">\n\t\t\t\t\t\t<div class=\"elementor-container elementor-column-gap-default\">\n\t\t\t\t\t<div class=\"elementor-column elementor-col-100 elementor-top-column elementor-element elementor-element-2460e41\" data-id=\"2460e41\" data-element_type=\"column\">\n\t\t\t<div class=\"elementor-widget-wrap elementor-element-populated\">\n\t\t\t\t\t\t<div class=\"elementor-element elementor-element-b6bbf3a elementor-widget elementor-widget-text-editor\" data-id=\"b6bbf3a\" data-element_type=\"widget\" data-widget_type=\"text-editor.default\">\n\t\t\t\t<div class=\"elementor-widget-container\">\n\t\t\t\t\t\t\t\t\t<p>Este sistema es utilizado cuando no hay forma de perforar ninguna fosa, y se requiere de optimizar los espacios es poca \u00e1rea es decir que en 12.50 m2 optimizamos a 37.50 m2.<\/p><p>El \u00fanico elevador de estacionamiento que le permite aparcar veh\u00edculos con techos altos de manera segura.<\/p><p>Est\u00e1 dise\u00f1ado para proporcionarle estacionamiento de elevaci\u00f3n tanto en interiores o al aire libre y para que su garaje sea m\u00e1s rentable. Con su dise\u00f1o apilador de tres plataformas, le permite m\u00e1ximo espacio y ahorro para aparcamiento de tres veh\u00edculos en una sola plaza. Cada elevador de tres niveles utiliza una estructura de base de dise\u00f1o especial que distribuye muy bien la carga. La instalaci\u00f3n de las rampas de estacionamiento es adecuada pr\u00e1cticamente para cualquier piso de concreto residencial o comercial.<\/p><p>Cada Elevautos triple espacio\u00a0utiliza una estructura de base de dise\u00f1o especial que distribuye muy bien la carga. La instalaci\u00f3n de las rampas de estacionamiento es adecuada pr\u00e1cticamente para cualquier piso de concreto residencial o comercial.<\/p><p>Este elevautos est\u00e1 equipado con una plataforma de ancho completo para la mantenci\u00f3n de los veh\u00edculos ubicados en el inferior totalmente protegidos, mono cilindro hidr\u00e1ulico y cables de acero inoxidable para cargas pesadas de elevaci\u00f3n, seguridad autom\u00e1tica y una unidad de energ\u00eda hidr\u00e1ulica ergon\u00f3mica.<\/p>\t\t\t\t\t\t\t\t<\/div>\n\t\t\t\t<\/div>\n\t\t\t\t\t<\/div>\n\t\t<\/div>\n\t\t\t\t\t<\/div>\n\t\t<\/section>\n\t\t\t\t<\/div>\n\t\t","protected":false},"excerpt":{"rendered":"<p>Elevautos triple espacio En Serretecno contamos con una de las soluciones para elevaci\u00f3n de autos de las m\u00e1s solicitadas, el &nbsp;Elevautos triple espacio, porque en el espacio de un auto colocamos tres, gracias a sus sistema hidr\u00e1ulico para m\u00e1xima duraci\u00f3n y segura operaci\u00f3n. El elevautos triple espacio, es el m\u00e1s resistente del mercado para tres [&hellip;]<\/p>\n","protected":false},"author":2,"featured_media":0,"parent":0,"menu_order":0,"comment_status":"closed","ping_status":"closed","template":"","meta":{"_exactmetrics_skip_tracking":false,"_exactmetrics_sitenote_active":false,"_exactmetrics_sitenote_note":"","_exactmetrics_sitenote_category":0,"_uf_show_specific_survey":0,"_uf_disable_surveys":false,"site-sidebar-layout":"no-sidebar","site-content-layout":"page-builder","ast-site-content-layout":"default","site-content-style":"default","site-sidebar-style":"default","ast-global-header-display":"","ast-banner-title-visibility":"","ast-main-header-display":"","ast-hfb-above-header-display":"","ast-hfb-below-header-display":"","ast-hfb-mobile-header-display":"","site-post-title":"disabled","ast-breadcrumbs-content":"","ast-featured-img":"disabled","footer-sml-layout":"","theme-transparent-header-meta":"default","adv-header-id-meta":"","stick-header-meta":"","header-above-stick-meta":"","header-main-stick-meta":"","header-below-stick-meta":"","astra-migrate-meta-layouts":"default","ast-page-background-enabled":"default","ast-page-background-meta":{"desktop":{"background-color":"","background-image":"","background-repeat":"repeat","background-position":"center center","background-size":"auto","background-attachment":"scroll","background-type":"","background-media":"","overlay-type":"","overlay-color":"","overlay-opacity":"","overlay-gradient":""},"tablet":{"background-color":"","background-image":"","background-repeat":"repeat","background-position":"center center","background-size":"auto","background-attachment":"scroll","background-type":"","background-media":"","overlay-type":"","overlay-color":"","overlay-opacity":"","overlay-gradient":""},"mobile":{"background-color":"","background-image":"","background-repeat":"repeat","background-position":"center center","background-size":"auto","background-attachment":"scroll","background-type":"","background-media":"","overlay-type":"","overlay-color":"","overlay-opacity":"","overlay-gradient":""}},"ast-content-background-meta":{"desktop":{"background-color":"var(--ast-global-color-5)","background-image":"","background-repeat":"repeat","background-position":"center center","background-size":"auto","background-attachment":"scroll","background-type":"","background-media":"","overlay-type":"","overlay-color":"","overlay-opacity":"","overlay-gradient":""},"tablet":{"background-color":"var(--ast-global-color-5)","background-image":"","background-repeat":"repeat","background-position":"center center","background-size":"auto","background-attachment":"scroll","background-type":"","background-media":"","overlay-type":"","overlay-color":"","overlay-opacity":"","overlay-gradient":""},"mobile":{"background-color":"var(--ast-global-color-5)","background-image":"","background-repeat":"repeat","background-position":"center center","background-size":"auto","background-attachment":"scroll","background-type":"","background-media":"","overlay-type":"","overlay-color":"","overlay-opacity":"","overlay-gradient":""}},"_joinchat":[],"footnotes":""},"class_list":["post-275","page","type-page","status-publish","hentry"],"yoast_head":"<!-- This site is optimized with the Yoast SEO plugin v25.4 - https:\/\/yoast.com\/wordpress\/plugins\/seo\/ -->\n<title>Elevador de autos de Triple espacio<\/title>\n<meta name=\"description\" content=\"Elevautos triple espacio En Serretecno contamos con una de las soluciones para elevaci\u00f3n de autos de las m\u00e1s solicitadas, el &nbsp;Elevautos triple\" \/>\n<meta name=\"robots\" content=\"index, follow, max-snippet:-1, max-image-preview:large, max-video-preview:-1\" \/>\n<link rel=\"canonical\" href=\"https:\/\/serretecno.com.mx\/index.php\/elevautos-triple-espacio\/\" \/>\n<meta property=\"og:locale\" content=\"es_ES\" \/>\n<meta property=\"og:type\" content=\"article\" \/>\n<meta property=\"og:title\" content=\"Elevador de autos de Triple espacio\" \/>\n<meta property=\"og:description\" content=\"Elevautos triple espacio En Serretecno contamos con una de las soluciones para elevaci\u00f3n de autos de las m\u00e1s solicitadas, el &nbsp;Elevautos triple\" \/>\n<meta property=\"og:url\" content=\"https:\/\/serretecno.com.mx\/index.php\/elevautos-triple-espacio\/\" \/>\n<meta property=\"og:site_name\" content=\"Serretecno\" \/>\n<meta property=\"article:modified_time\" content=\"2020-01-14T03:23:51+00:00\" \/>\n<meta property=\"og:image\" content=\"https:\/\/serretecno.com.mx\/wp-content\/uploads\/2020\/01\/Foto_061008_001.jpg\" \/>\n<meta name=\"twitter:card\" content=\"summary_large_image\" \/>\n<meta name=\"twitter:label1\" content=\"Tiempo de lectura\" \/>\n\t<meta name=\"twitter:data1\" content=\"2 minutos\" \/>\n<script type=\"application\/ld+json\" class=\"yoast-schema-graph\">{\"@context\":\"https:\/\/schema.org\",\"@graph\":[{\"@type\":\"WebPage\",\"@id\":\"https:\/\/serretecno.com.mx\/index.php\/elevautos-triple-espacio\/\",\"url\":\"https:\/\/serretecno.com.mx\/index.php\/elevautos-triple-espacio\/\",\"name\":\"Elevador de autos de Triple espacio\",\"isPartOf\":{\"@id\":\"https:\/\/serretecno.com.mx\/#website\"},\"primaryImageOfPage\":{\"@id\":\"https:\/\/serretecno.com.mx\/index.php\/elevautos-triple-espacio\/#primaryimage\"},\"image\":{\"@id\":\"https:\/\/serretecno.com.mx\/index.php\/elevautos-triple-espacio\/#primaryimage\"},\"thumbnailUrl\":\"https:\/\/serretecno.com.mx\/wp-content\/uploads\/2020\/01\/Foto_061008_001.jpg\",\"datePublished\":\"2020-01-09T21:06:08+00:00\",\"dateModified\":\"2020-01-14T03:23:51+00:00\",\"description\":\"Elevautos triple espacio En Serretecno contamos con una de las soluciones para elevaci\u00f3n de autos de las m\u00e1s solicitadas, el &nbsp;Elevautos triple\",\"breadcrumb\":{\"@id\":\"https:\/\/serretecno.com.mx\/index.php\/elevautos-triple-espacio\/#breadcrumb\"},\"inLanguage\":\"es\",\"potentialAction\":[{\"@type\":\"ReadAction\",\"target\":[\"https:\/\/serretecno.com.mx\/index.php\/elevautos-triple-espacio\/\"]}]},{\"@type\":\"ImageObject\",\"inLanguage\":\"es\",\"@id\":\"https:\/\/serretecno.com.mx\/index.php\/elevautos-triple-espacio\/#primaryimage\",\"url\":\"https:\/\/serretecno.com.mx\/wp-content\/uploads\/2020\/01\/Foto_061008_001.jpg\",\"contentUrl\":\"https:\/\/serretecno.com.mx\/wp-content\/uploads\/2020\/01\/Foto_061008_001.jpg\",\"width\":640,\"height\":480},{\"@type\":\"BreadcrumbList\",\"@id\":\"https:\/\/serretecno.com.mx\/index.php\/elevautos-triple-espacio\/#breadcrumb\",\"itemListElement\":[{\"@type\":\"ListItem\",\"position\":1,\"name\":\"Home\",\"item\":\"https:\/\/serretecno.com.mx\/\"},{\"@type\":\"ListItem\",\"position\":2,\"name\":\"Elevautos triple espacio\"}]},{\"@type\":\"WebSite\",\"@id\":\"https:\/\/serretecno.com.mx\/#website\",\"url\":\"https:\/\/serretecno.com.mx\/\",\"name\":\"Serretecno\",\"description\":\"Elevadores de auto\",\"publisher\":{\"@id\":\"https:\/\/serretecno.com.mx\/#organization\"},\"potentialAction\":[{\"@type\":\"SearchAction\",\"target\":{\"@type\":\"EntryPoint\",\"urlTemplate\":\"https:\/\/serretecno.com.mx\/?s={search_term_string}\"},\"query-input\":{\"@type\":\"PropertyValueSpecification\",\"valueRequired\":true,\"valueName\":\"search_term_string\"}}],\"inLanguage\":\"es\"},{\"@type\":\"Organization\",\"@id\":\"https:\/\/serretecno.com.mx\/#organization\",\"name\":\"Serretecno.com\",\"url\":\"https:\/\/serretecno.com.mx\/\",\"logo\":{\"@type\":\"ImageObject\",\"inLanguage\":\"es\",\"@id\":\"https:\/\/serretecno.com.mx\/#\/schema\/logo\/image\/\",\"url\":\"https:\/\/serretecno.com.mx\/wp-content\/uploads\/2020\/01\/cropped-logo-serretecno-1.jpg\",\"contentUrl\":\"https:\/\/serretecno.com.mx\/wp-content\/uploads\/2020\/01\/cropped-logo-serretecno-1.jpg\",\"width\":973,\"height\":169,\"caption\":\"Serretecno.com\"},\"image\":{\"@id\":\"https:\/\/serretecno.com.mx\/#\/schema\/logo\/image\/\"}}]}<\/script>\n<!-- \/ Yoast SEO plugin. -->","yoast_head_json":{"title":"Elevador de autos de Triple espacio","description":"Elevautos triple espacio En Serretecno contamos con una de las soluciones para elevaci\u00f3n de autos de las m\u00e1s solicitadas, el &nbsp;Elevautos triple","robots":{"index":"index","follow":"follow","max-snippet":"max-snippet:-1","max-image-preview":"max-image-preview:large","max-video-preview":"max-video-preview:-1"},"canonical":"https:\/\/serretecno.com.mx\/index.php\/elevautos-triple-espacio\/","og_locale":"es_ES","og_type":"article","og_title":"Elevador de autos de Triple espacio","og_description":"Elevautos triple espacio En Serretecno contamos con una de las soluciones para elevaci\u00f3n de autos de las m\u00e1s solicitadas, el &nbsp;Elevautos triple","og_url":"https:\/\/serretecno.com.mx\/index.php\/elevautos-triple-espacio\/","og_site_name":"Serretecno","article_modified_time":"2020-01-14T03:23:51+00:00","og_image":[{"url":"https:\/\/serretecno.com.mx\/wp-content\/uploads\/2020\/01\/Foto_061008_001.jpg","type":"","width":"","height":""}],"twitter_card":"summary_large_image","twitter_misc":{"Tiempo de lectura":"2 minutos"},"schema":{"@context":"https:\/\/schema.org","@graph":[{"@type":"WebPage","@id":"https:\/\/serretecno.com.mx\/index.php\/elevautos-triple-espacio\/","url":"https:\/\/serretecno.com.mx\/index.php\/elevautos-triple-espacio\/","name":"Elevador de autos de Triple espacio","isPartOf":{"@id":"https:\/\/serretecno.com.mx\/#website"},"primaryImageOfPage":{"@id":"https:\/\/serretecno.com.mx\/index.php\/elevautos-triple-espacio\/#primaryimage"},"image":{"@id":"https:\/\/serretecno.com.mx\/index.php\/elevautos-triple-espacio\/#primaryimage"},"thumbnailUrl":"https:\/\/serretecno.com.mx\/wp-content\/uploads\/2020\/01\/Foto_061008_001.jpg","datePublished":"2020-01-09T21:06:08+00:00","dateModified":"2020-01-14T03:23:51+00:00","description":"Elevautos triple espacio En Serretecno contamos con una de las soluciones para elevaci\u00f3n de autos de las m\u00e1s solicitadas, el &nbsp;Elevautos triple","breadcrumb":{"@id":"https:\/\/serretecno.com.mx\/index.php\/elevautos-triple-espacio\/#breadcrumb"},"inLanguage":"es","potentialAction":[{"@type":"ReadAction","target":["https:\/\/serretecno.com.mx\/index.php\/elevautos-triple-espacio\/"]}]},{"@type":"ImageObject","inLanguage":"es","@id":"https:\/\/serretecno.com.mx\/index.php\/elevautos-triple-espacio\/#primaryimage","url":"https:\/\/serretecno.com.mx\/wp-content\/uploads\/2020\/01\/Foto_061008_001.jpg","contentUrl":"https:\/\/serretecno.com.mx\/wp-content\/uploads\/2020\/01\/Foto_061008_001.jpg","width":640,"height":480},{"@type":"BreadcrumbList","@id":"https:\/\/serretecno.com.mx\/index.php\/elevautos-triple-espacio\/#breadcrumb","itemListElement":[{"@type":"ListItem","position":1,"name":"Home","item":"https:\/\/serretecno.com.mx\/"},{"@type":"ListItem","position":2,"name":"Elevautos triple espacio"}]},{"@type":"WebSite","@id":"https:\/\/serretecno.com.mx\/#website","url":"https:\/\/serretecno.com.mx\/","name":"Serretecno","description":"Elevadores de auto","publisher":{"@id":"https:\/\/serretecno.com.mx\/#organization"},"potentialAction":[{"@type":"SearchAction","target":{"@type":"EntryPoint","urlTemplate":"https:\/\/serretecno.com.mx\/?s={search_term_string}"},"query-input":{"@type":"PropertyValueSpecification","valueRequired":true,"valueName":"search_term_string"}}],"inLanguage":"es"},{"@type":"Organization","@id":"https:\/\/serretecno.com.mx\/#organization","name":"Serretecno.com","url":"https:\/\/serretecno.com.mx\/","logo":{"@type":"ImageObject","inLanguage":"es","@id":"https:\/\/serretecno.com.mx\/#\/schema\/logo\/image\/","url":"https:\/\/serretecno.com.mx\/wp-content\/uploads\/2020\/01\/cropped-logo-serretecno-1.jpg","contentUrl":"https:\/\/serretecno.com.mx\/wp-content\/uploads\/2020\/01\/cropped-logo-serretecno-1.jpg","width":973,"height":169,"caption":"Serretecno.com"},"image":{"@id":"https:\/\/serretecno.com.mx\/#\/schema\/logo\/image\/"}}]}},"_links":{"self":[{"href":"https:\/\/serretecno.com.mx\/index.php\/wp-json\/wp\/v2\/pages\/275","targetHints":{"allow":["GET"]}}],"collection":[{"href":"https:\/\/serretecno.com.mx\/index.php\/wp-json\/wp\/v2\/pages"}],"about":[{"href":"https:\/\/serretecno.com.mx\/index.php\/wp-json\/wp\/v2\/types\/page"}],"author":[{"embeddable":true,"href":"https:\/\/serretecno.com.mx\/index.php\/wp-json\/wp\/v2\/users\/2"}],"replies":[{"embeddable":true,"href":"https:\/\/serretecno.com.mx\/index.php\/wp-json\/wp\/v2\/comments?post=275"}],"version-history":[{"count":1,"href":"https:\/\/serretecno.com.mx\/index.php\/wp-json\/wp\/v2\/pages\/275\/revisions"}],"predecessor-version":[{"id":642,"href":"https:\/\/serretecno.com.mx\/index.php\/wp-json\/wp\/v2\/pages\/275\/revisions\/642"}],"wp:attachment":[{"href":"https:\/\/serretecno.com.mx\/index.php\/wp-json\/wp\/v2\/media?parent=275"}],"curies":[{"name":"wp","href":"https:\/\/api.w.org\/{rel}","templated":true}]}}