{"id":263,"date":"2020-01-09T20:55:33","date_gmt":"2020-01-09T20:55:33","guid":{"rendered":"https:\/\/serretecno.com.mx\/?page_id=263"},"modified":"2020-01-14T03:23:16","modified_gmt":"2020-01-14T03:23:16","slug":"elevautos-subterranea-12s","status":"publish","type":"page","link":"https:\/\/serretecno.com.mx\/index.php\/elevautos-subterranea-12s\/","title":{"rendered":"Elevautos subterr\u00e1nea 1+2S"},"content":{"rendered":"\t\t<div data-elementor-type=\"wp-page\" data-elementor-id=\"263\" class=\"elementor elementor-263\">\n\t\t\t\t\t\t<section class=\"elementor-section elementor-top-section elementor-element elementor-element-2c7e3d4 elementor-section-boxed elementor-section-height-default elementor-section-height-default\" data-id=\"2c7e3d4\" data-element_type=\"section\">\n\t\t\t\t\t\t<div class=\"elementor-container elementor-column-gap-default\">\n\t\t\t\t\t<div class=\"elementor-column elementor-col-100 elementor-top-column elementor-element elementor-element-fd1acdf\" data-id=\"fd1acdf\" data-element_type=\"column\">\n\t\t\t<div class=\"elementor-widget-wrap elementor-element-populated\">\n\t\t\t\t\t\t<div class=\"elementor-element elementor-element-2d6895f elementor-widget elementor-widget-heading\" data-id=\"2d6895f\" data-element_type=\"widget\" data-widget_type=\"heading.default\">\n\t\t\t\t<div class=\"elementor-widget-container\">\n\t\t\t\t\t<h1 class=\"elementor-heading-title elementor-size-default\">Montacoches<\/h1>\t\t\t\t<\/div>\n\t\t\t\t<\/div>\n\t\t\t\t<section class=\"elementor-section elementor-inner-section elementor-element elementor-element-437c3d2 elementor-section-boxed elementor-section-height-default elementor-section-height-default\" data-id=\"437c3d2\" data-element_type=\"section\">\n\t\t\t\t\t\t<div class=\"elementor-container elementor-column-gap-default\">\n\t\t\t\t\t<div class=\"elementor-column elementor-col-50 elementor-inner-column elementor-element elementor-element-a302699\" data-id=\"a302699\" data-element_type=\"column\">\n\t\t\t<div class=\"elementor-widget-wrap elementor-element-populated\">\n\t\t\t\t\t\t<div class=\"elementor-element elementor-element-f75b782 elementor-widget elementor-widget-text-editor\" data-id=\"f75b782\" data-element_type=\"widget\" data-widget_type=\"text-editor.default\">\n\t\t\t\t<div class=\"elementor-widget-container\">\n\t\t\t\t\t\t\t\t\t<p>En Serretecno contamos con la mejor soluci\u00f3n para optimizar espacios de estacionamiento y poder colocar tres autom\u00f3viles en el lugar que ocupar\u00eda uno,\u00a0ya sea para garaje residencial o estacionamiento p\u00fablico.<\/p><p>Ya sea usted, el propietario de un estacionamiento p\u00fablico o tan s\u00f3lo quiere maximizar el espacio de su garaje privado, tenemos una selecci\u00f3n de rampas dise\u00f1adas para todas sus necesidades.<\/p><p>Utilizando el\u00a0Elevautos subterr\u00e1nea 1+2S, podr\u00e1 colocar un auto\u00a0en piso y 2 en subterr\u00e1neo.<\/p><p>Este sistema ser\u00e1 dentro de poco de los m\u00e1s solicitados porque no requiere dejar la llave para mover el auto, es decir que el equipo es suficientemente capaz de levantar los tres autos al mismo tiempo, por lo que si alguien desea salir no tiene que mover ning\u00fan otro auto para hacerlo.<\/p><p>Los dise\u00f1os del Elevautos subterr\u00e1nea 1+2S\u00a0se extienden tanto como su imaginaci\u00f3n lo desee.<\/p>\t\t\t\t\t\t\t\t<\/div>\n\t\t\t\t<\/div>\n\t\t\t\t\t<\/div>\n\t\t<\/div>\n\t\t\t\t<div class=\"elementor-column elementor-col-50 elementor-inner-column elementor-element elementor-element-cc28d73\" data-id=\"cc28d73\" data-element_type=\"column\">\n\t\t\t<div class=\"elementor-widget-wrap elementor-element-populated\">\n\t\t\t\t\t\t<div class=\"elementor-element elementor-element-7d1b5a6 elementor-widget elementor-widget-image\" data-id=\"7d1b5a6\" data-element_type=\"widget\" data-widget_type=\"image.default\">\n\t\t\t\t<div class=\"elementor-widget-container\">\n\t\t\t\t\t\t\t\t\t\t\t\t\t\t\t<img fetchpriority=\"high\" decoding=\"async\" width=\"271\" height=\"229\" src=\"https:\/\/serretecno.com.mx\/wp-content\/uploads\/2020\/01\/6-AUTOS.gif\" class=\"attachment-large size-large wp-image-265\" alt=\"\" \/>\t\t\t\t\t\t\t\t\t\t\t\t\t\t\t<\/div>\n\t\t\t\t<\/div>\n\t\t\t\t<div class=\"elementor-element elementor-element-ac39eca elementor-widget elementor-widget-image\" data-id=\"ac39eca\" data-element_type=\"widget\" data-widget_type=\"image.default\">\n\t\t\t\t<div class=\"elementor-widget-container\">\n\t\t\t\t\t\t\t\t\t\t\t\t\t\t\t<img decoding=\"async\" width=\"350\" height=\"345\" data-src=\"https:\/\/serretecno.com.mx\/wp-content\/uploads\/2020\/01\/6carsonlift.jpg\" class=\"attachment-large size-large wp-image-268 lazyload\" alt=\"\" data-srcset=\"https:\/\/serretecno.com.mx\/wp-content\/uploads\/2020\/01\/6carsonlift.jpg 350w, https:\/\/serretecno.com.mx\/wp-content\/uploads\/2020\/01\/6carsonlift-300x296.jpg 300w\" data-sizes=\"(max-width: 350px) 100vw, 350px\" src=\"data:image\/svg+xml;base64,PHN2ZyB3aWR0aD0iMSIgaGVpZ2h0PSIxIiB4bWxucz0iaHR0cDovL3d3dy53My5vcmcvMjAwMC9zdmciPjwvc3ZnPg==\" style=\"--smush-placeholder-width: 350px; --smush-placeholder-aspect-ratio: 350\/345;\" \/>\t\t\t\t\t\t\t\t\t\t\t\t\t\t\t<\/div>\n\t\t\t\t<\/div>\n\t\t\t\t<div class=\"elementor-element elementor-element-f1621e4 elementor-widget elementor-widget-image\" data-id=\"f1621e4\" data-element_type=\"widget\" data-widget_type=\"image.default\">\n\t\t\t\t<div class=\"elementor-widget-container\">\n\t\t\t\t\t\t\t\t\t\t\t\t\t\t\t<img decoding=\"async\" width=\"290\" height=\"332\" data-src=\"https:\/\/serretecno.com.mx\/wp-content\/uploads\/2020\/01\/462_1.jpg\" class=\"attachment-large size-large wp-image-267 lazyload\" alt=\"\" data-srcset=\"https:\/\/serretecno.com.mx\/wp-content\/uploads\/2020\/01\/462_1.jpg 290w, https:\/\/serretecno.com.mx\/wp-content\/uploads\/2020\/01\/462_1-262x300.jpg 262w\" data-sizes=\"(max-width: 290px) 100vw, 290px\" src=\"data:image\/svg+xml;base64,PHN2ZyB3aWR0aD0iMSIgaGVpZ2h0PSIxIiB4bWxucz0iaHR0cDovL3d3dy53My5vcmcvMjAwMC9zdmciPjwvc3ZnPg==\" style=\"--smush-placeholder-width: 290px; --smush-placeholder-aspect-ratio: 290\/332;\" \/>\t\t\t\t\t\t\t\t\t\t\t\t\t\t\t<\/div>\n\t\t\t\t<\/div>\n\t\t\t\t\t<\/div>\n\t\t<\/div>\n\t\t\t\t\t<\/div>\n\t\t<\/section>\n\t\t\t\t\t<\/div>\n\t\t<\/div>\n\t\t\t\t\t<\/div>\n\t\t<\/section>\n\t\t\t\t<section class=\"elementor-section elementor-top-section elementor-element elementor-element-14531ed elementor-section-boxed elementor-section-height-default elementor-section-height-default\" data-id=\"14531ed\" data-element_type=\"section\">\n\t\t\t\t\t\t<div class=\"elementor-container elementor-column-gap-default\">\n\t\t\t\t\t<div class=\"elementor-column elementor-col-100 elementor-top-column elementor-element elementor-element-28a0df4\" data-id=\"28a0df4\" data-element_type=\"column\">\n\t\t\t<div class=\"elementor-widget-wrap elementor-element-populated\">\n\t\t\t\t\t\t<div class=\"elementor-element elementor-element-3fc6a00 elementor-widget elementor-widget-text-editor\" data-id=\"3fc6a00\" data-element_type=\"widget\" data-widget_type=\"text-editor.default\">\n\t\t\t\t<div class=\"elementor-widget-container\">\n\t\t\t\t\t\t\t\t\t<p><strong>Caracter\u00edsticas:<\/strong><\/p><ul><li>Cuentan con una capacidad de levante por nivel de 900 lbs. o 4,082 Kg.<\/li><li>El ancho de la plataforma es de 2.524 mm<\/li><li>El ancho total del equipo es de 2.610 mm<\/li><li>El largo entre ejes es de 4,166 mm<\/li><li>El largo total del equipo es de 5,080 mm<\/li><li>La altura total del equipo es de 5,609 mm<\/li><li>La atura por cada nivel es de 1.778 mm<\/li><li>Cuanta con sistema de liberaci\u00f3n de seguros autom\u00e1ticos<\/li><li>Esta equipado con seguros mec\u00e1nicos<\/li><li>El tiempo de elevaci\u00f3n m\u00e1xima es de 45 segundos<\/li><li>Cuenta con una moto bomba de 2 h.p.<\/li><li>El voltaje requerido es de 220 a 230 V \/ 60 Hz.<\/li><\/ul>\t\t\t\t\t\t\t\t<\/div>\n\t\t\t\t<\/div>\n\t\t\t\t\t<\/div>\n\t\t<\/div>\n\t\t\t\t\t<\/div>\n\t\t<\/section>\n\t\t\t\t<\/div>\n\t\t","protected":false},"excerpt":{"rendered":"<p>Montacoches En Serretecno contamos con la mejor soluci\u00f3n para optimizar espacios de estacionamiento y poder colocar tres autom\u00f3viles en el lugar que ocupar\u00eda uno,&nbsp;ya sea para garaje residencial o estacionamiento p\u00fablico. Ya sea usted, el propietario de un estacionamiento p\u00fablico o tan s\u00f3lo quiere maximizar el espacio de su garaje privado, tenemos una selecci\u00f3n de [&hellip;]<\/p>\n","protected":false},"author":2,"featured_media":0,"parent":0,"menu_order":0,"comment_status":"closed","ping_status":"closed","template":"","meta":{"_exactmetrics_skip_tracking":false,"_exactmetrics_sitenote_active":false,"_exactmetrics_sitenote_note":"","_exactmetrics_sitenote_category":0,"_uf_show_specific_survey":0,"_uf_disable_surveys":false,"site-sidebar-layout":"no-sidebar","site-content-layout":"page-builder","ast-site-content-layout":"default","site-content-style":"default","site-sidebar-style":"default","ast-global-header-display":"","ast-banner-title-visibility":"","ast-main-header-display":"","ast-hfb-above-header-display":"","ast-hfb-below-header-display":"","ast-hfb-mobile-header-display":"","site-post-title":"disabled","ast-breadcrumbs-content":"","ast-featured-img":"disabled","footer-sml-layout":"","theme-transparent-header-meta":"default","adv-header-id-meta":"","stick-header-meta":"","header-above-stick-meta":"","header-main-stick-meta":"","header-below-stick-meta":"","astra-migrate-meta-layouts":"default","ast-page-background-enabled":"default","ast-page-background-meta":{"desktop":{"background-color":"","background-image":"","background-repeat":"repeat","background-position":"center center","background-size":"auto","background-attachment":"scroll","background-type":"","background-media":"","overlay-type":"","overlay-color":"","overlay-opacity":"","overlay-gradient":""},"tablet":{"background-color":"","background-image":"","background-repeat":"repeat","background-position":"center center","background-size":"auto","background-attachment":"scroll","background-type":"","background-media":"","overlay-type":"","overlay-color":"","overlay-opacity":"","overlay-gradient":""},"mobile":{"background-color":"","background-image":"","background-repeat":"repeat","background-position":"center center","background-size":"auto","background-attachment":"scroll","background-type":"","background-media":"","overlay-type":"","overlay-color":"","overlay-opacity":"","overlay-gradient":""}},"ast-content-background-meta":{"desktop":{"background-color":"var(--ast-global-color-5)","background-image":"","background-repeat":"repeat","background-position":"center center","background-size":"auto","background-attachment":"scroll","background-type":"","background-media":"","overlay-type":"","overlay-color":"","overlay-opacity":"","overlay-gradient":""},"tablet":{"background-color":"var(--ast-global-color-5)","background-image":"","background-repeat":"repeat","background-position":"center center","background-size":"auto","background-attachment":"scroll","background-type":"","background-media":"","overlay-type":"","overlay-color":"","overlay-opacity":"","overlay-gradient":""},"mobile":{"background-color":"var(--ast-global-color-5)","background-image":"","background-repeat":"repeat","background-position":"center center","background-size":"auto","background-attachment":"scroll","background-type":"","background-media":"","overlay-type":"","overlay-color":"","overlay-opacity":"","overlay-gradient":""}},"_joinchat":[],"footnotes":""},"class_list":["post-263","page","type-page","status-publish","hentry"],"yoast_head":"<!-- This site is optimized with the Yoast SEO plugin v25.4 - https:\/\/yoast.com\/wordpress\/plugins\/seo\/ -->\n<title>Elevadores Subterraneos 1 + 2 S<\/title>\n<meta name=\"description\" content=\"Montacoches En Serretecno contamos con la mejor soluci\u00f3n para optimizar espacios de estacionamiento y poder colocar tres autom\u00f3viles en el lugar que\" \/>\n<meta name=\"robots\" content=\"index, follow, max-snippet:-1, max-image-preview:large, max-video-preview:-1\" \/>\n<link rel=\"canonical\" href=\"https:\/\/serretecno.com.mx\/index.php\/elevautos-subterranea-12s\/\" \/>\n<meta property=\"og:locale\" content=\"es_ES\" \/>\n<meta property=\"og:type\" content=\"article\" \/>\n<meta property=\"og:title\" content=\"Elevadores Subterraneos 1 + 2 S\" \/>\n<meta property=\"og:description\" content=\"Montacoches En Serretecno contamos con la mejor soluci\u00f3n para optimizar espacios de estacionamiento y poder colocar tres autom\u00f3viles en el lugar que\" \/>\n<meta property=\"og:url\" content=\"https:\/\/serretecno.com.mx\/index.php\/elevautos-subterranea-12s\/\" \/>\n<meta property=\"og:site_name\" content=\"Serretecno\" \/>\n<meta property=\"article:modified_time\" content=\"2020-01-14T03:23:16+00:00\" \/>\n<meta property=\"og:image\" content=\"https:\/\/serretecno.com.mx\/wp-content\/uploads\/2020\/01\/6-AUTOS.gif\" \/>\n<meta name=\"twitter:card\" content=\"summary_large_image\" \/>\n<meta name=\"twitter:label1\" content=\"Tiempo de lectura\" \/>\n\t<meta name=\"twitter:data1\" content=\"1 minuto\" \/>\n<script type=\"application\/ld+json\" class=\"yoast-schema-graph\">{\"@context\":\"https:\/\/schema.org\",\"@graph\":[{\"@type\":\"WebPage\",\"@id\":\"https:\/\/serretecno.com.mx\/index.php\/elevautos-subterranea-12s\/\",\"url\":\"https:\/\/serretecno.com.mx\/index.php\/elevautos-subterranea-12s\/\",\"name\":\"Elevadores Subterraneos 1 + 2 S\",\"isPartOf\":{\"@id\":\"https:\/\/serretecno.com.mx\/#website\"},\"primaryImageOfPage\":{\"@id\":\"https:\/\/serretecno.com.mx\/index.php\/elevautos-subterranea-12s\/#primaryimage\"},\"image\":{\"@id\":\"https:\/\/serretecno.com.mx\/index.php\/elevautos-subterranea-12s\/#primaryimage\"},\"thumbnailUrl\":\"https:\/\/serretecno.com.mx\/wp-content\/uploads\/2020\/01\/6-AUTOS.gif\",\"datePublished\":\"2020-01-09T20:55:33+00:00\",\"dateModified\":\"2020-01-14T03:23:16+00:00\",\"description\":\"Montacoches En Serretecno contamos con la mejor soluci\u00f3n para optimizar espacios de estacionamiento y poder colocar tres autom\u00f3viles en el lugar que\",\"breadcrumb\":{\"@id\":\"https:\/\/serretecno.com.mx\/index.php\/elevautos-subterranea-12s\/#breadcrumb\"},\"inLanguage\":\"es\",\"potentialAction\":[{\"@type\":\"ReadAction\",\"target\":[\"https:\/\/serretecno.com.mx\/index.php\/elevautos-subterranea-12s\/\"]}]},{\"@type\":\"ImageObject\",\"inLanguage\":\"es\",\"@id\":\"https:\/\/serretecno.com.mx\/index.php\/elevautos-subterranea-12s\/#primaryimage\",\"url\":\"https:\/\/serretecno.com.mx\/wp-content\/uploads\/2020\/01\/6-AUTOS.gif\",\"contentUrl\":\"https:\/\/serretecno.com.mx\/wp-content\/uploads\/2020\/01\/6-AUTOS.gif\",\"width\":271,\"height\":229},{\"@type\":\"BreadcrumbList\",\"@id\":\"https:\/\/serretecno.com.mx\/index.php\/elevautos-subterranea-12s\/#breadcrumb\",\"itemListElement\":[{\"@type\":\"ListItem\",\"position\":1,\"name\":\"Home\",\"item\":\"https:\/\/serretecno.com.mx\/\"},{\"@type\":\"ListItem\",\"position\":2,\"name\":\"Elevautos subterr\u00e1nea 1+2S\"}]},{\"@type\":\"WebSite\",\"@id\":\"https:\/\/serretecno.com.mx\/#website\",\"url\":\"https:\/\/serretecno.com.mx\/\",\"name\":\"Serretecno\",\"description\":\"Elevadores de auto\",\"publisher\":{\"@id\":\"https:\/\/serretecno.com.mx\/#organization\"},\"potentialAction\":[{\"@type\":\"SearchAction\",\"target\":{\"@type\":\"EntryPoint\",\"urlTemplate\":\"https:\/\/serretecno.com.mx\/?s={search_term_string}\"},\"query-input\":{\"@type\":\"PropertyValueSpecification\",\"valueRequired\":true,\"valueName\":\"search_term_string\"}}],\"inLanguage\":\"es\"},{\"@type\":\"Organization\",\"@id\":\"https:\/\/serretecno.com.mx\/#organization\",\"name\":\"Serretecno.com\",\"url\":\"https:\/\/serretecno.com.mx\/\",\"logo\":{\"@type\":\"ImageObject\",\"inLanguage\":\"es\",\"@id\":\"https:\/\/serretecno.com.mx\/#\/schema\/logo\/image\/\",\"url\":\"https:\/\/serretecno.com.mx\/wp-content\/uploads\/2020\/01\/cropped-logo-serretecno-1.jpg\",\"contentUrl\":\"https:\/\/serretecno.com.mx\/wp-content\/uploads\/2020\/01\/cropped-logo-serretecno-1.jpg\",\"width\":973,\"height\":169,\"caption\":\"Serretecno.com\"},\"image\":{\"@id\":\"https:\/\/serretecno.com.mx\/#\/schema\/logo\/image\/\"}}]}<\/script>\n<!-- \/ Yoast SEO plugin. -->","yoast_head_json":{"title":"Elevadores Subterraneos 1 + 2 S","description":"Montacoches En Serretecno contamos con la mejor soluci\u00f3n para optimizar espacios de estacionamiento y poder colocar tres autom\u00f3viles en el lugar que","robots":{"index":"index","follow":"follow","max-snippet":"max-snippet:-1","max-image-preview":"max-image-preview:large","max-video-preview":"max-video-preview:-1"},"canonical":"https:\/\/serretecno.com.mx\/index.php\/elevautos-subterranea-12s\/","og_locale":"es_ES","og_type":"article","og_title":"Elevadores Subterraneos 1 + 2 S","og_description":"Montacoches En Serretecno contamos con la mejor soluci\u00f3n para optimizar espacios de estacionamiento y poder colocar tres autom\u00f3viles en el lugar que","og_url":"https:\/\/serretecno.com.mx\/index.php\/elevautos-subterranea-12s\/","og_site_name":"Serretecno","article_modified_time":"2020-01-14T03:23:16+00:00","og_image":[{"url":"https:\/\/serretecno.com.mx\/wp-content\/uploads\/2020\/01\/6-AUTOS.gif","type":"","width":"","height":""}],"twitter_card":"summary_large_image","twitter_misc":{"Tiempo de lectura":"1 minuto"},"schema":{"@context":"https:\/\/schema.org","@graph":[{"@type":"WebPage","@id":"https:\/\/serretecno.com.mx\/index.php\/elevautos-subterranea-12s\/","url":"https:\/\/serretecno.com.mx\/index.php\/elevautos-subterranea-12s\/","name":"Elevadores Subterraneos 1 + 2 S","isPartOf":{"@id":"https:\/\/serretecno.com.mx\/#website"},"primaryImageOfPage":{"@id":"https:\/\/serretecno.com.mx\/index.php\/elevautos-subterranea-12s\/#primaryimage"},"image":{"@id":"https:\/\/serretecno.com.mx\/index.php\/elevautos-subterranea-12s\/#primaryimage"},"thumbnailUrl":"https:\/\/serretecno.com.mx\/wp-content\/uploads\/2020\/01\/6-AUTOS.gif","datePublished":"2020-01-09T20:55:33+00:00","dateModified":"2020-01-14T03:23:16+00:00","description":"Montacoches En Serretecno contamos con la mejor soluci\u00f3n para optimizar espacios de estacionamiento y poder colocar tres autom\u00f3viles en el lugar que","breadcrumb":{"@id":"https:\/\/serretecno.com.mx\/index.php\/elevautos-subterranea-12s\/#breadcrumb"},"inLanguage":"es","potentialAction":[{"@type":"ReadAction","target":["https:\/\/serretecno.com.mx\/index.php\/elevautos-subterranea-12s\/"]}]},{"@type":"ImageObject","inLanguage":"es","@id":"https:\/\/serretecno.com.mx\/index.php\/elevautos-subterranea-12s\/#primaryimage","url":"https:\/\/serretecno.com.mx\/wp-content\/uploads\/2020\/01\/6-AUTOS.gif","contentUrl":"https:\/\/serretecno.com.mx\/wp-content\/uploads\/2020\/01\/6-AUTOS.gif","width":271,"height":229},{"@type":"BreadcrumbList","@id":"https:\/\/serretecno.com.mx\/index.php\/elevautos-subterranea-12s\/#breadcrumb","itemListElement":[{"@type":"ListItem","position":1,"name":"Home","item":"https:\/\/serretecno.com.mx\/"},{"@type":"ListItem","position":2,"name":"Elevautos subterr\u00e1nea 1+2S"}]},{"@type":"WebSite","@id":"https:\/\/serretecno.com.mx\/#website","url":"https:\/\/serretecno.com.mx\/","name":"Serretecno","description":"Elevadores de auto","publisher":{"@id":"https:\/\/serretecno.com.mx\/#organization"},"potentialAction":[{"@type":"SearchAction","target":{"@type":"EntryPoint","urlTemplate":"https:\/\/serretecno.com.mx\/?s={search_term_string}"},"query-input":{"@type":"PropertyValueSpecification","valueRequired":true,"valueName":"search_term_string"}}],"inLanguage":"es"},{"@type":"Organization","@id":"https:\/\/serretecno.com.mx\/#organization","name":"Serretecno.com","url":"https:\/\/serretecno.com.mx\/","logo":{"@type":"ImageObject","inLanguage":"es","@id":"https:\/\/serretecno.com.mx\/#\/schema\/logo\/image\/","url":"https:\/\/serretecno.com.mx\/wp-content\/uploads\/2020\/01\/cropped-logo-serretecno-1.jpg","contentUrl":"https:\/\/serretecno.com.mx\/wp-content\/uploads\/2020\/01\/cropped-logo-serretecno-1.jpg","width":973,"height":169,"caption":"Serretecno.com"},"image":{"@id":"https:\/\/serretecno.com.mx\/#\/schema\/logo\/image\/"}}]}},"_links":{"self":[{"href":"https:\/\/serretecno.com.mx\/index.php\/wp-json\/wp\/v2\/pages\/263","targetHints":{"allow":["GET"]}}],"collection":[{"href":"https:\/\/serretecno.com.mx\/index.php\/wp-json\/wp\/v2\/pages"}],"about":[{"href":"https:\/\/serretecno.com.mx\/index.php\/wp-json\/wp\/v2\/types\/page"}],"author":[{"embeddable":true,"href":"https:\/\/serretecno.com.mx\/index.php\/wp-json\/wp\/v2\/users\/2"}],"replies":[{"embeddable":true,"href":"https:\/\/serretecno.com.mx\/index.php\/wp-json\/wp\/v2\/comments?post=263"}],"version-history":[{"count":1,"href":"https:\/\/serretecno.com.mx\/index.php\/wp-json\/wp\/v2\/pages\/263\/revisions"}],"predecessor-version":[{"id":637,"href":"https:\/\/serretecno.com.mx\/index.php\/wp-json\/wp\/v2\/pages\/263\/revisions\/637"}],"wp:attachment":[{"href":"https:\/\/serretecno.com.mx\/index.php\/wp-json\/wp\/v2\/media?parent=263"}],"curies":[{"name":"wp","href":"https:\/\/api.w.org\/{rel}","templated":true}]}}