{"id":258,"date":"2020-01-09T20:46:07","date_gmt":"2020-01-09T20:46:07","guid":{"rendered":"https:\/\/serretecno.com.mx\/?page_id=258"},"modified":"2020-01-14T03:23:41","modified_gmt":"2020-01-14T03:23:41","slug":"elevautos-subterranea-clasica","status":"publish","type":"page","link":"https:\/\/serretecno.com.mx\/index.php\/elevautos-subterranea-clasica\/","title":{"rendered":"Elevautos subterr\u00e1nea cl\u00e1sica"},"content":{"rendered":"\t\t<div data-elementor-type=\"wp-page\" data-elementor-id=\"258\" class=\"elementor elementor-258\">\n\t\t\t\t\t\t<section class=\"elementor-section elementor-top-section elementor-element elementor-element-2921adf elementor-section-boxed elementor-section-height-default elementor-section-height-default\" data-id=\"2921adf\" data-element_type=\"section\">\n\t\t\t\t\t\t<div class=\"elementor-container elementor-column-gap-default\">\n\t\t\t\t\t<div class=\"elementor-column elementor-col-100 elementor-top-column elementor-element elementor-element-bbee8fe\" data-id=\"bbee8fe\" data-element_type=\"column\">\n\t\t\t<div class=\"elementor-widget-wrap elementor-element-populated\">\n\t\t\t\t\t\t<div class=\"elementor-element elementor-element-f47886c elementor-widget elementor-widget-heading\" data-id=\"f47886c\" data-element_type=\"widget\" data-widget_type=\"heading.default\">\n\t\t\t\t<div class=\"elementor-widget-container\">\n\t\t\t\t\t<h1 class=\"elementor-heading-title elementor-size-default\">Elevautos subterr\u00e1nea cl\u00e1sica\n<\/h1>\t\t\t\t<\/div>\n\t\t\t\t<\/div>\n\t\t\t\t<section class=\"elementor-section elementor-inner-section elementor-element elementor-element-4e3cfc0 elementor-section-boxed elementor-section-height-default elementor-section-height-default\" data-id=\"4e3cfc0\" data-element_type=\"section\">\n\t\t\t\t\t\t<div class=\"elementor-container elementor-column-gap-default\">\n\t\t\t\t\t<div class=\"elementor-column elementor-col-50 elementor-inner-column elementor-element elementor-element-d1afb8d\" data-id=\"d1afb8d\" data-element_type=\"column\">\n\t\t\t<div class=\"elementor-widget-wrap elementor-element-populated\">\n\t\t\t\t\t\t<div class=\"elementor-element elementor-element-53a13b9 elementor-widget elementor-widget-text-editor\" data-id=\"53a13b9\" data-element_type=\"widget\" data-widget_type=\"text-editor.default\">\n\t\t\t\t<div class=\"elementor-widget-container\">\n\t\t\t\t\t\t\t\t\t<p>En Serretecno contamos con una soluci\u00f3n innovadora para optimizar espacios de estacionamiento, con el Elevautos subterr\u00e1nea cl\u00e1sica,\u00a0ya sea para garaje residencial o estacionamiento p\u00fablico.<\/p><p>Ya sea usted, el propietario de un estacionamiento p\u00fablico o tan s\u00f3lo quiere maximizar el espacio de su garaje privado, tenemos una selecci\u00f3n de rampas dise\u00f1adas para todas sus necesidades.<\/p><p>Este modelo cada vez se vuelve m\u00e1s solicitado por los constructores, porque al no tener suficiente \u00e1rea, utilizan \u00fanicamente un foso de 2.20 m y de esta forma colocamos un auto a nivel de piso y otro en subterr\u00e1neo.<\/p>\t\t\t\t\t\t\t\t<\/div>\n\t\t\t\t<\/div>\n\t\t\t\t\t<\/div>\n\t\t<\/div>\n\t\t\t\t<div class=\"elementor-column elementor-col-50 elementor-inner-column elementor-element elementor-element-5e6eddb\" data-id=\"5e6eddb\" data-element_type=\"column\">\n\t\t\t<div class=\"elementor-widget-wrap elementor-element-populated\">\n\t\t\t\t\t\t<div class=\"elementor-element elementor-element-0d2d600 elementor-widget elementor-widget-video\" data-id=\"0d2d600\" data-element_type=\"widget\" data-settings=\"{&quot;youtube_url&quot;:&quot;https:\\\/\\\/youtu.be\\\/AQoTS68e48w&quot;,&quot;video_type&quot;:&quot;youtube&quot;,&quot;controls&quot;:&quot;yes&quot;}\" data-widget_type=\"video.default\">\n\t\t\t\t<div class=\"elementor-widget-container\">\n\t\t\t\t\t\t\t<div class=\"elementor-wrapper elementor-open-inline\">\n\t\t\t<div class=\"elementor-video\"><\/div>\t\t<\/div>\n\t\t\t\t\t\t<\/div>\n\t\t\t\t<\/div>\n\t\t\t\t<div class=\"elementor-element elementor-element-b4e8e1c elementor-widget elementor-widget-image\" data-id=\"b4e8e1c\" data-element_type=\"widget\" data-widget_type=\"image.default\">\n\t\t\t\t<div class=\"elementor-widget-container\">\n\t\t\t\t\t\t\t\t\t\t\t\t\t\t\t<img fetchpriority=\"high\" decoding=\"async\" width=\"677\" height=\"569\" src=\"https:\/\/serretecno.com.mx\/wp-content\/uploads\/2020\/01\/10.-SUBTERRANEA-2.png\" class=\"attachment-large size-large wp-image-260\" alt=\"\" srcset=\"https:\/\/serretecno.com.mx\/wp-content\/uploads\/2020\/01\/10.-SUBTERRANEA-2.png 677w, https:\/\/serretecno.com.mx\/wp-content\/uploads\/2020\/01\/10.-SUBTERRANEA-2-300x252.png 300w\" sizes=\"(max-width: 677px) 100vw, 677px\" \/>\t\t\t\t\t\t\t\t\t\t\t\t\t\t\t<\/div>\n\t\t\t\t<\/div>\n\t\t\t\t\t<\/div>\n\t\t<\/div>\n\t\t\t\t\t<\/div>\n\t\t<\/section>\n\t\t\t\t\t<\/div>\n\t\t<\/div>\n\t\t\t\t\t<\/div>\n\t\t<\/section>\n\t\t\t\t<section class=\"elementor-section elementor-top-section elementor-element elementor-element-ad7cb44 elementor-section-boxed elementor-section-height-default elementor-section-height-default\" data-id=\"ad7cb44\" data-element_type=\"section\">\n\t\t\t\t\t\t<div class=\"elementor-container elementor-column-gap-default\">\n\t\t\t\t\t<div class=\"elementor-column elementor-col-100 elementor-top-column elementor-element elementor-element-d2e0dfb\" data-id=\"d2e0dfb\" data-element_type=\"column\">\n\t\t\t<div class=\"elementor-widget-wrap elementor-element-populated\">\n\t\t\t\t\t\t<div class=\"elementor-element elementor-element-25e146b elementor-widget elementor-widget-text-editor\" data-id=\"25e146b\" data-element_type=\"widget\" data-widget_type=\"text-editor.default\">\n\t\t\t\t<div class=\"elementor-widget-container\">\n\t\t\t\t\t\t\t\t\t<p><strong>Caracter\u00edsticas:<\/strong><\/p><ul><li>Cuentan con una capacidad de levante por nivel de 900 lbs. o 4,082 Kg.<\/li><li>El ancho de la plataforma es de 2.524 mm<\/li><li>El ancho total del equipo es de 2.610 mm<\/li><li>El largo entre ejes es de 4,166 mm<\/li><li>El largo total del equipo es de 5,080 mm<\/li><li>La altura total del equipo es de 5,609 mm<\/li><li>La atura por cada nivel es de 1.778 mm<\/li><li>Cuanta con sistema de liberaci\u00f3n de seguros autom\u00e1ticos<\/li><li>Esta equipado con seguros mec\u00e1nicos<\/li><li>El tiempo de elevaci\u00f3n m\u00e1xima es de 45 segundos<\/li><li>Cuenta con una moto bomba de 2 h.p.<\/li><li>El voltaje requerido es de 220 a 230 V \/ 60 Hz.<\/li><\/ul>\t\t\t\t\t\t\t\t<\/div>\n\t\t\t\t<\/div>\n\t\t\t\t\t<\/div>\n\t\t<\/div>\n\t\t\t\t\t<\/div>\n\t\t<\/section>\n\t\t\t\t<\/div>\n\t\t","protected":false},"excerpt":{"rendered":"<p>Elevautos subterr\u00e1nea cl\u00e1sica En Serretecno contamos con una soluci\u00f3n innovadora para optimizar espacios de estacionamiento, con el Elevautos subterr\u00e1nea cl\u00e1sica,&nbsp;ya sea para garaje residencial o estacionamiento p\u00fablico. Ya sea usted, el propietario de un estacionamiento p\u00fablico o tan s\u00f3lo quiere maximizar el espacio de su garaje privado, tenemos una selecci\u00f3n de rampas dise\u00f1adas para todas [&hellip;]<\/p>\n","protected":false},"author":2,"featured_media":0,"parent":0,"menu_order":0,"comment_status":"closed","ping_status":"closed","template":"","meta":{"_exactmetrics_skip_tracking":false,"_exactmetrics_sitenote_active":false,"_exactmetrics_sitenote_note":"","_exactmetrics_sitenote_category":0,"_uf_show_specific_survey":0,"_uf_disable_surveys":false,"site-sidebar-layout":"no-sidebar","site-content-layout":"page-builder","ast-site-content-layout":"default","site-content-style":"default","site-sidebar-style":"default","ast-global-header-display":"","ast-banner-title-visibility":"","ast-main-header-display":"","ast-hfb-above-header-display":"","ast-hfb-below-header-display":"","ast-hfb-mobile-header-display":"","site-post-title":"disabled","ast-breadcrumbs-content":"","ast-featured-img":"disabled","footer-sml-layout":"","theme-transparent-header-meta":"default","adv-header-id-meta":"","stick-header-meta":"","header-above-stick-meta":"","header-main-stick-meta":"","header-below-stick-meta":"","astra-migrate-meta-layouts":"default","ast-page-background-enabled":"default","ast-page-background-meta":{"desktop":{"background-color":"","background-image":"","background-repeat":"repeat","background-position":"center center","background-size":"auto","background-attachment":"scroll","background-type":"","background-media":"","overlay-type":"","overlay-color":"","overlay-opacity":"","overlay-gradient":""},"tablet":{"background-color":"","background-image":"","background-repeat":"repeat","background-position":"center center","background-size":"auto","background-attachment":"scroll","background-type":"","background-media":"","overlay-type":"","overlay-color":"","overlay-opacity":"","overlay-gradient":""},"mobile":{"background-color":"","background-image":"","background-repeat":"repeat","background-position":"center center","background-size":"auto","background-attachment":"scroll","background-type":"","background-media":"","overlay-type":"","overlay-color":"","overlay-opacity":"","overlay-gradient":""}},"ast-content-background-meta":{"desktop":{"background-color":"var(--ast-global-color-5)","background-image":"","background-repeat":"repeat","background-position":"center center","background-size":"auto","background-attachment":"scroll","background-type":"","background-media":"","overlay-type":"","overlay-color":"","overlay-opacity":"","overlay-gradient":""},"tablet":{"background-color":"var(--ast-global-color-5)","background-image":"","background-repeat":"repeat","background-position":"center center","background-size":"auto","background-attachment":"scroll","background-type":"","background-media":"","overlay-type":"","overlay-color":"","overlay-opacity":"","overlay-gradient":""},"mobile":{"background-color":"var(--ast-global-color-5)","background-image":"","background-repeat":"repeat","background-position":"center center","background-size":"auto","background-attachment":"scroll","background-type":"","background-media":"","overlay-type":"","overlay-color":"","overlay-opacity":"","overlay-gradient":""}},"_joinchat":[],"footnotes":""},"class_list":["post-258","page","type-page","status-publish","hentry"],"yoast_head":"<!-- This site is optimized with the Yoast SEO plugin v25.4 - https:\/\/yoast.com\/wordpress\/plugins\/seo\/ -->\n<title>Elevador Subterraneo Clasico<\/title>\n<meta name=\"description\" content=\"Elevautos subterr\u00e1nea cl\u00e1sica En Serretecno contamos con una soluci\u00f3n innovadora para optimizar espacios de estacionamiento, con el Elevautos subterr\u00e1nea\" \/>\n<meta name=\"robots\" content=\"index, follow, max-snippet:-1, max-image-preview:large, max-video-preview:-1\" \/>\n<link rel=\"canonical\" href=\"https:\/\/serretecno.com.mx\/index.php\/elevautos-subterranea-clasica\/\" \/>\n<meta property=\"og:locale\" content=\"es_ES\" \/>\n<meta property=\"og:type\" content=\"article\" \/>\n<meta property=\"og:title\" content=\"Elevador Subterraneo Clasico\" \/>\n<meta property=\"og:description\" content=\"Elevautos subterr\u00e1nea cl\u00e1sica En Serretecno contamos con una soluci\u00f3n innovadora para optimizar espacios de estacionamiento, con el Elevautos subterr\u00e1nea\" \/>\n<meta property=\"og:url\" content=\"https:\/\/serretecno.com.mx\/index.php\/elevautos-subterranea-clasica\/\" \/>\n<meta property=\"og:site_name\" content=\"Serretecno\" \/>\n<meta property=\"article:modified_time\" content=\"2020-01-14T03:23:41+00:00\" \/>\n<meta property=\"og:image\" content=\"https:\/\/serretecno.com.mx\/wp-content\/uploads\/2020\/01\/10.-SUBTERRANEA-2.png\" \/>\n<meta name=\"twitter:card\" content=\"summary_large_image\" \/>\n<meta name=\"twitter:label1\" content=\"Tiempo de lectura\" \/>\n\t<meta name=\"twitter:data1\" content=\"1 minuto\" \/>\n<script type=\"application\/ld+json\" class=\"yoast-schema-graph\">{\"@context\":\"https:\/\/schema.org\",\"@graph\":[{\"@type\":\"WebPage\",\"@id\":\"https:\/\/serretecno.com.mx\/index.php\/elevautos-subterranea-clasica\/\",\"url\":\"https:\/\/serretecno.com.mx\/index.php\/elevautos-subterranea-clasica\/\",\"name\":\"Elevador Subterraneo Clasico\",\"isPartOf\":{\"@id\":\"https:\/\/serretecno.com.mx\/#website\"},\"primaryImageOfPage\":{\"@id\":\"https:\/\/serretecno.com.mx\/index.php\/elevautos-subterranea-clasica\/#primaryimage\"},\"image\":{\"@id\":\"https:\/\/serretecno.com.mx\/index.php\/elevautos-subterranea-clasica\/#primaryimage\"},\"thumbnailUrl\":\"https:\/\/serretecno.com.mx\/wp-content\/uploads\/2020\/01\/10.-SUBTERRANEA-2.png\",\"datePublished\":\"2020-01-09T20:46:07+00:00\",\"dateModified\":\"2020-01-14T03:23:41+00:00\",\"description\":\"Elevautos subterr\u00e1nea cl\u00e1sica En Serretecno contamos con una soluci\u00f3n innovadora para optimizar espacios de estacionamiento, con el Elevautos subterr\u00e1nea\",\"breadcrumb\":{\"@id\":\"https:\/\/serretecno.com.mx\/index.php\/elevautos-subterranea-clasica\/#breadcrumb\"},\"inLanguage\":\"es\",\"potentialAction\":[{\"@type\":\"ReadAction\",\"target\":[\"https:\/\/serretecno.com.mx\/index.php\/elevautos-subterranea-clasica\/\"]}]},{\"@type\":\"ImageObject\",\"inLanguage\":\"es\",\"@id\":\"https:\/\/serretecno.com.mx\/index.php\/elevautos-subterranea-clasica\/#primaryimage\",\"url\":\"https:\/\/serretecno.com.mx\/wp-content\/uploads\/2020\/01\/10.-SUBTERRANEA-2.png\",\"contentUrl\":\"https:\/\/serretecno.com.mx\/wp-content\/uploads\/2020\/01\/10.-SUBTERRANEA-2.png\",\"width\":677,\"height\":569},{\"@type\":\"BreadcrumbList\",\"@id\":\"https:\/\/serretecno.com.mx\/index.php\/elevautos-subterranea-clasica\/#breadcrumb\",\"itemListElement\":[{\"@type\":\"ListItem\",\"position\":1,\"name\":\"Home\",\"item\":\"https:\/\/serretecno.com.mx\/\"},{\"@type\":\"ListItem\",\"position\":2,\"name\":\"Elevautos subterr\u00e1nea cl\u00e1sica\"}]},{\"@type\":\"WebSite\",\"@id\":\"https:\/\/serretecno.com.mx\/#website\",\"url\":\"https:\/\/serretecno.com.mx\/\",\"name\":\"Serretecno\",\"description\":\"Elevadores de auto\",\"publisher\":{\"@id\":\"https:\/\/serretecno.com.mx\/#organization\"},\"potentialAction\":[{\"@type\":\"SearchAction\",\"target\":{\"@type\":\"EntryPoint\",\"urlTemplate\":\"https:\/\/serretecno.com.mx\/?s={search_term_string}\"},\"query-input\":{\"@type\":\"PropertyValueSpecification\",\"valueRequired\":true,\"valueName\":\"search_term_string\"}}],\"inLanguage\":\"es\"},{\"@type\":\"Organization\",\"@id\":\"https:\/\/serretecno.com.mx\/#organization\",\"name\":\"Serretecno.com\",\"url\":\"https:\/\/serretecno.com.mx\/\",\"logo\":{\"@type\":\"ImageObject\",\"inLanguage\":\"es\",\"@id\":\"https:\/\/serretecno.com.mx\/#\/schema\/logo\/image\/\",\"url\":\"https:\/\/serretecno.com.mx\/wp-content\/uploads\/2020\/01\/cropped-logo-serretecno-1.jpg\",\"contentUrl\":\"https:\/\/serretecno.com.mx\/wp-content\/uploads\/2020\/01\/cropped-logo-serretecno-1.jpg\",\"width\":973,\"height\":169,\"caption\":\"Serretecno.com\"},\"image\":{\"@id\":\"https:\/\/serretecno.com.mx\/#\/schema\/logo\/image\/\"}}]}<\/script>\n<!-- \/ Yoast SEO plugin. -->","yoast_head_json":{"title":"Elevador Subterraneo Clasico","description":"Elevautos subterr\u00e1nea cl\u00e1sica En Serretecno contamos con una soluci\u00f3n innovadora para optimizar espacios de estacionamiento, con el Elevautos subterr\u00e1nea","robots":{"index":"index","follow":"follow","max-snippet":"max-snippet:-1","max-image-preview":"max-image-preview:large","max-video-preview":"max-video-preview:-1"},"canonical":"https:\/\/serretecno.com.mx\/index.php\/elevautos-subterranea-clasica\/","og_locale":"es_ES","og_type":"article","og_title":"Elevador Subterraneo Clasico","og_description":"Elevautos subterr\u00e1nea cl\u00e1sica En Serretecno contamos con una soluci\u00f3n innovadora para optimizar espacios de estacionamiento, con el Elevautos subterr\u00e1nea","og_url":"https:\/\/serretecno.com.mx\/index.php\/elevautos-subterranea-clasica\/","og_site_name":"Serretecno","article_modified_time":"2020-01-14T03:23:41+00:00","og_image":[{"url":"https:\/\/serretecno.com.mx\/wp-content\/uploads\/2020\/01\/10.-SUBTERRANEA-2.png","type":"","width":"","height":""}],"twitter_card":"summary_large_image","twitter_misc":{"Tiempo de lectura":"1 minuto"},"schema":{"@context":"https:\/\/schema.org","@graph":[{"@type":"WebPage","@id":"https:\/\/serretecno.com.mx\/index.php\/elevautos-subterranea-clasica\/","url":"https:\/\/serretecno.com.mx\/index.php\/elevautos-subterranea-clasica\/","name":"Elevador Subterraneo Clasico","isPartOf":{"@id":"https:\/\/serretecno.com.mx\/#website"},"primaryImageOfPage":{"@id":"https:\/\/serretecno.com.mx\/index.php\/elevautos-subterranea-clasica\/#primaryimage"},"image":{"@id":"https:\/\/serretecno.com.mx\/index.php\/elevautos-subterranea-clasica\/#primaryimage"},"thumbnailUrl":"https:\/\/serretecno.com.mx\/wp-content\/uploads\/2020\/01\/10.-SUBTERRANEA-2.png","datePublished":"2020-01-09T20:46:07+00:00","dateModified":"2020-01-14T03:23:41+00:00","description":"Elevautos subterr\u00e1nea cl\u00e1sica En Serretecno contamos con una soluci\u00f3n innovadora para optimizar espacios de estacionamiento, con el Elevautos subterr\u00e1nea","breadcrumb":{"@id":"https:\/\/serretecno.com.mx\/index.php\/elevautos-subterranea-clasica\/#breadcrumb"},"inLanguage":"es","potentialAction":[{"@type":"ReadAction","target":["https:\/\/serretecno.com.mx\/index.php\/elevautos-subterranea-clasica\/"]}]},{"@type":"ImageObject","inLanguage":"es","@id":"https:\/\/serretecno.com.mx\/index.php\/elevautos-subterranea-clasica\/#primaryimage","url":"https:\/\/serretecno.com.mx\/wp-content\/uploads\/2020\/01\/10.-SUBTERRANEA-2.png","contentUrl":"https:\/\/serretecno.com.mx\/wp-content\/uploads\/2020\/01\/10.-SUBTERRANEA-2.png","width":677,"height":569},{"@type":"BreadcrumbList","@id":"https:\/\/serretecno.com.mx\/index.php\/elevautos-subterranea-clasica\/#breadcrumb","itemListElement":[{"@type":"ListItem","position":1,"name":"Home","item":"https:\/\/serretecno.com.mx\/"},{"@type":"ListItem","position":2,"name":"Elevautos subterr\u00e1nea cl\u00e1sica"}]},{"@type":"WebSite","@id":"https:\/\/serretecno.com.mx\/#website","url":"https:\/\/serretecno.com.mx\/","name":"Serretecno","description":"Elevadores de auto","publisher":{"@id":"https:\/\/serretecno.com.mx\/#organization"},"potentialAction":[{"@type":"SearchAction","target":{"@type":"EntryPoint","urlTemplate":"https:\/\/serretecno.com.mx\/?s={search_term_string}"},"query-input":{"@type":"PropertyValueSpecification","valueRequired":true,"valueName":"search_term_string"}}],"inLanguage":"es"},{"@type":"Organization","@id":"https:\/\/serretecno.com.mx\/#organization","name":"Serretecno.com","url":"https:\/\/serretecno.com.mx\/","logo":{"@type":"ImageObject","inLanguage":"es","@id":"https:\/\/serretecno.com.mx\/#\/schema\/logo\/image\/","url":"https:\/\/serretecno.com.mx\/wp-content\/uploads\/2020\/01\/cropped-logo-serretecno-1.jpg","contentUrl":"https:\/\/serretecno.com.mx\/wp-content\/uploads\/2020\/01\/cropped-logo-serretecno-1.jpg","width":973,"height":169,"caption":"Serretecno.com"},"image":{"@id":"https:\/\/serretecno.com.mx\/#\/schema\/logo\/image\/"}}]}},"_links":{"self":[{"href":"https:\/\/serretecno.com.mx\/index.php\/wp-json\/wp\/v2\/pages\/258","targetHints":{"allow":["GET"]}}],"collection":[{"href":"https:\/\/serretecno.com.mx\/index.php\/wp-json\/wp\/v2\/pages"}],"about":[{"href":"https:\/\/serretecno.com.mx\/index.php\/wp-json\/wp\/v2\/types\/page"}],"author":[{"embeddable":true,"href":"https:\/\/serretecno.com.mx\/index.php\/wp-json\/wp\/v2\/users\/2"}],"replies":[{"embeddable":true,"href":"https:\/\/serretecno.com.mx\/index.php\/wp-json\/wp\/v2\/comments?post=258"}],"version-history":[{"count":1,"href":"https:\/\/serretecno.com.mx\/index.php\/wp-json\/wp\/v2\/pages\/258\/revisions"}],"predecessor-version":[{"id":640,"href":"https:\/\/serretecno.com.mx\/index.php\/wp-json\/wp\/v2\/pages\/258\/revisions\/640"}],"wp:attachment":[{"href":"https:\/\/serretecno.com.mx\/index.php\/wp-json\/wp\/v2\/media?parent=258"}],"curies":[{"name":"wp","href":"https:\/\/api.w.org\/{rel}","templated":true}]}}