{"id":228,"date":"2020-01-09T19:31:57","date_gmt":"2020-01-09T19:31:57","guid":{"rendered":"https:\/\/serretecno.com.mx\/?page_id=228"},"modified":"2020-01-14T03:33:24","modified_gmt":"2020-01-14T03:33:24","slug":"mini-torre-inteligente","status":"publish","type":"page","link":"https:\/\/serretecno.com.mx\/index.php\/mini-torre-inteligente\/","title":{"rendered":"Mini torre inteligente"},"content":{"rendered":"\t\t<div data-elementor-type=\"wp-page\" data-elementor-id=\"228\" class=\"elementor elementor-228\">\n\t\t\t\t\t\t<section class=\"elementor-section elementor-top-section elementor-element elementor-element-15d12bf elementor-section-boxed elementor-section-height-default elementor-section-height-default\" data-id=\"15d12bf\" data-element_type=\"section\">\n\t\t\t\t\t\t<div class=\"elementor-container elementor-column-gap-default\">\n\t\t\t\t\t<div class=\"elementor-column elementor-col-100 elementor-top-column elementor-element elementor-element-751d54e\" data-id=\"751d54e\" data-element_type=\"column\">\n\t\t\t<div class=\"elementor-widget-wrap elementor-element-populated\">\n\t\t\t\t\t\t<div class=\"elementor-element elementor-element-6b9bc81 elementor-widget elementor-widget-heading\" data-id=\"6b9bc81\" data-element_type=\"widget\" data-widget_type=\"heading.default\">\n\t\t\t\t<div class=\"elementor-widget-container\">\n\t\t\t\t\t<h1 class=\"elementor-heading-title elementor-size-default\">Mini torre inteligente<\/h1>\t\t\t\t<\/div>\n\t\t\t\t<\/div>\n\t\t\t\t<section class=\"elementor-section elementor-inner-section elementor-element elementor-element-a58a057 elementor-section-boxed elementor-section-height-default elementor-section-height-default\" data-id=\"a58a057\" data-element_type=\"section\">\n\t\t\t\t\t\t<div class=\"elementor-container elementor-column-gap-default\">\n\t\t\t\t\t<div class=\"elementor-column elementor-col-50 elementor-inner-column elementor-element elementor-element-4ad7eb0\" data-id=\"4ad7eb0\" data-element_type=\"column\">\n\t\t\t<div class=\"elementor-widget-wrap elementor-element-populated\">\n\t\t\t\t\t\t<div class=\"elementor-element elementor-element-0cbb83c elementor-widget elementor-widget-text-editor\" data-id=\"0cbb83c\" data-element_type=\"widget\" data-widget_type=\"text-editor.default\">\n\t\t\t\t<div class=\"elementor-widget-container\">\n\t\t\t\t\t\t\t\t\t<p>En Serretecno contamos con la\u00a0<strong>mini torre inteligente de estacionamiento<\/strong>, porque estamos conscientes de que el valor del terreno cada vez es m\u00e1s caro, adem\u00e1s de que es m\u00e1s escaso.<\/p><p>Por otra parte sabemos que para un estacionamiento convencional se calculan 25 mts2 por cada lugar de estacionamiento, ya que se deben de contemplar las vialidades, o simplemente virajes. Para estacionar 11 veh\u00edculos se debe de realizar esta operaci\u00f3n 11X25=275mts2.<\/p><p>\u00a0<\/p><p>\u00a0<\/p>\t\t\t\t\t\t\t\t<\/div>\n\t\t\t\t<\/div>\n\t\t\t\t\t<\/div>\n\t\t<\/div>\n\t\t\t\t<div class=\"elementor-column elementor-col-50 elementor-inner-column elementor-element elementor-element-4896de1\" data-id=\"4896de1\" data-element_type=\"column\">\n\t\t\t<div class=\"elementor-widget-wrap elementor-element-populated\">\n\t\t\t\t\t\t<div class=\"elementor-element elementor-element-6f845c5 elementor-widget elementor-widget-video\" data-id=\"6f845c5\" data-element_type=\"widget\" data-settings=\"{&quot;youtube_url&quot;:&quot;https:\\\/\\\/youtu.be\\\/glShIF1bSg4&quot;,&quot;video_type&quot;:&quot;youtube&quot;,&quot;controls&quot;:&quot;yes&quot;}\" data-widget_type=\"video.default\">\n\t\t\t\t<div class=\"elementor-widget-container\">\n\t\t\t\t\t\t\t<div class=\"elementor-wrapper elementor-open-inline\">\n\t\t\t<div class=\"elementor-video\"><\/div>\t\t<\/div>\n\t\t\t\t\t\t<\/div>\n\t\t\t\t<\/div>\n\t\t\t\t\t<\/div>\n\t\t<\/div>\n\t\t\t\t\t<\/div>\n\t\t<\/section>\n\t\t\t\t\t<\/div>\n\t\t<\/div>\n\t\t\t\t\t<\/div>\n\t\t<\/section>\n\t\t\t\t<section class=\"elementor-section elementor-top-section elementor-element elementor-element-b7c24d5 elementor-section-boxed elementor-section-height-default elementor-section-height-default\" data-id=\"b7c24d5\" data-element_type=\"section\">\n\t\t\t\t\t\t<div class=\"elementor-container elementor-column-gap-default\">\n\t\t\t\t\t<div class=\"elementor-column elementor-col-100 elementor-top-column elementor-element elementor-element-869cff9\" data-id=\"869cff9\" data-element_type=\"column\">\n\t\t\t<div class=\"elementor-widget-wrap elementor-element-populated\">\n\t\t\t\t\t\t<div class=\"elementor-element elementor-element-1002a44 elementor-widget elementor-widget-text-editor\" data-id=\"1002a44\" data-element_type=\"widget\" data-widget_type=\"text-editor.default\">\n\t\t\t\t<div class=\"elementor-widget-container\">\n\t\t\t\t\t\t\t\t\t<p>Con la mini torre inteligente, en un espacio donde se colocar\u00edan s\u00f3lo 3 veh\u00edculos (7.5 x 5) es decir en 37.50 mts2, colocamos 11 veh\u00edculos, pero con una forma de estacionado automatizado.<\/p><p>Esto quiere decir que tenemos que realizar esta operaci\u00f3n 11X12.5=137mts2, ya que el espacio es efectivo porque no requiere espacios de vialidad y a diferencia de una construcci\u00f3n convencional, la mini torre inteligente de estacionamiento se puede desarmar y re instalar en otro sitio\u00a0\u00a0seg\u00fan sea la necesidad del crecimiento de la empresa.<\/p><p><b>FUNCIONAMIENTO:\u00a0<\/b>Se opera pr\u00e1cticamente como una m\u00e1quina expendedora de dulces, por coordenadas, es decir que si tu veh\u00edculo se encuentra en la plataforma 9, s\u00f3lo tienes que solicitar en la botonera de control el n\u00famero 9, de esa forma el sistema s\u00f3lo te entrega el veh\u00edculo solicitado en un tiempo no mayor a 1 minuto.<\/p><p><b>IDEAL PARA:<\/b><\/p><ul><li>Hoteles<\/li><li>Restaurantes<\/li><li>Comercio<\/li><li>Plazas comerciales<\/li><li>Vivienda<\/li><li>Estacionamientos p\u00fablicos<\/li><\/ul><p>Optimiza el crecimiento de tu empresa, en menor terreno, con menores costos de operaci\u00f3n, adem\u00e1s de ser equipos que contribuyen a la ecolog\u00eda ya que los veh\u00edculos no tienen que andar circulando buscando espacios, gastando combustible y emitiendo gases durante su recorrido.<\/p><p>Pronto este equipo ser\u00e1 una simple necesidad y conveniente a su negocio.<\/p>\t\t\t\t\t\t\t\t<\/div>\n\t\t\t\t<\/div>\n\t\t\t\t\t<\/div>\n\t\t<\/div>\n\t\t\t\t\t<\/div>\n\t\t<\/section>\n\t\t\t\t<\/div>\n\t\t","protected":false},"excerpt":{"rendered":"<p>Mini torre inteligente En Serretecno contamos con la&nbsp;mini torre inteligente de estacionamiento, porque estamos conscientes de que el valor del terreno cada vez es m\u00e1s caro, adem\u00e1s de que es m\u00e1s escaso. Por otra parte sabemos que para un estacionamiento convencional se calculan 25 mts2 por cada lugar de estacionamiento, ya que se deben de [&hellip;]<\/p>\n","protected":false},"author":2,"featured_media":0,"parent":0,"menu_order":0,"comment_status":"closed","ping_status":"closed","template":"","meta":{"_exactmetrics_skip_tracking":false,"_exactmetrics_sitenote_active":false,"_exactmetrics_sitenote_note":"","_exactmetrics_sitenote_category":0,"_uf_show_specific_survey":0,"_uf_disable_surveys":false,"site-sidebar-layout":"no-sidebar","site-content-layout":"page-builder","ast-site-content-layout":"default","site-content-style":"default","site-sidebar-style":"default","ast-global-header-display":"","ast-banner-title-visibility":"","ast-main-header-display":"","ast-hfb-above-header-display":"","ast-hfb-below-header-display":"","ast-hfb-mobile-header-display":"","site-post-title":"disabled","ast-breadcrumbs-content":"","ast-featured-img":"disabled","footer-sml-layout":"","theme-transparent-header-meta":"default","adv-header-id-meta":"","stick-header-meta":"","header-above-stick-meta":"","header-main-stick-meta":"","header-below-stick-meta":"","astra-migrate-meta-layouts":"default","ast-page-background-enabled":"default","ast-page-background-meta":{"desktop":{"background-color":"","background-image":"","background-repeat":"repeat","background-position":"center center","background-size":"auto","background-attachment":"scroll","background-type":"","background-media":"","overlay-type":"","overlay-color":"","overlay-opacity":"","overlay-gradient":""},"tablet":{"background-color":"","background-image":"","background-repeat":"repeat","background-position":"center center","background-size":"auto","background-attachment":"scroll","background-type":"","background-media":"","overlay-type":"","overlay-color":"","overlay-opacity":"","overlay-gradient":""},"mobile":{"background-color":"","background-image":"","background-repeat":"repeat","background-position":"center center","background-size":"auto","background-attachment":"scroll","background-type":"","background-media":"","overlay-type":"","overlay-color":"","overlay-opacity":"","overlay-gradient":""}},"ast-content-background-meta":{"desktop":{"background-color":"var(--ast-global-color-5)","background-image":"","background-repeat":"repeat","background-position":"center center","background-size":"auto","background-attachment":"scroll","background-type":"","background-media":"","overlay-type":"","overlay-color":"","overlay-opacity":"","overlay-gradient":""},"tablet":{"background-color":"var(--ast-global-color-5)","background-image":"","background-repeat":"repeat","background-position":"center center","background-size":"auto","background-attachment":"scroll","background-type":"","background-media":"","overlay-type":"","overlay-color":"","overlay-opacity":"","overlay-gradient":""},"mobile":{"background-color":"var(--ast-global-color-5)","background-image":"","background-repeat":"repeat","background-position":"center center","background-size":"auto","background-attachment":"scroll","background-type":"","background-media":"","overlay-type":"","overlay-color":"","overlay-opacity":"","overlay-gradient":""}},"_joinchat":[],"footnotes":""},"class_list":["post-228","page","type-page","status-publish","hentry"],"yoast_head":"<!-- This site is optimized with the Yoast SEO plugin v25.4 - https:\/\/yoast.com\/wordpress\/plugins\/seo\/ -->\n<title>Mini torre inteligente<\/title>\n<meta name=\"description\" content=\"Mini torre inteligente En Serretecno contamos con la&nbsp;mini torre inteligente de estacionamiento, porque estamos conscientes de que el valor del\" \/>\n<meta name=\"robots\" content=\"index, follow, max-snippet:-1, max-image-preview:large, max-video-preview:-1\" \/>\n<link rel=\"canonical\" href=\"https:\/\/serretecno.com.mx\/index.php\/mini-torre-inteligente\/\" \/>\n<meta property=\"og:locale\" content=\"es_ES\" \/>\n<meta property=\"og:type\" content=\"article\" \/>\n<meta property=\"og:title\" content=\"Mini torre inteligente\" \/>\n<meta property=\"og:description\" content=\"Mini torre inteligente En Serretecno contamos con la&nbsp;mini torre inteligente de estacionamiento, porque estamos conscientes de que el valor del\" \/>\n<meta property=\"og:url\" content=\"https:\/\/serretecno.com.mx\/index.php\/mini-torre-inteligente\/\" \/>\n<meta property=\"og:site_name\" content=\"Serretecno\" \/>\n<meta property=\"article:modified_time\" content=\"2020-01-14T03:33:24+00:00\" \/>\n<meta name=\"twitter:card\" content=\"summary_large_image\" \/>\n<meta name=\"twitter:label1\" content=\"Tiempo de lectura\" \/>\n\t<meta name=\"twitter:data1\" content=\"2 minutos\" \/>\n<script type=\"application\/ld+json\" class=\"yoast-schema-graph\">{\"@context\":\"https:\/\/schema.org\",\"@graph\":[{\"@type\":\"WebPage\",\"@id\":\"https:\/\/serretecno.com.mx\/index.php\/mini-torre-inteligente\/\",\"url\":\"https:\/\/serretecno.com.mx\/index.php\/mini-torre-inteligente\/\",\"name\":\"Mini torre inteligente\",\"isPartOf\":{\"@id\":\"https:\/\/serretecno.com.mx\/#website\"},\"datePublished\":\"2020-01-09T19:31:57+00:00\",\"dateModified\":\"2020-01-14T03:33:24+00:00\",\"description\":\"Mini torre inteligente En Serretecno contamos con la&nbsp;mini torre inteligente de estacionamiento, porque estamos conscientes de que el valor del\",\"breadcrumb\":{\"@id\":\"https:\/\/serretecno.com.mx\/index.php\/mini-torre-inteligente\/#breadcrumb\"},\"inLanguage\":\"es\",\"potentialAction\":[{\"@type\":\"ReadAction\",\"target\":[\"https:\/\/serretecno.com.mx\/index.php\/mini-torre-inteligente\/\"]}]},{\"@type\":\"BreadcrumbList\",\"@id\":\"https:\/\/serretecno.com.mx\/index.php\/mini-torre-inteligente\/#breadcrumb\",\"itemListElement\":[{\"@type\":\"ListItem\",\"position\":1,\"name\":\"Home\",\"item\":\"https:\/\/serretecno.com.mx\/\"},{\"@type\":\"ListItem\",\"position\":2,\"name\":\"Mini torre inteligente\"}]},{\"@type\":\"WebSite\",\"@id\":\"https:\/\/serretecno.com.mx\/#website\",\"url\":\"https:\/\/serretecno.com.mx\/\",\"name\":\"Serretecno\",\"description\":\"Elevadores de auto\",\"publisher\":{\"@id\":\"https:\/\/serretecno.com.mx\/#organization\"},\"potentialAction\":[{\"@type\":\"SearchAction\",\"target\":{\"@type\":\"EntryPoint\",\"urlTemplate\":\"https:\/\/serretecno.com.mx\/?s={search_term_string}\"},\"query-input\":{\"@type\":\"PropertyValueSpecification\",\"valueRequired\":true,\"valueName\":\"search_term_string\"}}],\"inLanguage\":\"es\"},{\"@type\":\"Organization\",\"@id\":\"https:\/\/serretecno.com.mx\/#organization\",\"name\":\"Serretecno.com\",\"url\":\"https:\/\/serretecno.com.mx\/\",\"logo\":{\"@type\":\"ImageObject\",\"inLanguage\":\"es\",\"@id\":\"https:\/\/serretecno.com.mx\/#\/schema\/logo\/image\/\",\"url\":\"https:\/\/serretecno.com.mx\/wp-content\/uploads\/2020\/01\/cropped-logo-serretecno-1.jpg\",\"contentUrl\":\"https:\/\/serretecno.com.mx\/wp-content\/uploads\/2020\/01\/cropped-logo-serretecno-1.jpg\",\"width\":973,\"height\":169,\"caption\":\"Serretecno.com\"},\"image\":{\"@id\":\"https:\/\/serretecno.com.mx\/#\/schema\/logo\/image\/\"}}]}<\/script>\n<!-- \/ Yoast SEO plugin. -->","yoast_head_json":{"title":"Mini torre inteligente","description":"Mini torre inteligente En Serretecno contamos con la&nbsp;mini torre inteligente de estacionamiento, porque estamos conscientes de que el valor del","robots":{"index":"index","follow":"follow","max-snippet":"max-snippet:-1","max-image-preview":"max-image-preview:large","max-video-preview":"max-video-preview:-1"},"canonical":"https:\/\/serretecno.com.mx\/index.php\/mini-torre-inteligente\/","og_locale":"es_ES","og_type":"article","og_title":"Mini torre inteligente","og_description":"Mini torre inteligente En Serretecno contamos con la&nbsp;mini torre inteligente de estacionamiento, porque estamos conscientes de que el valor del","og_url":"https:\/\/serretecno.com.mx\/index.php\/mini-torre-inteligente\/","og_site_name":"Serretecno","article_modified_time":"2020-01-14T03:33:24+00:00","twitter_card":"summary_large_image","twitter_misc":{"Tiempo de lectura":"2 minutos"},"schema":{"@context":"https:\/\/schema.org","@graph":[{"@type":"WebPage","@id":"https:\/\/serretecno.com.mx\/index.php\/mini-torre-inteligente\/","url":"https:\/\/serretecno.com.mx\/index.php\/mini-torre-inteligente\/","name":"Mini torre inteligente","isPartOf":{"@id":"https:\/\/serretecno.com.mx\/#website"},"datePublished":"2020-01-09T19:31:57+00:00","dateModified":"2020-01-14T03:33:24+00:00","description":"Mini torre inteligente En Serretecno contamos con la&nbsp;mini torre inteligente de estacionamiento, porque estamos conscientes de que el valor del","breadcrumb":{"@id":"https:\/\/serretecno.com.mx\/index.php\/mini-torre-inteligente\/#breadcrumb"},"inLanguage":"es","potentialAction":[{"@type":"ReadAction","target":["https:\/\/serretecno.com.mx\/index.php\/mini-torre-inteligente\/"]}]},{"@type":"BreadcrumbList","@id":"https:\/\/serretecno.com.mx\/index.php\/mini-torre-inteligente\/#breadcrumb","itemListElement":[{"@type":"ListItem","position":1,"name":"Home","item":"https:\/\/serretecno.com.mx\/"},{"@type":"ListItem","position":2,"name":"Mini torre inteligente"}]},{"@type":"WebSite","@id":"https:\/\/serretecno.com.mx\/#website","url":"https:\/\/serretecno.com.mx\/","name":"Serretecno","description":"Elevadores de auto","publisher":{"@id":"https:\/\/serretecno.com.mx\/#organization"},"potentialAction":[{"@type":"SearchAction","target":{"@type":"EntryPoint","urlTemplate":"https:\/\/serretecno.com.mx\/?s={search_term_string}"},"query-input":{"@type":"PropertyValueSpecification","valueRequired":true,"valueName":"search_term_string"}}],"inLanguage":"es"},{"@type":"Organization","@id":"https:\/\/serretecno.com.mx\/#organization","name":"Serretecno.com","url":"https:\/\/serretecno.com.mx\/","logo":{"@type":"ImageObject","inLanguage":"es","@id":"https:\/\/serretecno.com.mx\/#\/schema\/logo\/image\/","url":"https:\/\/serretecno.com.mx\/wp-content\/uploads\/2020\/01\/cropped-logo-serretecno-1.jpg","contentUrl":"https:\/\/serretecno.com.mx\/wp-content\/uploads\/2020\/01\/cropped-logo-serretecno-1.jpg","width":973,"height":169,"caption":"Serretecno.com"},"image":{"@id":"https:\/\/serretecno.com.mx\/#\/schema\/logo\/image\/"}}]}},"_links":{"self":[{"href":"https:\/\/serretecno.com.mx\/index.php\/wp-json\/wp\/v2\/pages\/228","targetHints":{"allow":["GET"]}}],"collection":[{"href":"https:\/\/serretecno.com.mx\/index.php\/wp-json\/wp\/v2\/pages"}],"about":[{"href":"https:\/\/serretecno.com.mx\/index.php\/wp-json\/wp\/v2\/types\/page"}],"author":[{"embeddable":true,"href":"https:\/\/serretecno.com.mx\/index.php\/wp-json\/wp\/v2\/users\/2"}],"replies":[{"embeddable":true,"href":"https:\/\/serretecno.com.mx\/index.php\/wp-json\/wp\/v2\/comments?post=228"}],"version-history":[{"count":1,"href":"https:\/\/serretecno.com.mx\/index.php\/wp-json\/wp\/v2\/pages\/228\/revisions"}],"predecessor-version":[{"id":660,"href":"https:\/\/serretecno.com.mx\/index.php\/wp-json\/wp\/v2\/pages\/228\/revisions\/660"}],"wp:attachment":[{"href":"https:\/\/serretecno.com.mx\/index.php\/wp-json\/wp\/v2\/media?parent=228"}],"curies":[{"name":"wp","href":"https:\/\/api.w.org\/{rel}","templated":true}]}}