{"id":180,"date":"2020-01-08T00:57:24","date_gmt":"2020-01-08T00:57:24","guid":{"rendered":"https:\/\/serretecno.com.mx\/?page_id=180"},"modified":"2020-01-14T03:33:18","modified_gmt":"2020-01-14T03:33:18","slug":"llanteras","status":"publish","type":"page","link":"https:\/\/serretecno.com.mx\/index.php\/llanteras\/","title":{"rendered":"Llanteras"},"content":{"rendered":"\t\t<div data-elementor-type=\"wp-page\" data-elementor-id=\"180\" class=\"elementor elementor-180\">\n\t\t\t\t\t\t<section class=\"elementor-section elementor-top-section elementor-element elementor-element-99824fb elementor-section-boxed elementor-section-height-default elementor-section-height-default\" data-id=\"99824fb\" data-element_type=\"section\">\n\t\t\t\t\t\t<div class=\"elementor-container elementor-column-gap-default\">\n\t\t\t\t\t<div class=\"elementor-column elementor-col-100 elementor-top-column elementor-element elementor-element-c37721b\" data-id=\"c37721b\" data-element_type=\"column\">\n\t\t\t<div class=\"elementor-widget-wrap elementor-element-populated\">\n\t\t\t\t\t\t<div class=\"elementor-element elementor-element-07a1a02 elementor-widget elementor-widget-heading\" data-id=\"07a1a02\" data-element_type=\"widget\" data-widget_type=\"heading.default\">\n\t\t\t\t<div class=\"elementor-widget-container\">\n\t\t\t\t\t<h2 class=\"elementor-heading-title elementor-size-default\">Llanteras<\/h2>\t\t\t\t<\/div>\n\t\t\t\t<\/div>\n\t\t\t\t\t<\/div>\n\t\t<\/div>\n\t\t\t\t\t<\/div>\n\t\t<\/section>\n\t\t\t\t<section class=\"elementor-section elementor-top-section elementor-element elementor-element-e7b8a90 elementor-section-boxed elementor-section-height-default elementor-section-height-default\" data-id=\"e7b8a90\" data-element_type=\"section\">\n\t\t\t\t\t\t<div class=\"elementor-container elementor-column-gap-default\">\n\t\t\t\t\t<div class=\"elementor-column elementor-col-50 elementor-top-column elementor-element elementor-element-f028f21\" data-id=\"f028f21\" data-element_type=\"column\">\n\t\t\t<div class=\"elementor-widget-wrap elementor-element-populated\">\n\t\t\t\t\t\t<div class=\"elementor-element elementor-element-56af4b4 elementor-widget elementor-widget-text-editor\" data-id=\"56af4b4\" data-element_type=\"widget\" data-widget_type=\"text-editor.default\">\n\t\t\t\t<div class=\"elementor-widget-container\">\n\t\t\t\t\t\t\t\t\t<p style=\"font-weight: 400;\">En Serretecno ofrecemos equipos totalmente personalizados conforme a sus necesidades o dependiendo del servicio a realizar. \u00a0Uno de estos equipos son las\u00a0<strong>llanteras\u00a0<\/strong>o<strong>\u00a0equipos llanteras.<\/strong><\/p><p style=\"font-weight: 400;\">Estos equipos son aut\u00f3nomos y son utilizados para dar servicio a veh\u00edculos directamente en sitio, esto ayuda a que el servicio que brinda \u00a0a sus clientes tenga mayor calidad y \u00a0mejora la experiencia del cliente manteniendo su confianza y lealtad hacia su negocio.<\/p><p style=\"font-weight: 400;\">\u00a0Las\u00a0<strong>llanteras<\/strong>\u00a0o\u00a0<strong>equipos llanteras<\/strong>\u00a0se pueden equipar con paneles de herramientas, sujetadores, prensas, equipo de soldadura, rampas de acceso plegables, carretes retr\u00e1ctiles para aire y agua, compresor de aire, mesas de trabajo con gabinetes, entre muchos accesorios m\u00e1s.<\/p>\t\t\t\t\t\t\t\t<\/div>\n\t\t\t\t<\/div>\n\t\t\t\t\t<\/div>\n\t\t<\/div>\n\t\t\t\t<div class=\"elementor-column elementor-col-50 elementor-top-column elementor-element elementor-element-3fbc04d\" data-id=\"3fbc04d\" data-element_type=\"column\">\n\t\t\t<div class=\"elementor-widget-wrap elementor-element-populated\">\n\t\t\t\t\t\t<div class=\"elementor-element elementor-element-e990f14 elementor-widget elementor-widget-image\" data-id=\"e990f14\" data-element_type=\"widget\" data-widget_type=\"image.default\">\n\t\t\t\t<div class=\"elementor-widget-container\">\n\t\t\t\t\t\t\t\t\t\t\t\t\t\t\t<img fetchpriority=\"high\" decoding=\"async\" width=\"300\" height=\"300\" src=\"https:\/\/serretecno.com.mx\/wp-content\/uploads\/2020\/01\/LLANTERA1-300x300-1.png\" class=\"attachment-large size-large wp-image-182\" alt=\"\" srcset=\"https:\/\/serretecno.com.mx\/wp-content\/uploads\/2020\/01\/LLANTERA1-300x300-1.png 300w, https:\/\/serretecno.com.mx\/wp-content\/uploads\/2020\/01\/LLANTERA1-300x300-1-150x150.png 150w\" sizes=\"(max-width: 300px) 100vw, 300px\" \/>\t\t\t\t\t\t\t\t\t\t\t\t\t\t\t<\/div>\n\t\t\t\t<\/div>\n\t\t\t\t\t<\/div>\n\t\t<\/div>\n\t\t\t\t\t<\/div>\n\t\t<\/section>\n\t\t\t\t<section class=\"elementor-section elementor-top-section elementor-element elementor-element-482c584 elementor-section-boxed elementor-section-height-default elementor-section-height-default\" data-id=\"482c584\" data-element_type=\"section\">\n\t\t\t\t\t\t<div class=\"elementor-container elementor-column-gap-default\">\n\t\t\t\t\t<div class=\"elementor-column elementor-col-100 elementor-top-column elementor-element elementor-element-ce0b197\" data-id=\"ce0b197\" data-element_type=\"column\">\n\t\t\t<div class=\"elementor-widget-wrap elementor-element-populated\">\n\t\t\t\t\t\t<div class=\"elementor-element elementor-element-8657780 elementor-widget elementor-widget-text-editor\" data-id=\"8657780\" data-element_type=\"widget\" data-widget_type=\"text-editor.default\">\n\t\t\t\t<div class=\"elementor-widget-container\">\n\t\t\t\t\t\t\t\t\t<p style=\"font-weight: 400;\">Las\u00a0<strong>llanteras<\/strong>\u00a0son unidades totalmente aut\u00f3nomas de servicio directo en sitio, entre las cuales puede encontrar:<\/p><ul><li style=\"font-weight: 400;\">Unidades de reparaci\u00f3n de tuber\u00edas de alta presi\u00f3n<\/li><li style=\"font-weight: 400;\">Unidades de reparaci\u00f3n hidr\u00e1ulica<\/li><li style=\"font-weight: 400;\">Laboratorios de inspecci\u00f3n<\/li><li style=\"font-weight: 400;\">Gabinetes porta herramientas<\/li><li style=\"font-weight: 400;\">Mesas de trabajo con sujetadores<\/li><li style=\"font-weight: 400;\">Herramientas especializadas<\/li><\/ul>\t\t\t\t\t\t\t\t<\/div>\n\t\t\t\t<\/div>\n\t\t\t\t\t<\/div>\n\t\t<\/div>\n\t\t\t\t\t<\/div>\n\t\t<\/section>\n\t\t\t\t<\/div>\n\t\t","protected":false},"excerpt":{"rendered":"<p>Llanteras En Serretecno ofrecemos equipos totalmente personalizados conforme a sus necesidades o dependiendo del servicio a realizar. &nbsp;Uno de estos equipos son las&nbsp;llanteras&nbsp;o&nbsp;equipos llanteras. Estos equipos son aut\u00f3nomos y son utilizados para dar servicio a veh\u00edculos directamente en sitio, esto ayuda a que el servicio que brinda &nbsp;a sus clientes tenga mayor calidad y &nbsp;mejora [&hellip;]<\/p>\n","protected":false},"author":2,"featured_media":0,"parent":0,"menu_order":0,"comment_status":"closed","ping_status":"closed","template":"","meta":{"_exactmetrics_skip_tracking":false,"_exactmetrics_sitenote_active":false,"_exactmetrics_sitenote_note":"","_exactmetrics_sitenote_category":0,"_uf_show_specific_survey":0,"_uf_disable_surveys":false,"site-sidebar-layout":"no-sidebar","site-content-layout":"page-builder","ast-site-content-layout":"default","site-content-style":"default","site-sidebar-style":"default","ast-global-header-display":"","ast-banner-title-visibility":"","ast-main-header-display":"","ast-hfb-above-header-display":"","ast-hfb-below-header-display":"","ast-hfb-mobile-header-display":"","site-post-title":"disabled","ast-breadcrumbs-content":"","ast-featured-img":"disabled","footer-sml-layout":"","theme-transparent-header-meta":"default","adv-header-id-meta":"","stick-header-meta":"","header-above-stick-meta":"","header-main-stick-meta":"","header-below-stick-meta":"","astra-migrate-meta-layouts":"default","ast-page-background-enabled":"default","ast-page-background-meta":{"desktop":{"background-color":"","background-image":"","background-repeat":"repeat","background-position":"center center","background-size":"auto","background-attachment":"scroll","background-type":"","background-media":"","overlay-type":"","overlay-color":"","overlay-opacity":"","overlay-gradient":""},"tablet":{"background-color":"","background-image":"","background-repeat":"repeat","background-position":"center center","background-size":"auto","background-attachment":"scroll","background-type":"","background-media":"","overlay-type":"","overlay-color":"","overlay-opacity":"","overlay-gradient":""},"mobile":{"background-color":"","background-image":"","background-repeat":"repeat","background-position":"center center","background-size":"auto","background-attachment":"scroll","background-type":"","background-media":"","overlay-type":"","overlay-color":"","overlay-opacity":"","overlay-gradient":""}},"ast-content-background-meta":{"desktop":{"background-color":"var(--ast-global-color-5)","background-image":"","background-repeat":"repeat","background-position":"center center","background-size":"auto","background-attachment":"scroll","background-type":"","background-media":"","overlay-type":"","overlay-color":"","overlay-opacity":"","overlay-gradient":""},"tablet":{"background-color":"var(--ast-global-color-5)","background-image":"","background-repeat":"repeat","background-position":"center center","background-size":"auto","background-attachment":"scroll","background-type":"","background-media":"","overlay-type":"","overlay-color":"","overlay-opacity":"","overlay-gradient":""},"mobile":{"background-color":"var(--ast-global-color-5)","background-image":"","background-repeat":"repeat","background-position":"center center","background-size":"auto","background-attachment":"scroll","background-type":"","background-media":"","overlay-type":"","overlay-color":"","overlay-opacity":"","overlay-gradient":""}},"_joinchat":[],"footnotes":""},"class_list":["post-180","page","type-page","status-publish","hentry"],"yoast_head":"<!-- This site is optimized with the Yoast SEO plugin v25.4 - https:\/\/yoast.com\/wordpress\/plugins\/seo\/ -->\n<title>Llanteras<\/title>\n<meta name=\"description\" content=\"Llanteras En Serretecno ofrecemos equipos totalmente personalizados conforme a sus necesidades o dependiendo del servicio a realizar. &nbsp;Uno de estos\" \/>\n<meta name=\"robots\" content=\"index, follow, max-snippet:-1, max-image-preview:large, max-video-preview:-1\" \/>\n<link rel=\"canonical\" href=\"https:\/\/serretecno.com.mx\/index.php\/llanteras\/\" \/>\n<meta property=\"og:locale\" content=\"es_ES\" \/>\n<meta property=\"og:type\" content=\"article\" \/>\n<meta property=\"og:title\" content=\"Llanteras\" \/>\n<meta property=\"og:description\" content=\"Llanteras En Serretecno ofrecemos equipos totalmente personalizados conforme a sus necesidades o dependiendo del servicio a realizar. &nbsp;Uno de estos\" \/>\n<meta property=\"og:url\" content=\"https:\/\/serretecno.com.mx\/index.php\/llanteras\/\" \/>\n<meta property=\"og:site_name\" content=\"Serretecno\" \/>\n<meta property=\"article:modified_time\" content=\"2020-01-14T03:33:18+00:00\" \/>\n<meta property=\"og:image\" content=\"https:\/\/serretecno.com.mx\/wp-content\/uploads\/2020\/01\/LLANTERA1-300x300-1.png\" \/>\n<meta name=\"twitter:card\" content=\"summary_large_image\" \/>\n<meta name=\"twitter:label1\" content=\"Tiempo de lectura\" \/>\n\t<meta name=\"twitter:data1\" content=\"1 minuto\" \/>\n<script type=\"application\/ld+json\" class=\"yoast-schema-graph\">{\"@context\":\"https:\/\/schema.org\",\"@graph\":[{\"@type\":\"WebPage\",\"@id\":\"https:\/\/serretecno.com.mx\/index.php\/llanteras\/\",\"url\":\"https:\/\/serretecno.com.mx\/index.php\/llanteras\/\",\"name\":\"Llanteras\",\"isPartOf\":{\"@id\":\"https:\/\/serretecno.com.mx\/#website\"},\"primaryImageOfPage\":{\"@id\":\"https:\/\/serretecno.com.mx\/index.php\/llanteras\/#primaryimage\"},\"image\":{\"@id\":\"https:\/\/serretecno.com.mx\/index.php\/llanteras\/#primaryimage\"},\"thumbnailUrl\":\"https:\/\/serretecno.com.mx\/wp-content\/uploads\/2020\/01\/LLANTERA1-300x300-1.png\",\"datePublished\":\"2020-01-08T00:57:24+00:00\",\"dateModified\":\"2020-01-14T03:33:18+00:00\",\"description\":\"Llanteras En Serretecno ofrecemos equipos totalmente personalizados conforme a sus necesidades o dependiendo del servicio a realizar. &nbsp;Uno de estos\",\"breadcrumb\":{\"@id\":\"https:\/\/serretecno.com.mx\/index.php\/llanteras\/#breadcrumb\"},\"inLanguage\":\"es\",\"potentialAction\":[{\"@type\":\"ReadAction\",\"target\":[\"https:\/\/serretecno.com.mx\/index.php\/llanteras\/\"]}]},{\"@type\":\"ImageObject\",\"inLanguage\":\"es\",\"@id\":\"https:\/\/serretecno.com.mx\/index.php\/llanteras\/#primaryimage\",\"url\":\"https:\/\/serretecno.com.mx\/wp-content\/uploads\/2020\/01\/LLANTERA1-300x300-1.png\",\"contentUrl\":\"https:\/\/serretecno.com.mx\/wp-content\/uploads\/2020\/01\/LLANTERA1-300x300-1.png\",\"width\":300,\"height\":300},{\"@type\":\"BreadcrumbList\",\"@id\":\"https:\/\/serretecno.com.mx\/index.php\/llanteras\/#breadcrumb\",\"itemListElement\":[{\"@type\":\"ListItem\",\"position\":1,\"name\":\"Home\",\"item\":\"https:\/\/serretecno.com.mx\/\"},{\"@type\":\"ListItem\",\"position\":2,\"name\":\"Llanteras\"}]},{\"@type\":\"WebSite\",\"@id\":\"https:\/\/serretecno.com.mx\/#website\",\"url\":\"https:\/\/serretecno.com.mx\/\",\"name\":\"Serretecno\",\"description\":\"Elevadores de auto\",\"publisher\":{\"@id\":\"https:\/\/serretecno.com.mx\/#organization\"},\"potentialAction\":[{\"@type\":\"SearchAction\",\"target\":{\"@type\":\"EntryPoint\",\"urlTemplate\":\"https:\/\/serretecno.com.mx\/?s={search_term_string}\"},\"query-input\":{\"@type\":\"PropertyValueSpecification\",\"valueRequired\":true,\"valueName\":\"search_term_string\"}}],\"inLanguage\":\"es\"},{\"@type\":\"Organization\",\"@id\":\"https:\/\/serretecno.com.mx\/#organization\",\"name\":\"Serretecno.com\",\"url\":\"https:\/\/serretecno.com.mx\/\",\"logo\":{\"@type\":\"ImageObject\",\"inLanguage\":\"es\",\"@id\":\"https:\/\/serretecno.com.mx\/#\/schema\/logo\/image\/\",\"url\":\"https:\/\/serretecno.com.mx\/wp-content\/uploads\/2020\/01\/cropped-logo-serretecno-1.jpg\",\"contentUrl\":\"https:\/\/serretecno.com.mx\/wp-content\/uploads\/2020\/01\/cropped-logo-serretecno-1.jpg\",\"width\":973,\"height\":169,\"caption\":\"Serretecno.com\"},\"image\":{\"@id\":\"https:\/\/serretecno.com.mx\/#\/schema\/logo\/image\/\"}}]}<\/script>\n<!-- \/ Yoast SEO plugin. -->","yoast_head_json":{"title":"Llanteras","description":"Llanteras En Serretecno ofrecemos equipos totalmente personalizados conforme a sus necesidades o dependiendo del servicio a realizar. &nbsp;Uno de estos","robots":{"index":"index","follow":"follow","max-snippet":"max-snippet:-1","max-image-preview":"max-image-preview:large","max-video-preview":"max-video-preview:-1"},"canonical":"https:\/\/serretecno.com.mx\/index.php\/llanteras\/","og_locale":"es_ES","og_type":"article","og_title":"Llanteras","og_description":"Llanteras En Serretecno ofrecemos equipos totalmente personalizados conforme a sus necesidades o dependiendo del servicio a realizar. &nbsp;Uno de estos","og_url":"https:\/\/serretecno.com.mx\/index.php\/llanteras\/","og_site_name":"Serretecno","article_modified_time":"2020-01-14T03:33:18+00:00","og_image":[{"url":"https:\/\/serretecno.com.mx\/wp-content\/uploads\/2020\/01\/LLANTERA1-300x300-1.png","type":"","width":"","height":""}],"twitter_card":"summary_large_image","twitter_misc":{"Tiempo de lectura":"1 minuto"},"schema":{"@context":"https:\/\/schema.org","@graph":[{"@type":"WebPage","@id":"https:\/\/serretecno.com.mx\/index.php\/llanteras\/","url":"https:\/\/serretecno.com.mx\/index.php\/llanteras\/","name":"Llanteras","isPartOf":{"@id":"https:\/\/serretecno.com.mx\/#website"},"primaryImageOfPage":{"@id":"https:\/\/serretecno.com.mx\/index.php\/llanteras\/#primaryimage"},"image":{"@id":"https:\/\/serretecno.com.mx\/index.php\/llanteras\/#primaryimage"},"thumbnailUrl":"https:\/\/serretecno.com.mx\/wp-content\/uploads\/2020\/01\/LLANTERA1-300x300-1.png","datePublished":"2020-01-08T00:57:24+00:00","dateModified":"2020-01-14T03:33:18+00:00","description":"Llanteras En Serretecno ofrecemos equipos totalmente personalizados conforme a sus necesidades o dependiendo del servicio a realizar. &nbsp;Uno de estos","breadcrumb":{"@id":"https:\/\/serretecno.com.mx\/index.php\/llanteras\/#breadcrumb"},"inLanguage":"es","potentialAction":[{"@type":"ReadAction","target":["https:\/\/serretecno.com.mx\/index.php\/llanteras\/"]}]},{"@type":"ImageObject","inLanguage":"es","@id":"https:\/\/serretecno.com.mx\/index.php\/llanteras\/#primaryimage","url":"https:\/\/serretecno.com.mx\/wp-content\/uploads\/2020\/01\/LLANTERA1-300x300-1.png","contentUrl":"https:\/\/serretecno.com.mx\/wp-content\/uploads\/2020\/01\/LLANTERA1-300x300-1.png","width":300,"height":300},{"@type":"BreadcrumbList","@id":"https:\/\/serretecno.com.mx\/index.php\/llanteras\/#breadcrumb","itemListElement":[{"@type":"ListItem","position":1,"name":"Home","item":"https:\/\/serretecno.com.mx\/"},{"@type":"ListItem","position":2,"name":"Llanteras"}]},{"@type":"WebSite","@id":"https:\/\/serretecno.com.mx\/#website","url":"https:\/\/serretecno.com.mx\/","name":"Serretecno","description":"Elevadores de auto","publisher":{"@id":"https:\/\/serretecno.com.mx\/#organization"},"potentialAction":[{"@type":"SearchAction","target":{"@type":"EntryPoint","urlTemplate":"https:\/\/serretecno.com.mx\/?s={search_term_string}"},"query-input":{"@type":"PropertyValueSpecification","valueRequired":true,"valueName":"search_term_string"}}],"inLanguage":"es"},{"@type":"Organization","@id":"https:\/\/serretecno.com.mx\/#organization","name":"Serretecno.com","url":"https:\/\/serretecno.com.mx\/","logo":{"@type":"ImageObject","inLanguage":"es","@id":"https:\/\/serretecno.com.mx\/#\/schema\/logo\/image\/","url":"https:\/\/serretecno.com.mx\/wp-content\/uploads\/2020\/01\/cropped-logo-serretecno-1.jpg","contentUrl":"https:\/\/serretecno.com.mx\/wp-content\/uploads\/2020\/01\/cropped-logo-serretecno-1.jpg","width":973,"height":169,"caption":"Serretecno.com"},"image":{"@id":"https:\/\/serretecno.com.mx\/#\/schema\/logo\/image\/"}}]}},"_links":{"self":[{"href":"https:\/\/serretecno.com.mx\/index.php\/wp-json\/wp\/v2\/pages\/180","targetHints":{"allow":["GET"]}}],"collection":[{"href":"https:\/\/serretecno.com.mx\/index.php\/wp-json\/wp\/v2\/pages"}],"about":[{"href":"https:\/\/serretecno.com.mx\/index.php\/wp-json\/wp\/v2\/types\/page"}],"author":[{"embeddable":true,"href":"https:\/\/serretecno.com.mx\/index.php\/wp-json\/wp\/v2\/users\/2"}],"replies":[{"embeddable":true,"href":"https:\/\/serretecno.com.mx\/index.php\/wp-json\/wp\/v2\/comments?post=180"}],"version-history":[{"count":1,"href":"https:\/\/serretecno.com.mx\/index.php\/wp-json\/wp\/v2\/pages\/180\/revisions"}],"predecessor-version":[{"id":654,"href":"https:\/\/serretecno.com.mx\/index.php\/wp-json\/wp\/v2\/pages\/180\/revisions\/654"}],"wp:attachment":[{"href":"https:\/\/serretecno.com.mx\/index.php\/wp-json\/wp\/v2\/media?parent=180"}],"curies":[{"name":"wp","href":"https:\/\/api.w.org\/{rel}","templated":true}]}}