{"id":159,"date":"2020-01-08T00:33:19","date_gmt":"2020-01-08T00:33:19","guid":{"rendered":"https:\/\/serretecno.com.mx\/?page_id=159"},"modified":"2020-01-14T03:32:29","modified_gmt":"2020-01-14T03:32:29","slug":"equipo-movil-mantenimiento","status":"publish","type":"page","link":"https:\/\/serretecno.com.mx\/index.php\/equipo-movil-mantenimiento\/","title":{"rendered":"Equipo movil mantenimiento"},"content":{"rendered":"\t\t<div data-elementor-type=\"wp-page\" data-elementor-id=\"159\" class=\"elementor elementor-159\">\n\t\t\t\t\t\t<section class=\"elementor-section elementor-top-section elementor-element elementor-element-956e49c elementor-section-boxed elementor-section-height-default elementor-section-height-default\" data-id=\"956e49c\" data-element_type=\"section\">\n\t\t\t\t\t\t<div class=\"elementor-container elementor-column-gap-default\">\n\t\t\t\t\t<div class=\"elementor-column elementor-col-100 elementor-top-column elementor-element elementor-element-3d81a0f\" data-id=\"3d81a0f\" data-element_type=\"column\">\n\t\t\t<div class=\"elementor-widget-wrap elementor-element-populated\">\n\t\t\t\t\t\t<div class=\"elementor-element elementor-element-ae9b520 elementor-widget elementor-widget-heading\" data-id=\"ae9b520\" data-element_type=\"widget\" data-widget_type=\"heading.default\">\n\t\t\t\t<div class=\"elementor-widget-container\">\n\t\t\t\t\t<h2 class=\"elementor-heading-title elementor-size-default\">Equipo m\u00f3vil de mantenimiento<\/h2>\t\t\t\t<\/div>\n\t\t\t\t<\/div>\n\t\t\t\t\t<\/div>\n\t\t<\/div>\n\t\t\t\t\t<\/div>\n\t\t<\/section>\n\t\t\t\t<section class=\"elementor-section elementor-top-section elementor-element elementor-element-d149f68 elementor-section-boxed elementor-section-height-default elementor-section-height-default\" data-id=\"d149f68\" data-element_type=\"section\">\n\t\t\t\t\t\t<div class=\"elementor-container elementor-column-gap-default\">\n\t\t\t\t\t<div class=\"elementor-column elementor-col-50 elementor-top-column elementor-element elementor-element-5e6c924\" data-id=\"5e6c924\" data-element_type=\"column\">\n\t\t\t<div class=\"elementor-widget-wrap elementor-element-populated\">\n\t\t\t\t\t\t<div class=\"elementor-element elementor-element-34b2257 elementor-widget elementor-widget-text-editor\" data-id=\"34b2257\" data-element_type=\"widget\" data-widget_type=\"text-editor.default\">\n\t\t\t\t<div class=\"elementor-widget-container\">\n\t\t\t\t\t\t\t\t\t<p>En Serretecno nuestro equipo m\u00f3vil de mantenimiento es dise\u00f1ada para obtener la mejor calidad y el mejor servicio.<\/p><p>Es ideal para dar mantenimiento a otros equipos sobre carretera. Algunas de las soluciones que tenemos son:<\/p><ul><li>Orquestas de lubricaci\u00f3n o marimbas:Orquestas de lubricaci\u00f3n 8 \u2013 12 toneladas<\/li><li>Orquestas de lubricaci\u00f3n 5 \u2013 8 toneladas<\/li><li>Orquestas de lubricaci\u00f3n 3.5 \u2013 4 toneladas<\/li><li>Llanteras: equipados con\u00a0con paneles de herramientas, sujetadores, prensas, equipo de soldadura, rampas de acceso plegables, carretes retr\u00e1ctiles para aire y agua, compresor de aire, mesas de trabajo con gabinetes, etc.<\/li><li>Pipas de agua y combustible:5,000 litros<\/li><li>10,000 litros<\/li><li>15,000 litros<\/li><li>20,000 litros<\/li><\/ul>\t\t\t\t\t\t\t\t<\/div>\n\t\t\t\t<\/div>\n\t\t\t\t\t<\/div>\n\t\t<\/div>\n\t\t\t\t<div class=\"elementor-column elementor-col-50 elementor-top-column elementor-element elementor-element-bfa478d\" data-id=\"bfa478d\" data-element_type=\"column\">\n\t\t\t<div class=\"elementor-widget-wrap elementor-element-populated\">\n\t\t\t\t\t\t<div class=\"elementor-element elementor-element-85328b2 elementor-widget elementor-widget-image\" data-id=\"85328b2\" data-element_type=\"widget\" data-widget_type=\"image.default\">\n\t\t\t\t<div class=\"elementor-widget-container\">\n\t\t\t\t\t\t\t\t\t\t\t\t\t\t\t<img fetchpriority=\"high\" decoding=\"async\" width=\"300\" height=\"225\" src=\"https:\/\/serretecno.com.mx\/wp-content\/uploads\/2020\/01\/DSC00934-300x225-1.jpg\" class=\"attachment-large size-large wp-image-163\" alt=\"\" \/>\t\t\t\t\t\t\t\t\t\t\t\t\t\t\t<\/div>\n\t\t\t\t<\/div>\n\t\t\t\t\t<\/div>\n\t\t<\/div>\n\t\t\t\t\t<\/div>\n\t\t<\/section>\n\t\t\t\t<section class=\"elementor-section elementor-top-section elementor-element elementor-element-40ad5c5 elementor-section-boxed elementor-section-height-default elementor-section-height-default\" data-id=\"40ad5c5\" data-element_type=\"section\">\n\t\t\t\t\t\t<div class=\"elementor-container elementor-column-gap-default\">\n\t\t\t\t\t<div class=\"elementor-column elementor-col-100 elementor-top-column elementor-element elementor-element-bc8cbf9\" data-id=\"bc8cbf9\" data-element_type=\"column\">\n\t\t\t<div class=\"elementor-widget-wrap elementor-element-populated\">\n\t\t\t\t\t\t<div class=\"elementor-element elementor-element-ea49962 elementor-widget elementor-widget-heading\" data-id=\"ea49962\" data-element_type=\"widget\" data-widget_type=\"heading.default\">\n\t\t\t\t<div class=\"elementor-widget-container\">\n\t\t\t\t\t<h2 class=\"elementor-heading-title elementor-size-default\">El equipo m\u00f3vil de mantenimiento, esta totalmente equipado con lo necesario, dependiendo el proyecto var\u00edan los equipos montados.A\u00f1ade aqu\u00ed tu texto de cabecera<\/h2>\t\t\t\t<\/div>\n\t\t\t\t<\/div>\n\t\t\t\t\t<\/div>\n\t\t<\/div>\n\t\t\t\t\t<\/div>\n\t\t<\/section>\n\t\t\t\t<section class=\"elementor-section elementor-top-section elementor-element elementor-element-47a9fe2 elementor-section-boxed elementor-section-height-default elementor-section-height-default\" data-id=\"47a9fe2\" data-element_type=\"section\">\n\t\t\t\t\t\t<div class=\"elementor-container elementor-column-gap-default\">\n\t\t\t\t\t<div class=\"elementor-column elementor-col-100 elementor-top-column elementor-element elementor-element-4f4f4dc\" data-id=\"4f4f4dc\" data-element_type=\"column\">\n\t\t\t<div class=\"elementor-widget-wrap elementor-element-populated\">\n\t\t\t\t\t\t<div class=\"elementor-element elementor-element-001ab01 elementor-widget elementor-widget-text-editor\" data-id=\"001ab01\" data-element_type=\"widget\" data-widget_type=\"text-editor.default\">\n\t\t\t\t<div class=\"elementor-widget-container\">\n\t\t\t\t\t\t\t\t\t<p><strong>Unidades totalmente aut\u00f3nomas de servicio directo en sitio:<\/strong><\/p><ul><li>Unidad llantera totalmente aut\u00f3noma para dar servicio a veh\u00edculos directamente en sitio<\/li><li>Unidad de reparaci\u00f3n de tuber\u00edas de alta presi\u00f3n<\/li><li>Laboratorios de inspecci\u00f3n<\/li><li>Unidad de reparaci\u00f3n hidr\u00e1ulica<\/li><li>Gabinetes porta herramienta<\/li><li>Mesa de trabajo con sujetadores y herramienta especializada.<\/li><\/ul>\t\t\t\t\t\t\t\t<\/div>\n\t\t\t\t<\/div>\n\t\t\t\t\t<\/div>\n\t\t<\/div>\n\t\t\t\t\t<\/div>\n\t\t<\/section>\n\t\t\t\t<section class=\"elementor-section elementor-top-section elementor-element elementor-element-e6e9275 elementor-section-boxed elementor-section-height-default elementor-section-height-default\" data-id=\"e6e9275\" data-element_type=\"section\">\n\t\t\t\t\t\t<div class=\"elementor-container elementor-column-gap-default\">\n\t\t\t\t\t<div class=\"elementor-column elementor-col-100 elementor-top-column elementor-element elementor-element-9676fae\" data-id=\"9676fae\" data-element_type=\"column\">\n\t\t\t<div class=\"elementor-widget-wrap elementor-element-populated\">\n\t\t\t\t\t\t<div class=\"elementor-element elementor-element-d6682f4 elementor-widget elementor-widget-heading\" data-id=\"d6682f4\" data-element_type=\"widget\" data-widget_type=\"heading.default\">\n\t\t\t\t<div class=\"elementor-widget-container\">\n\t\t\t\t\t<h2 class=\"elementor-heading-title elementor-size-default\">Dise\u00f1o en varios tipos de veh\u00edculos:<\/h2>\t\t\t\t<\/div>\n\t\t\t\t<\/div>\n\t\t\t\t\t<\/div>\n\t\t<\/div>\n\t\t\t\t\t<\/div>\n\t\t<\/section>\n\t\t\t\t<section class=\"elementor-section elementor-top-section elementor-element elementor-element-8477c18 elementor-section-boxed elementor-section-height-default elementor-section-height-default\" data-id=\"8477c18\" data-element_type=\"section\">\n\t\t\t\t\t\t<div class=\"elementor-container elementor-column-gap-default\">\n\t\t\t\t\t<div class=\"elementor-column elementor-col-100 elementor-top-column elementor-element elementor-element-829e3ba\" data-id=\"829e3ba\" data-element_type=\"column\">\n\t\t\t<div class=\"elementor-widget-wrap elementor-element-populated\">\n\t\t\t\t\t\t<div class=\"elementor-element elementor-element-9963293 elementor-widget elementor-widget-text-editor\" data-id=\"9963293\" data-element_type=\"widget\" data-widget_type=\"text-editor.default\">\n\t\t\t\t<div class=\"elementor-widget-container\">\n\t\t\t\t\t\t\t\t\t<p>Unidades de media tonelada, unidades de tres y media toneladas, unidades de m\u00e1s de ocho toneladas y unidades con compartimientos para cada una de los productos y gabinetes de herramientas tipo modular.<\/p>\t\t\t\t\t\t\t\t<\/div>\n\t\t\t\t<\/div>\n\t\t\t\t\t<\/div>\n\t\t<\/div>\n\t\t\t\t\t<\/div>\n\t\t<\/section>\n\t\t\t\t<\/div>\n\t\t","protected":false},"excerpt":{"rendered":"<p>Equipo m\u00f3vil de mantenimiento En Serretecno nuestro equipo m\u00f3vil de mantenimiento es dise\u00f1ada para obtener la mejor calidad y el mejor servicio. Es ideal para dar mantenimiento a otros equipos sobre carretera. Algunas de las soluciones que tenemos son: Orquestas de lubricaci\u00f3n o marimbas:Orquestas de lubricaci\u00f3n 8 \u2013 12 toneladas Orquestas de lubricaci\u00f3n 5 \u2013 [&hellip;]<\/p>\n","protected":false},"author":2,"featured_media":0,"parent":0,"menu_order":0,"comment_status":"closed","ping_status":"closed","template":"","meta":{"_exactmetrics_skip_tracking":false,"_exactmetrics_sitenote_active":false,"_exactmetrics_sitenote_note":"","_exactmetrics_sitenote_category":0,"_uf_show_specific_survey":0,"_uf_disable_surveys":false,"site-sidebar-layout":"no-sidebar","site-content-layout":"page-builder","ast-site-content-layout":"default","site-content-style":"default","site-sidebar-style":"default","ast-global-header-display":"","ast-banner-title-visibility":"","ast-main-header-display":"","ast-hfb-above-header-display":"","ast-hfb-below-header-display":"","ast-hfb-mobile-header-display":"","site-post-title":"disabled","ast-breadcrumbs-content":"","ast-featured-img":"disabled","footer-sml-layout":"","theme-transparent-header-meta":"default","adv-header-id-meta":"","stick-header-meta":"","header-above-stick-meta":"","header-main-stick-meta":"","header-below-stick-meta":"","astra-migrate-meta-layouts":"default","ast-page-background-enabled":"default","ast-page-background-meta":{"desktop":{"background-color":"","background-image":"","background-repeat":"repeat","background-position":"center center","background-size":"auto","background-attachment":"scroll","background-type":"","background-media":"","overlay-type":"","overlay-color":"","overlay-opacity":"","overlay-gradient":""},"tablet":{"background-color":"","background-image":"","background-repeat":"repeat","background-position":"center center","background-size":"auto","background-attachment":"scroll","background-type":"","background-media":"","overlay-type":"","overlay-color":"","overlay-opacity":"","overlay-gradient":""},"mobile":{"background-color":"","background-image":"","background-repeat":"repeat","background-position":"center center","background-size":"auto","background-attachment":"scroll","background-type":"","background-media":"","overlay-type":"","overlay-color":"","overlay-opacity":"","overlay-gradient":""}},"ast-content-background-meta":{"desktop":{"background-color":"var(--ast-global-color-5)","background-image":"","background-repeat":"repeat","background-position":"center center","background-size":"auto","background-attachment":"scroll","background-type":"","background-media":"","overlay-type":"","overlay-color":"","overlay-opacity":"","overlay-gradient":""},"tablet":{"background-color":"var(--ast-global-color-5)","background-image":"","background-repeat":"repeat","background-position":"center center","background-size":"auto","background-attachment":"scroll","background-type":"","background-media":"","overlay-type":"","overlay-color":"","overlay-opacity":"","overlay-gradient":""},"mobile":{"background-color":"var(--ast-global-color-5)","background-image":"","background-repeat":"repeat","background-position":"center center","background-size":"auto","background-attachment":"scroll","background-type":"","background-media":"","overlay-type":"","overlay-color":"","overlay-opacity":"","overlay-gradient":""}},"_joinchat":[],"footnotes":""},"class_list":["post-159","page","type-page","status-publish","hentry"],"yoast_head":"<!-- This site is optimized with the Yoast SEO plugin v25.4 - https:\/\/yoast.com\/wordpress\/plugins\/seo\/ -->\n<title>Equipo Movil para Mantenimiento<\/title>\n<meta name=\"description\" content=\"Equipo m\u00f3vil de mantenimiento En Serretecno nuestro equipo m\u00f3vil de mantenimiento es dise\u00f1ada para obtener la mejor calidad y el mejor servicio. Es ideal\" \/>\n<meta name=\"robots\" content=\"index, follow, max-snippet:-1, max-image-preview:large, max-video-preview:-1\" \/>\n<link rel=\"canonical\" href=\"https:\/\/serretecno.com.mx\/index.php\/equipo-movil-mantenimiento\/\" \/>\n<meta property=\"og:locale\" content=\"es_ES\" \/>\n<meta property=\"og:type\" content=\"article\" \/>\n<meta property=\"og:title\" content=\"Equipo Movil para Mantenimiento\" \/>\n<meta property=\"og:description\" content=\"Equipo m\u00f3vil de mantenimiento En Serretecno nuestro equipo m\u00f3vil de mantenimiento es dise\u00f1ada para obtener la mejor calidad y el mejor servicio. Es ideal\" \/>\n<meta property=\"og:url\" content=\"https:\/\/serretecno.com.mx\/index.php\/equipo-movil-mantenimiento\/\" \/>\n<meta property=\"og:site_name\" content=\"Serretecno\" \/>\n<meta property=\"article:modified_time\" content=\"2020-01-14T03:32:29+00:00\" \/>\n<meta property=\"og:image\" content=\"https:\/\/serretecno.com.mx\/wp-content\/uploads\/2020\/01\/DSC00934-300x225-1.jpg\" \/>\n<meta name=\"twitter:card\" content=\"summary_large_image\" \/>\n<meta name=\"twitter:label1\" content=\"Tiempo de lectura\" \/>\n\t<meta name=\"twitter:data1\" content=\"1 minuto\" \/>\n<script type=\"application\/ld+json\" class=\"yoast-schema-graph\">{\"@context\":\"https:\/\/schema.org\",\"@graph\":[{\"@type\":\"WebPage\",\"@id\":\"https:\/\/serretecno.com.mx\/index.php\/equipo-movil-mantenimiento\/\",\"url\":\"https:\/\/serretecno.com.mx\/index.php\/equipo-movil-mantenimiento\/\",\"name\":\"Equipo Movil para Mantenimiento\",\"isPartOf\":{\"@id\":\"https:\/\/serretecno.com.mx\/#website\"},\"primaryImageOfPage\":{\"@id\":\"https:\/\/serretecno.com.mx\/index.php\/equipo-movil-mantenimiento\/#primaryimage\"},\"image\":{\"@id\":\"https:\/\/serretecno.com.mx\/index.php\/equipo-movil-mantenimiento\/#primaryimage\"},\"thumbnailUrl\":\"https:\/\/serretecno.com.mx\/wp-content\/uploads\/2020\/01\/DSC00934-300x225-1.jpg\",\"datePublished\":\"2020-01-08T00:33:19+00:00\",\"dateModified\":\"2020-01-14T03:32:29+00:00\",\"description\":\"Equipo m\u00f3vil de mantenimiento En Serretecno nuestro equipo m\u00f3vil de mantenimiento es dise\u00f1ada para obtener la mejor calidad y el mejor servicio. Es ideal\",\"breadcrumb\":{\"@id\":\"https:\/\/serretecno.com.mx\/index.php\/equipo-movil-mantenimiento\/#breadcrumb\"},\"inLanguage\":\"es\",\"potentialAction\":[{\"@type\":\"ReadAction\",\"target\":[\"https:\/\/serretecno.com.mx\/index.php\/equipo-movil-mantenimiento\/\"]}]},{\"@type\":\"ImageObject\",\"inLanguage\":\"es\",\"@id\":\"https:\/\/serretecno.com.mx\/index.php\/equipo-movil-mantenimiento\/#primaryimage\",\"url\":\"https:\/\/serretecno.com.mx\/wp-content\/uploads\/2020\/01\/DSC00934-300x225-1.jpg\",\"contentUrl\":\"https:\/\/serretecno.com.mx\/wp-content\/uploads\/2020\/01\/DSC00934-300x225-1.jpg\",\"width\":300,\"height\":225},{\"@type\":\"BreadcrumbList\",\"@id\":\"https:\/\/serretecno.com.mx\/index.php\/equipo-movil-mantenimiento\/#breadcrumb\",\"itemListElement\":[{\"@type\":\"ListItem\",\"position\":1,\"name\":\"Home\",\"item\":\"https:\/\/serretecno.com.mx\/\"},{\"@type\":\"ListItem\",\"position\":2,\"name\":\"Equipo movil mantenimiento\"}]},{\"@type\":\"WebSite\",\"@id\":\"https:\/\/serretecno.com.mx\/#website\",\"url\":\"https:\/\/serretecno.com.mx\/\",\"name\":\"Serretecno\",\"description\":\"Elevadores de auto\",\"publisher\":{\"@id\":\"https:\/\/serretecno.com.mx\/#organization\"},\"potentialAction\":[{\"@type\":\"SearchAction\",\"target\":{\"@type\":\"EntryPoint\",\"urlTemplate\":\"https:\/\/serretecno.com.mx\/?s={search_term_string}\"},\"query-input\":{\"@type\":\"PropertyValueSpecification\",\"valueRequired\":true,\"valueName\":\"search_term_string\"}}],\"inLanguage\":\"es\"},{\"@type\":\"Organization\",\"@id\":\"https:\/\/serretecno.com.mx\/#organization\",\"name\":\"Serretecno.com\",\"url\":\"https:\/\/serretecno.com.mx\/\",\"logo\":{\"@type\":\"ImageObject\",\"inLanguage\":\"es\",\"@id\":\"https:\/\/serretecno.com.mx\/#\/schema\/logo\/image\/\",\"url\":\"https:\/\/serretecno.com.mx\/wp-content\/uploads\/2020\/01\/cropped-logo-serretecno-1.jpg\",\"contentUrl\":\"https:\/\/serretecno.com.mx\/wp-content\/uploads\/2020\/01\/cropped-logo-serretecno-1.jpg\",\"width\":973,\"height\":169,\"caption\":\"Serretecno.com\"},\"image\":{\"@id\":\"https:\/\/serretecno.com.mx\/#\/schema\/logo\/image\/\"}}]}<\/script>\n<!-- \/ Yoast SEO plugin. -->","yoast_head_json":{"title":"Equipo Movil para Mantenimiento","description":"Equipo m\u00f3vil de mantenimiento En Serretecno nuestro equipo m\u00f3vil de mantenimiento es dise\u00f1ada para obtener la mejor calidad y el mejor servicio. Es ideal","robots":{"index":"index","follow":"follow","max-snippet":"max-snippet:-1","max-image-preview":"max-image-preview:large","max-video-preview":"max-video-preview:-1"},"canonical":"https:\/\/serretecno.com.mx\/index.php\/equipo-movil-mantenimiento\/","og_locale":"es_ES","og_type":"article","og_title":"Equipo Movil para Mantenimiento","og_description":"Equipo m\u00f3vil de mantenimiento En Serretecno nuestro equipo m\u00f3vil de mantenimiento es dise\u00f1ada para obtener la mejor calidad y el mejor servicio. Es ideal","og_url":"https:\/\/serretecno.com.mx\/index.php\/equipo-movil-mantenimiento\/","og_site_name":"Serretecno","article_modified_time":"2020-01-14T03:32:29+00:00","og_image":[{"url":"https:\/\/serretecno.com.mx\/wp-content\/uploads\/2020\/01\/DSC00934-300x225-1.jpg","type":"","width":"","height":""}],"twitter_card":"summary_large_image","twitter_misc":{"Tiempo de lectura":"1 minuto"},"schema":{"@context":"https:\/\/schema.org","@graph":[{"@type":"WebPage","@id":"https:\/\/serretecno.com.mx\/index.php\/equipo-movil-mantenimiento\/","url":"https:\/\/serretecno.com.mx\/index.php\/equipo-movil-mantenimiento\/","name":"Equipo Movil para Mantenimiento","isPartOf":{"@id":"https:\/\/serretecno.com.mx\/#website"},"primaryImageOfPage":{"@id":"https:\/\/serretecno.com.mx\/index.php\/equipo-movil-mantenimiento\/#primaryimage"},"image":{"@id":"https:\/\/serretecno.com.mx\/index.php\/equipo-movil-mantenimiento\/#primaryimage"},"thumbnailUrl":"https:\/\/serretecno.com.mx\/wp-content\/uploads\/2020\/01\/DSC00934-300x225-1.jpg","datePublished":"2020-01-08T00:33:19+00:00","dateModified":"2020-01-14T03:32:29+00:00","description":"Equipo m\u00f3vil de mantenimiento En Serretecno nuestro equipo m\u00f3vil de mantenimiento es dise\u00f1ada para obtener la mejor calidad y el mejor servicio. Es ideal","breadcrumb":{"@id":"https:\/\/serretecno.com.mx\/index.php\/equipo-movil-mantenimiento\/#breadcrumb"},"inLanguage":"es","potentialAction":[{"@type":"ReadAction","target":["https:\/\/serretecno.com.mx\/index.php\/equipo-movil-mantenimiento\/"]}]},{"@type":"ImageObject","inLanguage":"es","@id":"https:\/\/serretecno.com.mx\/index.php\/equipo-movil-mantenimiento\/#primaryimage","url":"https:\/\/serretecno.com.mx\/wp-content\/uploads\/2020\/01\/DSC00934-300x225-1.jpg","contentUrl":"https:\/\/serretecno.com.mx\/wp-content\/uploads\/2020\/01\/DSC00934-300x225-1.jpg","width":300,"height":225},{"@type":"BreadcrumbList","@id":"https:\/\/serretecno.com.mx\/index.php\/equipo-movil-mantenimiento\/#breadcrumb","itemListElement":[{"@type":"ListItem","position":1,"name":"Home","item":"https:\/\/serretecno.com.mx\/"},{"@type":"ListItem","position":2,"name":"Equipo movil mantenimiento"}]},{"@type":"WebSite","@id":"https:\/\/serretecno.com.mx\/#website","url":"https:\/\/serretecno.com.mx\/","name":"Serretecno","description":"Elevadores de auto","publisher":{"@id":"https:\/\/serretecno.com.mx\/#organization"},"potentialAction":[{"@type":"SearchAction","target":{"@type":"EntryPoint","urlTemplate":"https:\/\/serretecno.com.mx\/?s={search_term_string}"},"query-input":{"@type":"PropertyValueSpecification","valueRequired":true,"valueName":"search_term_string"}}],"inLanguage":"es"},{"@type":"Organization","@id":"https:\/\/serretecno.com.mx\/#organization","name":"Serretecno.com","url":"https:\/\/serretecno.com.mx\/","logo":{"@type":"ImageObject","inLanguage":"es","@id":"https:\/\/serretecno.com.mx\/#\/schema\/logo\/image\/","url":"https:\/\/serretecno.com.mx\/wp-content\/uploads\/2020\/01\/cropped-logo-serretecno-1.jpg","contentUrl":"https:\/\/serretecno.com.mx\/wp-content\/uploads\/2020\/01\/cropped-logo-serretecno-1.jpg","width":973,"height":169,"caption":"Serretecno.com"},"image":{"@id":"https:\/\/serretecno.com.mx\/#\/schema\/logo\/image\/"}}]}},"_links":{"self":[{"href":"https:\/\/serretecno.com.mx\/index.php\/wp-json\/wp\/v2\/pages\/159","targetHints":{"allow":["GET"]}}],"collection":[{"href":"https:\/\/serretecno.com.mx\/index.php\/wp-json\/wp\/v2\/pages"}],"about":[{"href":"https:\/\/serretecno.com.mx\/index.php\/wp-json\/wp\/v2\/types\/page"}],"author":[{"embeddable":true,"href":"https:\/\/serretecno.com.mx\/index.php\/wp-json\/wp\/v2\/users\/2"}],"replies":[{"embeddable":true,"href":"https:\/\/serretecno.com.mx\/index.php\/wp-json\/wp\/v2\/comments?post=159"}],"version-history":[{"count":1,"href":"https:\/\/serretecno.com.mx\/index.php\/wp-json\/wp\/v2\/pages\/159\/revisions"}],"predecessor-version":[{"id":646,"href":"https:\/\/serretecno.com.mx\/index.php\/wp-json\/wp\/v2\/pages\/159\/revisions\/646"}],"wp:attachment":[{"href":"https:\/\/serretecno.com.mx\/index.php\/wp-json\/wp\/v2\/media?parent=159"}],"curies":[{"name":"wp","href":"https:\/\/api.w.org\/{rel}","templated":true}]}}