{"id":14,"date":"2020-01-06T23:49:01","date_gmt":"2020-01-06T23:49:01","guid":{"rendered":"https:\/\/serretecno.com.mx\/?page_id=14"},"modified":"2020-01-14T02:55:13","modified_gmt":"2020-01-14T02:55:13","slug":"carretes-automotrices","status":"publish","type":"page","link":"https:\/\/serretecno.com.mx\/index.php\/carretes-automotrices\/","title":{"rendered":"Carretes automotrices"},"content":{"rendered":"\t\t<div data-elementor-type=\"wp-page\" data-elementor-id=\"14\" class=\"elementor elementor-14\">\n\t\t\t\t\t\t<section class=\"elementor-section elementor-top-section elementor-element elementor-element-061a17b elementor-section-boxed elementor-section-height-default elementor-section-height-default\" data-id=\"061a17b\" data-element_type=\"section\">\n\t\t\t\t\t\t<div class=\"elementor-container elementor-column-gap-default\">\n\t\t\t\t\t<div class=\"elementor-column elementor-col-100 elementor-top-column elementor-element elementor-element-7b6823c\" data-id=\"7b6823c\" data-element_type=\"column\">\n\t\t\t<div class=\"elementor-widget-wrap elementor-element-populated\">\n\t\t\t\t\t\t<div class=\"elementor-element elementor-element-e7594df elementor-widget elementor-widget-heading\" data-id=\"e7594df\" data-element_type=\"widget\" data-widget_type=\"heading.default\">\n\t\t\t\t<div class=\"elementor-widget-container\">\n\t\t\t\t\t<h1 class=\"elementor-heading-title elementor-size-default\">Carretes automotrices<\/h1>\t\t\t\t<\/div>\n\t\t\t\t<\/div>\n\t\t\t\t\t<\/div>\n\t\t<\/div>\n\t\t\t\t\t<\/div>\n\t\t<\/section>\n\t\t\t\t<section class=\"elementor-section elementor-top-section elementor-element elementor-element-f7916ae elementor-section-boxed elementor-section-height-default elementor-section-height-default\" data-id=\"f7916ae\" data-element_type=\"section\">\n\t\t\t\t\t\t<div class=\"elementor-container elementor-column-gap-default\">\n\t\t\t\t\t<div class=\"elementor-column elementor-col-50 elementor-top-column elementor-element elementor-element-96c9550\" data-id=\"96c9550\" data-element_type=\"column\">\n\t\t\t<div class=\"elementor-widget-wrap elementor-element-populated\">\n\t\t\t\t\t\t<div class=\"elementor-element elementor-element-7a52ee3 elementor-widget elementor-widget-text-editor\" data-id=\"7a52ee3\" data-element_type=\"widget\" data-widget_type=\"text-editor.default\">\n\t\t\t\t<div class=\"elementor-widget-container\">\n\t\t\t\t\t\t\t\t\t<p><strong>Reelcraft<\/strong>\u00a0es el fabricante l\u00edder a nivel mundial de la m\u00e1s amplia gama de carretes para cables, mangueras y aplicaciones industriales, comerciales y profesionales.<\/p><p>REELCRAFT cuenta con carretes automotrices para fluidos en baja, mediana y alta presi\u00f3n,\u00a0 para di\u00e1metros desde 1\/4\u2033 hasta di\u00e1metros mayores a 2\u2033.<\/p>\t\t\t\t\t\t\t\t<\/div>\n\t\t\t\t<\/div>\n\t\t\t\t\t<\/div>\n\t\t<\/div>\n\t\t\t\t<div class=\"elementor-column elementor-col-50 elementor-top-column elementor-element elementor-element-9197bf2\" data-id=\"9197bf2\" data-element_type=\"column\">\n\t\t\t<div class=\"elementor-widget-wrap elementor-element-populated\">\n\t\t\t\t\t\t<div class=\"elementor-element elementor-element-58f86b1 elementor-widget elementor-widget-video\" data-id=\"58f86b1\" data-element_type=\"widget\" data-settings=\"{&quot;youtube_url&quot;:&quot;https:\\\/\\\/youtu.be\\\/ArZAVSDdG6I&quot;,&quot;video_type&quot;:&quot;youtube&quot;,&quot;controls&quot;:&quot;yes&quot;}\" data-widget_type=\"video.default\">\n\t\t\t\t<div class=\"elementor-widget-container\">\n\t\t\t\t\t\t\t<div class=\"elementor-wrapper elementor-open-inline\">\n\t\t\t<div class=\"elementor-video\"><\/div>\t\t<\/div>\n\t\t\t\t\t\t<\/div>\n\t\t\t\t<\/div>\n\t\t\t\t\t<\/div>\n\t\t<\/div>\n\t\t\t\t\t<\/div>\n\t\t<\/section>\n\t\t\t\t<section class=\"elementor-section elementor-top-section elementor-element elementor-element-a10c78d elementor-section-boxed elementor-section-height-default elementor-section-height-default\" data-id=\"a10c78d\" data-element_type=\"section\">\n\t\t\t\t\t\t<div class=\"elementor-container elementor-column-gap-default\">\n\t\t\t\t\t<div class=\"elementor-column elementor-col-100 elementor-top-column elementor-element elementor-element-79fe830\" data-id=\"79fe830\" data-element_type=\"column\">\n\t\t\t<div class=\"elementor-widget-wrap elementor-element-populated\">\n\t\t\t\t\t\t<section class=\"elementor-section elementor-inner-section elementor-element elementor-element-e238ce7 elementor-section-boxed elementor-section-height-default elementor-section-height-default\" data-id=\"e238ce7\" data-element_type=\"section\">\n\t\t\t\t\t\t<div class=\"elementor-container elementor-column-gap-default\">\n\t\t\t\t\t<div class=\"elementor-column elementor-col-50 elementor-inner-column elementor-element elementor-element-0315c73\" data-id=\"0315c73\" data-element_type=\"column\">\n\t\t\t<div class=\"elementor-widget-wrap elementor-element-populated\">\n\t\t\t\t\t\t<div class=\"elementor-element elementor-element-c330f74 elementor-widget elementor-widget-heading\" data-id=\"c330f74\" data-element_type=\"widget\" data-widget_type=\"heading.default\">\n\t\t\t\t<div class=\"elementor-widget-container\">\n\t\t\t\t\t<h2 class=\"elementor-heading-title elementor-size-default\">Carretes retr\u00e1ctiles para servicio de calidad superior<\/h2>\t\t\t\t<\/div>\n\t\t\t\t<\/div>\n\t\t\t\t<div class=\"elementor-element elementor-element-594ee67 elementor-widget elementor-widget-text-editor\" data-id=\"594ee67\" data-element_type=\"widget\" data-widget_type=\"text-editor.default\">\n\t\t\t\t<div class=\"elementor-widget-container\">\n\t\t\t\t\t\t\t\t\t<p>Son durables y compactos, se utilizan en una amplia gama de aplicaciones en las que los requisitos de espacio son esenciales. El paso de flujo sin restricci\u00f3n asegura el m\u00e1ximo suministro del producto. El mecanismo de retenci\u00f3n de velocidad silenciosa permite un funcionamiento sin ruidos, combinado con la tecnolog\u00eda del cierre con picaporte que asegura una larga vida del mecanismo y un desempe\u00f1o sin problemas.<\/p>\t\t\t\t\t\t\t\t<\/div>\n\t\t\t\t<\/div>\n\t\t\t\t\t<\/div>\n\t\t<\/div>\n\t\t\t\t<div class=\"elementor-column elementor-col-50 elementor-inner-column elementor-element elementor-element-1cabebf\" data-id=\"1cabebf\" data-element_type=\"column\">\n\t\t\t<div class=\"elementor-widget-wrap elementor-element-populated\">\n\t\t\t\t\t\t<div class=\"elementor-element elementor-element-0a87fcf elementor-widget elementor-widget-heading\" data-id=\"0a87fcf\" data-element_type=\"widget\" data-widget_type=\"heading.default\">\n\t\t\t\t<div class=\"elementor-widget-container\">\n\t\t\t\t\t<h2 class=\"elementor-heading-title elementor-size-default\">Carretes para cable de alimentaci\u00f3n el\u00e9ctrica de luz<\/h2>\t\t\t\t<\/div>\n\t\t\t\t<\/div>\n\t\t\t\t<div class=\"elementor-element elementor-element-b7c0d67 elementor-widget elementor-widget-text-editor\" data-id=\"b7c0d67\" data-element_type=\"widget\" data-widget_type=\"text-editor.default\">\n\t\t\t\t<div class=\"elementor-widget-container\">\n\t\t\t\t\t\t\t\t\t<p>Son muy compactos y se pueden utilizar en una variedad de aplicaciones, adem\u00e1s de centros de servicio automotriz.<\/p><p>Tambi\u00e9n contamos con carretes para l\u00edneas el\u00e9ctricas de fabricaci\u00f3n especializada y en acero inoxidable.<\/p>\t\t\t\t\t\t\t\t<\/div>\n\t\t\t\t<\/div>\n\t\t\t\t\t<\/div>\n\t\t<\/div>\n\t\t\t\t\t<\/div>\n\t\t<\/section>\n\t\t\t\t\t<\/div>\n\t\t<\/div>\n\t\t\t\t\t<\/div>\n\t\t<\/section>\n\t\t\t\t<\/div>\n\t\t","protected":false},"excerpt":{"rendered":"<p>Carretes automotrices Reelcraft&nbsp;es el fabricante l\u00edder a nivel mundial de la m\u00e1s amplia gama de carretes para cables, mangueras y aplicaciones industriales, comerciales y profesionales. REELCRAFT cuenta con carretes automotrices para fluidos en baja, mediana y alta presi\u00f3n,&nbsp; para di\u00e1metros desde 1\/4\u2033 hasta di\u00e1metros mayores a 2\u2033. https:\/\/youtu.be\/ArZAVSDdG6I Carretes retr\u00e1ctiles para servicio de calidad superior [&hellip;]<\/p>\n","protected":false},"author":2,"featured_media":0,"parent":0,"menu_order":0,"comment_status":"closed","ping_status":"closed","template":"","meta":{"_exactmetrics_skip_tracking":false,"_exactmetrics_sitenote_active":false,"_exactmetrics_sitenote_note":"","_exactmetrics_sitenote_category":0,"_uf_show_specific_survey":0,"_uf_disable_surveys":false,"site-sidebar-layout":"no-sidebar","site-content-layout":"page-builder","ast-site-content-layout":"default","site-content-style":"default","site-sidebar-style":"default","ast-global-header-display":"","ast-banner-title-visibility":"","ast-main-header-display":"","ast-hfb-above-header-display":"","ast-hfb-below-header-display":"","ast-hfb-mobile-header-display":"","site-post-title":"disabled","ast-breadcrumbs-content":"","ast-featured-img":"disabled","footer-sml-layout":"","theme-transparent-header-meta":"default","adv-header-id-meta":"","stick-header-meta":"","header-above-stick-meta":"","header-main-stick-meta":"","header-below-stick-meta":"","astra-migrate-meta-layouts":"default","ast-page-background-enabled":"default","ast-page-background-meta":{"desktop":{"background-color":"","background-image":"","background-repeat":"repeat","background-position":"center center","background-size":"auto","background-attachment":"scroll","background-type":"","background-media":"","overlay-type":"","overlay-color":"","overlay-opacity":"","overlay-gradient":""},"tablet":{"background-color":"","background-image":"","background-repeat":"repeat","background-position":"center center","background-size":"auto","background-attachment":"scroll","background-type":"","background-media":"","overlay-type":"","overlay-color":"","overlay-opacity":"","overlay-gradient":""},"mobile":{"background-color":"","background-image":"","background-repeat":"repeat","background-position":"center center","background-size":"auto","background-attachment":"scroll","background-type":"","background-media":"","overlay-type":"","overlay-color":"","overlay-opacity":"","overlay-gradient":""}},"ast-content-background-meta":{"desktop":{"background-color":"var(--ast-global-color-5)","background-image":"","background-repeat":"repeat","background-position":"center center","background-size":"auto","background-attachment":"scroll","background-type":"","background-media":"","overlay-type":"","overlay-color":"","overlay-opacity":"","overlay-gradient":""},"tablet":{"background-color":"var(--ast-global-color-5)","background-image":"","background-repeat":"repeat","background-position":"center center","background-size":"auto","background-attachment":"scroll","background-type":"","background-media":"","overlay-type":"","overlay-color":"","overlay-opacity":"","overlay-gradient":""},"mobile":{"background-color":"var(--ast-global-color-5)","background-image":"","background-repeat":"repeat","background-position":"center center","background-size":"auto","background-attachment":"scroll","background-type":"","background-media":"","overlay-type":"","overlay-color":"","overlay-opacity":"","overlay-gradient":""}},"_joinchat":[],"footnotes":""},"class_list":["post-14","page","type-page","status-publish","hentry"],"yoast_head":"<!-- This site is optimized with the Yoast SEO plugin v25.4 - https:\/\/yoast.com\/wordpress\/plugins\/seo\/ -->\n<title>carretes automotrices<\/title>\n<meta name=\"description\" content=\"Carretes automotrices Reelcraft&nbsp;es el fabricante l\u00edder a nivel mundial de la m\u00e1s amplia gama de carretes para cables, mangueras y aplicaciones\" \/>\n<meta name=\"robots\" content=\"index, follow, max-snippet:-1, max-image-preview:large, max-video-preview:-1\" \/>\n<link rel=\"canonical\" href=\"https:\/\/serretecno.com.mx\/index.php\/carretes-automotrices\/\" \/>\n<meta property=\"og:locale\" content=\"es_ES\" \/>\n<meta property=\"og:type\" content=\"article\" \/>\n<meta property=\"og:title\" content=\"carretes automotrices\" \/>\n<meta property=\"og:description\" content=\"Carretes automotrices Reelcraft&nbsp;es el fabricante l\u00edder a nivel mundial de la m\u00e1s amplia gama de carretes para cables, mangueras y aplicaciones\" \/>\n<meta property=\"og:url\" content=\"https:\/\/serretecno.com.mx\/index.php\/carretes-automotrices\/\" \/>\n<meta property=\"og:site_name\" content=\"Serretecno\" \/>\n<meta property=\"article:modified_time\" content=\"2020-01-14T02:55:13+00:00\" \/>\n<meta name=\"twitter:card\" content=\"summary_large_image\" \/>\n<meta name=\"twitter:label1\" content=\"Tiempo de lectura\" \/>\n\t<meta name=\"twitter:data1\" content=\"1 minuto\" \/>\n<script type=\"application\/ld+json\" class=\"yoast-schema-graph\">{\"@context\":\"https:\/\/schema.org\",\"@graph\":[{\"@type\":\"WebPage\",\"@id\":\"https:\/\/serretecno.com.mx\/index.php\/carretes-automotrices\/\",\"url\":\"https:\/\/serretecno.com.mx\/index.php\/carretes-automotrices\/\",\"name\":\"carretes automotrices\",\"isPartOf\":{\"@id\":\"https:\/\/serretecno.com.mx\/#website\"},\"datePublished\":\"2020-01-06T23:49:01+00:00\",\"dateModified\":\"2020-01-14T02:55:13+00:00\",\"description\":\"Carretes automotrices Reelcraft&nbsp;es el fabricante l\u00edder a nivel mundial de la m\u00e1s amplia gama de carretes para cables, mangueras y aplicaciones\",\"breadcrumb\":{\"@id\":\"https:\/\/serretecno.com.mx\/index.php\/carretes-automotrices\/#breadcrumb\"},\"inLanguage\":\"es\",\"potentialAction\":[{\"@type\":\"ReadAction\",\"target\":[\"https:\/\/serretecno.com.mx\/index.php\/carretes-automotrices\/\"]}]},{\"@type\":\"BreadcrumbList\",\"@id\":\"https:\/\/serretecno.com.mx\/index.php\/carretes-automotrices\/#breadcrumb\",\"itemListElement\":[{\"@type\":\"ListItem\",\"position\":1,\"name\":\"Home\",\"item\":\"https:\/\/serretecno.com.mx\/\"},{\"@type\":\"ListItem\",\"position\":2,\"name\":\"Carretes automotrices\"}]},{\"@type\":\"WebSite\",\"@id\":\"https:\/\/serretecno.com.mx\/#website\",\"url\":\"https:\/\/serretecno.com.mx\/\",\"name\":\"Serretecno\",\"description\":\"Elevadores de auto\",\"publisher\":{\"@id\":\"https:\/\/serretecno.com.mx\/#organization\"},\"potentialAction\":[{\"@type\":\"SearchAction\",\"target\":{\"@type\":\"EntryPoint\",\"urlTemplate\":\"https:\/\/serretecno.com.mx\/?s={search_term_string}\"},\"query-input\":{\"@type\":\"PropertyValueSpecification\",\"valueRequired\":true,\"valueName\":\"search_term_string\"}}],\"inLanguage\":\"es\"},{\"@type\":\"Organization\",\"@id\":\"https:\/\/serretecno.com.mx\/#organization\",\"name\":\"Serretecno.com\",\"url\":\"https:\/\/serretecno.com.mx\/\",\"logo\":{\"@type\":\"ImageObject\",\"inLanguage\":\"es\",\"@id\":\"https:\/\/serretecno.com.mx\/#\/schema\/logo\/image\/\",\"url\":\"https:\/\/serretecno.com.mx\/wp-content\/uploads\/2020\/01\/cropped-logo-serretecno-1.jpg\",\"contentUrl\":\"https:\/\/serretecno.com.mx\/wp-content\/uploads\/2020\/01\/cropped-logo-serretecno-1.jpg\",\"width\":973,\"height\":169,\"caption\":\"Serretecno.com\"},\"image\":{\"@id\":\"https:\/\/serretecno.com.mx\/#\/schema\/logo\/image\/\"}}]}<\/script>\n<!-- \/ Yoast SEO plugin. -->","yoast_head_json":{"title":"carretes automotrices","description":"Carretes automotrices Reelcraft&nbsp;es el fabricante l\u00edder a nivel mundial de la m\u00e1s amplia gama de carretes para cables, mangueras y aplicaciones","robots":{"index":"index","follow":"follow","max-snippet":"max-snippet:-1","max-image-preview":"max-image-preview:large","max-video-preview":"max-video-preview:-1"},"canonical":"https:\/\/serretecno.com.mx\/index.php\/carretes-automotrices\/","og_locale":"es_ES","og_type":"article","og_title":"carretes automotrices","og_description":"Carretes automotrices Reelcraft&nbsp;es el fabricante l\u00edder a nivel mundial de la m\u00e1s amplia gama de carretes para cables, mangueras y aplicaciones","og_url":"https:\/\/serretecno.com.mx\/index.php\/carretes-automotrices\/","og_site_name":"Serretecno","article_modified_time":"2020-01-14T02:55:13+00:00","twitter_card":"summary_large_image","twitter_misc":{"Tiempo de lectura":"1 minuto"},"schema":{"@context":"https:\/\/schema.org","@graph":[{"@type":"WebPage","@id":"https:\/\/serretecno.com.mx\/index.php\/carretes-automotrices\/","url":"https:\/\/serretecno.com.mx\/index.php\/carretes-automotrices\/","name":"carretes automotrices","isPartOf":{"@id":"https:\/\/serretecno.com.mx\/#website"},"datePublished":"2020-01-06T23:49:01+00:00","dateModified":"2020-01-14T02:55:13+00:00","description":"Carretes automotrices Reelcraft&nbsp;es el fabricante l\u00edder a nivel mundial de la m\u00e1s amplia gama de carretes para cables, mangueras y aplicaciones","breadcrumb":{"@id":"https:\/\/serretecno.com.mx\/index.php\/carretes-automotrices\/#breadcrumb"},"inLanguage":"es","potentialAction":[{"@type":"ReadAction","target":["https:\/\/serretecno.com.mx\/index.php\/carretes-automotrices\/"]}]},{"@type":"BreadcrumbList","@id":"https:\/\/serretecno.com.mx\/index.php\/carretes-automotrices\/#breadcrumb","itemListElement":[{"@type":"ListItem","position":1,"name":"Home","item":"https:\/\/serretecno.com.mx\/"},{"@type":"ListItem","position":2,"name":"Carretes automotrices"}]},{"@type":"WebSite","@id":"https:\/\/serretecno.com.mx\/#website","url":"https:\/\/serretecno.com.mx\/","name":"Serretecno","description":"Elevadores de auto","publisher":{"@id":"https:\/\/serretecno.com.mx\/#organization"},"potentialAction":[{"@type":"SearchAction","target":{"@type":"EntryPoint","urlTemplate":"https:\/\/serretecno.com.mx\/?s={search_term_string}"},"query-input":{"@type":"PropertyValueSpecification","valueRequired":true,"valueName":"search_term_string"}}],"inLanguage":"es"},{"@type":"Organization","@id":"https:\/\/serretecno.com.mx\/#organization","name":"Serretecno.com","url":"https:\/\/serretecno.com.mx\/","logo":{"@type":"ImageObject","inLanguage":"es","@id":"https:\/\/serretecno.com.mx\/#\/schema\/logo\/image\/","url":"https:\/\/serretecno.com.mx\/wp-content\/uploads\/2020\/01\/cropped-logo-serretecno-1.jpg","contentUrl":"https:\/\/serretecno.com.mx\/wp-content\/uploads\/2020\/01\/cropped-logo-serretecno-1.jpg","width":973,"height":169,"caption":"Serretecno.com"},"image":{"@id":"https:\/\/serretecno.com.mx\/#\/schema\/logo\/image\/"}}]}},"_links":{"self":[{"href":"https:\/\/serretecno.com.mx\/index.php\/wp-json\/wp\/v2\/pages\/14","targetHints":{"allow":["GET"]}}],"collection":[{"href":"https:\/\/serretecno.com.mx\/index.php\/wp-json\/wp\/v2\/pages"}],"about":[{"href":"https:\/\/serretecno.com.mx\/index.php\/wp-json\/wp\/v2\/types\/page"}],"author":[{"embeddable":true,"href":"https:\/\/serretecno.com.mx\/index.php\/wp-json\/wp\/v2\/users\/2"}],"replies":[{"embeddable":true,"href":"https:\/\/serretecno.com.mx\/index.php\/wp-json\/wp\/v2\/comments?post=14"}],"version-history":[{"count":1,"href":"https:\/\/serretecno.com.mx\/index.php\/wp-json\/wp\/v2\/pages\/14\/revisions"}],"predecessor-version":[{"id":605,"href":"https:\/\/serretecno.com.mx\/index.php\/wp-json\/wp\/v2\/pages\/14\/revisions\/605"}],"wp:attachment":[{"href":"https:\/\/serretecno.com.mx\/index.php\/wp-json\/wp\/v2\/media?parent=14"}],"curies":[{"name":"wp","href":"https:\/\/api.w.org\/{rel}","templated":true}]}}